{"id":35115,"date":"2026-01-29T20:28:37","date_gmt":"2026-01-29T19:28:37","guid":{"rendered":"https:\/\/fvcomponentes.com\/?post_type=product&#038;p=35115"},"modified":"2026-04-06T09:21:35","modified_gmt":"2026-04-06T07:21:35","slug":"systeme-de-sauvegarde-huawei-smartguard-63-a-t0-01076984","status":"publish","type":"product","link":"https:\/\/fvcomponentes.com\/fr\/producto\/sistema-de-backup-huawei-smartguard-63-a-t0-01076984\/","title":{"rendered":"Syst\u00e8me de sauvegarde Huawei SmartGuard-63-A-T0 - 01076984"},"content":{"rendered":"<h2 data-start=\"177\" data-end=\"234\">Syst\u00e8me de sauvegarde Huawei SmartGuard-63-A-T0 (01076984)<\/h2>\n<p data-start=\"236\" data-end=\"580\">Le Huawei SmartGuard-63-A-T0 est la solution de Huawei pour que votre syst\u00e8me photovolta\u00efque continue de fonctionner m\u00eame en cas de coupure de courant.<\/p>\n<p data-start=\"236\" data-end=\"580\">Les onduleurs s'arr\u00eatent en cas de panne de courant pour une bonne raison : la s\u00e9curit\u00e9. Un onduleur connect\u00e9 au r\u00e9seau est con\u00e7u pour fonctionner en synchronisation avec le r\u00e9seau, et lorsqu'il d\u00e9tecte que le r\u00e9seau a disparu, il coupe automatiquement la production. Cela permet d'\u00e9viter un danger tr\u00e8s grave : si l'onduleur continuait \u00e0 fonctionner pendant une panne de courant, il pourrait renvoyer de l'\u00e9lectricit\u00e9 au r\u00e9seau par l'interm\u00e9diaire de votre installation. M\u00eame si le courant a \u00e9t\u00e9 coup\u00e9 dans votre maison, les c\u00e2bles dans la rue pourraient \u00eatre r\u00e9aliment\u00e9s par votre onduleur, mettant en danger les techniciens qui r\u00e9parent la panne ou toute personne qui touche une ligne croyant qu'elle est d\u00e9connect\u00e9e.<\/p>\n<p data-start=\"236\" data-end=\"580\">Lorsqu'une installation continue \u00e0 \u00eatre aliment\u00e9e en \u00e9lectricit\u00e9 pendant une panne, c'est parce qu'il existe un syst\u00e8me de secours qui s\u00e9pare la maison du r\u00e9seau g\u00e9n\u00e9ral et cr\u00e9e son propre r\u00e9seau, soutenu par des batteries. Dans ce cas, l'onduleur peut continuer \u00e0 fonctionner en mode \u00eelot, mais uniquement parce qu'il n'y a plus de risque d'envoyer de l'\u00e9nergie sur le r\u00e9seau public.<\/p>\n<p data-start=\"236\" data-end=\"580\">Le Huawei SmartGuard-63-A-T0 Backup est le dispositif qui permet \u00e0 l'onduleur de passer automatiquement en mode de secours en cas de panne de courant, afin que l'installation ne soit pas priv\u00e9e d'\u00e9lectricit\u00e9.<\/p>\n<p data-start=\"582\" data-end=\"851\">Il est con\u00e7u pour offrir une sauvegarde totale en combinaison avec les batteries Luna2000, avec un haut niveau de s\u00e9curit\u00e9 et une gestion intelligente de l'\u00e9nergie. En cas de coupure de courant, il coordonne l'ensemble de l'installation : panneaux, batteries, consommation et, si vous en disposez, m\u00eame le chargeur de la voiture \u00e9lectrique.<\/p>\n<h3 data-start=\"858\" data-end=\"924\">Sauvegarde compl\u00e8te jusqu'\u00e0 63 A : pas de probl\u00e8me avec les charges critiques<\/h3>\n<p data-start=\"926\" data-end=\"1118\">L'un des grands avantages de ce syst\u00e8me de secours est qu'il supporte jusqu'\u00e0 63 A, ce qui signifie qu'il peut alimenter l'ensemble de l'installation \u00e9lectrique sans qu'il soit n\u00e9cessaire de s\u00e9parer les circuits critiques et non critiques. Cependant, il est con\u00e7u pour des installations triphas\u00e9es et il faut tenir compte d'un d\u00e9tail important : bien qu'il puisse supporter jusqu'\u00e0 63 A vers\/depuis le r\u00e9seau et \u00e9galement vers la sortie de secours, la somme du courant dans les sorties de secours et non de secours ne peut pas d\u00e9passer 63 A.<\/p>\n<p data-start=\"1120\" data-end=\"1380\">En cas de coupure de courant, vous pouvez continuer \u00e0 utiliser votre maison comme d'habitude : \u00e9lectricit\u00e9, appareils \u00e9lectriques, climatisation... sans avoir \u00e0 r\u00e9fl\u00e9chir \u00e0 ce que vous branchez et \u00e0 ce que vous ne branchez pas. C'est une exp\u00e9rience de sauvegarde beaucoup plus confortable et compl\u00e8te.<\/p>\n<h3 data-start=\"1387\" data-end=\"1463\">Remplace le tableau \u00e9lectrique conventionnel (et rend le tout plus ordonn\u00e9).<\/h3>\n<p data-start=\"1465\" data-end=\"1652\">Le SmartGuard-63-A-T0 - 01076984 est con\u00e7u pour remplacer le tableau \u00e9lectrique conventionnel, int\u00e9grant la commutation automatique, la protection \u00e9lectrique et la gestion de l'\u00e9nergie en un seul syst\u00e8me. Son design int\u00e9rieur offre de l'espace pour installer les protections n\u00e9cessaires et sa finition maintient une esth\u00e9tique propre et professionnelle, assortie aux onduleurs Huawei.<\/p>\n<h3 data-start=\"2160\" data-end=\"2230\">Int\u00e9gration avec EMMA et FusionSolar : contr\u00f4le intelligent<\/h3>\n<p data-start=\"0\" data-end=\"224\">L'appareil comprend un espace sp\u00e9cifique pour int\u00e9grer le syst\u00e8me de gestion EMMA de Huawei, de sorte qu'il peut communiquer directement avec l'application FusionSolar sans n\u00e9cessiter d'\u00e9quipement suppl\u00e9mentaire.<\/p>\n<p data-start=\"226\" data-end=\"512\">Gr\u00e2ce \u00e0 cette int\u00e9gration, le SmartGuard devient le centre de coordination de l'installation, capable de g\u00e9rer intelligemment la production photovolta\u00efque, les batteries (ESS), les chargeurs de v\u00e9hicules \u00e9lectriques et d'autres charges contr\u00f4lables dans la maison.<\/p>\n<p data-start=\"514\" data-end=\"861\" data-is-last-node=\"\" data-is-only-node=\"\">Il permet de connecter jusqu'\u00e0 deux chargeurs de voitures \u00e9lectriques dans la m\u00eame installation et int\u00e8gre diverses fonctions de mesure de l'\u00e9nergie.<\/p>\n<p data-start=\"3550\" data-end=\"3570\">Par exemple, vous pouvez :<\/p>\n<ul>\n<li data-start=\"3573\" data-end=\"3630\">programmer la recharge des voitures \u00e9lectriques \u00e0 des heures pr\u00e9cises<\/li>\n<li data-start=\"3633\" data-end=\"3666\">donner la priorit\u00e9 \u00e0 la consommation lorsque le soleil brille<\/li>\n<li data-start=\"3669\" data-end=\"3714\">contr\u00f4ler les pompes \u00e0 chaleur ou les chauffe-eau \u00e9lectriques<\/li>\n<li data-start=\"3717\" data-end=\"3777\">adapter l'utilisation de l'\u00e9nergie solaire pour augmenter l'autoconsommation<\/li>\n<\/ul>\n<p data-start=\"3779\" data-end=\"3863\">Tout cela se traduit par une plus grande efficacit\u00e9, une plus grande autonomie et une moindre d\u00e9pendance \u00e0 l'\u00e9gard du r\u00e9seau.<\/p>\n<h2 data-start=\"3308\" data-end=\"3381\">Installation et r\u00e9sistance<\/h2>\n<p data-start=\"3383\" data-end=\"3867\">Ce syst\u00e8me de secours fonctionne par convection naturelle (pas de ventilateur), ce qui signifie moins de bruit et moins de maintenance. Il est class\u00e9 IP55, convient \u00e0 une utilisation en ext\u00e9rieur et fonctionne dans une plage de temp\u00e9rature de -25\u00b0C \u00e0 50\u00b0C avec d\u00e9classement en fonction du mode et de la temp\u00e9rature, ce qui le rend adapt\u00e9 \u00e0 la plupart des installations r\u00e9sidentielles, bien qu'il faille en tenir compte dans les r\u00e9gions particuli\u00e8rement chaudes.<\/p>\n<h2 data-start=\"3870\" data-end=\"3896\">Modes de fonctionnement<\/h2>\n<p data-start=\"3898\" data-end=\"3942\">Le SmartGuard-63-A-T0 fonctionne selon deux modes :<\/p>\n<ul>\n<li data-start=\"3946\" data-end=\"4006\"><strong data-start=\"3946\" data-end=\"3970\">Mode r\u00e9seau :<\/strong>\u00a0combinant le r\u00e9seau + l'\u00e9nergie solaire + les batteries.<\/li>\n<li data-start=\"4009\" data-end=\"4127\"><strong data-start=\"4009\" data-end=\"4022\">Mode \u00eele :<\/strong>\u00a0est automatiquement activ\u00e9e en cas de coupure de courant, alimentant l'installation en onduleur et en batteries.<\/li>\n<\/ul>\n<p data-start=\"4129\" data-end=\"4189\"><strong data-start=\"4129\" data-end=\"4157\">Priorit\u00e9 d'approvisionnement :<\/strong><br data-start=\"4157\" data-end=\"4160\" \/><strong data-start=\"4160\" data-end=\"4189\">R\u00e9seau \u00e9lectrique &gt; Mode insulaire<\/strong><\/p>\n<p><img fetchpriority=\"high\" decoding=\"async\" class=\"size-full wp-image-13709\" src=\"https:\/\/fvcomponentes.com\/wp-content\/uploads\/2024\/04\/Sistema-de-Backup-Huawei-SmartGuard-63-A-S0-01076625.png\" alt=\"Syst\u00e8me de sauvegarde Huawei SmartGuard-63-A-S0 - 01076625\" width=\"398\" height=\"284\" title=\"\"><\/p>\n<h2>Fiche technique et manuel du syst\u00e8me de sauvegarde Huawei SmartGuard-63-A-T0 - 01076984<\/h2>\n<p><a href=\"https:\/\/fvcomponentes.com\/wp-content\/uploads\/2025\/12\/Huawei_TDS_SmartGuard_63A_T0_EN_2024.11.pdf\" target=\"_blank\" rel=\"noopener\">Fiche technique du syst\u00e8me de sauvegarde Huawei SmartGuard-63-A-T0<\/a><\/p>\n<p><a href=\"https:\/\/fvcomponentes.com\/wp-content\/uploads\/2025\/12\/Manual-del-usuario-del-SmartGuard-63A-T0-AUT0.pdf\" target=\"_blank\" rel=\"noopener\">Manuel du syst\u00e8me de sauvegarde Huawei SmartGuard-63-A-T0<\/a><\/p>","protected":false},"excerpt":{"rendered":"<p><strong>Courant de travail maximal :<\/strong>\u00a063A<br \/>\n<strong>Protection IP :<\/strong> IP55<br \/>\n<strong>Poids<\/strong>Poids : 17 kg<br \/>\n<strong>Dimensions :<\/strong> 600 x 170 x 490 mm<\/p>","protected":false},"featured_media":35118,"comment_status":"closed","ping_status":"closed","template":"","meta":{"site-sidebar-layout":"default","site-content-layout":"","ast-site-content-layout":"default","site-content-style":"default","site-sidebar-style":"default","ast-global-header-display":"","ast-banner-title-visibility":"","ast-main-header-display":"","ast-hfb-above-header-display":"","ast-hfb-below-header-display":"","ast-hfb-mobile-header-display":"","site-post-title":"","ast-breadcrumbs-content":"","ast-featured-img":"","footer-sml-layout":"","ast-disable-related-posts":"","theme-transparent-header-meta":"default","adv-header-id-meta":"","stick-header-meta":"","header-above-stick-meta":"","header-main-stick-meta":"","header-below-stick-meta":"","astra-migrate-meta-layouts":"set","ast-page-background-enabled":"default","ast-page-background-meta":{"desktop":{"background-color":"var(--ast-global-color-4)","background-image":"","background-repeat":"repeat","background-position":"center center","background-size":"auto","background-attachment":"scroll","background-type":"","background-media":"","overlay-type":"","overlay-color":"","overlay-opacity":"","overlay-gradient":""},"tablet":{"background-color":"","background-image":"","background-repeat":"repeat","background-position":"center center","background-size":"auto","background-attachment":"scroll","background-type":"","background-media":"","overlay-type":"","overlay-color":"","overlay-opacity":"","overlay-gradient":""},"mobile":{"background-color":"","background-image":"","background-repeat":"repeat","background-position":"center center","background-size":"auto","background-attachment":"scroll","background-type":"","background-media":"","overlay-type":"","overlay-color":"","overlay-opacity":"","overlay-gradient":""}},"ast-content-background-meta":{"desktop":{"background-color":"var(--ast-global-color-5)","background-image":"","background-repeat":"repeat","background-position":"center center","background-size":"auto","background-attachment":"scroll","background-type":"","background-media":"","overlay-type":"","overlay-color":"","overlay-opacity":"","overlay-gradient":""},"tablet":{"background-color":"var(--ast-global-color-5)","background-image":"","background-repeat":"repeat","background-position":"center center","background-size":"auto","background-attachment":"scroll","background-type":"","background-media":"","overlay-type":"","overlay-color":"","overlay-opacity":"","overlay-gradient":""},"mobile":{"background-color":"var(--ast-global-color-5)","background-image":"","background-repeat":"repeat","background-position":"center center","background-size":"auto","background-attachment":"scroll","background-type":"","background-media":"","overlay-type":"","overlay-color":"","overlay-opacity":"","overlay-gradient":""}}},"pwb-brand":[381],"product_brand":[],"product_cat":[333,351],"product_tag":[],"class_list":{"0":"post-35115","1":"product","2":"type-product","3":"status-publish","4":"has-post-thumbnail","6":"pwb-brand-huawei","7":"product_cat-inversores","8":"product_cat-accesorios","9":"desktop-align-left","10":"tablet-align-left","11":"mobile-align-left","12":"ast-product-gallery-layout-horizontal-slider","13":"ast-product-tabs-layout-horizontal","15":"first","16":"instock","17":"taxable","18":"shipping-taxable","19":"purchasable","20":"product-type-simple"},"wcpa_form_fields":null,"brands":[{"id":381,"name":"Onduleurs Huawei","slug":"huawei"}],"_links":{"self":[{"href":"https:\/\/fvcomponentes.com\/fr\/wp-json\/wp\/v2\/product\/35115","targetHints":{"allow":["GET"]}}],"collection":[{"href":"https:\/\/fvcomponentes.com\/fr\/wp-json\/wp\/v2\/product"}],"about":[{"href":"https:\/\/fvcomponentes.com\/fr\/wp-json\/wp\/v2\/types\/product"}],"replies":[{"embeddable":true,"href":"https:\/\/fvcomponentes.com\/fr\/wp-json\/wp\/v2\/comments?post=35115"}],"wp:featuredmedia":[{"embeddable":true,"href":"https:\/\/fvcomponentes.com\/fr\/wp-json\/wp\/v2\/media\/35118"}],"wp:attachment":[{"href":"https:\/\/fvcomponentes.com\/fr\/wp-json\/wp\/v2\/media?parent=35115"}],"wp:term":[{"taxonomy":"pwb-brand","embeddable":true,"href":"https:\/\/fvcomponentes.com\/fr\/wp-json\/wp\/v2\/pwb-brand?post=35115"},{"taxonomy":"product_brand","embeddable":true,"href":"https:\/\/fvcomponentes.com\/fr\/wp-json\/wp\/v2\/product_brand?post=35115"},{"taxonomy":"product_cat","embeddable":true,"href":"https:\/\/fvcomponentes.com\/fr\/wp-json\/wp\/v2\/product_cat?post=35115"},{"taxonomy":"product_tag","embeddable":true,"href":"https:\/\/fvcomponentes.com\/fr\/wp-json\/wp\/v2\/product_tag?post=35115"}],"curies":[{"name":"wp","href":"https:\/\/api.w.org\/{rel}","templated":true}]}}