{"id":35114,"date":"2026-01-05T15:36:20","date_gmt":"2026-01-05T14:36:20","guid":{"rendered":"https:\/\/fvcomponentes.com\/?post_type=product&#038;p=35114"},"modified":"2026-03-30T12:16:20","modified_gmt":"2026-03-30T10:16:20","slug":"onduleur-hybride-triphase-huawei-sun2000-12k-map0-01076948","status":"publish","type":"product","link":"https:\/\/fvcomponentes.com\/fr\/producto\/inversor-hibrido-trifasico-huawei-sun2000-12k-map0-01076948\/","title":{"rendered":"Onduleur hybride triphas\u00e9 Huawei SUN2000-12K-MAP0 \u2013 01076948"},"content":{"rendered":"<h2>Onduleur hybride triphas\u00e9 Huawei SUN2000-12K-MAP0 \u2013 01076948<\/h2>\n<p data-start=\"220\" data-end=\"461\">Le Huawei SUN2000-12K-MAP0 est un onduleur hybride triphas\u00e9 de 12 kW con\u00e7u pour les installations solaires r\u00e9sidentielles et les petits projets industriels qui recherchent un \u00e9quipement efficace, s\u00fbr et pr\u00eat \u00e0 fonctionner avec des batteries.<\/p>\n<p data-start=\"463\" data-end=\"748\">Il a une puissance nominale de 12 000 W, peut fournir jusqu'\u00e0 13 200 W en sortie CA et supporte jusqu'\u00e0 22 000 W en puissance photovolta\u00efque install\u00e9e. Il int\u00e8gre deux MPPT ind\u00e9pendants pour optimiser la production m\u00eame avec diff\u00e9rentes orientations, des ombres partielles ou des conditions d'irradiation variables.<\/p>\n<p data-start=\"750\" data-end=\"950\">C'est la meilleure option pour les syst\u00e8mes d'autoconsommation avec batteries, avec possibilit\u00e9 de secours (backup) en cas de coupures g\u00e9n\u00e9rales d'alimentation. De plus, gr\u00e2ce \u00e0 l'application FusionSolar, vous pouvez surveiller l'installation depuis votre mobile, o\u00f9 que vous soyez.<\/p>\n<h2>Principales caract\u00e9ristiques de l'onduleur Huawei SUN2000-12K-MAP0<\/h2>\n<h3>Haute efficacit\u00e9 et rendement<\/h3>\n<p>Cet onduleur Huawei affiche un rendement de 97,51 TP9T, ce qui vous permet de tirer le meilleur parti de votre installation solaire.<br \/>\nDe plus, il est capable de supporter des charges triphas\u00e9es asym\u00e9triques, ce qui est id\u00e9al dans les habitations ou les entreprises o\u00f9 la consommation n'est pas r\u00e9partie de mani\u00e8re \u00e9gale.<br \/>\nIl permet \u00e9galement des surcharges temporaires pour s'adapter aux pics de demande.<\/p>\n<h3>2 MPPT et large plage de tension<\/h3>\n<p>L'onduleur SUN2000-12K-MAP0 dispose de 2 MPPT ind\u00e9pendants qui optimisent la capture d'\u00e9nergie des panneaux solaires.<br \/>\nSa plage de tension d'entr\u00e9e est comprise entre 160 V et 1 000 V et sa tension maximale est de 1 100 V.<\/p>\n<h3>S\u00e9curit\u00e9 et <strong>protections<\/strong> avanc\u00e9es<\/h3>\n<p>L'onduleur Huawei est \u00e9quip\u00e9 d'une protection contre les surtensions AC7DC de type II, d'une d\u00e9tection d'arc (AFCI) et d'une protection contre les inversions de polarit\u00e9 et les d\u00e9fauts d'isolement.<br \/>\nIl dispose \u00e9galement d'un syst\u00e8me anti-islanding et d'autres protections de s\u00e9curit\u00e9 conformes aux normes internationales.<\/p>\n<h3>Conception robuste et fonctionnement silencieux<\/h3>\n<p>Le Huawei SUN2000-12K-MAP0 peut \u00eatre install\u00e9 en toute s\u00e9curit\u00e9 aussi bien \u00e0 l'int\u00e9rieur qu'\u00e0 l'ext\u00e9rieur.<br \/>\nSa conception robuste le rend particuli\u00e8rement adapt\u00e9 aux environnements exigeants. Avec un indice IP66, il offre une haute r\u00e9sistance \u00e0 la poussi\u00e8re et \u00e0 l'eau, tout en conservant un fonctionnement fiable dans des situations difficiles.<\/p>\n<h3>Communication et suivi<\/h3>\n<p>Connectivit\u00e9 via RS485, WLAN\/Ethernet avec Smart Dongle-WLAN-FE ou connexion mobile avec Smart Dongle-4G.<\/p>\n<p>Contr\u00f4le complet depuis l'application Huawei FusionSolar, avec surveillance et gestion \u00e0 distance.<\/p>\n<h3>Compatibilit\u00e9 avec les batteries et les fonctions hybrides<\/h3>\n<p>Le Huawei SUN2000-12K-MAP0 est pr\u00eat \u00e0 fonctionner avec des batteries. <strong><a href=\"https:\/\/fvcomponentes.com\/fr\/categorie-de-produits\/piles\/piles-au-lithium-haute-tension\/?pwb-brand=huawei\" target=\"_blank\" rel=\"noopener\">Huawei LUNA2000 (s\u00e9ries S0 et S1)<\/a><\/strong>, permettant d'exploiter les exc\u00e9dents photovolta\u00efques, de stocker l'\u00e9nergie et de g\u00e9rer la consommation de mani\u00e8re intelligente afin de tirer le meilleur parti de votre installation.<br \/>\nEt si vous recherchez une solution compl\u00e8te, vous pouvez int\u00e9grer une sauvegarde totale (backup) avec des accessoires tels que le SmartGuard-63A-T0, garantissant l'alimentation m\u00eame en cas de coupures de courant.<\/p>\n<h2>Principaux avantages de l'onduleur Huawei SUN2000-12K-MAP0<\/h2>\n<ul>\n<li data-start=\"106\" data-end=\"199\"><strong>Haute efficacit\u00e9<\/strong>, afin de tirer le meilleur parti de l'\u00e9nergie produite par vos panneaux solaires.<\/li>\n<li data-start=\"202\" data-end=\"299\"><strong>Conception hybride<\/strong>, pr\u00eat \u00e0 accueillir des piles quand vous le souhaitez.<\/li>\n<li data-start=\"302\" data-end=\"420\"><strong>Construction robuste<\/strong> avec protection IP66, parfait pour une installation en ext\u00e9rieur.<\/li>\n<li data-start=\"423\" data-end=\"523\"><strong>Triphas\u00e9,<\/strong> Id\u00e9al aussi bien pour les logements que pour les petites entreprises ou les installations commerciales.<\/li>\n<li data-start=\"526\" data-end=\"644\"><strong>Possibilit\u00e9 de sauvegarde compl\u00e8te (backup) <\/strong>avec des accessoires suppl\u00e9mentaires, pour continuer \u00e0 disposer d'\u00e9nergie en cas de coupure g\u00e9n\u00e9rale d'\u00e9lectricit\u00e9.<\/li>\n<li data-start=\"647\" data-end=\"728\"><strong>Connectivit\u00e9 intelligente<\/strong>, avec surveillance et contr\u00f4le \u00e0 distance depuis votre mobile.<\/li>\n<\/ul>\n<h2>Garantie de l'onduleur Huawei SUN2000-12K-MAP0<\/h2>\n<p>Cet onduleur b\u00e9n\u00e9ficie d'une garantie standard de 10 ans, avec des options d'extension \u00e0 15 ou 20 ans, pour une tranquillit\u00e9 d'esprit et une assistance optimales.<\/p>\n<h2>Sp\u00e9cifications techniques de l'onduleur hybride triphas\u00e9 Huawei SUN2000-12K-MAP0<\/h2>\n<table>\n<thead>\n<tr>\n<th>Param\u00e8tres<\/th>\n<th>Valeur<\/th>\n<\/tr>\n<\/thead>\n<tbody>\n<tr>\n<td>Puissance nominale CA<\/td>\n<td>12 000 W<\/td>\n<\/tr>\n<tr>\n<td>Puissance maximale CA<\/td>\n<td>13 2000 VA<\/td>\n<\/tr>\n<tr>\n<td>Puissance CC maximale recommand\u00e9e<\/td>\n<td>22 000 W<\/td>\n<\/tr>\n<tr>\n<td>Nombre de MPPT<\/td>\n<td>2<\/td>\n<\/tr>\n<tr>\n<td>Plage de tension CC<\/td>\n<td>160 V \u2013 1 000 V<\/td>\n<\/tr>\n<tr>\n<td>Tension CC maximale<\/td>\n<td>1 100 V<\/td>\n<\/tr>\n<tr>\n<td>Courant maximal par MPPT<\/td>\n<td>16 A<\/td>\n<\/tr>\n<tr>\n<td>Efficacit\u00e9 maximale<\/td>\n<td>98,2 %<\/td>\n<\/tr>\n<tr>\n<td>Phase<\/td>\n<td>Triphas\u00e9<\/td>\n<\/tr>\n<tr>\n<td>Protection de l'environnement<\/td>\n<td>IP66<\/td>\n<\/tr>\n<tr>\n<td>R\u00e9frig\u00e9ration<\/td>\n<td>Convection naturelle (sans ventilateur)<\/td>\n<\/tr>\n<tr>\n<td>Connecteurs CC<\/td>\n<td>Amphenol H4<\/td>\n<\/tr>\n<tr>\n<td>Communication<\/td>\n<td>RS485, WLAN\/Ethernet (Smart Dongle), 4G en option<\/td>\n<\/tr>\n<tr>\n<td>Contr\u00f4le<\/td>\n<td>Huawei FusionSolar<\/td>\n<\/tr>\n<tr>\n<td>Dimensions (H \u00d7 L \u00d7 P)<\/td>\n<td>460 \u00d7 490 \u00d7 130 mm<\/td>\n<\/tr>\n<tr>\n<td>Poids<\/td>\n<td>21 kg<\/td>\n<\/tr>\n<tr>\n<td>Op\u00e9ration<\/td>\n<td>\u201325 \u00b0C \u00e0 +60 \u00b0C<\/td>\n<\/tr>\n<tr>\n<td>Garantie standard<\/td>\n<td>10 ans (prolongeable)<\/td>\n<\/tr>\n<\/tbody>\n<\/table>\n<h2>Fiche technique de l'onduleur hybride triphas\u00e9 Huawei SUN2000-12K-MAP0 \u2013 01076948<\/h2>\n<p><a href=\"https:\/\/fvcomponentes.com\/wp-content\/uploads\/2025\/12\/Huawei_TDS_SUN2000_5K-12K_MAP0_ES-1.pdf\" target=\"_blank\" rel=\"noopener\">Fiche technique de l'onduleur hybride triphas\u00e9 Huawei SUN2000-12K-MAP0<\/a><\/p>\n<h2>Manuel de l'investisseur hybride triphas\u00e9 Huawei SUN2000-12K-MAP0 \u2013 01076948<\/h2>\n<p><a href=\"https:\/\/fvcomponentes.com\/wp-content\/uploads\/2026\/01\/Manual-del-usuario-de-la-serie-SUN2000-5K-12K-MAP0.pdf\" target=\"_blank\" rel=\"noopener\">Manuel de l'investisseur hybride triphas\u00e9 Huawei SUN2000-12K-MAP0 \u2013 01076948<\/a><\/p>","protected":false},"excerpt":{"rendered":"<p><strong>Puissance<\/strong>: 12.000<br \/>\n<strong>AC<\/strong>: 13 200 W<br \/>\n<strong>DC<\/strong>: 22 000 W<br \/>\n<strong>Efficacit\u00e9<\/strong>: 98,2%<br \/>\n<strong>MPPT<\/strong>: 2<br \/>\n<strong>Protection IP :<\/strong> IP66<br \/>\n<strong>Piles compatibles :<\/strong> LUNA2000-5\/10\/15-S0 et LUNA2000-7\/14\/21-S1<\/p>","protected":false},"featured_media":35062,"comment_status":"closed","ping_status":"closed","template":"","meta":{"site-sidebar-layout":"default","site-content-layout":"","ast-site-content-layout":"default","site-content-style":"default","site-sidebar-style":"default","ast-global-header-display":"","ast-banner-title-visibility":"","ast-main-header-display":"","ast-hfb-above-header-display":"","ast-hfb-below-header-display":"","ast-hfb-mobile-header-display":"","site-post-title":"","ast-breadcrumbs-content":"","ast-featured-img":"","footer-sml-layout":"","ast-disable-related-posts":"","theme-transparent-header-meta":"default","adv-header-id-meta":"","stick-header-meta":"","header-above-stick-meta":"","header-main-stick-meta":"","header-below-stick-meta":"","astra-migrate-meta-layouts":"set","ast-page-background-enabled":"default","ast-page-background-meta":{"desktop":{"background-color":"var(--ast-global-color-4)","background-image":"","background-repeat":"repeat","background-position":"center center","background-size":"auto","background-attachment":"scroll","background-type":"","background-media":"","overlay-type":"","overlay-color":"","overlay-opacity":"","overlay-gradient":""},"tablet":{"background-color":"","background-image":"","background-repeat":"repeat","background-position":"center center","background-size":"auto","background-attachment":"scroll","background-type":"","background-media":"","overlay-type":"","overlay-color":"","overlay-opacity":"","overlay-gradient":""},"mobile":{"background-color":"","background-image":"","background-repeat":"repeat","background-position":"center center","background-size":"auto","background-attachment":"scroll","background-type":"","background-media":"","overlay-type":"","overlay-color":"","overlay-opacity":"","overlay-gradient":""}},"ast-content-background-meta":{"desktop":{"background-color":"var(--ast-global-color-5)","background-image":"","background-repeat":"repeat","background-position":"center center","background-size":"auto","background-attachment":"scroll","background-type":"","background-media":"","overlay-type":"","overlay-color":"","overlay-opacity":"","overlay-gradient":""},"tablet":{"background-color":"var(--ast-global-color-5)","background-image":"","background-repeat":"repeat","background-position":"center center","background-size":"auto","background-attachment":"scroll","background-type":"","background-media":"","overlay-type":"","overlay-color":"","overlay-opacity":"","overlay-gradient":""},"mobile":{"background-color":"var(--ast-global-color-5)","background-image":"","background-repeat":"repeat","background-position":"center center","background-size":"auto","background-attachment":"scroll","background-type":"","background-media":"","overlay-type":"","overlay-color":"","overlay-opacity":"","overlay-gradient":""}}},"pwb-brand":[381],"product_brand":[],"product_cat":[333,359,923],"product_tag":[],"class_list":{"0":"post-35114","1":"product","2":"type-product","3":"status-publish","4":"has-post-thumbnail","6":"pwb-brand-huawei","7":"product_cat-inversores","8":"product_cat-inversores-autoconsumo-hibridos","9":"product_cat-inversores-autoconsumo-hibridos-trifasicos","10":"desktop-align-left","11":"tablet-align-left","12":"mobile-align-left","13":"ast-product-gallery-layout-horizontal-slider","14":"ast-product-tabs-layout-horizontal","16":"first","17":"instock","18":"taxable","19":"shipping-taxable","20":"purchasable","21":"product-type-simple"},"wcpa_form_fields":null,"brands":[{"id":381,"name":"Onduleurs Huawei","slug":"huawei"}],"_links":{"self":[{"href":"https:\/\/fvcomponentes.com\/fr\/wp-json\/wp\/v2\/product\/35114","targetHints":{"allow":["GET"]}}],"collection":[{"href":"https:\/\/fvcomponentes.com\/fr\/wp-json\/wp\/v2\/product"}],"about":[{"href":"https:\/\/fvcomponentes.com\/fr\/wp-json\/wp\/v2\/types\/product"}],"replies":[{"embeddable":true,"href":"https:\/\/fvcomponentes.com\/fr\/wp-json\/wp\/v2\/comments?post=35114"}],"wp:featuredmedia":[{"embeddable":true,"href":"https:\/\/fvcomponentes.com\/fr\/wp-json\/wp\/v2\/media\/35062"}],"wp:attachment":[{"href":"https:\/\/fvcomponentes.com\/fr\/wp-json\/wp\/v2\/media?parent=35114"}],"wp:term":[{"taxonomy":"pwb-brand","embeddable":true,"href":"https:\/\/fvcomponentes.com\/fr\/wp-json\/wp\/v2\/pwb-brand?post=35114"},{"taxonomy":"product_brand","embeddable":true,"href":"https:\/\/fvcomponentes.com\/fr\/wp-json\/wp\/v2\/product_brand?post=35114"},{"taxonomy":"product_cat","embeddable":true,"href":"https:\/\/fvcomponentes.com\/fr\/wp-json\/wp\/v2\/product_cat?post=35114"},{"taxonomy":"product_tag","embeddable":true,"href":"https:\/\/fvcomponentes.com\/fr\/wp-json\/wp\/v2\/product_tag?post=35114"}],"curies":[{"name":"wp","href":"https:\/\/api.w.org\/{rel}","templated":true}]}}