{"id":3511,"date":"2021-06-23T10:47:44","date_gmt":"2021-06-23T08:47:44","guid":{"rendered":"https:\/\/fvcomponentes.com\/producto\/bateria-lifepo4-victron-12-8v-200ah-smart-bat512120610\/"},"modified":"2026-01-15T10:11:31","modified_gmt":"2026-01-15T09:11:31","slug":"lifepo4-victron-12-8v-200ah-smart-battery-bat512120610","status":"publish","type":"product","link":"https:\/\/fvcomponentes.com\/fr\/producto\/bateria-lifepo4-victron-12-8v-200ah-smart-bat512120610\/","title":{"rendered":"Victron LiFePO4 12.8V-200Ah Smart Battery - BAT512120610"},"content":{"rendered":"<h2>Victron LiFePO4 Battery 12.8V-200Ah Smart<\/h2>\n<p>La batterie Victron LiFePO4 12,8V-200Ah Smart, comme toutes les batteries LiFePO4, est l'une des batteries Li-Ion les plus s\u00fbres du march\u00e9. La tension nominale d'une cellule LFP est de 3,2V (plomb-acide : 2V\/cellule). Une batterie LFP de 12,8 V se compose donc de 4 cellules connect\u00e9es en s\u00e9rie ; et une batterie de 25,6 V se compose de 8 cellules connect\u00e9es en s\u00e9rie.<\/p>\n<h2>Batteries robustes<\/h2>\n<p>Les batteries plomb-acide conventionnelles tombent souvent en panne pr\u00e9matur\u00e9ment \u00e0 cause de la sulfatation lorsqu'elles sont utilis\u00e9es :<\/p>\n<p>- fonctionner en mode d\u00e9ficit pendant de longues p\u00e9riodes (si la batterie n'est pas compl\u00e8tement recharg\u00e9e r\u00e9guli\u00e8rement)<br \/>\n- sont laiss\u00e9s partiellement charg\u00e9s ou, pire, compl\u00e8tement d\u00e9charg\u00e9s (par exemple sur des yachts ou des caravanes pendant l'hiver).<\/p>\n<p>En revanche, la batterie Victron 12,8V-200Ah Smart LiFePO4 n'a pas besoin d'\u00eatre compl\u00e8tement charg\u00e9e. Sa dur\u00e9e de vie s'am\u00e9liore m\u00eame lorsque la batterie est partiellement charg\u00e9e au lieu de l'\u00eatre compl\u00e8tement. C'est l'avantage d\u00e9cisif qui diff\u00e9rencie les batteries LFP des batteries plomb-acide traditionnelles. D'autres avantages sont la large plage de temp\u00e9rature de fonctionnement, l'excellente performance cyclique, la faible r\u00e9sistance interne et le rendement \u00e9lev\u00e9.<\/p>\n<p>La composition chimique des LFP est le bon choix pour des applications tr\u00e8s exigeantes, telles que le stockage de l'\u00e9nergie dans les navires et les v\u00e9hicules.<\/p>\n<h2>Efficace<\/h2>\n<p>Dans plusieurs applications, l'efficacit\u00e9 \u00e9nerg\u00e9tique peut rev\u00eatir une importance cruciale, notamment dans les applications hors r\u00e9seau telles que les bateaux ou les v\u00e9hicules, ou dans les installations solaires hors r\u00e9seau.<br \/>\nL'efficacit\u00e9 \u00e9nerg\u00e9tique d'un cycle complet (d\u00e9charge de 100% \u00e0 0% et retour \u00e0 100%) d'une batterie plomb-acide standard est de 80%.<br \/>\nEn revanche, l'efficacit\u00e9 \u00e9nerg\u00e9tique d'un cycle complet d'une batterie Victron 12,8V-200Ah Smart LiFePO4 est de 92%.<br \/>\nLe processus de charge des batteries plomb-acide devient particuli\u00e8rement inefficace lorsque l'\u00e9tat de charge de 80% est atteint, ce qui se traduit par des rendements de 50% ou m\u00eame inf\u00e9rieurs dans les syst\u00e8mes solaires o\u00f9 plusieurs jours de r\u00e9serve sont n\u00e9cessaires (batteries fonctionnant entre 70% et 100% de charge).<br \/>\nEn revanche, une batterie LFP atteindra encore une efficacit\u00e9 de 90% dans des conditions de d\u00e9charge l\u00e9g\u00e8res.<\/p>\n<h2>Taille et poids de la batterie Victron LiFePO4 12,8V-200Ah Smart<\/h2>\n<p>Par rapport \u00e0 une batterie plomb-acide de m\u00eames caract\u00e9ristiques, vous pouvez \u00e9conomiser jusqu'\u00e0 70% en poids et en encombrement, ce qui les rend id\u00e9ales pour les applications dans les bateaux et les caravanes o\u00f9 l'espace est limit\u00e9 pour les syst\u00e8mes de stockage d'\u00e9nergie.<\/p>\n<p>Les batteries LiFePO4 sont-elles rentables ?<\/p>\n<p>Bien que les batteries LFP puissent sembler plus ch\u00e8res que les batteries plomb-acide, si elles sont utilis\u00e9es dans des applications exigeantes, le co\u00fbt initial \u00e9lev\u00e9 sera plus que compens\u00e9 par une dur\u00e9e de vie plus longue, une fiabilit\u00e9 sup\u00e9rieure et une excellente efficacit\u00e9. En d'autres termes, elles sont particuli\u00e8rement rentables \u00e0 moyen et long terme car elles garantissent un cycle de vie plus long que les batteries conventionnelles.<\/p>\n<h2>Connectivit\u00e9 Bluetooth<\/h2>\n<p>Gr\u00e2ce \u00e0 sa connexion Bluetooth, il est plus facile que jamais de conna\u00eetre l'\u00e9tat de la batterie et de surveiller des param\u00e8tres tels que la tension de la cellule, la temp\u00e9rature de la cellule et l'\u00e9tat de l'alarme. Il est particuli\u00e8rement utile pour d\u00e9tecter les probl\u00e8mes potentiels, tels que le d\u00e9s\u00e9quilibre des cellules.<\/p>\n<p>\u00c9quip\u00e9e de Bluetooth, la batterie peut communiquer avec l'application. <a href=\"https:\/\/www.victronenergy.com.es\/panel-systems-remote-monitoring\/victronconnect\" target=\"_blank\" rel=\"noopener\">VictronConnect<\/a>. L'application VictronConnect permet de lire les informations relatives \u00e0 la batterie, d'effectuer ou de modifier les r\u00e9glages de la batterie, de recevoir des alarmes et de mettre \u00e0 jour le micrologiciel.<\/p>\n<p>Les batteries LiFePO4 telles que la batterie Victron LiFePO4 12,8V-200Ah Smart sont dot\u00e9es d'un syst\u00e8me int\u00e9gr\u00e9 d'\u00e9quilibrage et de contr\u00f4le des cellules. Il est possible d'installer jusqu'\u00e0 5 batteries en parall\u00e8le et jusqu'\u00e0 4 batteries 12V ou 2 batteries 24V en s\u00e9rie, ce qui permet de configurer un parc de batteries 48V d'une capacit\u00e9 maximale de 1500Ah. Les c\u00e2bles d'\u00e9quilibrage et de contr\u00f4le des cellules peuvent \u00eatre reli\u00e9s en guirlande et doivent \u00eatre connect\u00e9s \u00e0 un syst\u00e8me de gestion des batteries (BMS).<\/p>\n<p><img fetchpriority=\"high\" decoding=\"async\" class=\"wp-image-7730\" src=\"https:\/\/fvcomponentes.com\/wp-content\/uploads\/2022\/11\/esquema-montaje-bateria-litio-12-8v-300x183.jpg\" alt=\"Sch\u00e9ma d&#039;assemblage des batteries LiFePo4\" width=\"500\" height=\"305\" title=\"\"><\/p>\n<h2>Syst\u00e8me de gestion de la batterie (BMS)<\/h2>\n<p>Les batteries LFP sont dot\u00e9es d'un syst\u00e8me int\u00e9gr\u00e9 d'\u00e9quilibrage et de contr\u00f4le des cellules. Les c\u00e2bles d'\u00e9quilibrage et de contr\u00f4le des cellules peuvent \u00eatre reli\u00e9s en guirlande et doivent \u00eatre connect\u00e9s \u00e0 un syst\u00e8me de gestion de la batterie (BMS).<\/p>\n<p>Le BMS est connect\u00e9 au BTV et ses fonctions essentielles sont les suivantes :<br \/>\n1. il peut g\u00e9n\u00e9rer une pr\u00e9-alarme lorsque la tension d'un \u00e9l\u00e9ment de la batterie tombe en dessous de 3,1 V (r\u00e9glable entre 2,85 V et 3,15 V).<br \/>\n2. D\u00e9connecter ou \u00e9teindre la charge lorsque la tension d'un \u00e9l\u00e9ment de la batterie tombe en dessous de 2,8 V (r\u00e9glable entre 2,6 V et 2,8 V).<br \/>\n3. Arr\u00eater le processus de charge lorsque la tension d'un \u00e9l\u00e9ment de la batterie d\u00e9passe 4,2 V.<br \/>\n4. Arr\u00eater le syst\u00e8me lorsque la temp\u00e9rature d'une cellule d\u00e9passe 50\u00b0C.<\/p>\n<h2>Fiche technique Batterie Victron LiFePO4 12.8V-200Ah Smart - BAT512120610<\/h2>\n<p><a href=\"https:\/\/fvcomponentes.com\/wp-content\/uploads\/2021\/06\/Datasheet-128-256-Volt-lithium-iron-phosphate-batteries-Smart-ES-1.pdf\" target=\"_blank\" rel=\"noopener\">Voir la fiche technique de la batterie intelligente Victron LiFePO4 12,8V-200Ah - BAT512120610<\/a><\/p>","protected":false},"excerpt":{"rendered":"<ul>\n<li><strong>Tension nominale :<\/strong> 12.8 V<\/li>\n<li><strong>Capacit\u00e9 nominale \u00e0 25\u00ba :<\/strong> 200 Ah<\/li>\n<li><strong>Nombre de cycles : <\/strong>80% : 2500 cycles \/ 70% : 3000 cycles \/ 50% : 5000 cycles<\/li>\n<li><strong>Courant de charge maximal :<\/strong> 400 A<\/li>\n<li><strong>Courant de charge recommand\u00e9 :<\/strong> \u2264100A<\/li>\n<li><strong>Connectivit\u00e9 :<\/strong> Bluetooth<\/li>\n<\/ul>\n<p>&nbsp;<\/p>","protected":false},"featured_media":3512,"comment_status":"open","ping_status":"closed","template":"","meta":{"site-sidebar-layout":"default","site-content-layout":"default","ast-site-content-layout":"default","site-content-style":"default","site-sidebar-style":"default","ast-global-header-display":"","ast-banner-title-visibility":"","ast-main-header-display":"","ast-hfb-above-header-display":"","ast-hfb-below-header-display":"","ast-hfb-mobile-header-display":"","site-post-title":"","ast-breadcrumbs-content":"","ast-featured-img":"","footer-sml-layout":"","ast-disable-related-posts":"","theme-transparent-header-meta":"default","adv-header-id-meta":"","stick-header-meta":"","header-above-stick-meta":"","header-main-stick-meta":"","header-below-stick-meta":"","astra-migrate-meta-layouts":"set","ast-page-background-enabled":"default","ast-page-background-meta":{"desktop":{"background-color":"var(--ast-global-color-4)","background-image":"","background-repeat":"repeat","background-position":"center center","background-size":"auto","background-attachment":"scroll","background-type":"","background-media":"","overlay-type":"","overlay-color":"","overlay-opacity":"","overlay-gradient":""},"tablet":{"background-color":"","background-image":"","background-repeat":"repeat","background-position":"center center","background-size":"auto","background-attachment":"scroll","background-type":"","background-media":"","overlay-type":"","overlay-color":"","overlay-opacity":"","overlay-gradient":""},"mobile":{"background-color":"","background-image":"","background-repeat":"repeat","background-position":"center center","background-size":"auto","background-attachment":"scroll","background-type":"","background-media":"","overlay-type":"","overlay-color":"","overlay-opacity":"","overlay-gradient":""}},"ast-content-background-meta":{"desktop":{"background-color":"var(--ast-global-color-5)","background-image":"","background-repeat":"repeat","background-position":"center center","background-size":"auto","background-attachment":"scroll","background-type":"","background-media":"","overlay-type":"","overlay-color":"","overlay-opacity":"","overlay-gradient":""},"tablet":{"background-color":"var(--ast-global-color-5)","background-image":"","background-repeat":"repeat","background-position":"center center","background-size":"auto","background-attachment":"scroll","background-type":"","background-media":"","overlay-type":"","overlay-color":"","overlay-opacity":"","overlay-gradient":""},"mobile":{"background-color":"var(--ast-global-color-5)","background-image":"","background-repeat":"repeat","background-position":"center center","background-size":"auto","background-attachment":"scroll","background-type":"","background-media":"","overlay-type":"","overlay-color":"","overlay-opacity":"","overlay-gradient":""}}},"pwb-brand":[332],"product_brand":[],"product_cat":[431,340],"product_tag":[],"class_list":{"0":"post-3511","1":"product","2":"type-product","3":"status-publish","4":"has-post-thumbnail","6":"pwb-brand-victron","7":"product_cat-baterias-litio-12v","8":"product_cat-baterias","9":"product_shipping_class-baterias","10":"desktop-align-left","11":"tablet-align-left","12":"mobile-align-left","13":"ast-product-gallery-layout-horizontal-slider","14":"ast-product-gallery-with-no-image","15":"ast-product-tabs-layout-horizontal","17":"first","18":"instock","19":"taxable","20":"shipping-taxable","21":"purchasable","22":"product-type-simple"},"wcpa_form_fields":null,"brands":[{"id":332,"name":"Victron Energy","slug":"victron"}],"_links":{"self":[{"href":"https:\/\/fvcomponentes.com\/fr\/wp-json\/wp\/v2\/product\/3511","targetHints":{"allow":["GET"]}}],"collection":[{"href":"https:\/\/fvcomponentes.com\/fr\/wp-json\/wp\/v2\/product"}],"about":[{"href":"https:\/\/fvcomponentes.com\/fr\/wp-json\/wp\/v2\/types\/product"}],"replies":[{"embeddable":true,"href":"https:\/\/fvcomponentes.com\/fr\/wp-json\/wp\/v2\/comments?post=3511"}],"wp:featuredmedia":[{"embeddable":true,"href":"https:\/\/fvcomponentes.com\/fr\/wp-json\/wp\/v2\/media\/3512"}],"wp:attachment":[{"href":"https:\/\/fvcomponentes.com\/fr\/wp-json\/wp\/v2\/media?parent=3511"}],"wp:term":[{"taxonomy":"pwb-brand","embeddable":true,"href":"https:\/\/fvcomponentes.com\/fr\/wp-json\/wp\/v2\/pwb-brand?post=3511"},{"taxonomy":"product_brand","embeddable":true,"href":"https:\/\/fvcomponentes.com\/fr\/wp-json\/wp\/v2\/product_brand?post=3511"},{"taxonomy":"product_cat","embeddable":true,"href":"https:\/\/fvcomponentes.com\/fr\/wp-json\/wp\/v2\/product_cat?post=3511"},{"taxonomy":"product_tag","embeddable":true,"href":"https:\/\/fvcomponentes.com\/fr\/wp-json\/wp\/v2\/product_tag?post=3511"}],"curies":[{"name":"wp","href":"https:\/\/api.w.org\/{rel}","templated":true}]}}