{"id":34925,"date":"2025-12-19T07:59:40","date_gmt":"2025-12-19T06:59:40","guid":{"rendered":"https:\/\/fvcomponentes.com\/?post_type=product&#038;p=34925"},"modified":"2025-12-24T12:51:04","modified_gmt":"2025-12-24T11:51:04","slug":"boitier-pytes-pour-batterie-v-box-nema3-110409100177","status":"publish","type":"product","link":"https:\/\/fvcomponentes.com\/fr\/producto\/caja-pytes-para-bateria-v-box-nema3-110409100177\/","title":{"rendered":"Bo\u00eetier Pytes pour batterie V-Box NEMA3 \u2013 110409100177"},"content":{"rendered":"<h2>Bo\u00eetier Pytes pour batterie V-Box NEMA3 \u2013 110409100177<\/h2>\n<p>Le bo\u00eetier est une solution domotique \u00e9l\u00e9gante et robuste pour le stockage domestique d'\u00e9nergie. Il est sp\u00e9cialement con\u00e7u pour s'adapter \u00e0 <a href=\"https:\/\/fvcomponentes.com\/fr\/produit\/batterie-lithium-512v-lifepo4-pytes-v5-5-12kwh-110402100135\/\" target=\"_blank\" rel=\"noopener\">deux batteries de la s\u00e9rie V\u2011BOX\u201148100V5<\/a>, chacune d'une capacit\u00e9 de 5,12 kWh, ce qui permet d'atteindre une capacit\u00e9 totale install\u00e9e de 10,24 kWh (dont 9,22 kWh utiles).<br \/>\nOutre sa capacit\u00e9, il offre une combinaison id\u00e9ale de flexibilit\u00e9, de s\u00e9curit\u00e9 et d'int\u00e9gration avec des syst\u00e8mes solaires ou de secours. Il est donc parfait pour ceux qui recherchent une installation esth\u00e9tique et durable, avec la possibilit\u00e9 d'une extension future.<\/p>\n<h2>Caract\u00e9ristiques du bo\u00eetier Pytes pour batterie V-Box NEMA3 \u2013 110409100177<\/h2>\n<ul>\n<li><strong>Dimensions compactes : <\/strong>52,1 cm (L) x 43,1 cm (l) x 64,7 cm (H). Son poids est d'environ 30 kg \u00e0 vide et d'environ 120 kg avec les batteries.<\/li>\n<li><strong>Esth\u00e9tique soign\u00e9e :<\/strong> Construite en acier galvanis\u00e9 avec une finition blanche.<\/li>\n<li><strong>Ventilation passive :<\/strong> sans ventilateur, ce qui permet un fonctionnement silencieux.<\/li>\n<li><strong>Protection NEMA3 :<\/strong> pour une installation \u00e0 l'ext\u00e9rieur prot\u00e9g\u00e9e du soleil ou de la pluie<\/li>\n<li><strong>Installation pr\u00eate \u00e0 l'emploi :<\/strong> installation rapide et simple par un installateur qualifi\u00e9<\/li>\n<li><strong>Une technologie s\u00fbre et certifi\u00e9e<\/strong> (LFP, UL, CE).<\/li>\n<\/ul>\n<table>\n<thead>\n<tr>\n<th><strong>Caract\u00e9ristiques<\/strong><\/th>\n<th><strong>Sp\u00e9cifications<\/strong><\/th>\n<\/tr>\n<\/thead>\n<tbody>\n<tr>\n<td><strong>Mod\u00e8le<\/strong><\/td>\n<td>Base R-BOX<\/td>\n<\/tr>\n<tr>\n<td><strong>Piles compatibles<\/strong><\/td>\n<td>Jusqu'\u00e0 2 \u00d7 V\u2011BOX\u201148100V5 (5,12 kWh chacune)<\/td>\n<\/tr>\n<tr>\n<td><strong>Capacit\u00e9 nominale totale<\/strong><\/td>\n<td>10,24 kWh<\/td>\n<\/tr>\n<tr>\n<td><strong>Capacit\u00e9 utile<\/strong><\/td>\n<td>9,22 kWh<\/td>\n<\/tr>\n<tr>\n<td><strong>Extensibilit\u00e9<\/strong><\/td>\n<td>Jusqu'\u00e0 3 unit\u00e9s en parall\u00e8le (30,72 kWh)<\/td>\n<\/tr>\n<tr>\n<td><strong>Type de batterie<\/strong><\/td>\n<td>Batterie Pytes V\u2011BOX\u201148100V5<\/td>\n<\/tr>\n<tr>\n<td><strong>Tension nominale<\/strong><\/td>\n<td>51,2 V<\/td>\n<\/tr>\n<tr>\n<td><strong>Courant de charge\/d\u00e9charge max.<\/strong><\/td>\n<td>100 A<\/td>\n<\/tr>\n<tr>\n<td><strong>Communication<\/strong><\/td>\n<td>CAN \/ RS485<\/td>\n<\/tr>\n<tr>\n<td><strong>Protection de l'environnement\u00a0<\/strong><\/td>\n<td>NEMA 3 (pour une utilisation en ext\u00e9rieur \u00e0 l'abri de la pluie et du soleil direct)<\/td>\n<\/tr>\n<tr>\n<td><strong>Assembl\u00e9e<\/strong><\/td>\n<td>Mur ou sol<\/td>\n<\/tr>\n<tr>\n<td><strong>Mat\u00e9riau de l'armoire<\/strong><\/td>\n<td>Acier galvanis\u00e9<\/td>\n<\/tr>\n<tr>\n<td><strong>Ventilation<\/strong><\/td>\n<td>Passif (pas de ventilateur, fonctionnement silencieux)<\/td>\n<\/tr>\n<tr>\n<td><strong>Dimensions (L \u00d7 L \u00d7 H)<\/strong><\/td>\n<td>52,1 cm x 43,1 cm x 64,7 cm<\/td>\n<\/tr>\n<tr>\n<td><strong>Hauteur avec base<\/strong><\/td>\n<td>71,70 cm<\/td>\n<\/tr>\n<tr>\n<td><strong>Poids (approximatif)<\/strong><\/td>\n<td>~30 kg \u00e0 vide \/ ~120 kg avec les batteries<\/td>\n<\/tr>\n<tr>\n<td><strong>Temp\u00e9rature de charge<\/strong><\/td>\n<td>0 \u00b0C \u00e0 45 \u00b0C<\/td>\n<\/tr>\n<tr>\n<td><strong>Temp\u00e9rature de refoulement<\/strong><\/td>\n<td>-10 \u00b0C \u00e0 50 \u00b0C<\/td>\n<\/tr>\n<tr>\n<td><strong>Altitude maximale recommand\u00e9e<\/strong><\/td>\n<td>2 000 m<\/td>\n<\/tr>\n<tr>\n<td><strong>Cycles de vie utiles<\/strong><\/td>\n<td>Jusqu'\u00e0 6 000 cycles (avec une profondeur de d\u00e9charge de 80 %)<\/td>\n<\/tr>\n<tr>\n<td><strong>Garantie<\/strong><\/td>\n<td>10 ans<\/td>\n<\/tr>\n<tr>\n<td><strong>Certifications<\/strong><\/td>\n<td>UL1973, CE, UN38.3<\/td>\n<\/tr>\n<tr>\n<td><strong>Application recommand\u00e9e<\/strong><\/td>\n<td>Usage domestique, appoint \u00e9nerg\u00e9tique, autoconsommation solaire<\/td>\n<\/tr>\n<\/tbody>\n<\/table>\n<h2>Informations techniques Bo\u00eetier Pytes pour batterie V-Box NEMA3 \u2013 110409100177<\/h2>\n<p><a href=\"https:\/\/fvcomponentes.com\/wp-content\/uploads\/2025\/12\/Ficha-tecnica-V-BOX-NEMA-3.pdf\" target=\"_blank\" rel=\"noopener\">Fiche technique Bo\u00eetier Pytes pour batterie V-Box NEMA3 \u2013 110409100177<\/a><br \/>\n<a href=\"https:\/\/fvcomponentes.com\/wp-content\/uploads\/2025\/12\/Manual-de-instalacion-Caja-Pytes-para-bateria-V-Box-NEMA3-110409100177.pdf\" target=\"_blank\" rel=\"noopener\">E-Box-48100R Guide d'installation<\/a><\/p>\n<h3>Liste des onduleurs compatibles avec les batteries Pytes<\/h3>\n<p><a href=\"https:\/\/fvcomponentes.com\/wp-content\/uploads\/2025\/10\/c35d7eb1223244cecb336915b57d8a94.pdf\" target=\"_blank\" rel=\"noopener\">Liste des onduleurs compatibles avec les batteries Pytes<\/a><\/p>","protected":false},"excerpt":{"rendered":"<p><strong>La bo\u00eete est sp\u00e9cialement con\u00e7ue pour <a href=\"https:\/\/fvcomponentes.com\/fr\/produit\/batterie-lithium-512v-lifepo4-pytes-v5-5-12kwh-110402100135\/\" target=\"_blank\" rel=\"noopener\">Batteries Pytes V5<\/a><\/strong><br \/>\n<strong>Dimensions<\/strong> (L \u00d7 l \u00d7 H) : 52,1 cm x 43,1 cm x 64,7 cm<br \/>\n<strong>Hauteur avec socle :<\/strong> 71,70 cm<br \/>\n<strong>Poids :<\/strong> ~30 kg \u00e0 vide \/ ~120 kg avec les batteries<br \/>\n<strong>Assemblage :<\/strong> Mur ou sol<br \/>\n<strong>Mat\u00e9riau<\/strong>: Acier galvanis\u00e9<br \/>\n<strong>Ventilation :<\/strong> Passif (pas de ventilateur, fonctionnement silencieux)<br \/>\n<strong>Protection de l'environnement<\/strong>: NEMA3 (pour une utilisation en ext\u00e9rieur prot\u00e9g\u00e9)<\/p>","protected":false},"featured_media":34953,"comment_status":"closed","ping_status":"closed","template":"","meta":{"site-sidebar-layout":"default","site-content-layout":"","ast-site-content-layout":"default","site-content-style":"default","site-sidebar-style":"default","ast-global-header-display":"","ast-banner-title-visibility":"","ast-main-header-display":"","ast-hfb-above-header-display":"","ast-hfb-below-header-display":"","ast-hfb-mobile-header-display":"","site-post-title":"","ast-breadcrumbs-content":"","ast-featured-img":"","footer-sml-layout":"","ast-disable-related-posts":"","theme-transparent-header-meta":"default","adv-header-id-meta":"","stick-header-meta":"","header-above-stick-meta":"","header-main-stick-meta":"","header-below-stick-meta":"","astra-migrate-meta-layouts":"set","ast-page-background-enabled":"default","ast-page-background-meta":{"desktop":{"background-color":"var(--ast-global-color-4)","background-image":"","background-repeat":"repeat","background-position":"center center","background-size":"auto","background-attachment":"scroll","background-type":"","background-media":"","overlay-type":"","overlay-color":"","overlay-opacity":"","overlay-gradient":""},"tablet":{"background-color":"","background-image":"","background-repeat":"repeat","background-position":"center center","background-size":"auto","background-attachment":"scroll","background-type":"","background-media":"","overlay-type":"","overlay-color":"","overlay-opacity":"","overlay-gradient":""},"mobile":{"background-color":"","background-image":"","background-repeat":"repeat","background-position":"center center","background-size":"auto","background-attachment":"scroll","background-type":"","background-media":"","overlay-type":"","overlay-color":"","overlay-opacity":"","overlay-gradient":""}},"ast-content-background-meta":{"desktop":{"background-color":"var(--ast-global-color-5)","background-image":"","background-repeat":"repeat","background-position":"center center","background-size":"auto","background-attachment":"scroll","background-type":"","background-media":"","overlay-type":"","overlay-color":"","overlay-opacity":"","overlay-gradient":""},"tablet":{"background-color":"var(--ast-global-color-5)","background-image":"","background-repeat":"repeat","background-position":"center center","background-size":"auto","background-attachment":"scroll","background-type":"","background-media":"","overlay-type":"","overlay-color":"","overlay-opacity":"","overlay-gradient":""},"mobile":{"background-color":"var(--ast-global-color-5)","background-image":"","background-repeat":"repeat","background-position":"center center","background-size":"auto","background-attachment":"scroll","background-type":"","background-media":"","overlay-type":"","overlay-color":"","overlay-opacity":"","overlay-gradient":""}}},"pwb-brand":[1007],"product_brand":[],"product_cat":[414],"product_tag":[],"class_list":{"0":"post-34925","1":"product","2":"type-product","3":"status-publish","4":"has-post-thumbnail","6":"pwb-brand-baterias-pytes","7":"product_cat-armarios-rack-para-baterias","8":"desktop-align-left","9":"tablet-align-left","10":"mobile-align-left","11":"ast-product-gallery-layout-horizontal-slider","12":"ast-product-tabs-layout-horizontal","14":"first","15":"instock","16":"taxable","17":"shipping-taxable","18":"purchasable","19":"product-type-simple"},"wcpa_form_fields":null,"brands":[{"id":1007,"name":"Piles Pytes","slug":"piles-a-pytes"}],"_links":{"self":[{"href":"https:\/\/fvcomponentes.com\/fr\/wp-json\/wp\/v2\/product\/34925","targetHints":{"allow":["GET"]}}],"collection":[{"href":"https:\/\/fvcomponentes.com\/fr\/wp-json\/wp\/v2\/product"}],"about":[{"href":"https:\/\/fvcomponentes.com\/fr\/wp-json\/wp\/v2\/types\/product"}],"replies":[{"embeddable":true,"href":"https:\/\/fvcomponentes.com\/fr\/wp-json\/wp\/v2\/comments?post=34925"}],"wp:featuredmedia":[{"embeddable":true,"href":"https:\/\/fvcomponentes.com\/fr\/wp-json\/wp\/v2\/media\/34953"}],"wp:attachment":[{"href":"https:\/\/fvcomponentes.com\/fr\/wp-json\/wp\/v2\/media?parent=34925"}],"wp:term":[{"taxonomy":"pwb-brand","embeddable":true,"href":"https:\/\/fvcomponentes.com\/fr\/wp-json\/wp\/v2\/pwb-brand?post=34925"},{"taxonomy":"product_brand","embeddable":true,"href":"https:\/\/fvcomponentes.com\/fr\/wp-json\/wp\/v2\/product_brand?post=34925"},{"taxonomy":"product_cat","embeddable":true,"href":"https:\/\/fvcomponentes.com\/fr\/wp-json\/wp\/v2\/product_cat?post=34925"},{"taxonomy":"product_tag","embeddable":true,"href":"https:\/\/fvcomponentes.com\/fr\/wp-json\/wp\/v2\/product_tag?post=34925"}],"curies":[{"name":"wp","href":"https:\/\/api.w.org\/{rel}","templated":true}]}}