{"id":3480,"date":"2021-06-11T11:44:10","date_gmt":"2021-06-11T09:44:10","guid":{"rendered":"https:\/\/fvcomponentes.com\/producto\/conectores-mc4-paneles-solares-positivo-negativo\/"},"modified":"2025-11-28T12:22:34","modified_gmt":"2025-11-28T11:22:34","slug":"connecteurs-mc4-panneaux-solaires-positifs-negatifs","status":"publish","type":"product","link":"https:\/\/fvcomponentes.com\/fr\/producto\/conectores-mc4-paneles-solares-positivo-negativo\/","title":{"rendered":"Connecteurs MC4 pour panneaux solaires (1 positif + 1 n\u00e9gatif)- Koban"},"content":{"rendered":"<h2>Connecteurs MC4 pour panneaux solaires (1 positif + 1 n\u00e9gatif)<\/h2>\n<p>Ces connecteurs MC4 pour panneaux solaires (1 positif + 1 n\u00e9gatif) - Koban sont utilis\u00e9s pour connecter les diff\u00e9rents panneaux photovolta\u00efques int\u00e9gr\u00e9s dans la toiture ou dans tout autre type d'assemblage avec les diff\u00e9rents c\u00e2bles d'une section de 4 \u00e0 6 mm\u00b2 qui font partie de l'installation.<\/p>\n<p>Sa conception est conforme aux exigences \u00e9lectriques strictes des installations photovolta\u00efques, tout en offrant des connexions s\u00fbres et en emp\u00eachant les d\u00e9connexions accidentelles.<\/p>\n<h3>Fiche technique MC4 Connecteurs pour panneaux solaires (1 positif + 1 n\u00e9gatif) - Koban<\/h3>\n<p><a href=\"https:\/\/fvcomponentes.com\/wp-content\/uploads\/2024\/09\/Ficha-tecnica-Conectores-MC4-para-paneles-solares-1-positivo-1-negativo-Koban.pdf\" target=\"_blank\" rel=\"noopener\">Voir la fiche technique des connecteurs MC4<\/a><\/p>","protected":false},"excerpt":{"rendered":"<p>Caract\u00e9ristiques techniques des connecteurs MC4 pour panneaux solaires :<\/p>\n<ul>\n<li><strong>La tension : <\/strong>1500v<\/li>\n<li><strong>Intensit\u00e9<\/strong>: 32A<\/li>\n<li><strong>Protection :<\/strong> IP68<\/li>\n<li><strong>Longueur du c\u00e2ble<\/strong>: 4\/6 mm- : 4\/6 mm- : 4\/6 mm- : 4\/6 mm- : 4\/6 mm- : 4\/6 mm- : 4\/6 mm<\/li>\n<li><strong>1 positif + 1 n\u00e9gatif<\/strong><\/li>\n<\/ul>","protected":false},"featured_media":3481,"comment_status":"open","ping_status":"closed","template":"","meta":{"site-sidebar-layout":"default","site-content-layout":"","ast-site-content-layout":"default","site-content-style":"default","site-sidebar-style":"default","ast-global-header-display":"","ast-banner-title-visibility":"","ast-main-header-display":"","ast-hfb-above-header-display":"","ast-hfb-below-header-display":"","ast-hfb-mobile-header-display":"","site-post-title":"","ast-breadcrumbs-content":"","ast-featured-img":"","footer-sml-layout":"","ast-disable-related-posts":"","theme-transparent-header-meta":"default","adv-header-id-meta":"","stick-header-meta":"","header-above-stick-meta":"","header-main-stick-meta":"","header-below-stick-meta":"","astra-migrate-meta-layouts":"set","ast-page-background-enabled":"default","ast-page-background-meta":{"desktop":{"background-color":"var(--ast-global-color-4)","background-image":"","background-repeat":"repeat","background-position":"center center","background-size":"auto","background-attachment":"scroll","background-type":"","background-media":"","overlay-type":"","overlay-color":"","overlay-opacity":"","overlay-gradient":""},"tablet":{"background-color":"","background-image":"","background-repeat":"repeat","background-position":"center center","background-size":"auto","background-attachment":"scroll","background-type":"","background-media":"","overlay-type":"","overlay-color":"","overlay-opacity":"","overlay-gradient":""},"mobile":{"background-color":"","background-image":"","background-repeat":"repeat","background-position":"center center","background-size":"auto","background-attachment":"scroll","background-type":"","background-media":"","overlay-type":"","overlay-color":"","overlay-opacity":"","overlay-gradient":""}},"ast-content-background-meta":{"desktop":{"background-color":"var(--ast-global-color-5)","background-image":"","background-repeat":"repeat","background-position":"center center","background-size":"auto","background-attachment":"scroll","background-type":"","background-media":"","overlay-type":"","overlay-color":"","overlay-opacity":"","overlay-gradient":""},"tablet":{"background-color":"var(--ast-global-color-5)","background-image":"","background-repeat":"repeat","background-position":"center center","background-size":"auto","background-attachment":"scroll","background-type":"","background-media":"","overlay-type":"","overlay-color":"","overlay-opacity":"","overlay-gradient":""},"mobile":{"background-color":"var(--ast-global-color-5)","background-image":"","background-repeat":"repeat","background-position":"center center","background-size":"auto","background-attachment":"scroll","background-type":"","background-media":"","overlay-type":"","overlay-color":"","overlay-opacity":"","overlay-gradient":""}}},"pwb-brand":[],"product_brand":[],"product_cat":[410,877],"product_tag":[],"class_list":{"0":"post-3480","1":"product","2":"type-product","3":"status-publish","4":"has-post-thumbnail","6":"product_cat-material-electrico","7":"product_cat-cables-electricos","8":"desktop-align-left","9":"tablet-align-left","10":"mobile-align-left","11":"ast-product-gallery-layout-horizontal-slider","12":"ast-product-gallery-with-no-image","13":"ast-product-tabs-layout-horizontal","15":"first","16":"instock","17":"taxable","18":"shipping-taxable","19":"purchasable","20":"product-type-simple"},"wcpa_form_fields":null,"brands":[],"_links":{"self":[{"href":"https:\/\/fvcomponentes.com\/fr\/wp-json\/wp\/v2\/product\/3480","targetHints":{"allow":["GET"]}}],"collection":[{"href":"https:\/\/fvcomponentes.com\/fr\/wp-json\/wp\/v2\/product"}],"about":[{"href":"https:\/\/fvcomponentes.com\/fr\/wp-json\/wp\/v2\/types\/product"}],"replies":[{"embeddable":true,"href":"https:\/\/fvcomponentes.com\/fr\/wp-json\/wp\/v2\/comments?post=3480"}],"wp:featuredmedia":[{"embeddable":true,"href":"https:\/\/fvcomponentes.com\/fr\/wp-json\/wp\/v2\/media\/3481"}],"wp:attachment":[{"href":"https:\/\/fvcomponentes.com\/fr\/wp-json\/wp\/v2\/media?parent=3480"}],"wp:term":[{"taxonomy":"pwb-brand","embeddable":true,"href":"https:\/\/fvcomponentes.com\/fr\/wp-json\/wp\/v2\/pwb-brand?post=3480"},{"taxonomy":"product_brand","embeddable":true,"href":"https:\/\/fvcomponentes.com\/fr\/wp-json\/wp\/v2\/product_brand?post=3480"},{"taxonomy":"product_cat","embeddable":true,"href":"https:\/\/fvcomponentes.com\/fr\/wp-json\/wp\/v2\/product_cat?post=3480"},{"taxonomy":"product_tag","embeddable":true,"href":"https:\/\/fvcomponentes.com\/fr\/wp-json\/wp\/v2\/product_tag?post=3480"}],"curies":[{"name":"wp","href":"https:\/\/api.w.org\/{rel}","templated":true}]}}