{"id":3478,"date":"2021-06-11T10:21:14","date_gmt":"2021-06-11T08:21:14","guid":{"rendered":"https:\/\/fvcomponentes.com\/producto\/fusible-cilindrico-10x38mm-12a\/"},"modified":"2024-09-06T13:54:56","modified_gmt":"2024-09-06T11:54:56","slug":"fusible-cylindrique-10x38mm-12a","status":"publish","type":"product","link":"https:\/\/fvcomponentes.com\/fr\/producto\/fusible-cilindrico-10x38mm-12a\/","title":{"rendered":"Fusible cylindrique 10x38mm. 12A 1000Vdc Crady sp\u00e9cial photovolta\u00efque - 01 18005"},"content":{"rendered":"<h2>Fusible cylindrique 10x38mm.  12A 1000Vdc Crady sp\u00e9cial photovolta\u00efque<\/h2>\n<p>Fusible cylindrique de type cartouche 10x38mm et courant nominal de 12A avec courbe de protection classe gG pour les courants continus. Le fusible cylindrique 10x38mm. 12A est adapt\u00e9 \u00e0 la protection des lignes ou des \u00e9quipements avec des tensions jusqu'\u00e0 1000Vdc. Il offre une protection contre les surcharges et les courts-circuits avec un pouvoir de coupure de 120kA. C\u00e9ramique tr\u00e8s r\u00e9sistante aux chocs thermiques et \u00e0 la pression. Contacts de la capsule en cuivre argent\u00e9. Sable de quartz de haute puret\u00e9 trait\u00e9 chimiquement comme agent d'extinction d'arc.<\/p>\n<p>Sp\u00e9cialement con\u00e7u pour les installations photovolta\u00efques. Prot\u00e8ge l'\u00e9quipement install\u00e9 contre les \u00e9ventuelles surcharges des panneaux lorsque la tension d\u00e9passe 12A.<\/p>\n<p>Pour les\u00a0<a href=\"https:\/\/fvcomponentes.com\/fr\/produit\/10x38mm-32a-porte-fusible-cylindrique-df-electric-485150\/\" target=\"_blank\" rel=\"noopener\">Porte-fusible cylindrique base 10x38mm. Sp\u00e9cial photovolta\u00efque 32A - DF Electric - 485150<\/a><\/p>","protected":false},"excerpt":{"rendered":"<ul>\n<li><strong>Intensit\u00e9 maximale :<\/strong> 12A.<\/li>\n<li><strong>Tension maximale :<\/strong> 1000V.<\/li>\n<li><strong>Mesures :<\/strong>\u00a0 10\u00d732 mm<\/li>\n<li><strong>En particulier pour le courant continu et la photovolta\u00efque.<\/strong><\/li>\n<\/ul>","protected":false},"featured_media":3479,"comment_status":"open","ping_status":"closed","template":"","meta":{"site-sidebar-layout":"default","site-content-layout":"default","ast-site-content-layout":"default","site-content-style":"default","site-sidebar-style":"default","ast-global-header-display":"","ast-banner-title-visibility":"","ast-main-header-display":"","ast-hfb-above-header-display":"","ast-hfb-below-header-display":"","ast-hfb-mobile-header-display":"","site-post-title":"","ast-breadcrumbs-content":"","ast-featured-img":"","footer-sml-layout":"","ast-disable-related-posts":"","theme-transparent-header-meta":"default","adv-header-id-meta":"","stick-header-meta":"","header-above-stick-meta":"","header-main-stick-meta":"","header-below-stick-meta":"","astra-migrate-meta-layouts":"set","ast-page-background-enabled":"default","ast-page-background-meta":{"desktop":{"background-color":"var(--ast-global-color-4)","background-image":"","background-repeat":"repeat","background-position":"center center","background-size":"auto","background-attachment":"scroll","background-type":"","background-media":"","overlay-type":"","overlay-color":"","overlay-opacity":"","overlay-gradient":""},"tablet":{"background-color":"","background-image":"","background-repeat":"repeat","background-position":"center center","background-size":"auto","background-attachment":"scroll","background-type":"","background-media":"","overlay-type":"","overlay-color":"","overlay-opacity":"","overlay-gradient":""},"mobile":{"background-color":"","background-image":"","background-repeat":"repeat","background-position":"center center","background-size":"auto","background-attachment":"scroll","background-type":"","background-media":"","overlay-type":"","overlay-color":"","overlay-opacity":"","overlay-gradient":""}},"ast-content-background-meta":{"desktop":{"background-color":"var(--ast-global-color-5)","background-image":"","background-repeat":"repeat","background-position":"center center","background-size":"auto","background-attachment":"scroll","background-type":"","background-media":"","overlay-type":"","overlay-color":"","overlay-opacity":"","overlay-gradient":""},"tablet":{"background-color":"var(--ast-global-color-5)","background-image":"","background-repeat":"repeat","background-position":"center center","background-size":"auto","background-attachment":"scroll","background-type":"","background-media":"","overlay-type":"","overlay-color":"","overlay-opacity":"","overlay-gradient":""},"mobile":{"background-color":"var(--ast-global-color-5)","background-image":"","background-repeat":"repeat","background-position":"center center","background-size":"auto","background-attachment":"scroll","background-type":"","background-media":"","overlay-type":"","overlay-color":"","overlay-opacity":"","overlay-gradient":""}}},"pwb-brand":[],"product_brand":[],"product_cat":[862,987,410],"product_tag":[],"class_list":{"0":"post-3478","1":"product","2":"type-product","3":"status-publish","4":"has-post-thumbnail","6":"product_cat-fusibles","7":"product_cat-fusibles-cilindricos","8":"product_cat-material-electrico","9":"desktop-align-left","10":"tablet-align-left","11":"mobile-align-left","12":"ast-product-gallery-layout-horizontal-slider","13":"ast-product-gallery-with-no-image","14":"ast-product-tabs-layout-horizontal","16":"first","17":"instock","18":"taxable","19":"shipping-taxable","20":"purchasable","21":"product-type-simple"},"wcpa_form_fields":null,"brands":[],"_links":{"self":[{"href":"https:\/\/fvcomponentes.com\/fr\/wp-json\/wp\/v2\/product\/3478","targetHints":{"allow":["GET"]}}],"collection":[{"href":"https:\/\/fvcomponentes.com\/fr\/wp-json\/wp\/v2\/product"}],"about":[{"href":"https:\/\/fvcomponentes.com\/fr\/wp-json\/wp\/v2\/types\/product"}],"replies":[{"embeddable":true,"href":"https:\/\/fvcomponentes.com\/fr\/wp-json\/wp\/v2\/comments?post=3478"}],"wp:featuredmedia":[{"embeddable":true,"href":"https:\/\/fvcomponentes.com\/fr\/wp-json\/wp\/v2\/media\/3479"}],"wp:attachment":[{"href":"https:\/\/fvcomponentes.com\/fr\/wp-json\/wp\/v2\/media?parent=3478"}],"wp:term":[{"taxonomy":"pwb-brand","embeddable":true,"href":"https:\/\/fvcomponentes.com\/fr\/wp-json\/wp\/v2\/pwb-brand?post=3478"},{"taxonomy":"product_brand","embeddable":true,"href":"https:\/\/fvcomponentes.com\/fr\/wp-json\/wp\/v2\/product_brand?post=3478"},{"taxonomy":"product_cat","embeddable":true,"href":"https:\/\/fvcomponentes.com\/fr\/wp-json\/wp\/v2\/product_cat?post=3478"},{"taxonomy":"product_tag","embeddable":true,"href":"https:\/\/fvcomponentes.com\/fr\/wp-json\/wp\/v2\/product_tag?post=3478"}],"curies":[{"name":"wp","href":"https:\/\/api.w.org\/{rel}","templated":true}]}}