{"id":3464,"date":"2021-06-10T15:06:22","date_gmt":"2021-06-10T13:06:22","guid":{"rendered":"https:\/\/fvcomponentes.com\/producto\/inversor-victron-multiplus-12v-2000va-80-32a-pmp122200000\/"},"modified":"2026-04-04T12:51:30","modified_gmt":"2026-04-04T10:51:30","slug":"onduleur-victron-multiplus-12v-2000va-80-32a-pmp122200000","status":"publish","type":"product","link":"https:\/\/fvcomponentes.com\/fr\/producto\/inversor-victron-multiplus-12v-2000va-80-32a-pmp122200000\/","title":{"rendered":"Chargeur d'onduleur Victron Multiplus 12V 2000VA 80A-32A - PMP122200000"},"content":{"rendered":"<section class=\"large-padding\">\n<div class=\"productDetail__header\">\n<div class=\"container\">\n<div class=\"productDetail__header__inner\">\n<div class=\"productDetail__content\">\n<div class=\"hidden-xs\">\n<section class=\"large-padding\">\n<div class=\"productDetail__header\">\n<div class=\"container\">\n<div class=\"productDetail__header__inner\">\n<div class=\"productDetail__content\">\n<div class=\"hidden-xs\">\n<h2>Onduleur Victron Multiplus 12V 2000VA 80-32A PMP122200000<\/h2>\n<p>&nbsp;<\/p>\n<h3 class=\"productDetail__content-subheader-icon\">Multifonctionnel<\/h3>\n<\/div>\n<p class=\"productDetail__content-desc\">Le nouvel onduleur Victron Multiplus 12V 2000VA 80-32A a \u00e9t\u00e9 con\u00e7u pour remplacer la gamme pr\u00e9c\u00e9dente MultiPlus Compact. Il r\u00e9unit, dans un seul bo\u00eetier compact, un puissant onduleur sinuso\u00efdal, un chargeur de batterie sophistiqu\u00e9 avec une technologie de charge variable et un commutateur de transfert CA \u00e0 grande vitesse.<\/p>\n<h2>Fonctionnement en parall\u00e8le et option triphas\u00e9e<\/h2>\n<p class=\"productDetail__content-desc\"><span style=\"font-size: 16px\">Jusqu'\u00e0 six Multiplus 12V 2000VA 80-32A peuvent fonctionner en parall\u00e8le pour obtenir une puissance de sortie plus \u00e9lev\u00e9e. En plus de la connexion en parall\u00e8le, trois unit\u00e9s peuvent \u00eatre configur\u00e9es pour une sortie triphas\u00e9e en assignant chaque onduleur \u00e0 l'une des trois phases.<\/span><\/p>\n<\/div>\n<\/div>\n<\/div>\n<\/div>\n<\/section>\n<section class=\"productDetails__blocks\">\n<div class=\"container\">\n<div class=\"productDetails__block productDetails__block--image productDetails__block--right\">\n<div class=\"productDetails__block-content\">\n<p><strong><img decoding=\"async\" src=\"https:\/\/fvcomponentes.com\/wp-content\/uploads\/2022\/11\/Diagrama-Multiplus-trifasico.png\" alt=\"\" title=\"\"><img decoding=\"async\" src=\"https:\/\/fvcomponentes.com\/wp-content\/uploads\/2022\/11\/Diagrama-Multiplus-Paralelo.png\" alt=\"\" title=\"\"><\/strong><\/p>\n<h3 class=\"productDetails__block-title\"><span class=\"productDetails__block-title-content\">Courant alternatif ininterrompu (fonction UPS)<\/span><\/h3>\n<div class=\"productDetails__block-description\">\n<p>En cas de panne de courant ou de d\u00e9connexion du courant de quai ou du g\u00e9n\u00e9rateur, l'onduleur int\u00e9gr\u00e9 dans l'onduleur Victron Multiplus 12V 2000VA 80-32A s'active automatiquement et prend le relais pour alimenter les charges connect\u00e9es. Cela se produit si rapidement (moins de 20 millisecondes) que les ordinateurs et autres \u00e9quipements \u00e9lectroniques continuent de fonctionner sans interruption.<\/p>\n<\/div>\n<\/div>\n<\/div>\n<div class=\"productDetails__block productDetails__block--image productDetails__block--left\">\n<div class=\"productDetails__block-content\">\n<h3 class=\"productDetails__block-title\"><span class=\"productDetails__block-title-content\">Surveillance et contr\u00f4le \u00e0 distance<\/span><\/h3>\n<div class=\"productDetails__block-description\">\n<p>Lorsqu'il est connect\u00e9 \u00e0 un dispositif GX (par exemple un <a href=\"https:\/\/fvcomponentes.com\/fr\/produit\/victron-cerbo-gx-mk2-bpp900451100-victron-cerbo-mk2-monitor\/\" target=\"_blank\" rel=\"noopener\">Victron Cerbo GX MK2 Monitoring - BPP900451100<\/a>), vous pouvez surveiller et contr\u00f4ler l'onduleur Victron Multiplus et votre (vos) syst\u00e8me(s) localement (LAN) ou \u00e0 distance sur Internet depuis n'importe o\u00f9 dans le monde gr\u00e2ce \u00e0 l'application VRM gratuite et \u00e0 l'application <a href=\"https:\/\/vrm.victronenergy.com\/landingpage\" target=\"_blank\" rel=\"noopener\">portail gratuit VRM<\/a>. L'acc\u00e8s peut se faire \u00e0 partir d'un t\u00e9l\u00e9phone, d'une tablette ou d'un PC avec diff\u00e9rents syst\u00e8mes d'exploitation. Le niveau de contr\u00f4le est illimit\u00e9, du r\u00e9glage de l'onduleur Victron Multiplus 12V 2000VA 80-32A au d\u00e9marrage automatique d'un g\u00e9n\u00e9rateur de secours. Et bien plus encore...<\/p>\n<h3>Une fiabilit\u00e9 \u00e9prouv\u00e9e<\/h3>\n<p>La topologie \u00e0 pont complet et transformateur toro\u00efdal a prouv\u00e9 sa fiabilit\u00e9 pendant de nombreuses ann\u00e9es. L'onduleur est prot\u00e9g\u00e9 contre les courts-circuits et la surchauffe, qu'elle soit due \u00e0 une surcharge ou \u00e0 une temp\u00e9rature ambiante \u00e9lev\u00e9e.<\/p>\n<h3>PowerControl - Alimentation limit\u00e9e \u00e0 partir du g\u00e9n\u00e9rateur, de l'alimentation \u00e0 quai ou du r\u00e9seau \u00e9lectrique<\/h3>\n<p>Le panneau de commande Multiplus permet de r\u00e9gler le courant maximum provenant du g\u00e9n\u00e9rateur ou du quai. L'onduleur Victron Multiplus 12V 2000VA 80-32A prendra en charge les autres charges CA et utilisera le courant exc\u00e9dentaire pour la charge, \u00e9vitant ainsi de surcharger le g\u00e9n\u00e9rateur ou le courant de quai.<\/p>\n<h3>PowerAssist - Augmentation de la capacit\u00e9 \u00e9lectrique de la prise de quai ou du g\u00e9n\u00e9rateur<\/h3>\n<p>Lorsqu'un pic de puissance est n\u00e9cessaire pendant une courte p\u00e9riode, comme c'est souvent le cas, l'onduleur Victron Multiplus 12V 2000VA 80-32A compensera imm\u00e9diatement le manque \u00e9ventuel de puissance du r\u00e9seau ou du g\u00e9n\u00e9rateur par la puissance de la batterie. Lorsque la charge est r\u00e9duite, la puissance exc\u00e9dentaire est utilis\u00e9e pour recharger la batterie.<\/p>\n<h3>Chargeur variable \u00e0 quatre niveaux et charge de deux groupes de batteries<\/h3>\n<p>La sortie principale fournit une charge puissante au syst\u00e8me de batterie par le biais d'un logiciel avanc\u00e9 de \"charge variable\". Le logiciel ajuste le processus automatique en trois \u00e9tapes en fonction de l'\u00e9tat de la batterie et ajoute une quatri\u00e8me \u00e9tape pour les p\u00e9riodes prolong\u00e9es de flottement. En outre, le MultiPlus peut charger une deuxi\u00e8me batterie \u00e0 l'aide d'une sortie de charge limit\u00e9e distincte con\u00e7ue pour charger une batterie de d\u00e9marrage \u00e0 partir du moteur principal ou du g\u00e9n\u00e9rateur.<\/p>\n<h3>Puissance de d\u00e9marrage \u00e9lev\u00e9e<\/h3>\n<p>N\u00e9cessaire pour d\u00e9marrer des charges avec un courant d'appel \u00e9lev\u00e9, comme les convertisseurs pour les lampes LED, les lampes halog\u00e8nes ou les outils \u00e9lectriques.<\/p>\n<h3>Mode de recherche<\/h3>\n<p>Lorsque le mode recherche est activ\u00e9, la consommation de l'onduleur en fonctionnement \u00e0 vide diminue d'environ 70%. Dans ce mode, l'onduleur Victron Multiplus 12V 2000VA 80-32A, lorsqu'il fonctionne en mode onduleur, s'\u00e9teint s'il n'y a pas de charge ou tr\u00e8s peu de charge, et se rallume toutes les deux secondes pendant une courte p\u00e9riode. Si le courant de sortie d\u00e9passe un niveau pr\u00e9d\u00e9fini, l'onduleur continue \u00e0 fonctionner. Dans le cas contraire, il s'arr\u00eate \u00e0 nouveau.<\/p>\n<h3>Relais programmable<\/h3>\n<p>Le relais programmable est configur\u00e9 par d\u00e9faut comme un relais d'alarme, c'est-\u00e0-dire que le relais sera d\u00e9sactiv\u00e9 en cas d'alarme ou de pr\u00e9-alarme (l'onduleur est trop chaud, l'ondulation d'entr\u00e9e est presque trop \u00e9lev\u00e9e et la tension de la batterie est trop faible).<\/p>\n<h3>Fiche technique Onduleur Victron Multiplus 12V 2000VA 80-32A PMP122200000<\/h3>\n<\/div>\n<p><a href=\"https:\/\/fvcomponentes.com\/wp-content\/uploads\/2023\/03\/Datasheet-MultiPlus-500VA-2000VA-ES.pdf\" target=\"_blank\" rel=\"noopener\">Fiche technique Onduleur Victron Multiplus 12V 2000VA 80-32A PMP122200000<\/a><\/p>\n<\/div>\n<\/div>\n<\/div>\n<\/section>\n<\/div>\n<\/div>\n<\/div>\n<\/div>\n<\/div>\n<\/section>\n<section class=\"productDetails__blocks\">\n<div class=\"container\">\n<div class=\"productDetails__block productDetails__block--image productDetails__block--left\">\n<div class=\"productDetails__block-content\">\n<h2>T\u00e9l\u00e9charger le sch\u00e9ma Victron Multiplus pour camping-cars au format PDF<\/h2>\n<p>Entrez dans notre blog et t\u00e9l\u00e9chargez le diagramme PDF pour le c\u00e2blage et la connexion de votre onduleur Victron Multiplus dans un camping-car. Vous trouverez le sch\u00e9ma et bien d'autres informations techniques dans notre nouvelle section blog.<\/p>\n<p>Cliquez pour t\u00e9l\u00e9charger notre <a href=\"https:\/\/fvcomponentes.com\/fr\/victron-multiplus-schematic\/\" target=\"_blank\" rel=\"noopener\">Sch\u00e9ma Victron Multiplus<\/a> de notre blog.<\/p>\n<\/div>\n<\/div>\n<\/div>\n<\/section>","protected":false},"excerpt":{"rendered":"<ul class=\"specification\">\n<li><strong>Puissance de cr\u00eate de l'onduleur :<\/strong> 3500W<\/li>\n<li><strong>Tension de fonctionnement de l'onduleur :<\/strong>\u00a012V<\/li>\n<li><strong>Puissance continue :\u00a0<\/strong>2000VA<\/li>\n<li><strong>Efficacit\u00e9 de l'onduleur :<\/strong>\u00a0Onde sinuso\u00efdale pure<\/li>\n<li><strong>Poids de l'investisseur :\u00a0<\/strong>16 Kg<\/li>\n<li><strong>Dimensions de l'onduleur :<\/strong> 506x236x147 mm<\/li>\n<\/ul>","protected":false},"featured_media":3465,"comment_status":"open","ping_status":"closed","template":"","meta":{"site-sidebar-layout":"default","site-content-layout":"default","ast-site-content-layout":"default","site-content-style":"default","site-sidebar-style":"default","ast-global-header-display":"","ast-banner-title-visibility":"","ast-main-header-display":"","ast-hfb-above-header-display":"","ast-hfb-below-header-display":"","ast-hfb-mobile-header-display":"","site-post-title":"","ast-breadcrumbs-content":"","ast-featured-img":"","footer-sml-layout":"","ast-disable-related-posts":"","theme-transparent-header-meta":"default","adv-header-id-meta":"","stick-header-meta":"","header-above-stick-meta":"","header-main-stick-meta":"","header-below-stick-meta":"","astra-migrate-meta-layouts":"set","ast-page-background-enabled":"default","ast-page-background-meta":{"desktop":{"background-color":"var(--ast-global-color-4)","background-image":"","background-repeat":"repeat","background-position":"center center","background-size":"auto","background-attachment":"scroll","background-type":"","background-media":"","overlay-type":"","overlay-color":"","overlay-opacity":"","overlay-gradient":""},"tablet":{"background-color":"","background-image":"","background-repeat":"repeat","background-position":"center center","background-size":"auto","background-attachment":"scroll","background-type":"","background-media":"","overlay-type":"","overlay-color":"","overlay-opacity":"","overlay-gradient":""},"mobile":{"background-color":"","background-image":"","background-repeat":"repeat","background-position":"center center","background-size":"auto","background-attachment":"scroll","background-type":"","background-media":"","overlay-type":"","overlay-color":"","overlay-opacity":"","overlay-gradient":""}},"ast-content-background-meta":{"desktop":{"background-color":"var(--ast-global-color-5)","background-image":"","background-repeat":"repeat","background-position":"center center","background-size":"auto","background-attachment":"scroll","background-type":"","background-media":"","overlay-type":"","overlay-color":"","overlay-opacity":"","overlay-gradient":""},"tablet":{"background-color":"var(--ast-global-color-5)","background-image":"","background-repeat":"repeat","background-position":"center center","background-size":"auto","background-attachment":"scroll","background-type":"","background-media":"","overlay-type":"","overlay-color":"","overlay-opacity":"","overlay-gradient":""},"mobile":{"background-color":"var(--ast-global-color-5)","background-image":"","background-repeat":"repeat","background-position":"center center","background-size":"auto","background-attachment":"scroll","background-type":"","background-media":"","overlay-type":"","overlay-color":"","overlay-opacity":"","overlay-gradient":""}}},"pwb-brand":[332],"product_brand":[],"product_cat":[388,333],"product_tag":[],"class_list":{"0":"post-3464","1":"product","2":"type-product","3":"status-publish","4":"has-post-thumbnail","6":"pwb-brand-victron","7":"product_cat-inversores-cargadores-12v","8":"product_cat-inversores","9":"desktop-align-left","10":"tablet-align-left","11":"mobile-align-left","12":"ast-product-gallery-layout-horizontal-slider","13":"ast-product-tabs-layout-horizontal","15":"first","16":"instock","17":"taxable","18":"shipping-taxable","19":"purchasable","20":"product-type-simple"},"wcpa_form_fields":null,"brands":[{"id":332,"name":"Victron Energy","slug":"victron"}],"_links":{"self":[{"href":"https:\/\/fvcomponentes.com\/fr\/wp-json\/wp\/v2\/product\/3464","targetHints":{"allow":["GET"]}}],"collection":[{"href":"https:\/\/fvcomponentes.com\/fr\/wp-json\/wp\/v2\/product"}],"about":[{"href":"https:\/\/fvcomponentes.com\/fr\/wp-json\/wp\/v2\/types\/product"}],"replies":[{"embeddable":true,"href":"https:\/\/fvcomponentes.com\/fr\/wp-json\/wp\/v2\/comments?post=3464"}],"wp:featuredmedia":[{"embeddable":true,"href":"https:\/\/fvcomponentes.com\/fr\/wp-json\/wp\/v2\/media\/3465"}],"wp:attachment":[{"href":"https:\/\/fvcomponentes.com\/fr\/wp-json\/wp\/v2\/media?parent=3464"}],"wp:term":[{"taxonomy":"pwb-brand","embeddable":true,"href":"https:\/\/fvcomponentes.com\/fr\/wp-json\/wp\/v2\/pwb-brand?post=3464"},{"taxonomy":"product_brand","embeddable":true,"href":"https:\/\/fvcomponentes.com\/fr\/wp-json\/wp\/v2\/product_brand?post=3464"},{"taxonomy":"product_cat","embeddable":true,"href":"https:\/\/fvcomponentes.com\/fr\/wp-json\/wp\/v2\/product_cat?post=3464"},{"taxonomy":"product_tag","embeddable":true,"href":"https:\/\/fvcomponentes.com\/fr\/wp-json\/wp\/v2\/product_tag?post=3464"}],"curies":[{"name":"wp","href":"https:\/\/api.w.org\/{rel}","templated":true}]}}