{"id":34154,"date":"2025-11-27T13:12:23","date_gmt":"2025-11-27T12:12:23","guid":{"rendered":"https:\/\/fvcomponentes.com\/?post_type=product&#038;p=34154"},"modified":"2025-11-27T15:48:52","modified_gmt":"2025-11-27T14:48:52","slug":"batterie-stationnaire-tab-24v-12x-opzs-200-2v-200ah","status":"publish","type":"product","link":"https:\/\/fvcomponentes.com\/fr\/producto\/bateria-estacionaria-tab-24v-12x-opzs-200-2v-200ah\/","title":{"rendered":"Batterie stationnaire TAB 24 V \u2013 12x OPzS 200 2 V\/200 Ah"},"content":{"rendered":"<p>Le pack de batteries stationnaires TAB 24V \u2013 12x OPzS 200 2V\/200 forme un banc de batteries stationnaires de 24V et 215Ah en C10 \u00e0 l'aide de 12 verres OPzS de 2V en s\u00e9rie, avec plaque tubulaire inond\u00e9e pour cycle profond. Il s'agit de la configuration standard en photovolta\u00efque isol\u00e9 lorsque l'on recherche une dur\u00e9e de vie maximale et un faible co\u00fbt par kWh, en acceptant une maintenance de base.<\/p>\n<h2 data-start=\"673\" data-end=\"699\">Que comprend le pack ?<\/h2>\n<p>Le pack batterie stationnaire TAB 24V \u2013 12x OPzS 200 2V\/200Ah comprend tout le n\u00e9cessaire pour installer facilement et en toute s\u00e9curit\u00e9 le banc de batteries, ainsi que les \u00e9l\u00e9ments n\u00e9cessaires \u00e0 son entretien p\u00e9riodique.<\/p>\n<ul>\n<li data-start=\"3962\" data-end=\"4011\"><strong data-start=\"3962\" data-end=\"3994\">12\u00d7 verres TAB OPzS 4OPzS200TB<\/strong> (2 V chacun).<\/li>\n<li data-start=\"4014\" data-end=\"4068\"><strong data-start=\"4014\" data-end=\"4066\">Jeu d'interconnexions et de bornes de sortie.<\/strong><\/li>\n<li data-start=\"4071\" data-end=\"4129\"><strong data-start=\"4071\" data-end=\"4127\">Densim\u00e8tre pour contr\u00f4ler la densit\u00e9 de l'\u00e9lectrolyte.<\/strong><\/li>\n<li data-start=\"4132\" data-end=\"4311\"><strong data-start=\"4132\" data-end=\"4186\">Bouchons en c\u00e9ramique et \u00e9l\u00e9ments de s\u00e9curit\u00e9 de base<\/strong> pour la ventilation et l'entretien.<\/li>\n<\/ul>\n<h2 data-start=\"850\" data-end=\"901\">Avantages des batteries TAB OPzS<\/h2>\n<ul>\n<li data-start=\"904\" data-end=\"1048\"><strong>Plaque tubulaire OPzS inond\u00e9e :<\/strong> Con\u00e7ue pour des d\u00e9charges lentes et profondes. Beaucoup plus r\u00e9sistante au cyclage que les mod\u00e8les monoblocs.<\/li>\n<li data-start=\"1051\" data-end=\"1192\"><strong>Longue dur\u00e9e de vie : <\/strong>Bien entretenues (DoD raisonnable + charge correcte), ces batteries ont une dur\u00e9e de vie de plusieurs ann\u00e9es.<\/li>\n<li data-start=\"1195\" data-end=\"1305\"><strong>Maintenance contr\u00f4lable :<\/strong> Niveau d'\u00e9lectrolyte visible pour pouvoir rajouter de l'eau quand n\u00e9cessaire.<\/li>\n<li><strong data-start=\"4669\" data-end=\"4703\">Recouvrables par \u00e9galisation :<\/strong> Ils peuvent retrouver leur capacit\u00e9 apr\u00e8s une l\u00e9g\u00e8re sulfatation due \u00e0 une mauvaise utilisation ponctuelle.<\/li>\n<li data-start=\"1195\" data-end=\"1305\"><strong data-start=\"4783\" data-end=\"4815\">Meilleur \u20ac\/kWh utile que gel\/AGM<\/strong> dans les banques moyennes et grandes.<\/li>\n<\/ul>\n<p data-start=\"1473\" data-end=\"1626\">Ces batteries sont con\u00e7ues pour offrir les meilleures conditions de fiabilit\u00e9 \u00e0 un co\u00fbt r\u00e9duit.<\/p>\n<h2 data-start=\"1633\" data-end=\"1659\">Applications typiques de la batterie stationnaire TAB 24 V \u2013 12x OPzS 200 2 V\/200 Ah<\/h2>\n<ul>\n<li data-start=\"1662\" data-end=\"1698\">Logements isol\u00e9s \u00e0 usage habituel<\/li>\n<li data-start=\"1701\" data-end=\"1734\">Syst\u00e8mes hybrides avec g\u00e9n\u00e9rateur<\/li>\n<li data-start=\"1737\" data-end=\"1792\">Maisons de campagne \/ propri\u00e9t\u00e9s avec une consommation nocturne prolong\u00e9e<\/li>\n<li data-start=\"1795\" data-end=\"1858\">T\u00e9l\u00e9communications, signalisation, UPS en r\u00e9gime stationnaire<\/li>\n<li data-start=\"1861\" data-end=\"1899\">Extensions de banques OPzS existantes<\/li>\n<\/ul>\n<h2 data-start=\"1906\" data-end=\"1941\">Caract\u00e9ristiques techniques du pack 24 V<\/h2>\n<ul>\n<li><strong data-start=\"1942\" data-end=\"1962\">Tension nominale :<\/strong> 24 V (12 x 2 V)<\/li>\n<li><strong style=\"font-size: 16px;\">Capacit\u00e9 nominale :<\/strong>\n<ul>\n<li>C5 : 157 Ah<\/li>\n<li><span style=\"font-size: 16px;\">C10 : 215 Ah<br \/>\n<\/span><\/li>\n<li><span style=\"font-size: 16px;\">C100 : 301 Ah<\/span><\/li>\n<\/ul>\n<\/li>\n<li><strong>Temps de chargement jusqu'au 92% : <\/strong>jusqu'\u00e0 6 h avec un courant initial de 1,5*I10, 2,23 V\/cellule, 50 % C10 d\u00e9charg\u00e9<\/li>\n<li><strong data-start=\"5447\" data-end=\"5465\">Dur\u00e9e de vie estim\u00e9e :<\/strong> jusqu'\u00e0 <strong data-start=\"5472\" data-end=\"5486\">15 \u00e0 20 ans<\/strong> dans des conditions ad\u00e9quates (temp\u00e9rature mod\u00e9r\u00e9e, DoD raisonnable et charge correcte).<\/li>\n<li><strong>Cycles d'utilisation :<\/strong> 1 000 \u2013 1 500 cycles (selon la norme d'essai du fabricant et la profondeur de d\u00e9charge).<\/li>\n<li><strong>Plage de temp\u00e9rature de fonctionnement :<\/strong> \u201320 \u00b0C \u00e0 +55 \u00b0C<\/li>\n<li><strong>Garantie :<\/strong> 2 ans<\/li>\n<li><strong>Dimensions par verre :<\/strong>\u00a0 103 \u00d7 206 \u00d7 420 mm (longueur \u00d7 largeur \u00d7 hauteur)<\/li>\n<li><strong data-start=\"2143\" data-end=\"2158\">Poids total :<\/strong> ~210 kg<\/li>\n<\/ul>\n<h3 data-start=\"2143\" data-end=\"2172\">Recommandations de charge pour les batteries stationnaires 24 V OPzS<\/h3>\n<p>La dur\u00e9e de vie des batteries OPzS d\u00e9pend de la profondeur des d\u00e9charges auxquelles elles sont soumises. Pour des d\u00e9charges d'une profondeur de 60%, la dur\u00e9e de vie estim\u00e9e de ces batteries serait de 1 500 cycles.<\/p>\n<ul>\n<li><strong>Tensions de charge recommand\u00e9es (par cellule) :<\/strong>\n<ul>\n<li><strong style=\"font-size: 16px;\">Flottation \/ entretien :<\/strong><span style=\"font-size: 16px;\"> \u2248 2,23 \u2013 2,25 V\/cellule (cela s'applique \u00e0 la charge flottante entre 10 et 30 \u00b0C, avec correction de temp\u00e9rature). <strong>26,8\u201327,0 V<\/strong>\u00a0le pack<\/span><\/li>\n<li><strong style=\"font-size: 16px;\">Charge rapide \/ recharge rapide :<\/strong><span style=\"font-size: 16px;\"> \u2248 2,35 \u2013 2,40 V\/cellule (dur\u00e9e limit\u00e9e ; g\u00e9n\u00e9ralement 3 \u00e0 5 heures une fois cette tension atteinte). <strong>28,2\u201328,8 V<\/strong><\/span>\u00a0le pack<\/li>\n<\/ul>\n<\/li>\n<li><strong>Profondeur de la d\u00e9charge :<\/strong> Normalement jusqu'\u00e0 80 %. Les d\u00e9charges sup\u00e9rieures \u00e0 80 % de DOD ou les d\u00e9charges au-del\u00e0 des tensions de d\u00e9charge finales doivent \u00eatre \u00e9vit\u00e9es.<\/li>\n<\/ul>\n<h3 data-start=\"6414\" data-end=\"6441\">Installation et s\u00e9curit\u00e9<\/h3>\n<ul>\n<li data-start=\"6444\" data-end=\"6515\"><strong>Ventilation obligatoire<\/strong> dans l'habitacle\/sur le banc d'essai (\u00e9mission de gaz).<\/li>\n<li data-start=\"6518\" data-end=\"6577\"><strong>Contr\u00f4le p\u00e9riodique<\/strong> niveau et densit\u00e9 de l'\u00e9lectrolyte.<\/li>\n<li data-start=\"6580\" data-end=\"6645\"><strong>Manipulation avec EPI<\/strong> (gants, lunettes) en raison de la pr\u00e9sence d'acide.<\/li>\n<\/ul>\n<p>Le raccordement de ces batteries doit \u00eatre effectu\u00e9 <strong data-start=\"210\" data-end=\"230\" data-is-only-node=\"\">toujours en s\u00e9rie<\/strong> pour atteindre la tension totale du syst\u00e8me, comme dans l'exemple suivant :<\/p>\n<p><img fetchpriority=\"high\" decoding=\"async\" class=\"size-full wp-image-34170\" src=\"https:\/\/fvcomponentes.com\/wp-content\/uploads\/2025\/11\/Serie-24V-OPzS.png\" alt=\"S\u00e9rie 24 V OPzS\" width=\"1521\" height=\"252\" title=\"\"><\/p>\n<h2>Fiche technique de la batterie stationnaire TAB 24 V \u2013 12x OPzS 200 2 V\/200 Ah<\/h2>\n<p><a href=\"https:\/\/fvcomponentes.com\/wp-content\/uploads\/2025\/11\/TAB_OPzS_Ficha_Tecnica.pdf\" target=\"_blank\" rel=\"noopener\">Fiche technique de la batterie stationnaire TAB 24 V \u2013 12x OPzS 200 2 V\/200 Ah <\/a><\/p>","protected":false},"excerpt":{"rendered":"<p><span style=\"color: #ff0000;\"><strong>IMAGE INDICATIVE<\/strong><\/span><\/p>\n<p><strong>Tension nominale :<\/strong> 24 V<br \/>\n<strong>Capacit\u00e9 nominale :<br \/>\n<\/strong>C5 : 232 Ah<br \/>\n<span style=\"font-size: 16px;\">C10 : 268 Ah<br \/>\n<\/span><span style=\"font-size: 16px;\">C100 : 376 A<br \/>\n<\/span><strong style=\"font-size: 16px;\">Bornes M10 :<\/strong><span style=\"font-size: 16px;\"> 2 par verre<br \/>\n<\/span><span style=\"font-size: 16px;\"><strong>Cycles d'utilisation :<\/strong> 1 000 \u2013 1 500 cycles (selon la norme d'essai et la profondeur de d\u00e9charge).<br \/>\n<\/span><strong style=\"font-size: 16px;\">Dur\u00e9e de vie estim\u00e9e :<\/strong><span style=\"font-size: 16px;\"> jusqu'\u00e0 15-20 ans (en fonction de la temp\u00e9rature et du r\u00e9gime d'utilisation).<br \/>\n<\/span><strong>Garantie :<\/strong> 2 ans<\/p>","protected":false},"featured_media":34162,"comment_status":"closed","ping_status":"closed","template":"","meta":{"site-sidebar-layout":"default","site-content-layout":"","ast-site-content-layout":"default","site-content-style":"default","site-sidebar-style":"default","ast-global-header-display":"","ast-banner-title-visibility":"","ast-main-header-display":"","ast-hfb-above-header-display":"","ast-hfb-below-header-display":"","ast-hfb-mobile-header-display":"","site-post-title":"","ast-breadcrumbs-content":"","ast-featured-img":"","footer-sml-layout":"","ast-disable-related-posts":"","theme-transparent-header-meta":"default","adv-header-id-meta":"","stick-header-meta":"","header-above-stick-meta":"","header-main-stick-meta":"","header-below-stick-meta":"","astra-migrate-meta-layouts":"set","ast-page-background-enabled":"default","ast-page-background-meta":{"desktop":{"background-color":"var(--ast-global-color-4)","background-image":"","background-repeat":"repeat","background-position":"center center","background-size":"auto","background-attachment":"scroll","background-type":"","background-media":"","overlay-type":"","overlay-color":"","overlay-opacity":"","overlay-gradient":""},"tablet":{"background-color":"","background-image":"","background-repeat":"repeat","background-position":"center center","background-size":"auto","background-attachment":"scroll","background-type":"","background-media":"","overlay-type":"","overlay-color":"","overlay-opacity":"","overlay-gradient":""},"mobile":{"background-color":"","background-image":"","background-repeat":"repeat","background-position":"center center","background-size":"auto","background-attachment":"scroll","background-type":"","background-media":"","overlay-type":"","overlay-color":"","overlay-opacity":"","overlay-gradient":""}},"ast-content-background-meta":{"desktop":{"background-color":"var(--ast-global-color-5)","background-image":"","background-repeat":"repeat","background-position":"center center","background-size":"auto","background-attachment":"scroll","background-type":"","background-media":"","overlay-type":"","overlay-color":"","overlay-opacity":"","overlay-gradient":""},"tablet":{"background-color":"var(--ast-global-color-5)","background-image":"","background-repeat":"repeat","background-position":"center center","background-size":"auto","background-attachment":"scroll","background-type":"","background-media":"","overlay-type":"","overlay-color":"","overlay-opacity":"","overlay-gradient":""},"mobile":{"background-color":"var(--ast-global-color-5)","background-image":"","background-repeat":"repeat","background-position":"center center","background-size":"auto","background-attachment":"scroll","background-type":"","background-media":"","overlay-type":"","overlay-color":"","overlay-opacity":"","overlay-gradient":""}}},"pwb-brand":[1013],"product_brand":[],"product_cat":[340,1012],"product_tag":[],"class_list":{"0":"post-34154","1":"product","2":"type-product","3":"status-publish","4":"has-post-thumbnail","6":"pwb-brand-baterias-tab","7":"product_cat-baterias","8":"product_cat-baterias-opzs","9":"product_shipping_class-baterias","10":"desktop-align-left","11":"tablet-align-left","12":"mobile-align-left","13":"ast-product-gallery-layout-horizontal-slider","14":"ast-product-gallery-with-no-image","15":"ast-product-tabs-layout-horizontal","17":"first","18":"instock","19":"taxable","20":"shipping-taxable","21":"purchasable","22":"product-type-yith_bundle"},"wcpa_form_fields":null,"brands":[{"id":1013,"name":"Batteries TAB","slug":"batteries-tab"}],"_links":{"self":[{"href":"https:\/\/fvcomponentes.com\/fr\/wp-json\/wp\/v2\/product\/34154","targetHints":{"allow":["GET"]}}],"collection":[{"href":"https:\/\/fvcomponentes.com\/fr\/wp-json\/wp\/v2\/product"}],"about":[{"href":"https:\/\/fvcomponentes.com\/fr\/wp-json\/wp\/v2\/types\/product"}],"replies":[{"embeddable":true,"href":"https:\/\/fvcomponentes.com\/fr\/wp-json\/wp\/v2\/comments?post=34154"}],"wp:featuredmedia":[{"embeddable":true,"href":"https:\/\/fvcomponentes.com\/fr\/wp-json\/wp\/v2\/media\/34162"}],"wp:attachment":[{"href":"https:\/\/fvcomponentes.com\/fr\/wp-json\/wp\/v2\/media?parent=34154"}],"wp:term":[{"taxonomy":"pwb-brand","embeddable":true,"href":"https:\/\/fvcomponentes.com\/fr\/wp-json\/wp\/v2\/pwb-brand?post=34154"},{"taxonomy":"product_brand","embeddable":true,"href":"https:\/\/fvcomponentes.com\/fr\/wp-json\/wp\/v2\/product_brand?post=34154"},{"taxonomy":"product_cat","embeddable":true,"href":"https:\/\/fvcomponentes.com\/fr\/wp-json\/wp\/v2\/product_cat?post=34154"},{"taxonomy":"product_tag","embeddable":true,"href":"https:\/\/fvcomponentes.com\/fr\/wp-json\/wp\/v2\/product_tag?post=34154"}],"curies":[{"name":"wp","href":"https:\/\/api.w.org\/{rel}","templated":true}]}}