{"id":33992,"date":"2026-01-05T09:42:10","date_gmt":"2026-01-05T08:42:10","guid":{"rendered":"https:\/\/fvcomponentes.com\/?post_type=product&#038;p=33992"},"modified":"2026-04-28T10:37:57","modified_gmt":"2026-04-28T08:37:57","slug":"huawei-sun2000-5k-lb0-32-119975-01077156","status":"publish","type":"product","link":"https:\/\/fvcomponentes.com\/fr\/producto\/huawei-sun2000-5k-lb0-32-119975-01077156\/","title":{"rendered":"HUAWEI SUN2000-5K-LB0 - 01077156"},"content":{"rendered":"<p>Onduleur hybride monophas\u00e9 Huawei SUN2000-5K-LB0. Puissance nominale de 5500 W. Fonction AFCI int\u00e9gr\u00e9e et compatibilit\u00e9 avec les optimiseurs : SUN2000-450W-P2, SUN2000-600W-P<br \/>\n10 ans de garantie<\/p>\n<h3>Sp\u00e9cifications techniques<\/h3>\n<table style=\"width: 100%; border-collapse: collapse; margin-top: 10px;\">\n<tbody>\n<tr>\n<th style=\"text-align: left; padding: 6px 12px; background: #f8f8f8; border: 1px solid #e0e0e0; width: 40%;\">Communication<\/th>\n<td style=\"padding: 6px 12px; border: 1px solid #e0e0e0;\">Wifi, Ethernet, 4G, RS485<\/td>\n<\/tr>\n<tr>\n<th style=\"text-align: left; padding: 6px 12px; background: #f8f8f8; border: 1px solid #e0e0e0; width: 40%;\">Efficacit\u00e9 (%)<\/th>\n<td style=\"padding: 6px 12px; border: 1px solid #e0e0e0;\">97,1<\/td>\n<\/tr>\n<tr>\n<th style=\"text-align: left; padding: 6px 12px; background: #f8f8f8; border: 1px solid #e0e0e0; width: 40%;\">Entr\u00e9es MPPT<\/th>\n<td style=\"padding: 6px 12px; border: 1px solid #e0e0e0;\">2<\/td>\n<\/tr>\n<tr>\n<th style=\"text-align: left; padding: 6px 12px; background: #f8f8f8; border: 1px solid #e0e0e0; width: 40%;\">Phase<\/th>\n<td style=\"padding: 6px 12px; border: 1px solid #e0e0e0;\">1 phase<\/td>\n<\/tr>\n<tr>\n<th style=\"text-align: left; padding: 6px 12px; background: #f8f8f8; border: 1px solid #e0e0e0; width: 40%;\">Garantie (ann\u00e9es)<\/th>\n<td style=\"padding: 6px 12px; border: 1px solid #e0e0e0;\">10<\/td>\n<\/tr>\n<tr>\n<th style=\"text-align: left; padding: 6px 12px; background: #f8f8f8; border: 1px solid #e0e0e0; width: 40%;\">MPN<\/th>\n<td style=\"padding: 6px 12px; border: 1px solid #e0e0e0;\">01077156<\/td>\n<\/tr>\n<tr>\n<th style=\"text-align: left; padding: 6px 12px; background: #f8f8f8; border: 1px solid #e0e0e0; width: 40%;\">Puissance AC (W)<\/th>\n<td style=\"padding: 6px 12px; border: 1px solid #e0e0e0;\">5 000<\/td>\n<\/tr>\n<tr>\n<th style=\"text-align: left; padding: 6px 12px; background: #f8f8f8; border: 1px solid #e0e0e0; width: 40%;\">Puissance DC (W)<\/th>\n<td style=\"padding: 6px 12px; border: 1px solid #e0e0e0;\">7 500<\/td>\n<\/tr>\n<tr>\n<th style=\"text-align: left; padding: 6px 12px; background: #f8f8f8; border: 1px solid #e0e0e0; width: 40%;\">Protection IP<\/th>\n<td style=\"padding: 6px 12px; border: 1px solid #e0e0e0;\">IP66<\/td>\n<\/tr>\n<tr>\n<th style=\"text-align: left; padding: 6px 12px; background: #f8f8f8; border: 1px solid #e0e0e0; width: 40%;\">Poids<\/th>\n<td style=\"padding: 6px 12px; border: 1px solid #e0e0e0;\">15,0 kg<\/td>\n<\/tr>\n<tr>\n<th style=\"text-align: left; padding: 6px 12px; background: #f8f8f8; border: 1px solid #e0e0e0; width: 40%;\">Dimensions (L\u00d7L\u00d7H cm)<\/th>\n<td style=\"padding: 6px 12px; border: 1px solid #e0e0e0;\">42.5 \u00d7 36.5 \u00d7 13.0<\/td>\n<\/tr>\n<\/tbody>\n<\/table>\n<h3>Documentation<\/h3>\n<ul style=\"margin-top: 8px;\">\n<li><a href=\"https:\/\/fvcomponentes.com\/wp-content\/uploads\/2026\/04\/Data_Sheet_ES-88.pdf\" target=\"_blank\" rel=\"noopener\">\ud83d\udcc4 Fiche technique (EN)<\/a><\/li>\n<li><a href=\"https:\/\/fvcomponentes.com\/wp-content\/uploads\/2026\/04\/Warranty_Manual_EN-8.pdf\" target=\"_blank\" rel=\"noopener\">\ud83d\udcc4 Manuel de garantie (EN)<\/a><\/li>\n<li><a href=\"https:\/\/support.huawei.com\/enterprise\/es\/doc\/EDOC1100457709\/426cffd9?idPath=258788303|258788489|258789981|259549005\" target=\"_blank\" rel=\"noopener\">\ud83d\udd17 Manuel d'installation (EN)<\/a><\/li>\n<\/ul>","protected":false},"excerpt":{"rendered":"<p>Onduleur hybride monophas\u00e9 Huawei SUN2000-5K-LB0. Puissance nominale de 5500 W. Fonction AFCI int\u00e9gr\u00e9e et compatibilit\u00e9 avec les optimiseurs : SUN2000-450W-P2, SUN2000-600W-P<br \/>\n10 ans de garantie<\/p>","protected":false},"featured_media":39383,"comment_status":"closed","ping_status":"closed","template":"","meta":{"site-sidebar-layout":"default","site-content-layout":"","ast-site-content-layout":"default","site-content-style":"default","site-sidebar-style":"default","ast-global-header-display":"","ast-banner-title-visibility":"","ast-main-header-display":"","ast-hfb-above-header-display":"","ast-hfb-below-header-display":"","ast-hfb-mobile-header-display":"","site-post-title":"","ast-breadcrumbs-content":"","ast-featured-img":"","footer-sml-layout":"","ast-disable-related-posts":"","theme-transparent-header-meta":"default","adv-header-id-meta":"","stick-header-meta":"","header-above-stick-meta":"","header-main-stick-meta":"","header-below-stick-meta":"","astra-migrate-meta-layouts":"set","ast-page-background-enabled":"default","ast-page-background-meta":{"desktop":{"background-color":"var(--ast-global-color-4)","background-image":"","background-repeat":"repeat","background-position":"center center","background-size":"auto","background-attachment":"scroll","background-type":"","background-media":"","overlay-type":"","overlay-color":"","overlay-opacity":"","overlay-gradient":""},"tablet":{"background-color":"","background-image":"","background-repeat":"repeat","background-position":"center center","background-size":"auto","background-attachment":"scroll","background-type":"","background-media":"","overlay-type":"","overlay-color":"","overlay-opacity":"","overlay-gradient":""},"mobile":{"background-color":"","background-image":"","background-repeat":"repeat","background-position":"center center","background-size":"auto","background-attachment":"scroll","background-type":"","background-media":"","overlay-type":"","overlay-color":"","overlay-opacity":"","overlay-gradient":""}},"ast-content-background-meta":{"desktop":{"background-color":"var(--ast-global-color-5)","background-image":"","background-repeat":"repeat","background-position":"center center","background-size":"auto","background-attachment":"scroll","background-type":"","background-media":"","overlay-type":"","overlay-color":"","overlay-opacity":"","overlay-gradient":""},"tablet":{"background-color":"var(--ast-global-color-5)","background-image":"","background-repeat":"repeat","background-position":"center center","background-size":"auto","background-attachment":"scroll","background-type":"","background-media":"","overlay-type":"","overlay-color":"","overlay-opacity":"","overlay-gradient":""},"mobile":{"background-color":"var(--ast-global-color-5)","background-image":"","background-repeat":"repeat","background-position":"center center","background-size":"auto","background-attachment":"scroll","background-type":"","background-media":"","overlay-type":"","overlay-color":"","overlay-opacity":"","overlay-gradient":""}}},"pwb-brand":[381],"product_brand":[],"product_cat":[333,359,924],"product_tag":[],"class_list":{"0":"post-33992","1":"product","2":"type-product","3":"status-publish","4":"has-post-thumbnail","6":"pwb-brand-huawei","7":"product_cat-inversores","8":"product_cat-inversores-autoconsumo-hibridos","9":"product_cat-inversores-autoconsumo-hibridos-monofasicos","10":"desktop-align-left","11":"tablet-align-left","12":"mobile-align-left","13":"ast-product-gallery-layout-horizontal-slider","14":"ast-product-gallery-with-no-image","15":"ast-product-tabs-layout-horizontal","17":"first","18":"instock","19":"taxable","20":"shipping-taxable","21":"purchasable","22":"product-type-simple"},"wcpa_form_fields":null,"brands":[{"id":381,"name":"Onduleurs Huawei","slug":"huawei"}],"_links":{"self":[{"href":"https:\/\/fvcomponentes.com\/fr\/wp-json\/wp\/v2\/product\/33992","targetHints":{"allow":["GET"]}}],"collection":[{"href":"https:\/\/fvcomponentes.com\/fr\/wp-json\/wp\/v2\/product"}],"about":[{"href":"https:\/\/fvcomponentes.com\/fr\/wp-json\/wp\/v2\/types\/product"}],"replies":[{"embeddable":true,"href":"https:\/\/fvcomponentes.com\/fr\/wp-json\/wp\/v2\/comments?post=33992"}],"wp:featuredmedia":[{"embeddable":true,"href":"https:\/\/fvcomponentes.com\/fr\/wp-json\/wp\/v2\/media\/39383"}],"wp:attachment":[{"href":"https:\/\/fvcomponentes.com\/fr\/wp-json\/wp\/v2\/media?parent=33992"}],"wp:term":[{"taxonomy":"pwb-brand","embeddable":true,"href":"https:\/\/fvcomponentes.com\/fr\/wp-json\/wp\/v2\/pwb-brand?post=33992"},{"taxonomy":"product_brand","embeddable":true,"href":"https:\/\/fvcomponentes.com\/fr\/wp-json\/wp\/v2\/product_brand?post=33992"},{"taxonomy":"product_cat","embeddable":true,"href":"https:\/\/fvcomponentes.com\/fr\/wp-json\/wp\/v2\/product_cat?post=33992"},{"taxonomy":"product_tag","embeddable":true,"href":"https:\/\/fvcomponentes.com\/fr\/wp-json\/wp\/v2\/product_tag?post=33992"}],"curies":[{"name":"wp","href":"https:\/\/api.w.org\/{rel}","templated":true}]}}