{"id":33945,"date":"2025-11-24T14:12:14","date_gmt":"2025-11-24T13:12:14","guid":{"rendered":"https:\/\/fvcomponentes.com\/?post_type=product&#038;p=33945"},"modified":"2026-03-30T12:16:02","modified_gmt":"2026-03-30T10:16:02","slug":"onduleur-fronius-verto-30-0-plus-hybride-triphase-4210458","status":"publish","type":"product","link":"https:\/\/fvcomponentes.com\/fr\/producto\/inversor-fronius-verto-30-0-plus-hibrido-trifasico-4210458\/","title":{"rendered":"Onduleur Fronius Verto 30.0 Plus hybride triphas\u00e9 \u2013 4 210 458"},"content":{"rendered":"<p data-start=\"283\" data-end=\"780\">Le Fronius Verto 30.0 Plus est un onduleur hybride triphas\u00e9 de 29,9 kW destin\u00e9 aux installations photovolta\u00efques commerciales et industrielles, pr\u00e9par\u00e9 en s\u00e9rie pour une batterie haute tension (HV) et une option de secours triphas\u00e9e. Son architecture Multi-MPPT \u00e0 courant \u00e9lev\u00e9 et sa large plage de tension de fonctionnement en font une solution de premier choix pour les toitures complexes et les extensions futures, maximisant l'autoconsommation et l'ind\u00e9pendance \u00e9nerg\u00e9tique.<\/p>\n<h2 data-start=\"678\" data-end=\"718\">Avantages cl\u00e9s de l'onduleur hybride Fronius Verto Plus<\/h2>\n<h3 data-start=\"720\" data-end=\"757\">Sauvegarde compl\u00e8te triphas\u00e9e<\/h3>\n<p data-start=\"483\" data-end=\"981\">Associ\u00e9 \u00e0 une installation de batteries, le Fronius Verto Plus peut fournir une alimentation de secours triphas\u00e9e compl\u00e8te pour l'ensemble du b\u00e2timent, et pas seulement pour les charges critiques isol\u00e9es. Il est con\u00e7u pour g\u00e9rer les consommations exigeantes telles que les pompes \u00e0 chaleur, la r\u00e9frig\u00e9ration, la ventilation ou les machines industrielles, tout en maintenant la continuit\u00e9 \u00e9lectrique en cas de coupures de courant. Dans les environnements o\u00f9 l'arr\u00eat n'est pas une option, il peut maintenir une alimentation stable et fiable.<\/p>\n<p data-start=\"983\" data-end=\"1272\">Important : pour activer la fonction Full Backup, des composants externes suppl\u00e9mentaires de commutation r\u00e9seau (bo\u00eetier\/\u00e9l\u00e9ments de commutation) sont n\u00e9cessaires. Consultez le manuel d'installation pour plus d'informations, les sch\u00e9mas de montage et les compatibilit\u00e9s.<\/p>\n<h3 data-start=\"1241\" data-end=\"1280\">Flexibilit\u00e9 maximale dans la conception PV<\/h3>\n<p data-start=\"1281\" data-end=\"1335\">Le Verto Plus offre une flexibilit\u00e9 totale gr\u00e2ce \u00e0 :<\/p>\n<ul>\n<li data-start=\"1338\" data-end=\"1485\">Trois trackers MPP ind\u00e9pendants \u00e0 haute intensit\u00e9, id\u00e9aux pour les orientations multiples, les inclinaisons diff\u00e9rentes ou les cha\u00eenes d\u00e9s\u00e9quilibr\u00e9es.<\/li>\n<li data-start=\"1488\" data-end=\"1740\">Large plage de tension, ce qui facilite le dimensionnement dans les toitures industrielles complexes.<br data-start=\"1582\" data-end=\"1585\" \/>Il int\u00e8gre \u00e9galement l'algorithme Dynamic Peak Manager, qui optimise la production m\u00eame en cas d'ombrage partiel, sans d\u00e9pendre d'optimiseurs externes.<\/li>\n<\/ul>\n<h3 data-start=\"1742\" data-end=\"1788\">S\u00e9curit\u00e9 maximale (\u00e9lectrique et des donn\u00e9es)<\/h3>\n<p data-start=\"1789\" data-end=\"1824\">Dans sa configuration de base, il comprend :<\/p>\n<ul>\n<li data-start=\"1827\" data-end=\"1881\">Protection contre les surtensions int\u00e9gr\u00e9e (SPD)<\/li>\n<li data-start=\"1884\" data-end=\"1978\">Arc Fault Circuit Interrupter \u2013 Fronius Arc Guard, d\u00e9tection active des arcs \u00e9lectriques.<\/li>\n<\/ul>\n<p data-start=\"1980\" data-end=\"2281\">Cela signifie un niveau de s\u00e9curit\u00e9 maximal sans ajout de composants suppl\u00e9mentaires.<br data-start=\"2057\" data-end=\"2060\" \/>Au niveau num\u00e9rique, Fronius prot\u00e8ge la surveillance et les donn\u00e9es gr\u00e2ce \u00e0 un syst\u00e8me de cybers\u00e9curit\u00e9 certifi\u00e9 et \u00e0 des serveurs\/clouds situ\u00e9s en Europe, ce qui est important pour les clients industriels qui souhaitent \u00e9viter les probl\u00e8mes de conformit\u00e9.<\/p>\n<h2 data-start=\"2125\" data-end=\"2166\">Caract\u00e9ristiques techniques de l'onduleur Verto 30.0 Plus<\/h2>\n<ul>\n<li data-start=\"2169\" data-end=\"2203\"><strong data-start=\"2169\" data-end=\"2193\">Puissance nominale CA :<\/strong> 29,9 kW<\/li>\n<li data-start=\"2206\" data-end=\"2232\"><strong data-start=\"2206\" data-end=\"2214\">R\u00e9seau :<\/strong> Triphas\u00e9 400 V<\/li>\n<li data-start=\"2235\" data-end=\"2254\"><strong data-start=\"2235\" data-end=\"2250\">Nombre de MPPT :<\/strong> 3<\/li>\n<li data-start=\"2257\" data-end=\"2339\"><strong data-start=\"2257\" data-end=\"2279\">Entr\u00e9es par MPPT :<\/strong> 2 (jusqu'\u00e0 6 cha\u00eenes)<\/li>\n<li data-start=\"2342\" data-end=\"2426\"><strong data-start=\"2342\" data-end=\"2381\">Courant max. utilisable par MPPT :<\/strong> 28 A<\/li>\n<li data-start=\"2429\" data-end=\"2509\"><strong data-start=\"2429\" data-end=\"2453\">Plage de tension CC :<\/strong> 150 \u2013 1 000 V<\/li>\n<li data-start=\"2512\" data-end=\"2591\"><strong data-start=\"2512\" data-end=\"2537\">Plage MPP utilisable :<\/strong> 150 \u2013 870 V<\/li>\n<li data-start=\"2594\" data-end=\"2679\"><strong data-start=\"2594\" data-end=\"2625\">Plage MPP \u00e0 pleine puissance :<\/strong> 240 \u2013 870 V<\/li>\n<li data-start=\"2682\" data-end=\"2816\"><strong data-start=\"2682\" data-end=\"2716\">Puissance PV maximale utilisable :<\/strong> jusqu'\u00e0 30 kWc (CC) avec surdimensionnement industriel typique<\/li>\n<li data-start=\"2819\" data-end=\"2918\"><strong data-start=\"2819\" data-end=\"2843\">Degr\u00e9 de protection :<\/strong> IP66 (installation ext\u00e9rieure r\u00e9elle)<\/li>\n<li data-start=\"2819\" data-end=\"2918\"><strong>Dimensions : <\/strong>86,5 x 57,4 x 27,9 cm<\/li>\n<li data-start=\"2819\" data-end=\"2918\"><strong>Poids :<\/strong> 43,0 kg<\/li>\n<\/ul>\n<h2 data-start=\"2925\" data-end=\"2953\">Applications recommand\u00e9es<\/h2>\n<p data-start=\"2954\" data-end=\"3002\">Onduleur hybride triphas\u00e9 30 kW id\u00e9al pour :<\/p>\n<ul>\n<li data-start=\"3005\" data-end=\"3071\">B\u00e2timents industriels et PME avec une forte demande diurne\/nocturne.<\/li>\n<li data-start=\"3074\" data-end=\"3141\">Agriculture et pompage o\u00f9 la sauvegarde triphas\u00e9e \u00e9vite les arr\u00eats.<\/li>\n<li data-start=\"3144\" data-end=\"3212\">Blocs r\u00e9sidentiels et autoconsommation collective avec batteries HV.<\/li>\n<li data-start=\"3215\" data-end=\"3358\">Projets visant \u00e0 combiner autoconsommation + stockage + secours sans repenser le syst\u00e8me dans les deux ans.<\/li>\n<\/ul>\n<h2 data-start=\"3420\" data-end=\"3826\">Fiche technique de l'onduleur Fronius Verto 30.0 Plus hybride triphas\u00e9 \u2013 4 210 458<\/h2>\n<p><a href=\"https:\/\/fvcomponentes.com\/wp-content\/uploads\/2025\/11\/Fronius_TDS_VERTO_15.0-33.3_Plus_EN.pdf\" target=\"_blank\" rel=\"noopener\">Fiche technique de l'onduleur Fronius Verto 30.0 Plus hybride triphas\u00e9 \u2013 4 210 458<\/a><\/p>\n<h3>Manuel d'installation de l'onduleur Fronius Verto 30.0 Plus hybride triphas\u00e9 \u2013 4 210 458<\/h3>\n<p><a href=\"https:\/\/fvcomponentes.com\/wp-content\/uploads\/2025\/11\/Fronius_Quick_Start_Guide_VERTO_Plus_15.0-33.3_EN.pdf\" target=\"_blank\" rel=\"noopener\">Manuel d'installation de l'onduleur Fronius Verto 30.0 Plus hybride triphas\u00e9 \u2013 4 210 458<\/a><\/p>","protected":false},"excerpt":{"rendered":"<p><span style=\"color: #ff0000\"><strong>Prochaine disponibilit\u00e9 le 8 avril !<\/strong><\/span><\/p>\n<ul>\n<li data-start=\"2169\" data-end=\"2203\"><strong data-start=\"2169\" data-end=\"2193\">Puissance nominale CA :<\/strong> 29,9 kW<\/li>\n<li data-start=\"2206\" data-end=\"2232\"><strong data-start=\"2206\" data-end=\"2214\">Phase :<\/strong> Triphas\u00e9<\/li>\n<li data-start=\"2235\" data-end=\"2254\"><strong data-start=\"2235\" data-end=\"2250\">Nombre de MPPT :<\/strong> 3<\/li>\n<li data-start=\"2257\" data-end=\"2339\"><b>Efficacit\u00e9 : 97,96%<\/b><\/li>\n<li data-start=\"2512\" data-end=\"2591\">\n<div class=\"baywa-details-fields\"><span class=\"baywa-details-label\"><strong>Piles compatibles :<\/strong><\/span><span class=\"baywa-details-values\"> Fronius Reserva, BYD Battery-Box Premium HVM+ et HVS+<\/span><\/div>\n<\/li>\n<li data-start=\"2819\" data-end=\"2918\"><strong data-start=\"2819\" data-end=\"2843\">Degr\u00e9 de protection :<\/strong> IP66 (installation ext\u00e9rieure r\u00e9elle)<\/li>\n<\/ul>","protected":false},"featured_media":33949,"comment_status":"closed","ping_status":"closed","template":"","meta":{"site-sidebar-layout":"default","site-content-layout":"","ast-site-content-layout":"default","site-content-style":"default","site-sidebar-style":"default","ast-global-header-display":"","ast-banner-title-visibility":"","ast-main-header-display":"","ast-hfb-above-header-display":"","ast-hfb-below-header-display":"","ast-hfb-mobile-header-display":"","site-post-title":"","ast-breadcrumbs-content":"","ast-featured-img":"","footer-sml-layout":"","ast-disable-related-posts":"","theme-transparent-header-meta":"default","adv-header-id-meta":"","stick-header-meta":"","header-above-stick-meta":"","header-main-stick-meta":"","header-below-stick-meta":"","astra-migrate-meta-layouts":"set","ast-page-background-enabled":"default","ast-page-background-meta":{"desktop":{"background-color":"var(--ast-global-color-4)","background-image":"","background-repeat":"repeat","background-position":"center center","background-size":"auto","background-attachment":"scroll","background-type":"","background-media":"","overlay-type":"","overlay-color":"","overlay-opacity":"","overlay-gradient":""},"tablet":{"background-color":"","background-image":"","background-repeat":"repeat","background-position":"center center","background-size":"auto","background-attachment":"scroll","background-type":"","background-media":"","overlay-type":"","overlay-color":"","overlay-opacity":"","overlay-gradient":""},"mobile":{"background-color":"","background-image":"","background-repeat":"repeat","background-position":"center center","background-size":"auto","background-attachment":"scroll","background-type":"","background-media":"","overlay-type":"","overlay-color":"","overlay-opacity":"","overlay-gradient":""}},"ast-content-background-meta":{"desktop":{"background-color":"var(--ast-global-color-5)","background-image":"","background-repeat":"repeat","background-position":"center center","background-size":"auto","background-attachment":"scroll","background-type":"","background-media":"","overlay-type":"","overlay-color":"","overlay-opacity":"","overlay-gradient":""},"tablet":{"background-color":"var(--ast-global-color-5)","background-image":"","background-repeat":"repeat","background-position":"center center","background-size":"auto","background-attachment":"scroll","background-type":"","background-media":"","overlay-type":"","overlay-color":"","overlay-opacity":"","overlay-gradient":""},"mobile":{"background-color":"var(--ast-global-color-5)","background-image":"","background-repeat":"repeat","background-position":"center center","background-size":"auto","background-attachment":"scroll","background-type":"","background-media":"","overlay-type":"","overlay-color":"","overlay-opacity":"","overlay-gradient":""}}},"pwb-brand":[344],"product_brand":[],"product_cat":[333,923],"product_tag":[],"class_list":{"0":"post-33945","1":"product","2":"type-product","3":"status-publish","4":"has-post-thumbnail","6":"pwb-brand-fronius","7":"product_cat-inversores","8":"product_cat-inversores-autoconsumo-hibridos-trifasicos","9":"desktop-align-left","10":"tablet-align-left","11":"mobile-align-left","12":"ast-product-gallery-layout-horizontal-slider","13":"ast-product-tabs-layout-horizontal","15":"first","16":"instock","17":"taxable","18":"shipping-taxable","19":"purchasable","20":"product-type-simple"},"wcpa_form_fields":null,"brands":[{"id":344,"name":"Onduleurs Fronius","slug":"fronius"}],"_links":{"self":[{"href":"https:\/\/fvcomponentes.com\/fr\/wp-json\/wp\/v2\/product\/33945","targetHints":{"allow":["GET"]}}],"collection":[{"href":"https:\/\/fvcomponentes.com\/fr\/wp-json\/wp\/v2\/product"}],"about":[{"href":"https:\/\/fvcomponentes.com\/fr\/wp-json\/wp\/v2\/types\/product"}],"replies":[{"embeddable":true,"href":"https:\/\/fvcomponentes.com\/fr\/wp-json\/wp\/v2\/comments?post=33945"}],"wp:featuredmedia":[{"embeddable":true,"href":"https:\/\/fvcomponentes.com\/fr\/wp-json\/wp\/v2\/media\/33949"}],"wp:attachment":[{"href":"https:\/\/fvcomponentes.com\/fr\/wp-json\/wp\/v2\/media?parent=33945"}],"wp:term":[{"taxonomy":"pwb-brand","embeddable":true,"href":"https:\/\/fvcomponentes.com\/fr\/wp-json\/wp\/v2\/pwb-brand?post=33945"},{"taxonomy":"product_brand","embeddable":true,"href":"https:\/\/fvcomponentes.com\/fr\/wp-json\/wp\/v2\/product_brand?post=33945"},{"taxonomy":"product_cat","embeddable":true,"href":"https:\/\/fvcomponentes.com\/fr\/wp-json\/wp\/v2\/product_cat?post=33945"},{"taxonomy":"product_tag","embeddable":true,"href":"https:\/\/fvcomponentes.com\/fr\/wp-json\/wp\/v2\/product_tag?post=33945"}],"curies":[{"name":"wp","href":"https:\/\/api.w.org\/{rel}","templated":true}]}}