{"id":33928,"date":"2026-01-05T09:03:29","date_gmt":"2026-01-05T08:03:29","guid":{"rendered":"https:\/\/fvcomponentes.com\/?post_type=product&#038;p=33928"},"modified":"2026-03-30T12:15:32","modified_gmt":"2026-03-30T10:15:32","slug":"onduleur-huawei-sun2000-3k-lb0-hybride-monophase-01077160","status":"publish","type":"product","link":"https:\/\/fvcomponentes.com\/fr\/producto\/inversor-huawei-sun2000-3k-lb0-hibrido-monofasico-01077160\/","title":{"rendered":"Onduleur hybride monophas\u00e9 Huawei SUN2000 3K LB0 - 01077160"},"content":{"rendered":"<h2>Onduleur Huawei SUN2000-3K-LB0 hybride monophas\u00e9 \u2013 01077160<\/h2>\n<p data-start=\"1040\" data-end=\"1460\">Le Huawei SUN2000-3K-LB0 est un onduleur hybride monophas\u00e9 de 3 kW con\u00e7u pour les installations photovolta\u00efques r\u00e9sidentielles destin\u00e9es \u00e0 l'autoconsommation. Il comprend un double MPPT, une connectivit\u00e9 WiFi int\u00e9gr\u00e9e, une protection AFCI contre les arcs \u00e9lectriques, un indice de protection IP66 et une compatibilit\u00e9 totale avec la batterie Huawei LUNA2000, offrant ainsi une solution pr\u00eate \u00e0 l'emploi pour le photovolta\u00efque avec stockage.<\/p>\n<p data-start=\"1462\" data-end=\"1637\">Il est id\u00e9al pour les logements \u00e0 consommation moyenne qui souhaitent r\u00e9duire leur facture, mieux exploiter l'\u00e9nergie solaire et garder la possibilit\u00e9 d'installer une batterie ult\u00e9rieurement.<\/p>\n<h2>Caract\u00e9ristiques de l'onduleur Huawei SUN2000-3K-LB0 hybride monophas\u00e9<\/h2>\n<h3>Conception compacte et l\u00e9g\u00e8re<\/h3>\n<p>Il s'agit d'un onduleur compact et facile \u00e0 installer, id\u00e9al pour les logements o\u00f9 l'espace est limit\u00e9.<br \/>\nGr\u00e2ce \u00e0 son indice de protection IP66, il r\u00e9siste bien \u00e0 la poussi\u00e8re et \u00e0 l'eau, ce qui permet de l'installer \u00e0 l'ext\u00e9rieur sans probl\u00e8me.<br \/>\nDe plus, il int\u00e8gre un syst\u00e8me de refroidissement par convection naturelle, ce qui lui permet de fonctionner silencieusement et sans ventilateur.<\/p>\n<h3>Protections et s\u00e9curit\u00e9<\/h3>\n<p>Le Huawei SUN2000-3K-LB0 comprend plusieurs mesures de s\u00e9curit\u00e9 pour prot\u00e9ger votre installation :<\/p>\n<ul>\n<li>D\u00e9tecte les arcs \u00e9lectriques afin de r\u00e9duire les risques d'incendie (AFCI).<\/li>\n<li>Prot\u00e8ge contre les pics de tension tant au niveau des panneaux que du r\u00e9seau (SPD de type II).<\/li>\n<li>Emp\u00eache le syst\u00e8me de continuer \u00e0 envoyer de l'\u00e9lectricit\u00e9 au r\u00e9seau en cas de coupure (anti-\u00eelotage).<\/li>\n<li>Ajoutez des contr\u00f4les suppl\u00e9mentaires tels que la d\u00e9tection des fuites, l'isolation, l'inversion de polarit\u00e9 et les alertes de d\u00e9faillance.<\/li>\n<\/ul>\n<h3>Connectivit\u00e9 et surveillance intelligente<\/h3>\n<p>Il comprend une connexion Wi-Fi int\u00e9gr\u00e9e, pour connecter l'onduleur \u00e0 votre r\u00e9seau et contr\u00f4ler l'installation depuis votre mobile avec FusionSolar (production, consommation et notifications).<br \/>\nIl dispose \u00e9galement d'un port RS-485 et prend en charge des accessoires (4G ou Ethernet) pour am\u00e9liorer la connexion si n\u00e9cessaire.<br \/>\nDe plus, il int\u00e8gre des voyants LED qui indiquent clairement l'\u00e9tat de l'appareil.<\/p>\n<h3>Compatibilit\u00e9<\/h3>\n<p>Cet onduleur est compatible avec les batteries Huawei LUNA2000, id\u00e9al pour ceux qui souhaitent ajouter des batteries d\u00e8s maintenant afin d'am\u00e9liorer leur autonomie \u00e9nerg\u00e9tique et tirer le meilleur parti des exc\u00e9dents solaires.<\/p>\n<p>De plus, il est \u00e9galement compatible avec les optimiseurs Huawei (par exemple, les mod\u00e8les SUN2000-450W-P2 et 600W-P), ce qui permet de maximiser la production dans des configurations avec ombres ou diff\u00e9rentes orientations de modules.<\/p>\n<h2>Avantages de l'onduleur Huawei SUN2000-3K-LB0 hybride monophas\u00e9<\/h2>\n<h3>Production accrue et rendement \u00e9lev\u00e9<\/h3>\n<p>Gr\u00e2ce \u00e0 son rendement \u00e9lev\u00e9 (jusqu'\u00e0 96,6 %), il exploite tr\u00e8s bien l'\u00e9nergie des panneaux solaires. De plus, il s'adapte mieux aux situations o\u00f9 vous avez des ombres partielles ou des panneaux avec diff\u00e9rentes orientations, afin que votre installation soit plus performante.<\/p>\n<h3>Pr\u00eat \u00e0 ajouter des piles<\/h3>\n<p>Il s'agit d'un onduleur hybride, ce qui signifie que vous pouvez commencer avec uniquement des panneaux et ajouter une batterie plus tard, sans avoir \u00e0 changer d'onduleur.<\/p>\n<h3>Plus de s\u00e9curit\u00e9<\/h3>\n<p>Il comprend des protections avanc\u00e9es qui am\u00e9liorent la s\u00e9curit\u00e9 de l'installation, telles que la d\u00e9tection des arcs \u00e9lectriques (AFCI), la protection contre les surtensions et le contr\u00f4le des fuites ou des d\u00e9faillances \u00e9ventuelles.<\/p>\n<h3>R\u00e9sistant et adapt\u00e9 \u00e0 une utilisation en ext\u00e9rieur<\/h3>\n<p>Il b\u00e9n\u00e9ficie d'une protection IP66, ce qui le rend r\u00e9sistant \u00e0 la poussi\u00e8re et \u00e0 l'eau. Il peut \u00eatre install\u00e9 \u00e0 l'int\u00e9rieur ou \u00e0 l'ext\u00e9rieur en toute fiabilit\u00e9 et fonctionne dans une large plage de temp\u00e9ratures.<\/p>\n<h3>Installation simple et peu d'entretien<\/h3>\n<p>Son poids l\u00e9ger et son refroidissement sans ventilation facilitent le montage et r\u00e9duisent les besoins d'entretien. De plus, il peut \u00eatre mont\u00e9 au mur ou sur un support, ce qui facilite son int\u00e9gration dans tout type d'installation.<\/p>\n<h3>Surveillance depuis n'importe o\u00f9<\/h3>\n<p>Cet onduleur Huawei dispose d'une connexion Wi-Fi int\u00e9gr\u00e9e et fonctionne avec l'application FusionSolar, qui vous permet de visualiser en temps r\u00e9el la production, la consommation, l'\u00e9tat de la batterie (si vous en avez une install\u00e9e) et de g\u00e9rer le syst\u00e8me de mani\u00e8re simple et intuitive.<\/p>\n<h3>Capacit\u00e9 de secours en cas de coupure de courant (avec batterie + syst\u00e8me de secours)<\/h3>\n<p>Il peut alimenter les charges essentielles pendant une panne de courant s'il est install\u00e9 avec une batterie Huawei LUNA2000 et le syst\u00e8me de secours compatible, en plus d'une configuration appropri\u00e9e.<\/p>\n<h2>Sp\u00e9cifications techniques<\/h2>\n<ul>\n<li>Puissance : 3 000 W<\/li>\n<li>AC : 3 300 W<\/li>\n<li>DC : 4 500 W<\/li>\n<li>Tension de sortie : 230 V<\/li>\n<li>Fr\u00e9quence 50 Hz \/ 60 Hz.<\/li>\n<li>Rendement : 96,6 %<\/li>\n<li>Phases : 1 phase (monophas\u00e9)<\/li>\n<li>Nombre de MPPT : 2<\/li>\n<li>Affichage : Non<\/li>\n<li>Connecteur CC : Amphenol H4<\/li>\n<li>Plage de temp\u00e9rature de fonctionnement : de -25 \u00b0C \u00e0 +60 \u00b0C<\/li>\n<li>Batteries compatibles : LUNA2000-5\/10\/15-S0 et LUNA2000-7\/14\/21-S1<\/li>\n<li>Optimiseurs compatibles : SUN2000-450W-P2 et SUN2000-600W-P<\/li>\n<li>Dimensions : 42,5 x 36,5 x 13,0 cm<\/li>\n<li>Poids : 15,0 kg<\/li>\n<li>Garantie du produit : 10 ans. Extension pour 15 et 20 ans.<\/li>\n<\/ul>\n<h2>Fiche technique et manuel de l'onduleur Huawei SUN2000-3K-LB0 hybride monophas\u00e9 \u2013 01077160<\/h2>\n<p><a href=\"https:\/\/fvcomponentes.com\/wp-content\/uploads\/2025\/11\/Huawei_TDS_SUN2000_3K-6K_LB0_ES.pdf\" target=\"_blank\" rel=\"noopener\">Fiche technique de l'onduleur Huawei SUN2000-3K-LB0 hybride monophas\u00e9<\/a><\/p>\n<p><a href=\"https:\/\/fvcomponentes.com\/wp-content\/uploads\/2025\/11\/Manual-del-usuario-de-la-serie-SUN2000-3K-6K-LB0.pdf\" target=\"_blank\" rel=\"noopener\">Manuel de l'investisseur Huawei SUN2000-3K-LB0 Hybride monophas\u00e9<\/a><\/p>","protected":false},"excerpt":{"rendered":"<div class=\"baywa-details-fields\"><span class=\"baywa-details-label\"><strong>Puissance :<\/strong> <\/span><span class=\"baywa-details-values\">3.000 W<\/span><\/div>\n<div class=\"baywa-details-fields\"><span class=\"baywa-details-label\"><strong>Puissance maximale des panneaux solaires :<\/strong> <\/span><span class=\"baywa-details-values\">4 500 W<\/span><\/div>\n<div class=\"baywa-details-fields\"><strong><span class=\"baywa-details-label\">Efficacit\u00e9 : <\/span><\/strong><span class=\"baywa-details-values\">96,6%\u00a0<\/span><\/div>\n<div><strong>Piles compatibles :<\/strong> Huawei LUNA2000-5\/10\/15-S0 et Huawei LUNA2000-7\/14\/21-S1<\/div>","protected":false},"featured_media":33989,"comment_status":"closed","ping_status":"closed","template":"","meta":{"site-sidebar-layout":"default","site-content-layout":"","ast-site-content-layout":"default","site-content-style":"default","site-sidebar-style":"default","ast-global-header-display":"","ast-banner-title-visibility":"","ast-main-header-display":"","ast-hfb-above-header-display":"","ast-hfb-below-header-display":"","ast-hfb-mobile-header-display":"","site-post-title":"","ast-breadcrumbs-content":"","ast-featured-img":"","footer-sml-layout":"","ast-disable-related-posts":"","theme-transparent-header-meta":"default","adv-header-id-meta":"","stick-header-meta":"","header-above-stick-meta":"","header-main-stick-meta":"","header-below-stick-meta":"","astra-migrate-meta-layouts":"set","ast-page-background-enabled":"default","ast-page-background-meta":{"desktop":{"background-color":"var(--ast-global-color-4)","background-image":"","background-repeat":"repeat","background-position":"center center","background-size":"auto","background-attachment":"scroll","background-type":"","background-media":"","overlay-type":"","overlay-color":"","overlay-opacity":"","overlay-gradient":""},"tablet":{"background-color":"","background-image":"","background-repeat":"repeat","background-position":"center center","background-size":"auto","background-attachment":"scroll","background-type":"","background-media":"","overlay-type":"","overlay-color":"","overlay-opacity":"","overlay-gradient":""},"mobile":{"background-color":"","background-image":"","background-repeat":"repeat","background-position":"center center","background-size":"auto","background-attachment":"scroll","background-type":"","background-media":"","overlay-type":"","overlay-color":"","overlay-opacity":"","overlay-gradient":""}},"ast-content-background-meta":{"desktop":{"background-color":"var(--ast-global-color-5)","background-image":"","background-repeat":"repeat","background-position":"center center","background-size":"auto","background-attachment":"scroll","background-type":"","background-media":"","overlay-type":"","overlay-color":"","overlay-opacity":"","overlay-gradient":""},"tablet":{"background-color":"var(--ast-global-color-5)","background-image":"","background-repeat":"repeat","background-position":"center center","background-size":"auto","background-attachment":"scroll","background-type":"","background-media":"","overlay-type":"","overlay-color":"","overlay-opacity":"","overlay-gradient":""},"mobile":{"background-color":"var(--ast-global-color-5)","background-image":"","background-repeat":"repeat","background-position":"center center","background-size":"auto","background-attachment":"scroll","background-type":"","background-media":"","overlay-type":"","overlay-color":"","overlay-opacity":"","overlay-gradient":""}}},"pwb-brand":[381],"product_brand":[],"product_cat":[333,359,924,345],"product_tag":[1014],"class_list":{"0":"post-33928","1":"product","2":"type-product","3":"status-publish","4":"has-post-thumbnail","6":"pwb-brand-huawei","7":"product_cat-inversores","8":"product_cat-inversores-autoconsumo-hibridos","9":"product_cat-inversores-autoconsumo-hibridos-monofasicos","10":"product_cat-inversores-de-autoconsumo","11":"product_tag-32-119897","12":"desktop-align-left","13":"tablet-align-left","14":"mobile-align-left","15":"ast-product-gallery-layout-horizontal-slider","16":"ast-product-gallery-with-no-image","17":"ast-product-tabs-layout-horizontal","19":"first","20":"instock","21":"taxable","22":"shipping-taxable","23":"purchasable","24":"product-type-simple"},"wcpa_form_fields":null,"brands":[{"id":381,"name":"Onduleurs Huawei","slug":"huawei"}],"_links":{"self":[{"href":"https:\/\/fvcomponentes.com\/fr\/wp-json\/wp\/v2\/product\/33928","targetHints":{"allow":["GET"]}}],"collection":[{"href":"https:\/\/fvcomponentes.com\/fr\/wp-json\/wp\/v2\/product"}],"about":[{"href":"https:\/\/fvcomponentes.com\/fr\/wp-json\/wp\/v2\/types\/product"}],"replies":[{"embeddable":true,"href":"https:\/\/fvcomponentes.com\/fr\/wp-json\/wp\/v2\/comments?post=33928"}],"wp:featuredmedia":[{"embeddable":true,"href":"https:\/\/fvcomponentes.com\/fr\/wp-json\/wp\/v2\/media\/33989"}],"wp:attachment":[{"href":"https:\/\/fvcomponentes.com\/fr\/wp-json\/wp\/v2\/media?parent=33928"}],"wp:term":[{"taxonomy":"pwb-brand","embeddable":true,"href":"https:\/\/fvcomponentes.com\/fr\/wp-json\/wp\/v2\/pwb-brand?post=33928"},{"taxonomy":"product_brand","embeddable":true,"href":"https:\/\/fvcomponentes.com\/fr\/wp-json\/wp\/v2\/product_brand?post=33928"},{"taxonomy":"product_cat","embeddable":true,"href":"https:\/\/fvcomponentes.com\/fr\/wp-json\/wp\/v2\/product_cat?post=33928"},{"taxonomy":"product_tag","embeddable":true,"href":"https:\/\/fvcomponentes.com\/fr\/wp-json\/wp\/v2\/product_tag?post=33928"}],"curies":[{"name":"wp","href":"https:\/\/api.w.org\/{rel}","templated":true}]}}