{"id":3392,"date":"2021-05-27T09:03:04","date_gmt":"2021-05-27T07:03:04","guid":{"rendered":"https:\/\/fvcomponentes.com\/producto\/armario-rack-baterias-pylontech-22u-ncb22-68-cab-blanco\/"},"modified":"2025-09-16T07:34:23","modified_gmt":"2025-09-16T05:34:23","slug":"pylontech-battery-rack-cabinet-22u-ncb22-68-cab-white","status":"publish","type":"product","link":"https:\/\/fvcomponentes.com\/fr\/producto\/armario-rack-baterias-pylontech-22u-ncb22-68-cab-blanco\/","title":{"rendered":"Pylontech 22U Battery Rack Cabinet - NCB22-68-CAB - Blanc"},"content":{"rendered":"<h2>Pylontech 22U Battery Rack Cabinet - NCB22-68-CAB - Blanc<\/h2>\n<p>Armoire rack pour le stockage de batteries au lithium dans des installations photovolta\u00efques 22U en blanc. Une solution parfaite pour le stockage de tout type de batterie au lithium ou d'autres composants \u00e9lectroniques pour les t\u00e9l\u00e9communications, la s\u00e9curit\u00e9 ou les syst\u00e8mes de stockage de donn\u00e9es. Outre la s\u00e9curit\u00e9 et l'organisation, ces armoires permettent un acc\u00e8s rapide et facile aux composants stock\u00e9s.<\/p>\n<h3>Solution de stockage polyvalente<\/h3>\n<p>Outre le stockage de modules compatibles avec la structure de l'armoire \u00e0 racks, tels que les piles au lithium <a href=\"https:\/\/fvcomponentes.com\/fr\/categorie-de-produits\/piles\/batteries-lithium-48v\/\" target=\"_blank\" rel=\"noopener\">Pylontech<\/a> ou Turbo Energy, permet de stocker d'autres composants non compatibles, tels que des enregistreurs ou des unit\u00e9s de stockage, au moyen d'\u00e9tag\u00e8res. Une large gamme d'accessoires est disponible pour augmenter encore les possibilit\u00e9s de stockage et les adapter aux besoins particuliers de chaque cas.<\/p>\n<p>Il est \u00e9quip\u00e9 de deux passages de c\u00e2bles, l'un au plafond et l'autre au sol, et le cadre a une capacit\u00e9 de charge allant jusqu'\u00e0 70 kg.<\/p>\n<h3>Conception robuste et fonctionnelle<\/h3>\n<p>L'armoire \u00e0 batteries MicroConnect est con\u00e7ue dans un souci de fonctionnalit\u00e9 et de durabilit\u00e9. Elle est fabriqu\u00e9e en t\u00f4le d'acier lamin\u00e9e \u00e0 froid de 1,5 mm d'\u00e9paisseur. La porte avant est en verre tremp\u00e9 fum\u00e9 de 5 mm d'\u00e9paisseur et les profil\u00e9s avant et arri\u00e8re, d'une longueur de 48,26 cm et grav\u00e9s avec les dimensions U, sont d'une \u00e9paisseur de 2 mm. Les portes lat\u00e9rales ont une \u00e9paisseur de 1,2 mm. La surface de l'armoire est d\u00e9graiss\u00e9e, d\u00e9cap\u00e9e et phosphat\u00e9e et le rev\u00eatement est peint au four.<\/p>\n<p>L'ensemble est tr\u00e8s polyvalent, car les panneaux lat\u00e9raux sont tr\u00e8s faciles \u00e0 enlever et les portes avant et arri\u00e8re sont \u00e9quip\u00e9es de serrures \u00e0 cl\u00e9. En outre, la porte arri\u00e8re comprend un syst\u00e8me de fentes pour la ventilation passive de l'armoire.<\/p>\n<p>Comprend un jeu de 4 roulettes mont\u00e9es, deux avec freins et deux sans freins, et quatre pieds r\u00e9glables en hauteur.<\/p>\n<h2><\/h2>\n<p>&nbsp;<\/p>","protected":false},"excerpt":{"rendered":"<ul>\n<li><strong>Compatible avec les piles au lithium<\/strong>Pylontech, Turbo Energy, Dyness, etc.<\/li>\n<li><strong>Compatible avec les normes ETSI et internationales de 19\u2033.<\/strong><\/li>\n<li><strong>Feuille lamin\u00e9e de 1,5 mm<\/strong><\/li>\n<li><strong>Mesures externes :<\/strong> 22HU hauteur : 1166 mm, largeur : 600 mm, profondeur : 800 mm<\/li>\n<li><strong>Conforme \u00e0 la r\u00e9glementation :<\/strong> ANSI\/EIARS-310-D, DIN41491, PART1, IEC297-2, DIN41494, PART7, GB\/T3047.2-92<\/li>\n<li><strong>Comprend un filet et des pieds r\u00e9glables<\/strong><\/li>\n<li><strong>Couleur :<\/strong> Blanc<\/li>\n<\/ul>\n<p>&nbsp;<\/p>","protected":false},"featured_media":3387,"comment_status":"open","ping_status":"closed","template":"","meta":{"site-sidebar-layout":"default","site-content-layout":"default","ast-site-content-layout":"default","site-content-style":"default","site-sidebar-style":"default","ast-global-header-display":"","ast-banner-title-visibility":"","ast-main-header-display":"","ast-hfb-above-header-display":"","ast-hfb-below-header-display":"","ast-hfb-mobile-header-display":"","site-post-title":"","ast-breadcrumbs-content":"","ast-featured-img":"","footer-sml-layout":"","ast-disable-related-posts":"","theme-transparent-header-meta":"default","adv-header-id-meta":"","stick-header-meta":"","header-above-stick-meta":"","header-main-stick-meta":"","header-below-stick-meta":"","astra-migrate-meta-layouts":"set","ast-page-background-enabled":"default","ast-page-background-meta":{"desktop":{"background-color":"var(--ast-global-color-4)","background-image":"","background-repeat":"repeat","background-position":"center center","background-size":"auto","background-attachment":"scroll","background-type":"","background-media":"","overlay-type":"","overlay-color":"","overlay-opacity":"","overlay-gradient":""},"tablet":{"background-color":"","background-image":"","background-repeat":"repeat","background-position":"center center","background-size":"auto","background-attachment":"scroll","background-type":"","background-media":"","overlay-type":"","overlay-color":"","overlay-opacity":"","overlay-gradient":""},"mobile":{"background-color":"","background-image":"","background-repeat":"repeat","background-position":"center center","background-size":"auto","background-attachment":"scroll","background-type":"","background-media":"","overlay-type":"","overlay-color":"","overlay-opacity":"","overlay-gradient":""}},"ast-content-background-meta":{"desktop":{"background-color":"var(--ast-global-color-5)","background-image":"","background-repeat":"repeat","background-position":"center center","background-size":"auto","background-attachment":"scroll","background-type":"","background-media":"","overlay-type":"","overlay-color":"","overlay-opacity":"","overlay-gradient":""},"tablet":{"background-color":"var(--ast-global-color-5)","background-image":"","background-repeat":"repeat","background-position":"center center","background-size":"auto","background-attachment":"scroll","background-type":"","background-media":"","overlay-type":"","overlay-color":"","overlay-opacity":"","overlay-gradient":""},"mobile":{"background-color":"var(--ast-global-color-5)","background-image":"","background-repeat":"repeat","background-position":"center center","background-size":"auto","background-attachment":"scroll","background-type":"","background-media":"","overlay-type":"","overlay-color":"","overlay-opacity":"","overlay-gradient":""}}},"pwb-brand":[339],"product_brand":[],"product_cat":[414,340],"product_tag":[],"class_list":{"0":"post-3392","1":"product","2":"type-product","3":"status-publish","4":"has-post-thumbnail","6":"pwb-brand-pylontech","7":"product_cat-armarios-rack-para-baterias","8":"product_cat-baterias","9":"desktop-align-left","10":"tablet-align-left","11":"mobile-align-left","12":"ast-product-gallery-layout-horizontal-slider","13":"ast-product-tabs-layout-horizontal","15":"first","16":"instock","17":"taxable","18":"shipping-taxable","19":"purchasable","20":"product-type-simple"},"wcpa_form_fields":null,"brands":[{"id":339,"name":"Pylontech Batteries","slug":"pylontech"}],"_links":{"self":[{"href":"https:\/\/fvcomponentes.com\/fr\/wp-json\/wp\/v2\/product\/3392","targetHints":{"allow":["GET"]}}],"collection":[{"href":"https:\/\/fvcomponentes.com\/fr\/wp-json\/wp\/v2\/product"}],"about":[{"href":"https:\/\/fvcomponentes.com\/fr\/wp-json\/wp\/v2\/types\/product"}],"replies":[{"embeddable":true,"href":"https:\/\/fvcomponentes.com\/fr\/wp-json\/wp\/v2\/comments?post=3392"}],"wp:featuredmedia":[{"embeddable":true,"href":"https:\/\/fvcomponentes.com\/fr\/wp-json\/wp\/v2\/media\/3387"}],"wp:attachment":[{"href":"https:\/\/fvcomponentes.com\/fr\/wp-json\/wp\/v2\/media?parent=3392"}],"wp:term":[{"taxonomy":"pwb-brand","embeddable":true,"href":"https:\/\/fvcomponentes.com\/fr\/wp-json\/wp\/v2\/pwb-brand?post=3392"},{"taxonomy":"product_brand","embeddable":true,"href":"https:\/\/fvcomponentes.com\/fr\/wp-json\/wp\/v2\/product_brand?post=3392"},{"taxonomy":"product_cat","embeddable":true,"href":"https:\/\/fvcomponentes.com\/fr\/wp-json\/wp\/v2\/product_cat?post=3392"},{"taxonomy":"product_tag","embeddable":true,"href":"https:\/\/fvcomponentes.com\/fr\/wp-json\/wp\/v2\/product_tag?post=3392"}],"curies":[{"name":"wp","href":"https:\/\/api.w.org\/{rel}","templated":true}]}}