{"id":3380,"date":"2021-05-26T16:01:43","date_gmt":"2021-05-26T14:01:43","guid":{"rendered":"https:\/\/fvcomponentes.com\/producto\/estructura-3-paneles-horizontal-chapa-sunfer-11h3\/"},"modified":"2026-02-19T12:27:24","modified_gmt":"2026-02-19T11:27:24","slug":"structure-3-panneaux-horizontaux-sunfer-11h3-plaque","status":"publish","type":"product","link":"https:\/\/fvcomponentes.com\/fr\/producto\/estructura-3-paneles-horizontal-chapa-sunfer-11h3\/","title":{"rendered":"Kit de structure en aluminium pour 3 panneaux horizontaux. 30\u00ba. Sur toit en t\u00f4le. Sunfer 11H3"},"content":{"rendered":"<h2>Kit de structure en aluminium pour 3 panneaux en horizontal 30\u00ba sur une toiture en t\u00f4le. Sunfer 11H3<\/h2>\n<p>Le kit de structure aluminium Sunfer 11H3 pour 3 panneaux horizontaux 30\u00ba sur toiture en t\u00f4le est fabriqu\u00e9 en aluminium haute r\u00e9sistance EN AW 6005A T6, sp\u00e9cialement con\u00e7u pour \u00eatre install\u00e9 sur des toitures plates en t\u00f4le ou d'autres types de sous-structures m\u00e9talliques. Cette structure doit \u00eatre ancr\u00e9e aux pannes sur lesquelles repose la toiture. Il s'agit d'un support pr\u00e9mont\u00e9 avec une inclinaison standard qui peut \u00eatre r\u00e9gl\u00e9e \u00e0 15\u00ba ou 30\u00ba pour placer les panneaux en position verticale. Il accepte des modules d'une taille maximale de 2279 x 1150 mm et d'une \u00e9paisseur comprise entre 30 et 45 mm, couvrant une large gamme de mod\u00e8les et de fabricants, tels que les panneaux de <a href=\"https:\/\/fvcomponentes.com\/fr\/produit\/panneau-solaire-trina-450w-vertex-s-neg9r-28-bfr\/\" target=\"_blank\" rel=\"noopener\">Trina<\/a> que vous trouverez sur notre site web.<\/p>\n<p>Cette structure Sunfer est con\u00e7ue pour r\u00e9sister \u00e0 des vents allant jusqu'\u00e0 150 km\/h, ce qui, sur l'\u00e9chelle de Beaufort, \u00e9quivaut \u00e0 un vent de la force d'un ouragan capable de renverser des v\u00e9hicules. Elle peut donc \u00eatre install\u00e9e sur la grande majorit\u00e9 des toits sans risquer d'\u00eatre endommag\u00e9e par l'exposition \u00e0 la force normale du vent. Pour garantir la r\u00e9sistance \u00e0 la vitesse de conception maximale, il convient d'utiliser des ancrages appropri\u00e9s et le lestage sp\u00e9cifi\u00e9 par le fabricant pour chaque situation.<\/p>\n<p>Comprend des vis en acier inoxydable A2-70 pour le montage. Les vis pour le montage en surface ne sont pas incluses.<\/p>\n<h2>Fiche technique kit structure aluminium pour 3 panneaux horizontaux \u00e0 30\u00ba sur toiture en t\u00f4le. Sunfer 11H3<\/h2>\n<p><a href=\"https:\/\/fvcomponentes.com\/wp-content\/uploads\/2025\/11\/SUNFER_TDS_11H_ES.pdf\" target=\"_blank\" rel=\"noopener\">Voir la fiche technique du kit de structure en aluminium pour 3 panneaux horizontaux \u00e0 30\u00ba. Sur toit en t\u00f4le. Sunfer 11H3<\/a><\/p>","protected":false},"excerpt":{"rendered":"<ul>\n<li><strong>Fabriqu\u00e9 en aluminium EN AW 6005A T6<\/strong><\/li>\n<li><strong>Inclinaison de 30\u00ba<\/strong><\/li>\n<li><strong>Disposition des modules : Horizontale<\/strong><\/li>\n<li><strong>Dimensions : 195,0 x 20,0 x 22,0 cm<\/strong><\/li>\n<li><strong>Poids : 23,1 kg<\/strong><\/li>\n<\/ul>","protected":false},"featured_media":3379,"comment_status":"open","ping_status":"closed","template":"","meta":{"site-sidebar-layout":"default","site-content-layout":"default","ast-site-content-layout":"default","site-content-style":"default","site-sidebar-style":"default","ast-global-header-display":"","ast-banner-title-visibility":"","ast-main-header-display":"","ast-hfb-above-header-display":"","ast-hfb-below-header-display":"","ast-hfb-mobile-header-display":"","site-post-title":"","ast-breadcrumbs-content":"","ast-featured-img":"","footer-sml-layout":"","ast-disable-related-posts":"","theme-transparent-header-meta":"default","adv-header-id-meta":"","stick-header-meta":"","header-above-stick-meta":"","header-main-stick-meta":"","header-below-stick-meta":"","astra-migrate-meta-layouts":"set","ast-page-background-enabled":"default","ast-page-background-meta":{"desktop":{"background-color":"var(--ast-global-color-4)","background-image":"","background-repeat":"repeat","background-position":"center center","background-size":"auto","background-attachment":"scroll","background-type":"","background-media":"","overlay-type":"","overlay-color":"","overlay-opacity":"","overlay-gradient":""},"tablet":{"background-color":"","background-image":"","background-repeat":"repeat","background-position":"center center","background-size":"auto","background-attachment":"scroll","background-type":"","background-media":"","overlay-type":"","overlay-color":"","overlay-opacity":"","overlay-gradient":""},"mobile":{"background-color":"","background-image":"","background-repeat":"repeat","background-position":"center center","background-size":"auto","background-attachment":"scroll","background-type":"","background-media":"","overlay-type":"","overlay-color":"","overlay-opacity":"","overlay-gradient":""}},"ast-content-background-meta":{"desktop":{"background-color":"var(--ast-global-color-5)","background-image":"","background-repeat":"repeat","background-position":"center center","background-size":"auto","background-attachment":"scroll","background-type":"","background-media":"","overlay-type":"","overlay-color":"","overlay-opacity":"","overlay-gradient":""},"tablet":{"background-color":"var(--ast-global-color-5)","background-image":"","background-repeat":"repeat","background-position":"center center","background-size":"auto","background-attachment":"scroll","background-type":"","background-media":"","overlay-type":"","overlay-color":"","overlay-opacity":"","overlay-gradient":""},"mobile":{"background-color":"var(--ast-global-color-5)","background-image":"","background-repeat":"repeat","background-position":"center center","background-size":"auto","background-attachment":"scroll","background-type":"","background-media":"","overlay-type":"","overlay-color":"","overlay-opacity":"","overlay-gradient":""}}},"pwb-brand":[],"product_brand":[],"product_cat":[398,406],"product_tag":[],"class_list":{"0":"post-3380","1":"product","2":"type-product","3":"status-publish","4":"has-post-thumbnail","6":"product_cat-estructuras-placas-solares","7":"product_cat-estructuras-suelo","8":"desktop-align-left","9":"tablet-align-left","10":"mobile-align-left","11":"ast-product-gallery-layout-horizontal-slider","12":"ast-product-tabs-layout-horizontal","14":"first","15":"instock","16":"taxable","17":"shipping-taxable","18":"purchasable","19":"product-type-simple"},"wcpa_form_fields":null,"brands":[],"_links":{"self":[{"href":"https:\/\/fvcomponentes.com\/fr\/wp-json\/wp\/v2\/product\/3380","targetHints":{"allow":["GET"]}}],"collection":[{"href":"https:\/\/fvcomponentes.com\/fr\/wp-json\/wp\/v2\/product"}],"about":[{"href":"https:\/\/fvcomponentes.com\/fr\/wp-json\/wp\/v2\/types\/product"}],"replies":[{"embeddable":true,"href":"https:\/\/fvcomponentes.com\/fr\/wp-json\/wp\/v2\/comments?post=3380"}],"wp:featuredmedia":[{"embeddable":true,"href":"https:\/\/fvcomponentes.com\/fr\/wp-json\/wp\/v2\/media\/3379"}],"wp:attachment":[{"href":"https:\/\/fvcomponentes.com\/fr\/wp-json\/wp\/v2\/media?parent=3380"}],"wp:term":[{"taxonomy":"pwb-brand","embeddable":true,"href":"https:\/\/fvcomponentes.com\/fr\/wp-json\/wp\/v2\/pwb-brand?post=3380"},{"taxonomy":"product_brand","embeddable":true,"href":"https:\/\/fvcomponentes.com\/fr\/wp-json\/wp\/v2\/product_brand?post=3380"},{"taxonomy":"product_cat","embeddable":true,"href":"https:\/\/fvcomponentes.com\/fr\/wp-json\/wp\/v2\/product_cat?post=3380"},{"taxonomy":"product_tag","embeddable":true,"href":"https:\/\/fvcomponentes.com\/fr\/wp-json\/wp\/v2\/product_tag?post=3380"}],"curies":[{"name":"wp","href":"https:\/\/api.w.org\/{rel}","templated":true}]}}