{"id":3362,"date":"2021-05-26T06:57:58","date_gmt":"2021-05-26T04:57:58","guid":{"rendered":"https:\/\/fvcomponentes.com\/producto\/kit-estructura-aluminio-5-paneles-vertical-30o-suelo-sunfer-09v2_30\/"},"modified":"2026-02-19T12:30:58","modified_gmt":"2026-02-19T11:30:58","slug":"kit-structure-aluminium-5-panneaux-verticaux-30o-sol-sunfer-09v2_30","status":"publish","type":"product","link":"https:\/\/fvcomponentes.com\/fr\/producto\/kit-estructura-aluminio-5-paneles-vertical-30o-suelo-sunfer-09v2_30\/","title":{"rendered":"Kit de structure en aluminium pour 5 panneaux verticaux. 30\u00ba. Au-dessus du sol. Sunfer 09V5_30"},"content":{"rendered":"<h2>Kit de structure en aluminium pour 5 panneaux verticaux - 30\u00ba au-dessus du sol. Sunfer 09V5_30<\/h2>\n<p>Le kit de structure en aluminium pour 5 panneaux verticaux - 30\u00ba au-dessus du sol. Sunfer 09V5_30 est fabriqu\u00e9 en aluminium EN AW 6005A T6 \u00e0 haute r\u00e9sistance, sp\u00e9cialement con\u00e7u pour \u00eatre install\u00e9 sur des toits plats ou d'autres types de sous-structures en b\u00e9ton.<\/p>\n<p>Il s'agit d'un support pr\u00e9-assembl\u00e9 avec une inclinaison standard qui peut \u00eatre r\u00e9gl\u00e9e \u00e0 15\u00b0 ou 30\u00b0 pour positionner les panneaux verticalement.<\/p>\n<p>Il prend en charge des modules d'une taille maximale de 2279 x 1150 mm et d'une \u00e9paisseur comprise entre 30 et 45 mm. Il est couvert par un large \u00e9ventail de mod\u00e8les et de fabricants, tels que les panneaux de <a href=\"https:\/\/fvcomponentes.com\/fr\/categorie-de-produits\/panneaux-solaires\/panneaux-solaires-12-v\/\" target=\"_blank\" rel=\"noopener\">Victron<\/a> que vous trouverez sur notre site web.<\/p>\n<p>Cette structure Sunfer est con\u00e7ue pour r\u00e9sister \u00e0 des vents allant jusqu'\u00e0 150 km\/h, ce qui, sur l'\u00e9chelle de Beaufort, \u00e9quivaut \u00e0 un vent de la force d'un ouragan capable de renverser des v\u00e9hicules.<\/p>\n<p>Il peut ainsi \u00eatre install\u00e9 sur la grande majorit\u00e9 des toits sans risquer d'\u00eatre endommag\u00e9 par l'exposition \u00e0 la force normale du vent.<\/p>\n<p>Pour assurer la r\u00e9sistance \u00e0 la vitesse maximale de conception, des ancrages appropri\u00e9s doivent \u00eatre utilis\u00e9s et le lest indiqu\u00e9 par le fabricant pour chaque situation doit \u00eatre utilis\u00e9.<\/p>\n<p>Comprend des vis en acier inoxydable A2-70 pour le montage. Les vis pour le montage en surface ne sont pas incluses.<\/p>\n<h3>Fiche technique du kit de structure en aluminium pour 5 panneaux verticaux - 30\u00ba au-dessus du sol. Sunfer 09V5_30<\/h3>\n<p><a href=\"https:\/\/fvcomponentes.com\/wp-content\/uploads\/2024\/09\/Ficha-tecnica-Sunfer-09V4_30-1.pdf\" target=\"_blank\" rel=\"noopener\">Voir la fiche technique du kit de structure en aluminium pour 5 panneaux verticaux - 30\u00ba au-dessus du sol. Sunfer 09V5_30<\/a><\/p>\n<p><a href=\"https:\/\/fvcomponentes.com\/wp-content\/uploads\/2024\/09\/Esquema-montaje-Sunfer-09V5_30.pdf\" target=\"_blank\" rel=\"noopener\">Voir les sch\u00e9mas de montage de la structure en aluminium pour 5 panneaux verticaux. 30\u00ba. Au sol.\u00a0<\/a><\/p>","protected":false},"excerpt":{"rendered":"<ul>\n<li><strong>Fabriqu\u00e9 en aluminium EN AW 6005A T6<\/strong><\/li>\n<li><strong>Inclinaison de 15 ou 30 degr\u00e9s<\/strong><\/li>\n<li><strong>Disposition des modules : Verticale<\/strong><\/li>\n<li><strong>Pour les toits plats<\/strong><\/li>\n<li><strong>Dimensions : 195,0 x 20,0 x 22,0 cm<\/strong><\/li>\n<li><strong>Poids : 23,2 kg<\/strong><\/li>\n<\/ul>","protected":false},"featured_media":3352,"comment_status":"open","ping_status":"closed","template":"","meta":{"site-sidebar-layout":"default","site-content-layout":"default","ast-site-content-layout":"default","site-content-style":"default","site-sidebar-style":"default","ast-global-header-display":"","ast-banner-title-visibility":"","ast-main-header-display":"","ast-hfb-above-header-display":"","ast-hfb-below-header-display":"","ast-hfb-mobile-header-display":"","site-post-title":"","ast-breadcrumbs-content":"","ast-featured-img":"","footer-sml-layout":"","ast-disable-related-posts":"","theme-transparent-header-meta":"default","adv-header-id-meta":"","stick-header-meta":"","header-above-stick-meta":"","header-main-stick-meta":"","header-below-stick-meta":"","astra-migrate-meta-layouts":"set","ast-page-background-enabled":"default","ast-page-background-meta":{"desktop":{"background-color":"var(--ast-global-color-4)","background-image":"","background-repeat":"repeat","background-position":"center center","background-size":"auto","background-attachment":"scroll","background-type":"","background-media":"","overlay-type":"","overlay-color":"","overlay-opacity":"","overlay-gradient":""},"tablet":{"background-color":"","background-image":"","background-repeat":"repeat","background-position":"center center","background-size":"auto","background-attachment":"scroll","background-type":"","background-media":"","overlay-type":"","overlay-color":"","overlay-opacity":"","overlay-gradient":""},"mobile":{"background-color":"","background-image":"","background-repeat":"repeat","background-position":"center center","background-size":"auto","background-attachment":"scroll","background-type":"","background-media":"","overlay-type":"","overlay-color":"","overlay-opacity":"","overlay-gradient":""}},"ast-content-background-meta":{"desktop":{"background-color":"var(--ast-global-color-5)","background-image":"","background-repeat":"repeat","background-position":"center center","background-size":"auto","background-attachment":"scroll","background-type":"","background-media":"","overlay-type":"","overlay-color":"","overlay-opacity":"","overlay-gradient":""},"tablet":{"background-color":"var(--ast-global-color-5)","background-image":"","background-repeat":"repeat","background-position":"center center","background-size":"auto","background-attachment":"scroll","background-type":"","background-media":"","overlay-type":"","overlay-color":"","overlay-opacity":"","overlay-gradient":""},"mobile":{"background-color":"var(--ast-global-color-5)","background-image":"","background-repeat":"repeat","background-position":"center center","background-size":"auto","background-attachment":"scroll","background-type":"","background-media":"","overlay-type":"","overlay-color":"","overlay-opacity":"","overlay-gradient":""}}},"pwb-brand":[],"product_brand":[],"product_cat":[398,406],"product_tag":[],"class_list":{"0":"post-3362","1":"product","2":"type-product","3":"status-publish","4":"has-post-thumbnail","6":"product_cat-estructuras-placas-solares","7":"product_cat-estructuras-suelo","8":"desktop-align-left","9":"tablet-align-left","10":"mobile-align-left","11":"ast-product-gallery-layout-horizontal-slider","12":"ast-product-tabs-layout-horizontal","14":"first","15":"outofstock","16":"taxable","17":"shipping-taxable","18":"purchasable","19":"product-type-simple"},"wcpa_form_fields":null,"brands":[],"_links":{"self":[{"href":"https:\/\/fvcomponentes.com\/fr\/wp-json\/wp\/v2\/product\/3362","targetHints":{"allow":["GET"]}}],"collection":[{"href":"https:\/\/fvcomponentes.com\/fr\/wp-json\/wp\/v2\/product"}],"about":[{"href":"https:\/\/fvcomponentes.com\/fr\/wp-json\/wp\/v2\/types\/product"}],"replies":[{"embeddable":true,"href":"https:\/\/fvcomponentes.com\/fr\/wp-json\/wp\/v2\/comments?post=3362"}],"wp:featuredmedia":[{"embeddable":true,"href":"https:\/\/fvcomponentes.com\/fr\/wp-json\/wp\/v2\/media\/3352"}],"wp:attachment":[{"href":"https:\/\/fvcomponentes.com\/fr\/wp-json\/wp\/v2\/media?parent=3362"}],"wp:term":[{"taxonomy":"pwb-brand","embeddable":true,"href":"https:\/\/fvcomponentes.com\/fr\/wp-json\/wp\/v2\/pwb-brand?post=3362"},{"taxonomy":"product_brand","embeddable":true,"href":"https:\/\/fvcomponentes.com\/fr\/wp-json\/wp\/v2\/product_brand?post=3362"},{"taxonomy":"product_cat","embeddable":true,"href":"https:\/\/fvcomponentes.com\/fr\/wp-json\/wp\/v2\/product_cat?post=3362"},{"taxonomy":"product_tag","embeddable":true,"href":"https:\/\/fvcomponentes.com\/fr\/wp-json\/wp\/v2\/product_tag?post=3362"}],"curies":[{"name":"wp","href":"https:\/\/api.w.org\/{rel}","templated":true}]}}