{"id":33567,"date":"2025-11-18T15:55:19","date_gmt":"2025-11-18T14:55:19","guid":{"rendered":"https:\/\/fvcomponentes.com\/?post_type=product&#038;p=33567"},"modified":"2026-04-08T21:27:04","modified_gmt":"2026-04-08T19:27:04","slug":"victron-cable-from-ve-can-to-can-bus-for-bms-type-a-5m-ass030710150","status":"publish","type":"product","link":"https:\/\/fvcomponentes.com\/fr\/producto\/cable-victron-de-ve-can-a-can-bus-para-bms-tipo-a-5m-ass030710150\/","title":{"rendered":"Victron C\u00e2ble VE.Can vers CAN-bus pour BMS Type A 5m - ASS030710150"},"content":{"rendered":"<h2>Caract\u00e9ristiques du c\u00e2ble Victron VE.Can vers CAN-bus pour BMS type A 5m - ASS030710150<\/h2>\n<ul>\n<li>Utilisez le c\u00e2ble Victron VE.Can vers CAN-bus pour BMS type A 5m pour connecter une batterie CAN-bus d'une marque autre que Victron \u00e0 un syst\u00e8me Victron.<\/li>\n<li>Utilisez ces c\u00e2bles VE.Can vers CAN-bus pour connecter une batterie compatible CAN-bus \u00e0 un appareil GX, tel que le <a href=\"https:\/\/fvcomponentes.com\/fr\/produit\/victron-cerbo-gx-mk2-bpp900451100-victron-cerbo-mk2-monitor\/\" target=\"_blank\" rel=\"noopener\">Victron Cerbo GX MK2 Monitoring - BPP900451100<\/a>.<\/li>\n<li>Mod\u00e8les compatibles :\n<ul>\n<li><a href=\"https:\/\/fvcomponentes.com\/fr\/marque\/byd\/\" target=\"_blank\" rel=\"noopener\">Batteries BYD-Box<\/a><\/li>\n<li>Pylontech :\n<ul>\n<li><a href=\"https:\/\/fvcomponentes.com\/fr\/produit\/batterie-au-lithium-2-4-kwh-pylontech-us2000c-48-v\/\" target=\"_blank\" rel=\"noopener\">Pylontech Lithium Battery 2.4kWh - US2000C 48V<\/a><\/li>\n<li><a href=\"https:\/\/fvcomponentes.com\/fr\/produit\/batterie-lithium-3-6kwh-pylontech-us3000c-48v\/\" target=\"_blank\" rel=\"noopener\">Pylontech Lithium Battery 3.6kWh - US3000C 48V<\/a><\/li>\n<li><a href=\"https:\/\/fvcomponentes.com\/fr\/produit\/batterie-lithium-4-8kwh-pylontech-us5000-48v\/\" target=\"_blank\" rel=\"noopener\">Pylontech Lithium Battery 4.8kWh - US5000 48V<\/a><\/li>\n<li>UP5000<\/li>\n<li>Force-L<\/li>\n<\/ul>\n<\/li>\n<\/ul>\n<\/li>\n<\/ul>\n<p>Consulter le\u00a0<a href=\"https:\/\/fvcomponentes.com\/wp-content\/uploads\/2024\/09\/Cableado-sin-limites-Victron.pdf\" target=\"_blank\" rel=\"noopener\">manuel<\/a>\u00a0pour plus d'informations sur le c\u00e2ble \u00e0 utiliser en fonction de la marque de votre batterie.<\/p>\n<h2>Fiche technique Victron VE.Can vers c\u00e2ble CAN-bus pour BMS type A 5m - ASS030710150<\/h2>\n<p><a href=\"https:\/\/fvcomponentes.com\/wp-content\/uploads\/2025\/09\/ve.can_to_can-bus_bms_cables_manual.pdf\" target=\"_blank\" rel=\"noopener\">Voir la fiche technique du c\u00e2ble Victron VE.Can vers CAN-bus pour BMS type A 5m <\/a><\/p>","protected":false},"excerpt":{"rendered":"<p><strong>Longueur :<\/strong> 5m<\/p>","protected":false},"featured_media":33569,"comment_status":"closed","ping_status":"closed","template":"","meta":{"site-sidebar-layout":"default","site-content-layout":"","ast-site-content-layout":"default","site-content-style":"default","site-sidebar-style":"default","ast-global-header-display":"","ast-banner-title-visibility":"","ast-main-header-display":"","ast-hfb-above-header-display":"","ast-hfb-below-header-display":"","ast-hfb-mobile-header-display":"","site-post-title":"","ast-breadcrumbs-content":"","ast-featured-img":"","footer-sml-layout":"","ast-disable-related-posts":"","theme-transparent-header-meta":"default","adv-header-id-meta":"","stick-header-meta":"","header-above-stick-meta":"","header-main-stick-meta":"","header-below-stick-meta":"","astra-migrate-meta-layouts":"set","ast-page-background-enabled":"default","ast-page-background-meta":{"desktop":{"background-color":"var(--ast-global-color-4)","background-image":"","background-repeat":"repeat","background-position":"center center","background-size":"auto","background-attachment":"scroll","background-type":"","background-media":"","overlay-type":"","overlay-color":"","overlay-opacity":"","overlay-gradient":""},"tablet":{"background-color":"","background-image":"","background-repeat":"repeat","background-position":"center center","background-size":"auto","background-attachment":"scroll","background-type":"","background-media":"","overlay-type":"","overlay-color":"","overlay-opacity":"","overlay-gradient":""},"mobile":{"background-color":"","background-image":"","background-repeat":"repeat","background-position":"center center","background-size":"auto","background-attachment":"scroll","background-type":"","background-media":"","overlay-type":"","overlay-color":"","overlay-opacity":"","overlay-gradient":""}},"ast-content-background-meta":{"desktop":{"background-color":"var(--ast-global-color-5)","background-image":"","background-repeat":"repeat","background-position":"center center","background-size":"auto","background-attachment":"scroll","background-type":"","background-media":"","overlay-type":"","overlay-color":"","overlay-opacity":"","overlay-gradient":""},"tablet":{"background-color":"var(--ast-global-color-5)","background-image":"","background-repeat":"repeat","background-position":"center center","background-size":"auto","background-attachment":"scroll","background-type":"","background-media":"","overlay-type":"","overlay-color":"","overlay-opacity":"","overlay-gradient":""},"mobile":{"background-color":"var(--ast-global-color-5)","background-image":"","background-repeat":"repeat","background-position":"center center","background-size":"auto","background-attachment":"scroll","background-type":"","background-media":"","overlay-type":"","overlay-color":"","overlay-opacity":"","overlay-gradient":""}}},"pwb-brand":[332],"product_brand":[],"product_cat":[340,391,878],"product_tag":[],"class_list":{"0":"post-33567","1":"product","2":"type-product","3":"status-publish","4":"has-post-thumbnail","6":"pwb-brand-victron","7":"product_cat-baterias","8":"product_cat-accesorios-para-baterias","9":"product_cat-cables-victron","10":"desktop-align-left","11":"tablet-align-left","12":"mobile-align-left","13":"ast-product-gallery-layout-horizontal-slider","14":"ast-product-gallery-with-no-image","15":"ast-product-tabs-layout-horizontal","17":"first","18":"instock","19":"taxable","20":"shipping-taxable","21":"purchasable","22":"product-type-simple"},"wcpa_form_fields":null,"brands":[{"id":332,"name":"Victron Energy","slug":"victron"}],"_links":{"self":[{"href":"https:\/\/fvcomponentes.com\/fr\/wp-json\/wp\/v2\/product\/33567","targetHints":{"allow":["GET"]}}],"collection":[{"href":"https:\/\/fvcomponentes.com\/fr\/wp-json\/wp\/v2\/product"}],"about":[{"href":"https:\/\/fvcomponentes.com\/fr\/wp-json\/wp\/v2\/types\/product"}],"replies":[{"embeddable":true,"href":"https:\/\/fvcomponentes.com\/fr\/wp-json\/wp\/v2\/comments?post=33567"}],"wp:featuredmedia":[{"embeddable":true,"href":"https:\/\/fvcomponentes.com\/fr\/wp-json\/wp\/v2\/media\/33569"}],"wp:attachment":[{"href":"https:\/\/fvcomponentes.com\/fr\/wp-json\/wp\/v2\/media?parent=33567"}],"wp:term":[{"taxonomy":"pwb-brand","embeddable":true,"href":"https:\/\/fvcomponentes.com\/fr\/wp-json\/wp\/v2\/pwb-brand?post=33567"},{"taxonomy":"product_brand","embeddable":true,"href":"https:\/\/fvcomponentes.com\/fr\/wp-json\/wp\/v2\/product_brand?post=33567"},{"taxonomy":"product_cat","embeddable":true,"href":"https:\/\/fvcomponentes.com\/fr\/wp-json\/wp\/v2\/product_cat?post=33567"},{"taxonomy":"product_tag","embeddable":true,"href":"https:\/\/fvcomponentes.com\/fr\/wp-json\/wp\/v2\/product_tag?post=33567"}],"curies":[{"name":"wp","href":"https:\/\/api.w.org\/{rel}","templated":true}]}}