{"id":33560,"date":"2025-11-18T15:55:01","date_gmt":"2025-11-18T14:55:01","guid":{"rendered":"https:\/\/fvcomponentes.com\/?post_type=product&#038;p=33560"},"modified":"2026-04-08T21:27:19","modified_gmt":"2026-04-08T19:27:19","slug":"victron-cable-from-ve-can-to-can-bus-for-bms-type-b-18m-ass030720118","status":"publish","type":"product","link":"https:\/\/fvcomponentes.com\/fr\/producto\/cable-victron-de-ve-can-a-can-bus-para-bms-tipo-b-18m-ass030720118\/","title":{"rendered":"Victron VE.Can vers c\u00e2ble CAN-bus pour BMS type B 1.8m - ASS030720118"},"content":{"rendered":"<h2>Caract\u00e9ristiques du c\u00e2ble Victron VE.Can vers CAN-bus pour BMS type B 1,8m - ASS030720118<\/h2>\n<ul>\n<li>Utilisez le c\u00e2ble Victron VE.Can vers CAN-bus pour BMS type B 1,8m pour connecter une batterie CAN-bus d'une marque autre que Victron \u00e0 un syst\u00e8me Victron.<\/li>\n<li>Utilisez ces c\u00e2bles VE.Can vers CAN-bus pour connecter une batterie compatible CAN-bus \u00e0 un appareil GX, tel que le <a href=\"https:\/\/fvcomponentes.com\/fr\/produit\/victron-cerbo-gx-mk2-bpp900451100-victron-cerbo-mk2-monitor\/\" target=\"_blank\" rel=\"noopener\">Victron Cerbo GX MK2 Monitoring - BPP900451100<\/a>.<\/li>\n<li>Mod\u00e8les compatibles :\n<ul>\n<li class=\"level1\">\n<div class=\"li\">Stockage AXI 7S\/9S<\/div>\n<\/li>\n<li class=\"level1\">\n<div class=\"li\">BMZ<\/div>\n<\/li>\n<li class=\"level1\">\n<div class=\"li\">BSLBATT Pile au lithium<\/div>\n<\/li>\n<li class=\"level1\">\n<div class=\"li\">Hubble Lithium<\/div>\n<\/li>\n<li class=\"level1\">\n<div class=\"li\">LG Chem Resu<\/div>\n<\/li>\n<li class=\"level1\">\n<div class=\"li\">Pylontech<\/div>\n<ul>\n<li class=\"level1\">\n<div class=\"li\">US2000\/US3000<\/div>\n<\/li>\n<li class=\"level1\">\n<div class=\"li\"><a href=\"https:\/\/fvcomponentes.com\/fr\/produit\/batterie-lithium-2-84kwh-pylontech-up2500-24v\/\" target=\"_blank\" rel=\"noopener\">Batterie au lithium 2,84kWh Pylontech UP2500 24V<\/a><\/div>\n<\/li>\n<\/ul>\n<\/li>\n<li class=\"level1\">\n<div class=\"li\">Solar MD BMS EX<\/div>\n<\/li>\n<li class=\"level1\">\n<div class=\"li\">La libert\u00e9 gagn\u00e9e eTower<\/div>\n<\/li>\n<\/ul>\n<\/li>\n<\/ul>\n<p>Consulter le\u00a0<a href=\"https:\/\/fvcomponentes.com\/wp-content\/uploads\/2024\/09\/Cableado-sin-limites-Victron.pdf\" target=\"_blank\" rel=\"noopener\">manuel<\/a>\u00a0pour plus d'informations sur le c\u00e2ble \u00e0 utiliser en fonction de la marque de votre batterie.<\/p>\n<h2>Fiche technique Victron VE.Can vers c\u00e2ble CAN-bus pour BMS type B 1,8m - ASS030720118<\/h2>\n<p><a href=\"https:\/\/fvcomponentes.com\/wp-content\/uploads\/2025\/09\/ve.can_to_can-bus_bms_cables_manual.pdf\" target=\"_blank\" rel=\"noopener\">Voir la fiche technique Victron VE.Can to CAN-bus Cable for BMS type B 1,8m<\/a><\/p>","protected":false},"excerpt":{"rendered":"<p><strong>Longueur :<\/strong> 1,8 m<\/p>","protected":false},"featured_media":33562,"comment_status":"closed","ping_status":"closed","template":"","meta":{"site-sidebar-layout":"default","site-content-layout":"","ast-site-content-layout":"default","site-content-style":"default","site-sidebar-style":"default","ast-global-header-display":"","ast-banner-title-visibility":"","ast-main-header-display":"","ast-hfb-above-header-display":"","ast-hfb-below-header-display":"","ast-hfb-mobile-header-display":"","site-post-title":"","ast-breadcrumbs-content":"","ast-featured-img":"","footer-sml-layout":"","ast-disable-related-posts":"","theme-transparent-header-meta":"default","adv-header-id-meta":"","stick-header-meta":"","header-above-stick-meta":"","header-main-stick-meta":"","header-below-stick-meta":"","astra-migrate-meta-layouts":"set","ast-page-background-enabled":"default","ast-page-background-meta":{"desktop":{"background-color":"var(--ast-global-color-4)","background-image":"","background-repeat":"repeat","background-position":"center center","background-size":"auto","background-attachment":"scroll","background-type":"","background-media":"","overlay-type":"","overlay-color":"","overlay-opacity":"","overlay-gradient":""},"tablet":{"background-color":"","background-image":"","background-repeat":"repeat","background-position":"center center","background-size":"auto","background-attachment":"scroll","background-type":"","background-media":"","overlay-type":"","overlay-color":"","overlay-opacity":"","overlay-gradient":""},"mobile":{"background-color":"","background-image":"","background-repeat":"repeat","background-position":"center center","background-size":"auto","background-attachment":"scroll","background-type":"","background-media":"","overlay-type":"","overlay-color":"","overlay-opacity":"","overlay-gradient":""}},"ast-content-background-meta":{"desktop":{"background-color":"var(--ast-global-color-5)","background-image":"","background-repeat":"repeat","background-position":"center center","background-size":"auto","background-attachment":"scroll","background-type":"","background-media":"","overlay-type":"","overlay-color":"","overlay-opacity":"","overlay-gradient":""},"tablet":{"background-color":"var(--ast-global-color-5)","background-image":"","background-repeat":"repeat","background-position":"center center","background-size":"auto","background-attachment":"scroll","background-type":"","background-media":"","overlay-type":"","overlay-color":"","overlay-opacity":"","overlay-gradient":""},"mobile":{"background-color":"var(--ast-global-color-5)","background-image":"","background-repeat":"repeat","background-position":"center center","background-size":"auto","background-attachment":"scroll","background-type":"","background-media":"","overlay-type":"","overlay-color":"","overlay-opacity":"","overlay-gradient":""}}},"pwb-brand":[332],"product_brand":[],"product_cat":[340,391,878],"product_tag":[],"class_list":{"0":"post-33560","1":"product","2":"type-product","3":"status-publish","4":"has-post-thumbnail","6":"pwb-brand-victron","7":"product_cat-baterias","8":"product_cat-accesorios-para-baterias","9":"product_cat-cables-victron","10":"desktop-align-left","11":"tablet-align-left","12":"mobile-align-left","13":"ast-product-gallery-layout-horizontal-slider","14":"ast-product-tabs-layout-horizontal","16":"first","17":"outofstock","18":"taxable","19":"shipping-taxable","20":"purchasable","21":"product-type-simple"},"wcpa_form_fields":null,"brands":[{"id":332,"name":"Victron Energy","slug":"victron"}],"_links":{"self":[{"href":"https:\/\/fvcomponentes.com\/fr\/wp-json\/wp\/v2\/product\/33560","targetHints":{"allow":["GET"]}}],"collection":[{"href":"https:\/\/fvcomponentes.com\/fr\/wp-json\/wp\/v2\/product"}],"about":[{"href":"https:\/\/fvcomponentes.com\/fr\/wp-json\/wp\/v2\/types\/product"}],"replies":[{"embeddable":true,"href":"https:\/\/fvcomponentes.com\/fr\/wp-json\/wp\/v2\/comments?post=33560"}],"wp:featuredmedia":[{"embeddable":true,"href":"https:\/\/fvcomponentes.com\/fr\/wp-json\/wp\/v2\/media\/33562"}],"wp:attachment":[{"href":"https:\/\/fvcomponentes.com\/fr\/wp-json\/wp\/v2\/media?parent=33560"}],"wp:term":[{"taxonomy":"pwb-brand","embeddable":true,"href":"https:\/\/fvcomponentes.com\/fr\/wp-json\/wp\/v2\/pwb-brand?post=33560"},{"taxonomy":"product_brand","embeddable":true,"href":"https:\/\/fvcomponentes.com\/fr\/wp-json\/wp\/v2\/product_brand?post=33560"},{"taxonomy":"product_cat","embeddable":true,"href":"https:\/\/fvcomponentes.com\/fr\/wp-json\/wp\/v2\/product_cat?post=33560"},{"taxonomy":"product_tag","embeddable":true,"href":"https:\/\/fvcomponentes.com\/fr\/wp-json\/wp\/v2\/product_tag?post=33560"}],"curies":[{"name":"wp","href":"https:\/\/api.w.org\/{rel}","templated":true}]}}