{"id":3344,"date":"2021-04-22T08:11:53","date_gmt":"2021-04-22T06:11:53","guid":{"rendered":"https:\/\/fvcomponentes.com\/producto\/adaptador-victron-ve-bus-smart-dongle\/"},"modified":"2026-04-08T21:30:49","modified_gmt":"2026-04-08T19:30:49","slug":"victron-ve-bus-smart-dongle-adapter","status":"publish","type":"product","link":"https:\/\/fvcomponentes.com\/fr\/producto\/adaptador-victron-ve-bus-smart-dongle\/","title":{"rendered":"Victron VE.Bus Smart Dongle Adapter - ASS030537010"},"content":{"rendered":"<h2>Victron VE.Bus Smart Dongle Adapter<\/h2>\n<div class=\"oSioSc\">\n<div id=\"tw-target\">\n<div id=\"tw-target-text-container\" class=\"gsrt tw-ta-container tw-nfl\">\n<p id=\"tw-target-text\" class=\"tw-data-text tw-ta tw-text-small\" dir=\"ltr\"><span lang=\"es\">Le VE.Bus Smart Dongle de Victron est une interface VE.Bus compatible Bluetooth Smart avec un capteur de temp\u00e9rature et de tension de la batterie. Ce dispositif communique les informations du syst\u00e8me directement \u00e0 votre smartphone, en utilisant l'application gratuite. <a href=\"https:\/\/www.victronenergy.com.es\/panel-systems-remote-monitoring\/victronconnect\" target=\"_blank\" rel=\"noopener\">VictronConnect.<\/a><\/span><\/p>\n<\/div>\n<\/div>\n<\/div>\n<h2>Caract\u00e9ristiques<\/h2>\n<p>Il s'agit d'un accessoire Bluetooth pour la gamme d'onduleurs\/chargeurs : Multis, MultiPlus, MultiPlus-II, MultiGrid, MultiGrid-II, Quattros et la s\u00e9rie d'onduleurs Phoenix avec un port VE.Bus.<\/p>\n<p>Une fois install\u00e9, utilisez l'application VictronConnect pour surveiller les performances et \u00e9galement faire fonctionner le syst\u00e8me : vous pouvez modifier la limite de courant d'entr\u00e9e et basculer entre les modes Off, On et Charger Only.<\/p>\n<p>Deuxi\u00e8mement, il peut servir de dispositif de d\u00e9tection de la tension et de la temp\u00e9rature pour l'onduleur\/chargeur. Cela fonctionne avec tous les mod\u00e8les, mais est particuli\u00e8rement utile en combinaison avec le MultiPlus-II, car il n'a pas de bornes int\u00e9gr\u00e9es pour le c\u00e2blage de d\u00e9tection de la tension et de la temp\u00e9rature.<\/p>\n<p>Pour la surveillance, l'appareil est une excellente alternative pour les caravanes, les petits yachts et les camping-cars pour lesquels Color Control GX ou Venus GX sont trop \u00e9loign\u00e9s.<\/p>\n<p>Smart Dongle fonctionne avec d'autres produits <a href=\"https:\/\/fvcomponentes.com\/fr\/marque\/victron\/\" target=\"_blank\" rel=\"noopener\">Victron<\/a> avec les ports VE.Direct.<\/p>\n<p>Il est compatible avec les onduleurs Phoenix, les r\u00e9gulateurs de charge MPPT et les moniteurs BMV, entre autres.<\/p>\n<h2>Fiche technique Victron VE.Bus Smart Dongle Adapter - ASS030537010<\/h2>\n<p><a href=\"https:\/\/fvcomponentes.com\/wp-content\/uploads\/2025\/09\/temperature_sensors.pdf\" target=\"_blank\" rel=\"noopener\">Voir la fiche technique de Victron VE.Bus Smart Dongle Adapter - ASS030537010<\/a><\/p>","protected":false},"excerpt":{"rendered":"<p>VE avec Bluetooth Smart. Le VE. Bus Smart Dongle combine deux appareils en un. D'une part, la connexion Bluetooth et VE. Bus et, d'autre part, la d\u00e9tection de la tension et de la temp\u00e9rature de l'onduleur\/chargeur.<\/p>\n<p>Contient :<\/p>\n<ol>\n<li class=\"level1\">\n<div class=\"li\">Dongle intelligent VE.Bus<\/div>\n<\/li>\n<li class=\"level1\">\n<div class=\"li\">C\u00e2ble rouge (+) de connexion \u00e0 la batterie avec passe-fil de 10 mm et fusible en ligne.<\/div>\n<\/li>\n<li class=\"level1\">\n<div class=\"li\">C\u00e2ble de connexion \u00e0 la batterie noir (-) avec passe-fil de 10 mm<\/div>\n<\/li>\n<li class=\"level1\">\n<div class=\"li\">Bloc de connexion avec bornes \u00e0 vis.<\/div>\n<\/li>\n<\/ol>","protected":false},"featured_media":3346,"comment_status":"open","ping_status":"closed","template":"","meta":{"site-sidebar-layout":"default","site-content-layout":"default","ast-site-content-layout":"default","site-content-style":"default","site-sidebar-style":"default","ast-global-header-display":"","ast-banner-title-visibility":"","ast-main-header-display":"","ast-hfb-above-header-display":"","ast-hfb-below-header-display":"","ast-hfb-mobile-header-display":"","site-post-title":"","ast-breadcrumbs-content":"","ast-featured-img":"","footer-sml-layout":"","ast-disable-related-posts":"","theme-transparent-header-meta":"default","adv-header-id-meta":"","stick-header-meta":"","header-above-stick-meta":"","header-main-stick-meta":"","header-below-stick-meta":"","astra-migrate-meta-layouts":"set","ast-page-background-enabled":"default","ast-page-background-meta":{"desktop":{"background-color":"var(--ast-global-color-4)","background-image":"","background-repeat":"repeat","background-position":"center center","background-size":"auto","background-attachment":"scroll","background-type":"","background-media":"","overlay-type":"","overlay-color":"","overlay-opacity":"","overlay-gradient":""},"tablet":{"background-color":"","background-image":"","background-repeat":"repeat","background-position":"center center","background-size":"auto","background-attachment":"scroll","background-type":"","background-media":"","overlay-type":"","overlay-color":"","overlay-opacity":"","overlay-gradient":""},"mobile":{"background-color":"","background-image":"","background-repeat":"repeat","background-position":"center center","background-size":"auto","background-attachment":"scroll","background-type":"","background-media":"","overlay-type":"","overlay-color":"","overlay-opacity":"","overlay-gradient":""}},"ast-content-background-meta":{"desktop":{"background-color":"var(--ast-global-color-5)","background-image":"","background-repeat":"repeat","background-position":"center center","background-size":"auto","background-attachment":"scroll","background-type":"","background-media":"","overlay-type":"","overlay-color":"","overlay-opacity":"","overlay-gradient":""},"tablet":{"background-color":"var(--ast-global-color-5)","background-image":"","background-repeat":"repeat","background-position":"center center","background-size":"auto","background-attachment":"scroll","background-type":"","background-media":"","overlay-type":"","overlay-color":"","overlay-opacity":"","overlay-gradient":""},"mobile":{"background-color":"var(--ast-global-color-5)","background-image":"","background-repeat":"repeat","background-position":"center center","background-size":"auto","background-attachment":"scroll","background-type":"","background-media":"","overlay-type":"","overlay-color":"","overlay-opacity":"","overlay-gradient":""}}},"pwb-brand":[332],"product_brand":[],"product_cat":[351,878,333,410],"product_tag":[],"class_list":{"0":"post-3344","1":"product","2":"type-product","3":"status-publish","4":"has-post-thumbnail","6":"pwb-brand-victron","7":"product_cat-accesorios","8":"product_cat-cables-victron","9":"product_cat-inversores","10":"product_cat-material-electrico","11":"desktop-align-left","12":"tablet-align-left","13":"mobile-align-left","14":"ast-product-gallery-layout-horizontal-slider","15":"ast-product-tabs-layout-horizontal","17":"first","18":"instock","19":"taxable","20":"shipping-taxable","21":"purchasable","22":"product-type-simple"},"wcpa_form_fields":null,"brands":[{"id":332,"name":"Victron Energy","slug":"victron"}],"_links":{"self":[{"href":"https:\/\/fvcomponentes.com\/fr\/wp-json\/wp\/v2\/product\/3344","targetHints":{"allow":["GET"]}}],"collection":[{"href":"https:\/\/fvcomponentes.com\/fr\/wp-json\/wp\/v2\/product"}],"about":[{"href":"https:\/\/fvcomponentes.com\/fr\/wp-json\/wp\/v2\/types\/product"}],"replies":[{"embeddable":true,"href":"https:\/\/fvcomponentes.com\/fr\/wp-json\/wp\/v2\/comments?post=3344"}],"wp:featuredmedia":[{"embeddable":true,"href":"https:\/\/fvcomponentes.com\/fr\/wp-json\/wp\/v2\/media\/3346"}],"wp:attachment":[{"href":"https:\/\/fvcomponentes.com\/fr\/wp-json\/wp\/v2\/media?parent=3344"}],"wp:term":[{"taxonomy":"pwb-brand","embeddable":true,"href":"https:\/\/fvcomponentes.com\/fr\/wp-json\/wp\/v2\/pwb-brand?post=3344"},{"taxonomy":"product_brand","embeddable":true,"href":"https:\/\/fvcomponentes.com\/fr\/wp-json\/wp\/v2\/product_brand?post=3344"},{"taxonomy":"product_cat","embeddable":true,"href":"https:\/\/fvcomponentes.com\/fr\/wp-json\/wp\/v2\/product_cat?post=3344"},{"taxonomy":"product_tag","embeddable":true,"href":"https:\/\/fvcomponentes.com\/fr\/wp-json\/wp\/v2\/product_tag?post=3344"}],"curies":[{"name":"wp","href":"https:\/\/api.w.org\/{rel}","templated":true}]}}