{"id":3323,"date":"2021-03-30T14:23:43","date_gmt":"2021-03-30T12:23:43","guid":{"rendered":"https:\/\/fvcomponentes.com\/producto\/panel-solar-victron-bluesolar-90w-12v-monocristalino-series-4a\/"},"modified":"2026-01-15T10:05:47","modified_gmt":"2026-01-15T09:05:47","slug":"victron-bluesolar-solar-panel-90w-12v-monocrystalline-4a-series","status":"publish","type":"product","link":"https:\/\/fvcomponentes.com\/fr\/producto\/panel-solar-victron-bluesolar-90w-12v-monocristalino-series-4a\/","title":{"rendered":"Panneau solaire Victron BlueSolar 90W-12V monocristallin 4a series - SPM040901200"},"content":{"rendered":"<h2>Panneaux monocristallins<\/h2>\n<p dir=\"ltr\">Les cellules en silicium monocristallin du panneau solaire BlueSolar 90W-12V sont fabriqu\u00e9es \u00e0 partir de lingots (blocs de silicium cylindriques). Les quatre c\u00f4t\u00e9s du cylindre sont coup\u00e9s, ce qui gaspille beaucoup de silicium et donne des feuilles aux bords arrondis. Les cristaux sont donc d'une grande puret\u00e9, ce qui augmente le rendement de chaque cellule. Les plaques de ce mat\u00e9riau sont g\u00e9n\u00e9ralement plus fonc\u00e9es, le plus souvent de couleur noire.<\/p>\n<p style=\"font-weight: 400\"><span style=\"font-style: inherit;font-weight: inherit\"><strong>Panneaux solaires monocristallins,<\/strong> \u00e9tant plus efficaces, ils sont capables de produire beaucoup plus d'\u00e9nergie dans un espace r\u00e9duit. C'est pourquoi ils constituent un choix \u00e0 envisager lorsque la surface d'installation des panneaux est r\u00e9duite. En produisant plus d'\u00e9nergie par surface r\u00e9duite, il est possible de r\u00e9aliser des \u00e9conomies plus importantes qu'avec les panneaux polycristallins.\u00a0<\/span><\/p>\n<h2>Caract\u00e9ristiques du panneau solaire monocristallin BlueSolar s\u00e9rie 4a 90W-12V<\/h2>\n<p>- Le faible coefficient tension-temp\u00e9rature am\u00e9liore le fonctionnement \u00e0 haute temp\u00e9rature.<br \/>\n- Performances exceptionnelles en basse lumi\u00e8re et haute sensibilit\u00e9 \u00e0 la lumi\u00e8re sur l'ensemble du spectre solaire.<br \/>\n- Les diodes de d\u00e9rivation \u00e0 haute performance minimisent les baisses de puissance caus\u00e9es par les ombres.<br \/>\n- Le syst\u00e8me d'encapsulation EVA (\u00e9thyl\u00e8ne-ac\u00e9tate de vinyle) avanc\u00e9 avec des feuilles arri\u00e8re \u00e0 triple couche r\u00e9pond aux exigences les plus \u00e9lev\u00e9es en mati\u00e8re de fonctionnement \u00e0 haute tension.<br \/>\n- Un cadre robuste en aluminium galvanis\u00e9 permet d'installer les modules sur le toit \u00e0 l'aide de divers syst\u00e8mes de montage standard.<br \/>\n- Le verre tremp\u00e9 de haute qualit\u00e9 \u00e0 haute transmission am\u00e9liore la robustesse et la r\u00e9sistance aux chocs.<br \/>\n- La bo\u00eete de jonction scell\u00e9e, \u00e9tanche et multifonctionnelle offre un niveau de s\u00e9curit\u00e9 \u00e9lev\u00e9.<br \/>\n- Pr\u00e9-c\u00e2bl\u00e9 avec des connecteurs rapides PV-ST01.<\/p>\n<h2>Garanties<\/h2>\n<p><a href=\"https:\/\/www.victronenergy.com.es\/\" target=\"_blank\" rel=\"noopener\">Victron<\/a> offre les meilleures garanties sur tous ses produits. Pour les panneaux solaires BlueSolar, cette garantie s'\u00e9tend sur une dur\u00e9e limit\u00e9e de 25 ans pour la fourniture d'\u00e9nergie et les performances. Elle garantit \u00e9galement la qualit\u00e9 des mat\u00e9riaux et le professionnalisme des installateurs en offrant une garantie limit\u00e9e de 5 ans sur les mat\u00e9riaux et la main-d'\u0153uvre.<br \/>\n<strong>Chez ICIDE, nous sommes le service technique officiel de Victron.<\/strong><\/p>\n<h2>Fiche technique Panneau solaire Victron BlueSolar 90W-12V monocristallin s\u00e9rie 4a - SPM040901200<\/h2>\n<p><a href=\"https:\/\/fvcomponentes.com\/wp-content\/uploads\/2021\/03\/Paneles-solares-monocristalinos.pdf\" target=\"_blank\" rel=\"noopener\">Voir la fiche technique de BlueSolar Monocrystalline Solar Panel 4a series 90W-12V - SPM040901200\u00a0<\/a><\/p>\n<h2>Panneau solaire manuel Victron BlueSolar 90W-12V monocristallin 4a series - SPM040901200<\/h2>\n<p><a href=\"https:\/\/fvcomponentes.com\/wp-content\/uploads\/2025\/10\/Installation-Manual-BlueSolar-Panels-EN-NL-FR-DE-ES-SE.pdf\" target=\"_blank\" rel=\"noopener\">View Victron BlueSolar 90W-12V Monocrystalline Series 4a Solar Panel manual - SPM040901200<\/a><\/p>","protected":false},"excerpt":{"rendered":"<p>Paneles monocristalinos Las c\u00e9lulas de silicio monocristalino del Panel solar BlueSolar 90W-12V se fabrican a partir de Ingots (bloques de silicio cil\u00edndricos). Se cortan los cuatro lados del cilindro, con lo que se derrocha abundante silicio y se hacen l\u00e1minas con bordes redondeados. Por tanto, los cristales tienen una pureza elevada, lo que provoca que [&hellip;]<\/p>\n","protected":false},"featured_media":3320,"comment_status":"open","ping_status":"closed","template":"","meta":{"site-sidebar-layout":"default","site-content-layout":"default","ast-site-content-layout":"default","site-content-style":"default","site-sidebar-style":"default","ast-global-header-display":"","ast-banner-title-visibility":"","ast-main-header-display":"","ast-hfb-above-header-display":"","ast-hfb-below-header-display":"","ast-hfb-mobile-header-display":"","site-post-title":"","ast-breadcrumbs-content":"","ast-featured-img":"","footer-sml-layout":"","ast-disable-related-posts":"","theme-transparent-header-meta":"default","adv-header-id-meta":"","stick-header-meta":"","header-above-stick-meta":"","header-main-stick-meta":"","header-below-stick-meta":"","astra-migrate-meta-layouts":"set","ast-page-background-enabled":"default","ast-page-background-meta":{"desktop":{"background-color":"var(--ast-global-color-4)","background-image":"","background-repeat":"repeat","background-position":"center center","background-size":"auto","background-attachment":"scroll","background-type":"","background-media":"","overlay-type":"","overlay-color":"","overlay-opacity":"","overlay-gradient":""},"tablet":{"background-color":"","background-image":"","background-repeat":"repeat","background-position":"center center","background-size":"auto","background-attachment":"scroll","background-type":"","background-media":"","overlay-type":"","overlay-color":"","overlay-opacity":"","overlay-gradient":""},"mobile":{"background-color":"","background-image":"","background-repeat":"repeat","background-position":"center center","background-size":"auto","background-attachment":"scroll","background-type":"","background-media":"","overlay-type":"","overlay-color":"","overlay-opacity":"","overlay-gradient":""}},"ast-content-background-meta":{"desktop":{"background-color":"var(--ast-global-color-5)","background-image":"","background-repeat":"repeat","background-position":"center center","background-size":"auto","background-attachment":"scroll","background-type":"","background-media":"","overlay-type":"","overlay-color":"","overlay-opacity":"","overlay-gradient":""},"tablet":{"background-color":"var(--ast-global-color-5)","background-image":"","background-repeat":"repeat","background-position":"center center","background-size":"auto","background-attachment":"scroll","background-type":"","background-media":"","overlay-type":"","overlay-color":"","overlay-opacity":"","overlay-gradient":""},"mobile":{"background-color":"var(--ast-global-color-5)","background-image":"","background-repeat":"repeat","background-position":"center center","background-size":"auto","background-attachment":"scroll","background-type":"","background-media":"","overlay-type":"","overlay-color":"","overlay-opacity":"","overlay-gradient":""}}},"pwb-brand":[332],"product_brand":[],"product_cat":[395,396],"product_tag":[],"class_list":{"0":"post-3323","1":"product","2":"type-product","3":"status-publish","4":"has-post-thumbnail","6":"pwb-brand-victron","7":"product_cat-placas-solares","8":"product_cat-placas-solares-12-v","9":"product_shipping_class-paneles","10":"desktop-align-left","11":"tablet-align-left","12":"mobile-align-left","13":"ast-product-gallery-layout-horizontal-slider","14":"ast-product-gallery-with-no-image","15":"ast-product-tabs-layout-horizontal","17":"first","18":"instock","19":"taxable","20":"shipping-taxable","21":"purchasable","22":"product-type-simple"},"wcpa_form_fields":null,"brands":[{"id":332,"name":"Victron Energy","slug":"victron"}],"_links":{"self":[{"href":"https:\/\/fvcomponentes.com\/fr\/wp-json\/wp\/v2\/product\/3323","targetHints":{"allow":["GET"]}}],"collection":[{"href":"https:\/\/fvcomponentes.com\/fr\/wp-json\/wp\/v2\/product"}],"about":[{"href":"https:\/\/fvcomponentes.com\/fr\/wp-json\/wp\/v2\/types\/product"}],"replies":[{"embeddable":true,"href":"https:\/\/fvcomponentes.com\/fr\/wp-json\/wp\/v2\/comments?post=3323"}],"wp:featuredmedia":[{"embeddable":true,"href":"https:\/\/fvcomponentes.com\/fr\/wp-json\/wp\/v2\/media\/3320"}],"wp:attachment":[{"href":"https:\/\/fvcomponentes.com\/fr\/wp-json\/wp\/v2\/media?parent=3323"}],"wp:term":[{"taxonomy":"pwb-brand","embeddable":true,"href":"https:\/\/fvcomponentes.com\/fr\/wp-json\/wp\/v2\/pwb-brand?post=3323"},{"taxonomy":"product_brand","embeddable":true,"href":"https:\/\/fvcomponentes.com\/fr\/wp-json\/wp\/v2\/product_brand?post=3323"},{"taxonomy":"product_cat","embeddable":true,"href":"https:\/\/fvcomponentes.com\/fr\/wp-json\/wp\/v2\/product_cat?post=3323"},{"taxonomy":"product_tag","embeddable":true,"href":"https:\/\/fvcomponentes.com\/fr\/wp-json\/wp\/v2\/product_tag?post=3323"}],"curies":[{"name":"wp","href":"https:\/\/api.w.org\/{rel}","templated":true}]}}