{"id":33221,"date":"2025-11-24T09:05:23","date_gmt":"2025-11-24T08:05:23","guid":{"rendered":"https:\/\/fvcomponentes.com\/?post_type=product&#038;p=33221"},"modified":"2025-11-24T09:05:24","modified_gmt":"2025-11-24T08:05:24","slug":"batterie-tab-opzs-element-tubulaire-pb-ouvert-2v-600ah-6-opzs-600","status":"publish","type":"product","link":"https:\/\/fvcomponentes.com\/fr\/producto\/bateria-tab-opzs-elemento-tubular-de-pb-abierto-2v-600ah-6-opzs-600\/","title":{"rendered":"Batterie TAB OPzS \u00c9l\u00e9ment tubulaire PB ouvert 2V\/600Ah \u2013 6 OPzS 600"},"content":{"rendered":"<p data-start=\"2473\" data-end=\"2816\">Les <strong data-start=\"2476\" data-end=\"2497\">TAB OPzS 2V\/600 Ah<\/strong>Il s'agit d'une batterie stationnaire au plomb-acide ventil\u00e9e, fabriqu\u00e9e avec <strong data-start=\"2566\" data-end=\"2596\">plaques tubulaires positives<\/strong> et \u00e9lectrolyte liquide. Elle est con\u00e7ue pour offrir <strong data-start=\"2647\" data-end=\"2727\">haute fiabilit\u00e9, longue dur\u00e9e de vie et excellentes performances en cycles profonds<\/strong>, une solution professionnelle pour les syst\u00e8mes qui ont besoin d'une \u00e9nergie stable et durable.<\/p>\n<p data-start=\"2818\" data-end=\"3009\">Particuli\u00e8rement recommand\u00e9 pour <strong data-start=\"2849\" data-end=\"2883\">installations solaires isol\u00e9es<\/strong>, t\u00e9l\u00e9communications, syst\u00e8mes UPS, \u00e9clairage de secours, sous-stations, contr\u00f4le industriel et applications critiques 24h\/24, 7j\/7.<\/p>\n<h3 data-start=\"1220\" data-end=\"1296\"><strong data-start=\"1225\" data-end=\"1296\">Pourquoi choisir une batterie OPzS TAB pour l'\u00e9nergie solaire et industrielle ?<\/strong><\/h3>\n<p data-start=\"1297\" data-end=\"1348\">La technologie OPzS est l'une des plus utilis\u00e9es dans :<\/p>\n<ul>\n<li data-start=\"1352\" data-end=\"1384\">Installations solaires isol\u00e9es<\/li>\n<li data-start=\"1387\" data-end=\"1407\">T\u00e9l\u00e9communications<\/li>\n<li data-start=\"1410\" data-end=\"1424\">Syst\u00e8mes UPS<\/li>\n<li data-start=\"1427\" data-end=\"1454\">\u00c9clairage de secours<\/li>\n<li data-start=\"1457\" data-end=\"1493\">Sous-stations et centres de contr\u00f4le<\/li>\n<li data-start=\"1496\" data-end=\"1528\">Syst\u00e8mes auxiliaires et critiques<\/li>\n<\/ul>\n<p data-start=\"1530\" data-end=\"1624\">Sa conception tubulaire garantit <strong data-start=\"1558\" data-end=\"1623\">stabilit\u00e9, durabilit\u00e9 et co\u00fbt par cycle tr\u00e8s comp\u00e9titif<\/strong>.<\/p>\n<h2>Principaux avantages de la batterie TAB OPzS \u00c9l\u00e9ment tubulaire ouvert en plomb 2 V\/600 Ah \u2013 6 OPzS 600<\/h2>\n<h3>Longue dur\u00e9e de vie<\/h3>\n<p>Gr\u00e2ce \u00e0 leur construction tubulaire, \u00e0 leurs mat\u00e9riaux de qualit\u00e9 et \u00e0 leur conception robuste, ces batteries offrent un cycle de vie sup\u00e9rieur \u00e0 celui de nombreuses batteries plomb-acide conventionnelles.<br \/>\nSa dur\u00e9e de vie peut atteindre 15 \u00e0 20 ans en utilisation stationnaire, avec un entretien ad\u00e9quat.<\/p>\n<h3 data-start=\"1887\" data-end=\"1944\"><strong data-start=\"1893\" data-end=\"1944\">Excellentes performances dans les plong\u00e9es profondes<\/strong><\/h3>\n<p data-start=\"1945\" data-end=\"2065\">Con\u00e7ues pour des applications stationnaires et \u00e0 cycle profond, elles permettent un plus grand nombre de cycles (1 000 \u00e0 1 500) lorsqu'elles sont utilis\u00e9es correctement (d\u00e9charges \u00e0 50 % ou moins), gr\u00e2ce \u00e0 leur conception tubulaire.<\/p>\n<h3 data-start=\"2067\" data-end=\"2102\"><strong data-start=\"2073\" data-end=\"2102\">Faible entretien<\/strong><\/h3>\n<p>Bien qu'il s'agisse de batteries ouvertes (ventil\u00e9es), leur conception pr\u00e9sente plusieurs avantages qui facilitent leur entretien :<\/p>\n<ul>\n<li data-start=\"2105\" data-end=\"2141\">Faible autod\u00e9charge (\u22482\u20133 % par mois).<\/li>\n<li data-start=\"2144\" data-end=\"2207\">Intervalles de remplissage espac\u00e9s (environ tous les 2 ans \u00e0 20 \u00b0C).<\/li>\n<li data-start=\"2210\" data-end=\"2261\">R\u00e9cipient transparent facilitant l'inspection.<\/li>\n<\/ul>\n<h3>Large plage de temp\u00e9ratures de fonctionnement<\/h3>\n<p>Cette batterie conserve des performances stables m\u00eame dans des environnements chauds ou froids gr\u00e2ce \u00e0 sa plage de temp\u00e9rature de fonctionnement, qui varie entre -20 \u00b0C et +55 \u00b0C, bien qu'il soit recommand\u00e9 de la maintenir entre 20 \u00b0C et 25 \u00b0C.<\/p>\n<p>Gr\u00e2ce \u00e0 ses excellentes performances \u00e0 haute et basse temp\u00e9rature et \u00e0 sa r\u00e9sistance aux d\u00e9charges prolong\u00e9es, la gamme OPzS fonctionne de mani\u00e8re fiable m\u00eame dans les environnements exigeants.<\/p>\n<h3>Flexibilit\u00e9 pour les grandes et petites installations<\/h3>\n<p>En utilisant des cellules de 2 V, il est possible de configurer plusieurs tensions (12 V, 24 V, 48 V) et capacit\u00e9s en fonction du nombre de cellules en s\u00e9rie\/parall\u00e8le, ce qui est tr\u00e8s utile dans les installations solaires, les t\u00e9l\u00e9communications, le stockage d'\u00e9nergie, etc.<\/p>\n<h3 data-start=\"1945\" data-end=\"2065\">Co\u00fbt par cycle tr\u00e8s comp\u00e9titif<\/h3>\n<p data-start=\"1945\" data-end=\"2065\">La gamme OPzS offre l'un des meilleurs co\u00fbts par cycle dans le domaine de la technologie plomb-acide, combinant une dur\u00e9e de vie pouvant atteindre 15 \u00e0 20 ans avec 1 000 \u00e0 1 500 cycles r\u00e9els \u00e0 50 % de profondeur de d\u00e9charge (DoD). Cela se traduit par un co\u00fbt total de possession nettement inf\u00e9rieur \u00e0 celui des batteries AGM ou GEL dans les applications stationnaires.<\/p>\n<h2>Sp\u00e9cifications op\u00e9rationnelles et \u00e9lectriques de la batterie TAB OPzS \u00c9l\u00e9ment tubulaire Pb ouvert 2 V\/600 Ah \u2013 6 OPzS 600<\/h2>\n<ul>\n<li><strong>Tension nominale par cellule :<\/strong> 2 V<\/li>\n<li><strong>Capacit\u00e9 nominale :<\/strong>\n<ul>\n<li>C5 : 582 Ah<\/li>\n<li>C10 : 685 Ah<\/li>\n<li>C100 : 903 Ah<\/li>\n<\/ul>\n<\/li>\n<li><strong>Temps de charge jusqu'\u00e0 92 % : <\/strong>jusqu'\u00e0 6 h avec courant initial 1,5*I10, 2,23 V\/cellule, 50 % C10 d\u00e9charg\u00e9<\/li>\n<li><strong>Tensions de charge recommand\u00e9es (par cellule) :<br \/>\n<\/strong>\u2013 <strong style=\"font-size: 16px;\">Flottation \/ entretien :<\/strong><span style=\"font-size: 16px;\"> \u2248 2,23 \u2013 2,25 V\/cellule (cela s'applique \u00e0 la charge flottante entre 10 et 30 \u00b0C, avec correction de temp\u00e9rature).<br \/>\n<\/span>\u2013 <strong style=\"font-size: 16px;\">Charge rapide \/ recharge rapide :<\/strong><span style=\"font-size: 16px;\"> \u2248 2,35 \u2013 2,40 V\/cellule (dur\u00e9e limit\u00e9e ; g\u00e9n\u00e9ralement 3 \u00e0 5 heures une fois cette tension atteinte).<\/span><\/li>\n<li><strong>Profondeur de la d\u00e9charge :<\/strong> Normalement jusqu'\u00e0 80 %. Les d\u00e9charges sup\u00e9rieures \u00e0 80 % de DOD ou les d\u00e9charges au-del\u00e0 des tensions de d\u00e9charge finales doivent \u00eatre \u00e9vit\u00e9es.<\/li>\n<li><strong>Bornes M10 :<\/strong> 2<\/li>\n<li><strong>Dur\u00e9e de vie estim\u00e9e :<\/strong> jusqu'\u00e0 15-20 ans (en fonction de la temp\u00e9rature et du r\u00e9gime d'utilisation).<\/li>\n<li><strong>Cycles d'utilisation :<\/strong> 1 000 \u2013 1 500 cycles (selon la norme d'essai et la profondeur de d\u00e9charge).<\/li>\n<li><strong>Plage de temp\u00e9rature de fonctionnement :<\/strong> \u201320 \u00b0C \u00e0 +55 \u00b0C<\/li>\n<li><strong>Garantie :<\/strong> 2 ans<\/li>\n<li><strong>Dimensions :<\/strong> 145 \u00d7 206 \u00d7 711 mm (longueur \u00d7 largeur \u00d7 hauteur)<\/li>\n<li><strong>Poids :<\/strong> 46 kg<\/li>\n<\/ul>\n<p>&nbsp;<\/p>\n<p><img fetchpriority=\"high\" decoding=\"async\" class=\"size-full wp-image-32718 aligncenter\" src=\"https:\/\/fvcomponentes.com\/wp-content\/uploads\/2025\/11\/Captura-de-pantalla-2025-11-03-120408.jpg\" alt=\"\" width=\"617\" height=\"502\" title=\"\"><\/p>\n<h2><\/h2>\n<h2>Fiche technique de la batterie TAB OPzS \u00c9l\u00e9ment tubulaire ouvert en plomb 2 V\/600 Ah \u2013 6 OPzS 600<\/h2>\n<p><a href=\"https:\/\/fvcomponentes.com\/wp-content\/uploads\/2025\/11\/TAB_OPzS_Ficha_Tecnica.pdf\" target=\"_blank\" rel=\"noopener\">Fiche technique de la batterie TAB OPzS \u00c9l\u00e9ment tubulaire ouvert en plomb 2 V\/3600 Ah \u2013 6 OPzS 600<\/a><\/p>","protected":false},"excerpt":{"rendered":"<p><span style=\"color: #ff0000;\"><strong>IMAGE INDICATIVE<\/strong><\/span><\/p>\n<p><strong>Tension nominale par cellule :<\/strong> 2 V<br \/>\n<strong>Capacit\u00e9 nominale :<br \/>\n<\/strong>C5 : 582 Ah<br \/>\nC10 : 685 Ah<br \/>\nC100 : 903 Ah<strong><br \/>\nPlage de temp\u00e9rature de fonctionnement :<\/strong> \u201320 \u00b0C \u00e0 +55 \u00b0C<br \/>\n<strong style=\"font-size: 16px;\">Bornes :<\/strong><span style=\"font-size: 16px;\"> 2<br \/>\n<strong>Cycles d'utilisation :<\/strong> 1 000 \u2013 1 500 cycles (selon la norme d'essai et la profondeur de d\u00e9charge).<br \/>\n<\/span><strong style=\"font-size: 16px;\">Dur\u00e9e de vie estim\u00e9e :<\/strong><span style=\"font-size: 16px;\"> jusqu'\u00e0 15-20 ans (en fonction de la temp\u00e9rature et du r\u00e9gime d'utilisation).<br \/>\n<\/span><strong>Garantie :<\/strong> 2 ans<\/p>","protected":false},"featured_media":32850,"comment_status":"closed","ping_status":"closed","template":"","meta":{"site-sidebar-layout":"default","site-content-layout":"","ast-site-content-layout":"default","site-content-style":"default","site-sidebar-style":"default","ast-global-header-display":"","ast-banner-title-visibility":"","ast-main-header-display":"","ast-hfb-above-header-display":"","ast-hfb-below-header-display":"","ast-hfb-mobile-header-display":"","site-post-title":"","ast-breadcrumbs-content":"","ast-featured-img":"","footer-sml-layout":"","ast-disable-related-posts":"","theme-transparent-header-meta":"default","adv-header-id-meta":"","stick-header-meta":"","header-above-stick-meta":"","header-main-stick-meta":"","header-below-stick-meta":"","astra-migrate-meta-layouts":"set","ast-page-background-enabled":"default","ast-page-background-meta":{"desktop":{"background-color":"var(--ast-global-color-4)","background-image":"","background-repeat":"repeat","background-position":"center center","background-size":"auto","background-attachment":"scroll","background-type":"","background-media":"","overlay-type":"","overlay-color":"","overlay-opacity":"","overlay-gradient":""},"tablet":{"background-color":"","background-image":"","background-repeat":"repeat","background-position":"center center","background-size":"auto","background-attachment":"scroll","background-type":"","background-media":"","overlay-type":"","overlay-color":"","overlay-opacity":"","overlay-gradient":""},"mobile":{"background-color":"","background-image":"","background-repeat":"repeat","background-position":"center center","background-size":"auto","background-attachment":"scroll","background-type":"","background-media":"","overlay-type":"","overlay-color":"","overlay-opacity":"","overlay-gradient":""}},"ast-content-background-meta":{"desktop":{"background-color":"var(--ast-global-color-5)","background-image":"","background-repeat":"repeat","background-position":"center center","background-size":"auto","background-attachment":"scroll","background-type":"","background-media":"","overlay-type":"","overlay-color":"","overlay-opacity":"","overlay-gradient":""},"tablet":{"background-color":"var(--ast-global-color-5)","background-image":"","background-repeat":"repeat","background-position":"center center","background-size":"auto","background-attachment":"scroll","background-type":"","background-media":"","overlay-type":"","overlay-color":"","overlay-opacity":"","overlay-gradient":""},"mobile":{"background-color":"var(--ast-global-color-5)","background-image":"","background-repeat":"repeat","background-position":"center center","background-size":"auto","background-attachment":"scroll","background-type":"","background-media":"","overlay-type":"","overlay-color":"","overlay-opacity":"","overlay-gradient":""}}},"pwb-brand":[1013],"product_brand":[],"product_cat":[340,1012],"product_tag":[],"class_list":{"0":"post-33221","1":"product","2":"type-product","3":"status-publish","4":"has-post-thumbnail","6":"pwb-brand-baterias-tab","7":"product_cat-baterias","8":"product_cat-baterias-opzs","9":"product_shipping_class-baterias","10":"desktop-align-left","11":"tablet-align-left","12":"mobile-align-left","13":"ast-product-gallery-layout-horizontal-slider","14":"ast-product-tabs-layout-horizontal","16":"first","17":"instock","18":"taxable","19":"shipping-taxable","20":"purchasable","21":"product-type-simple"},"wcpa_form_fields":null,"brands":[{"id":1013,"name":"Batteries TAB","slug":"batteries-tab"}],"_links":{"self":[{"href":"https:\/\/fvcomponentes.com\/fr\/wp-json\/wp\/v2\/product\/33221","targetHints":{"allow":["GET"]}}],"collection":[{"href":"https:\/\/fvcomponentes.com\/fr\/wp-json\/wp\/v2\/product"}],"about":[{"href":"https:\/\/fvcomponentes.com\/fr\/wp-json\/wp\/v2\/types\/product"}],"replies":[{"embeddable":true,"href":"https:\/\/fvcomponentes.com\/fr\/wp-json\/wp\/v2\/comments?post=33221"}],"wp:featuredmedia":[{"embeddable":true,"href":"https:\/\/fvcomponentes.com\/fr\/wp-json\/wp\/v2\/media\/32850"}],"wp:attachment":[{"href":"https:\/\/fvcomponentes.com\/fr\/wp-json\/wp\/v2\/media?parent=33221"}],"wp:term":[{"taxonomy":"pwb-brand","embeddable":true,"href":"https:\/\/fvcomponentes.com\/fr\/wp-json\/wp\/v2\/pwb-brand?post=33221"},{"taxonomy":"product_brand","embeddable":true,"href":"https:\/\/fvcomponentes.com\/fr\/wp-json\/wp\/v2\/product_brand?post=33221"},{"taxonomy":"product_cat","embeddable":true,"href":"https:\/\/fvcomponentes.com\/fr\/wp-json\/wp\/v2\/product_cat?post=33221"},{"taxonomy":"product_tag","embeddable":true,"href":"https:\/\/fvcomponentes.com\/fr\/wp-json\/wp\/v2\/product_tag?post=33221"}],"curies":[{"name":"wp","href":"https:\/\/api.w.org\/{rel}","templated":true}]}}