{"id":3301,"date":"2021-03-30T07:08:22","date_gmt":"2021-03-30T05:08:22","guid":{"rendered":"https:\/\/fvcomponentes.com\/producto\/monitorizacion-victron-gx-touch-50\/"},"modified":"2026-04-08T21:33:44","modified_gmt":"2026-04-08T19:33:44","slug":"victron-gx-touch-screen-50","status":"publish","type":"product","link":"https:\/\/fvcomponentes.com\/fr\/producto\/pantalla-tactil-victron-gx-touch-50\/","title":{"rendered":"\u00c9cran tactile Victron GX Touch 50 - BPP900455050"},"content":{"rendered":"<h2>\u00c9cran tactile Victron GX Touch 50<\/h2>\n<p>L'\u00e9cran tactile de cinq pouces, accessoire du Cerbo GX, vous donne une vue d'ensemble du syst\u00e8me et vous permet d'ajuster les param\u00e8tres en un instant. Il suffit de connecter le Cerbo GX \u00e0 l'aide d'un c\u00e2ble : sa conception ultra-mince et \u00e9tanche, sa configuration de montage sup\u00e9rieure et son installation simple vous offrent une grande flexibilit\u00e9 dans la cr\u00e9ation d'un panneau clair et d\u00e9gag\u00e9.<\/p>\n<p><a href=\"https:\/\/www.youtube.com\/watch?v=3wheKaU2_qw&amp;feature=youtu.be\" target=\"_blank\" rel=\"noopener\">Vous pouvez regarder la nouvelle vid\u00e9o<\/a> qui explique tout ce qu'il faut savoir sur l'installation des nouveaux produits Cerbo GX et GX Touch 50.<\/p>\n<h2 class=\"productDetails__block-title\"><span class=\"productDetails__block-title-content\">Montage facile du moniteur tactile Victron GX Touch 50<\/span><\/h2>\n<div class=\"productDetails__block-description\">\n<p>Le GX Touch est optimis\u00e9 pour r\u00e9pondre aux normes des installateurs professionnels. L'\u00e9cran se visse facilement sur un panneau de contr\u00f4le, ce qui \u00e9vite de devoir d\u00e9couper des trous parfaits, et il se connecte \u00e0 l'aide d'un seul c\u00e2ble, sans qu'il soit n\u00e9cessaire de faire passer de nombreux c\u00e2bles jusqu'au panneau de contr\u00f4le.<\/p>\n<h2>Victron GX Touch 50 et Cerbo GX Touch Screen<\/h2>\n<p>Ce pr\u00e9sentoir est le compagnon de l'exposition <a href=\"https:\/\/fvcomponentes.com\/fr\/produit\/victron-cerbo-gx-mk2-bpp900451100-victron-cerbo-mk2-monitor\/\" target=\"_blank\" rel=\"noopener\">Cerbo GX - BPP900451100<\/a>Le GX Touch 50, le tout nouveau hub de communication qui permet un contr\u00f4le transparent du syst\u00e8me \u00e0 tout moment, depuis n'importe o\u00f9, et qui maximise les performances du syst\u00e8me. Il suffit de se connecter via le portail de t\u00e9l\u00e9gestion Victron (VRM) ou d'y acc\u00e9der directement via le GX Touch 50, un \u00e9cran multifonction ou l'application VictronConnect, gr\u00e2ce \u00e0 sa capacit\u00e9 Bluetooth. Il combine tout le meilleur de la connectivit\u00e9, red\u00e9finissant les solutions \u00e9nerg\u00e9tiques intelligentes sous tous leurs aspects.<\/p>\n<\/div>\n<h2>Fiche technique Victron GX Touch 50 \u00e9cran tactile - BPP900455050<\/h2>\n<div class=\"productDetails__block-description\">\n<p><a href=\"https:\/\/fvcomponentes.com\/wp-content\/uploads\/2021\/03\/Datasheet-Cerbo-GX-GX-Touch-ES.pdf\" target=\"_blank\" rel=\"noopener\">Voir la fiche technique de Victron GX Touch 50 - BPP900455050<\/a><\/p>\n<\/div>","protected":false},"excerpt":{"rendered":"<p>Afficheur d'accessoires pour le Cerbo GX. \u00c9cran tactile de cinq pouces qui fournit une vue d'ensemble instantan\u00e9e du syst\u00e8me et permet d'ajuster la configuration. Conception \u00e9tanche. Configuration adapt\u00e9e au montage sur le dessus.<strong><br \/>\nAvec accessoires de montage inclus<\/strong><br \/>\n<strong>R\u00e9solution de l'\u00e9cran<\/strong> 800 x 480<\/p>","protected":false},"featured_media":3302,"comment_status":"open","ping_status":"closed","template":"","meta":{"site-sidebar-layout":"default","site-content-layout":"default","ast-site-content-layout":"default","site-content-style":"default","site-sidebar-style":"default","ast-global-header-display":"","ast-banner-title-visibility":"","ast-main-header-display":"","ast-hfb-above-header-display":"","ast-hfb-below-header-display":"","ast-hfb-mobile-header-display":"","site-post-title":"","ast-breadcrumbs-content":"","ast-featured-img":"","footer-sml-layout":"","ast-disable-related-posts":"","theme-transparent-header-meta":"default","adv-header-id-meta":"","stick-header-meta":"","header-above-stick-meta":"","header-main-stick-meta":"","header-below-stick-meta":"","astra-migrate-meta-layouts":"set","ast-page-background-enabled":"default","ast-page-background-meta":{"desktop":{"background-color":"var(--ast-global-color-4)","background-image":"","background-repeat":"repeat","background-position":"center center","background-size":"auto","background-attachment":"scroll","background-type":"","background-media":"","overlay-type":"","overlay-color":"","overlay-opacity":"","overlay-gradient":""},"tablet":{"background-color":"","background-image":"","background-repeat":"repeat","background-position":"center center","background-size":"auto","background-attachment":"scroll","background-type":"","background-media":"","overlay-type":"","overlay-color":"","overlay-opacity":"","overlay-gradient":""},"mobile":{"background-color":"","background-image":"","background-repeat":"repeat","background-position":"center center","background-size":"auto","background-attachment":"scroll","background-type":"","background-media":"","overlay-type":"","overlay-color":"","overlay-opacity":"","overlay-gradient":""}},"ast-content-background-meta":{"desktop":{"background-color":"var(--ast-global-color-5)","background-image":"","background-repeat":"repeat","background-position":"center center","background-size":"auto","background-attachment":"scroll","background-type":"","background-media":"","overlay-type":"","overlay-color":"","overlay-opacity":"","overlay-gradient":""},"tablet":{"background-color":"var(--ast-global-color-5)","background-image":"","background-repeat":"repeat","background-position":"center center","background-size":"auto","background-attachment":"scroll","background-type":"","background-media":"","overlay-type":"","overlay-color":"","overlay-opacity":"","overlay-gradient":""},"mobile":{"background-color":"var(--ast-global-color-5)","background-image":"","background-repeat":"repeat","background-position":"center center","background-size":"auto","background-attachment":"scroll","background-type":"","background-media":"","overlay-type":"","overlay-color":"","overlay-opacity":"","overlay-gradient":""}}},"pwb-brand":[332],"product_brand":[],"product_cat":[351,333,934],"product_tag":[],"class_list":{"0":"post-3301","1":"product","2":"type-product","3":"status-publish","4":"has-post-thumbnail","6":"pwb-brand-victron","7":"product_cat-accesorios","8":"product_cat-inversores","9":"product_cat-monitorizacion","10":"desktop-align-left","11":"tablet-align-left","12":"mobile-align-left","13":"ast-product-gallery-layout-horizontal-slider","14":"ast-product-tabs-layout-horizontal","16":"first","17":"instock","18":"taxable","19":"shipping-taxable","20":"purchasable","21":"product-type-simple"},"wcpa_form_fields":null,"brands":[{"id":332,"name":"Victron Energy","slug":"victron"}],"_links":{"self":[{"href":"https:\/\/fvcomponentes.com\/fr\/wp-json\/wp\/v2\/product\/3301","targetHints":{"allow":["GET"]}}],"collection":[{"href":"https:\/\/fvcomponentes.com\/fr\/wp-json\/wp\/v2\/product"}],"about":[{"href":"https:\/\/fvcomponentes.com\/fr\/wp-json\/wp\/v2\/types\/product"}],"replies":[{"embeddable":true,"href":"https:\/\/fvcomponentes.com\/fr\/wp-json\/wp\/v2\/comments?post=3301"}],"wp:featuredmedia":[{"embeddable":true,"href":"https:\/\/fvcomponentes.com\/fr\/wp-json\/wp\/v2\/media\/3302"}],"wp:attachment":[{"href":"https:\/\/fvcomponentes.com\/fr\/wp-json\/wp\/v2\/media?parent=3301"}],"wp:term":[{"taxonomy":"pwb-brand","embeddable":true,"href":"https:\/\/fvcomponentes.com\/fr\/wp-json\/wp\/v2\/pwb-brand?post=3301"},{"taxonomy":"product_brand","embeddable":true,"href":"https:\/\/fvcomponentes.com\/fr\/wp-json\/wp\/v2\/product_brand?post=3301"},{"taxonomy":"product_cat","embeddable":true,"href":"https:\/\/fvcomponentes.com\/fr\/wp-json\/wp\/v2\/product_cat?post=3301"},{"taxonomy":"product_tag","embeddable":true,"href":"https:\/\/fvcomponentes.com\/fr\/wp-json\/wp\/v2\/product_tag?post=3301"}],"curies":[{"name":"wp","href":"https:\/\/api.w.org\/{rel}","templated":true}]}}