{"id":3269,"date":"2021-03-25T11:59:33","date_gmt":"2021-03-25T10:59:33","guid":{"rendered":"https:\/\/fvcomponentes.com\/?post_type=product&#038;p=3269"},"modified":"2026-01-15T10:08:59","modified_gmt":"2026-01-15T09:08:59","slug":"victron-battery-12v-110ah-agm-deep-cycle-batt","status":"publish","type":"product","link":"https:\/\/fvcomponentes.com\/fr\/producto\/bateria-victron-12v-110ah-agm-deep-cycle-batt\/","title":{"rendered":"Victron Batterie AGM \u00e0 cycle profond 12V\/110Ah - BAT412101084"},"content":{"rendered":"<h2>Victron Batterie AGM \u00e0 cycle profond 12V\/110Ah - BAT412101084<\/h2>\n<p>Victron 12V\/110Ah AGM Deep Cycle Battery - BAT412101084 : Nouvelles batteries 12V \/ 110Ah Absorbent Glass Mat \u00e9quip\u00e9es de la technologie VRLA de Victron - BAT412101084. <a href=\"https:\/\/www.victronenergy.com.es\/\" target=\"_blank\" rel=\"noopener\">Victron Energy<\/a>. Les batteries herm\u00e9tiques \u00e0 faible autod\u00e9charge permettent un stockage de longue dur\u00e9e sans nuire aux performances.<\/p>\n<p>La gamme AGM pr\u00e9sente une tr\u00e8s faible r\u00e9sistance interne, ce qui la rend particuli\u00e8rement adapt\u00e9e aux applications de d\u00e9charge \u00e0 courant \u00e9lev\u00e9 telles que les onduleurs ou les propulseurs, ainsi qu'au d\u00e9marrage des moteurs de v\u00e9hicules tels que les caravanes et les voiturettes de golf ou d'appareils \u00e9lectrom\u00e9nagers tels que les r\u00e9frig\u00e9rateurs et les machines \u00e0 laver.<\/p>\n<h3>Technologie VRLA<\/h3>\n<p>Dans ces batteries, l'\u00e9lectrolyte est absorb\u00e9 par capillarit\u00e9 dans un matelas de fibres de verre situ\u00e9 entre les plaques. Les batteries AGM conviennent mieux que les batteries \u00e0 \u00e9lectrolyte g\u00e9lifi\u00e9 pour la fourniture \u00e0 court terme de courants tr\u00e8s \u00e9lev\u00e9s (d\u00e9marrage du moteur).<\/p>\n<h3>Faible autod\u00e9charge<\/h3>\n<p>Gr\u00e2ce \u00e0 l'utilisation de grilles plomb-calcium et de mat\u00e9riaux de haute puret\u00e9, les batteries Victron VRLA peuvent \u00eatre stock\u00e9es pendant de longues p\u00e9riodes sans \u00eatre recharg\u00e9es. Le taux d'autod\u00e9charge est inf\u00e9rieur \u00e0 2% par mois \u00e0 20\u00b0C. Le taux d'autod\u00e9charge double pour chaque augmentation de 10\u00b0C de la temp\u00e9rature. Le taux d'autod\u00e9charge double pour chaque augmentation de temp\u00e9rature de 10\u00b0C. Par cons\u00e9quent, les batteries AGM de Victron peuvent \u00eatre stock\u00e9es jusqu'\u00e0 un an sans \u00eatre recharg\u00e9es, si elles sont conserv\u00e9es dans des conditions d'humidit\u00e9 et de temp\u00e9rature ad\u00e9quates.<\/p>\n<h3>Capacit\u00e9 exceptionnelle de r\u00e9cup\u00e9ration en cas de d\u00e9charge profonde de la batterie AGM \u00e0 d\u00e9charge profonde Victron 12V\/110Ah - BAT412101084<\/h3>\n<p>Les batteries Victron ont une capacit\u00e9 de r\u00e9cup\u00e9ration exceptionnelle, m\u00eame apr\u00e8s une d\u00e9charge profonde ou prolong\u00e9e. Les batteries AGM de Victron Energy ont une excellente capacit\u00e9 de r\u00e9cup\u00e9ration. G\u00e9n\u00e9ralement, les d\u00e9charges profondes ou prolong\u00e9es r\u00e9duisent la dur\u00e9e de vie des batteries plomb\/acide. Les batteries AGM de Victron Energy ne souffrent pas de ce ph\u00e9nom\u00e8ne.<\/p>\n<p>La capacit\u00e9 nominale des batteries Victron AGM et Gel \u00e0 d\u00e9charge profonde est de 20 heures de d\u00e9charge \u00e0 25\u00ba, soit un courant de d\u00e9charge de 0,05 C. Il convient de noter que la capacit\u00e9 effective de ces batteries diminue avec l'augmentation du courant de d\u00e9charge. La r\u00e9duction de la capacit\u00e9 de charge sera encore plus rapide dans le cas d'une charge \u00e9nerg\u00e9tique constante, telle qu'un onduleur.<\/p>\n<h3>Caract\u00e9ristiques de la batterie AGM \u00e0 d\u00e9charge profonde Victron 12V\/110Ah - BAT412101084<\/h3>\n<ul>\n<li>Capacit\u00e9 nominale : 20 heures. D\u00e9charge \u00e0 25 \u00b0C<\/li>\n<li>Dur\u00e9e de conservation (flottante) : 7 \u00e0 10 ans \u00e0 20 \u00b0C<\/li>\n<li>Cycles : 400 \u00e0 80 d\u00e9charges de %, 600 \u00e0 50 d\u00e9charges de %, 1500 \u00e0 30 d\u00e9charges de %.<\/li>\n<li>Recommand\u00e9e pour une utilisation comme batterie de d\u00e9marrage ou pour d'autres applications de d\u00e9charge \u00e0 courant \u00e9lev\u00e9 en raison de sa faible r\u00e9sistance interne.<\/li>\n<li>Gr\u00e2ce \u00e0 l'architecture interne et aux mat\u00e9riaux utilis\u00e9s dans le Victron 12V\/110Ah AGM Deep Cycle Batt, une autod\u00e9charge particuli\u00e8rement faible est garantie.<\/li>\n<\/ul>\n<h2>Fiche technique Victron 12V\/110Ah AGM Batterie \u00e0 cycle profond - BAT412101084<\/h2>\n<p><a href=\"https:\/\/fvcomponentes.com\/wp-content\/uploads\/2023\/08\/Datasheet-GEL-and-AGM-Batteries-ES.pdf\" target=\"_blank\" rel=\"noopener\">Voir la fiche technique de la batterie Victron 12V\/110Ah AGM Deep Cycle - BAT412101084<\/a><\/p>","protected":false},"excerpt":{"rendered":"<ul>\n<li><strong>La tension ;<\/strong>\u00a012V<\/li>\n<li><strong>Heures d'amp\u00e8res :<\/strong> 110 Ah<\/li>\n<li><strong>Capacit\u00e9 nominale :<\/strong>\u00a020 heures. D\u00e9charge \u00e0 25 \u00b0C<\/li>\n<li><strong>Dur\u00e9e de vie (flottante) :<\/strong>\u00a07 \u00e0 10 ans \u00e0 20 \u00b0C<\/li>\n<li><strong>Cycles :<\/strong>\u00a0D\u00e9charge de 400 \u00e0 80 %, d\u00e9charge de 600 \u00e0 50 %, d\u00e9charge de 1500 \u00e0 30 %.<\/li>\n<li><strong>Recommand\u00e9 pour :<\/strong>\u00a0batterie de d\u00e9marrage ou d'autres applications de d\u00e9charge \u00e0 courant \u00e9lev\u00e9 en raison de sa faible r\u00e9sistance interne.<\/li>\n<li><strong>Faible autod\u00e9charge.<\/strong><\/li>\n<\/ul>","protected":false},"featured_media":3270,"comment_status":"open","ping_status":"closed","template":"","meta":{"site-sidebar-layout":"default","site-content-layout":"","ast-site-content-layout":"default","site-content-style":"default","site-sidebar-style":"default","ast-global-header-display":"","ast-banner-title-visibility":"","ast-main-header-display":"","ast-hfb-above-header-display":"","ast-hfb-below-header-display":"","ast-hfb-mobile-header-display":"","site-post-title":"","ast-breadcrumbs-content":"","ast-featured-img":"","footer-sml-layout":"","ast-disable-related-posts":"","theme-transparent-header-meta":"default","adv-header-id-meta":"","stick-header-meta":"","header-above-stick-meta":"","header-main-stick-meta":"","header-below-stick-meta":"","astra-migrate-meta-layouts":"set","ast-page-background-enabled":"default","ast-page-background-meta":{"desktop":{"background-color":"var(--ast-global-color-4)","background-image":"","background-repeat":"repeat","background-position":"center center","background-size":"auto","background-attachment":"scroll","background-type":"","background-media":"","overlay-type":"","overlay-color":"","overlay-opacity":"","overlay-gradient":""},"tablet":{"background-color":"","background-image":"","background-repeat":"repeat","background-position":"center center","background-size":"auto","background-attachment":"scroll","background-type":"","background-media":"","overlay-type":"","overlay-color":"","overlay-opacity":"","overlay-gradient":""},"mobile":{"background-color":"","background-image":"","background-repeat":"repeat","background-position":"center center","background-size":"auto","background-attachment":"scroll","background-type":"","background-media":"","overlay-type":"","overlay-color":"","overlay-opacity":"","overlay-gradient":""}},"ast-content-background-meta":{"desktop":{"background-color":"var(--ast-global-color-5)","background-image":"","background-repeat":"repeat","background-position":"center center","background-size":"auto","background-attachment":"scroll","background-type":"","background-media":"","overlay-type":"","overlay-color":"","overlay-opacity":"","overlay-gradient":""},"tablet":{"background-color":"var(--ast-global-color-5)","background-image":"","background-repeat":"repeat","background-position":"center center","background-size":"auto","background-attachment":"scroll","background-type":"","background-media":"","overlay-type":"","overlay-color":"","overlay-opacity":"","overlay-gradient":""},"mobile":{"background-color":"var(--ast-global-color-5)","background-image":"","background-repeat":"repeat","background-position":"center center","background-size":"auto","background-attachment":"scroll","background-type":"","background-media":"","overlay-type":"","overlay-color":"","overlay-opacity":"","overlay-gradient":""}}},"pwb-brand":[332],"product_brand":[],"product_cat":[375,340],"product_tag":[],"class_list":{"0":"post-3269","1":"product","2":"type-product","3":"status-publish","4":"has-post-thumbnail","6":"pwb-brand-victron","7":"product_cat-baterias-agm","8":"product_cat-baterias","9":"product_shipping_class-baterias","10":"desktop-align-left","11":"tablet-align-left","12":"mobile-align-left","13":"ast-product-gallery-layout-horizontal-slider","14":"ast-product-tabs-layout-horizontal","16":"first","17":"instock","18":"taxable","19":"shipping-taxable","20":"purchasable","21":"product-type-simple"},"wcpa_form_fields":null,"brands":[{"id":332,"name":"Victron Energy","slug":"victron"}],"_links":{"self":[{"href":"https:\/\/fvcomponentes.com\/fr\/wp-json\/wp\/v2\/product\/3269","targetHints":{"allow":["GET"]}}],"collection":[{"href":"https:\/\/fvcomponentes.com\/fr\/wp-json\/wp\/v2\/product"}],"about":[{"href":"https:\/\/fvcomponentes.com\/fr\/wp-json\/wp\/v2\/types\/product"}],"replies":[{"embeddable":true,"href":"https:\/\/fvcomponentes.com\/fr\/wp-json\/wp\/v2\/comments?post=3269"}],"wp:featuredmedia":[{"embeddable":true,"href":"https:\/\/fvcomponentes.com\/fr\/wp-json\/wp\/v2\/media\/3270"}],"wp:attachment":[{"href":"https:\/\/fvcomponentes.com\/fr\/wp-json\/wp\/v2\/media?parent=3269"}],"wp:term":[{"taxonomy":"pwb-brand","embeddable":true,"href":"https:\/\/fvcomponentes.com\/fr\/wp-json\/wp\/v2\/pwb-brand?post=3269"},{"taxonomy":"product_brand","embeddable":true,"href":"https:\/\/fvcomponentes.com\/fr\/wp-json\/wp\/v2\/product_brand?post=3269"},{"taxonomy":"product_cat","embeddable":true,"href":"https:\/\/fvcomponentes.com\/fr\/wp-json\/wp\/v2\/product_cat?post=3269"},{"taxonomy":"product_tag","embeddable":true,"href":"https:\/\/fvcomponentes.com\/fr\/wp-json\/wp\/v2\/product_tag?post=3269"}],"curies":[{"name":"wp","href":"https:\/\/api.w.org\/{rel}","templated":true}]}}