{"id":3261,"date":"2021-03-25T10:11:58","date_gmt":"2021-03-25T09:11:58","guid":{"rendered":"https:\/\/fvcomponentes.com\/producto\/inversor-victron-multiplus-ii-gx-48-5000va-48v-7050a\/"},"modified":"2026-04-04T12:51:42","modified_gmt":"2026-04-04T10:51:42","slug":"onduleur-victron-multiplus-ii-gx-48-5000va-48v-7050a","status":"publish","type":"product","link":"https:\/\/fvcomponentes.com\/fr\/producto\/inversor-victron-multiplus-ii-gx-48-5000va-48v-7050a\/","title":{"rendered":"Chargeur d'onduleur Victron MultiPlus II GX 48\/5000VA 48V 70A+50A - PMP482506000"},"content":{"rendered":"<h2>Onduleur Victron MultiPlus II GX 48\/5000VA 48V 70+50A<\/h2>\n<h3>Caract\u00e9ristiques de l'onduleur Victron Multiplus II GX 48V 5000VA 70+50A<\/h3>\n<p>L'onduleur Victron Multiplus II GX 48V 5000VA 70+50A est un dispositif avanc\u00e9 pour notre installation photovolta\u00efque qui nous permet d'avoir un syst\u00e8me hybride d'autoconsommation avec accumulation et avec toutes les garanties de fonctionnement.<\/p>\n<p>Comme toute la gamme MultiPlus de Victron, cette famille MultiPlus II est un onduleur avec un chargeur multifonctionnel qui poss\u00e8de un certain nombre de caract\u00e9ristiques qui en font l'onduleur id\u00e9al pour les applications les plus exigeantes. <strong>Les certifications \u00e9lectriques d'un grand nombre de pays le qualifient pour une utilisation en tant que syst\u00e8me de stockage d'\u00e9nergie (SSE) connect\u00e9 au r\u00e9seau.<\/strong>.<\/p>\n<p>Le mod\u00e8le MultiPlus II, anciennement connu sous le nom de MultiGrid II, int\u00e8gre \u00e9galement une protection anti-\u00eelotage et les fonctionnalit\u00e9s Victron PowerControl et PowerAssist.<\/p>\n<p>Le chargeur solaire Multiplus II GX 48V 5000VA 70+50A de Victron est une garantie de fiabilit\u00e9 et de stabilit\u00e9, gr\u00e2ce \u00e0 sa conception avanc\u00e9e de l'\u00e9tage de puissance.<\/p>\n<p>L'onduleur Victron Multiplus II GX 48V 5000VA 70+50A offre jusqu'\u00e0 5000VA de puissance de sortie \u00e0 partir de l'onduleur lui-m\u00eame, bien que gr\u00e2ce \u00e0 sa fonction PowerAssist, il puisse fournir plus de puissance de sortie en ajoutant de l'\u00e9nergie \u00e0 partir de l'entr\u00e9e CA et \u00e9galement \u00e0 partir des batteries afin de ne pas surcharger l'entr\u00e9e du r\u00e9seau externe. Il fonctionne avec des batteries de 48V et dispose d'un chargeur de batterie interne de 70A.<\/p>\n<p>Gr\u00e2ce \u00e0 sa fonction d'onduleur, il est en mesure d'offrir une alimentation ininterrompue, la commutation \u00e9tant tr\u00e8s rapide, de sorte que la consommation critique n'est pas affect\u00e9e. Comme le reste de la famille MultiPlus, il est hautement extensible gr\u00e2ce \u00e0 sa capacit\u00e9 \u00e0 travailler en parall\u00e8le avec jusqu'\u00e0 6 unit\u00e9s.<\/p>\n<p>Il est \u00e9galement possible de l'utiliser sur un r\u00e9seau triphas\u00e9 en installant une unit\u00e9 pour chaque phase, \u00e0 laquelle on peut \u00e9galement ajouter un fonctionnement en parall\u00e8le \u00e0 l'int\u00e9rieur des phases elles-m\u00eames.<\/p>\n<h3>Dispositif GX<\/h3>\n<p>Le MultiPlus-II GX int\u00e8gre un onduleur\/chargeur MultiPlus-II et un appareil GX avec un \u00e9cran de 2 x 16 caract\u00e8res. Cet appareil int\u00e9gr\u00e9 comprend :<br \/>\n- Une interface BMS-Can qui peut \u00eatre utilis\u00e9e pour se connecter \u00e0 une batterie g\u00e9r\u00e9e par un bus CAN compatible.<br \/>\n- Un port USB.<br \/>\n- Un port Ethernet.<br \/>\n- Un port VE.Direct<\/p>\n<h3>Fonctionnement de l'onduleur Victron Multiplus II GX 48V 5000VA 70+50A<\/h3>\n<p>L'onduleur MultiPlus II peut \u00eatre utilis\u00e9 dans toutes les topologies courantes de stockage d'\u00e9nergie. Un capteur de courant est disponible en option pour limiter l'entr\u00e9e CA en fonction de nos besoins, car la puissance de transfert et de charge du MultiPlus II peut \u00eatre trop \u00e9lev\u00e9e pour le courant disponible. L'application la plus courante de ce type d'onduleur est la suivante :<\/p>\n<p>&nbsp;<\/p>\n<h3 class=\"clear-block\"><strong>MultiPlus II utilis\u00e9 comme onduleur dans les applications \u00e0 charge critique.<\/strong><\/h3>\n<p class=\"clear-block\">Dans ce cas, l'onduleur-chargeur peut avoir les charges habituelles, aliment\u00e9es par le r\u00e9seau conventionnel, et disposer d'un syst\u00e8me de stockage d'\u00e9nergie (batterie) qui alimentera les charges critiques en cas de d\u00e9faillance ou d'instabilit\u00e9 du r\u00e9seau. On examinera si une limitation de l'entr\u00e9e CA \u00e0 une valeur s\u00fbre doit \u00eatre appliqu\u00e9e \u00e0 l'aide des fonctions PowerControl et PowerAssist.<\/p>\n<h3 class=\"clear-block\"><strong>Connect\u00e9 au r\u00e9seau et aux panneaux photovolta\u00efques par le biais d'un r\u00e9gulateur MPPT.<\/strong><\/h3>\n<p class=\"clear-block\">Dans ce cas, l'onduleur PV utilise les informations fournies par le capteur de courant toro\u00efdal pour optimiser l'autoconsommation en convertissant l'\u00e9nergie en courant alternatif et en l'utilisant directement pour la consommation. On peut ainsi choisir d'injecter ou non le surplus de production solaire dans le r\u00e9seau \u00e9lectrique.<\/p>\n<p class=\"clear-block\">Les batteries sont recharg\u00e9es par les panneaux solaires et la consommation peut \u00eatre divis\u00e9e entre la consommation critique, qui est toujours aliment\u00e9e m\u00eame en cas de coupure de courant, et la consommation normale, qui peut \u00e9galement \u00eatre aliment\u00e9e par l'\u00e9nergie produite par les panneaux.<\/p>\n<h2>Surveillance de l'onduleur Victron Multiplus II GX 48V 5000VA 70+50A<\/h2>\n<p>Afin de contr\u00f4ler au maximum le fonctionnement de l'installation solaire, il est fortement recommand\u00e9 d'inclure le panneau de contr\u00f4le Victron ColorControl, qui permet de configurer, de charger les param\u00e8tres de fonctionnement et de contr\u00f4ler les performances de l'ensemble du syst\u00e8me. Tous les composants appara\u00eetront sur l'\u00e9cran de supervision et nous disposerons d'informations d\u00e9taill\u00e9es sur la production, la consommation, le stockage, etc.<\/p>\n<p><img decoding=\"async\" class=\"center-align\" title=\"Graphique VRM\" src=\"https:\/\/fvcomponentes.com\/wp-content\/uploads\/2022\/11\/grafico-vrm.png\" alt=\"Graphique VRM\" \/><\/p>\n<p>Gr\u00e2ce \u00e0 l'inclusion du panneau Victron ColorControl, nous aurons acc\u00e8s au portail VRM fourni par la marque o\u00f9 nous pourrons acc\u00e9der au contr\u00f4le et \u00e0 la configuration du syst\u00e8me \u00e0 partir de n'importe quel terminal ayant un acc\u00e8s \u00e0 Internet. Le portail VRM nous donnera m\u00eame la possibilit\u00e9 d'envoyer des alarmes en fonction de ce que nous programmons dans le fonctionnement du syst\u00e8me.<\/p>\n<h3>Compatibilit\u00e9 de l'onduleur Victron Multiplus II GX 48V 5000VA 70+50A<\/h3>\n<p>Le MultiPlus II peut fonctionner sans probl\u00e8me avec pratiquement toutes les batteries 48V du march\u00e9. Sa grande flexibilit\u00e9 et son adaptabilit\u00e9 lui permettent d'\u00eatre configur\u00e9 pour charger une batterie plomb-acide de n'importe quelle technologie, qu'elle soit scell\u00e9e ou ouverte de type OPzS.<\/p>\n<p>Victron met r\u00e9guli\u00e8rement \u00e0 jour son logiciel pour assurer la compatibilit\u00e9 avec la grande majorit\u00e9 des marques de piles au lithium sur le march\u00e9. C'est une garantie pour l'avenir.<\/p>\n<p>Si une topologie de r\u00e9gulateur de charge externe est utilis\u00e9e pour charger les batteries ou pour l'autoconsommation directe, il est conseill\u00e9 d'utiliser un mod\u00e8le MPPT de la marque Victron. De cette mani\u00e8re, le panneau ColorControl affichera en d\u00e9tail la production photovolta\u00efque du syst\u00e8me.<\/p>\n<p>Si un onduleur photovolta\u00efque est utilis\u00e9 comme g\u00e9n\u00e9rateur solaire, il est conseill\u00e9 d'utiliser un produit de la marque <a href=\"https:\/\/www.fronius.com\/es-es\/spain\/energia-solar\" target=\"_blank\" rel=\"noopener\">Fronius<\/a>Le produit est \u00e9galement compatible avec d'autres marques connues dans le secteur, telles que Kostal.<\/p>\n<p>Dans le ColorControl et le portail VRM, nous pouvons \u00e9galement surveiller la production de l'onduleur PV sans aucun probl\u00e8me. Il existe \u00e9galement une compatibilit\u00e9 avec d'autres fabricants tels que Schneider ; vous pouvez consulter le tableau de compatibilit\u00e9 sur le site web de Victron, qui est r\u00e9guli\u00e8rement mis \u00e0 jour.<\/p>\n<h2>Fiche technique Onduleur Victron MultiPlus II GX 48\/5000VA 48V 70+50A - PMP482506000<\/h2>\n<p><a href=\"https:\/\/fvcomponentes.com\/wp-content\/uploads\/2021\/03\/Datasheet-MultiPlus-II-GX-inverter-charger-ES.pdf\" target=\"_blank\" rel=\"noopener\">Voir la fiche technique du chargeur d'onduleur Victron MultiPlus II GX 48\/5000VA 48V 70+50A - PMP482506000<\/a><\/p>\n<h2>Comment configurer votre Victron Multiplus II 48\/5000 + Pylontech US5000<\/h2>\n<p>Si vous voulez savoir\u00a0<a href=\"https:\/\/fvcomponentes.com\/fr\/comment-configurer-votre-victron-multiplus-ii-48-5000-pylontech-us5000\/\" target=\"_blank\" rel=\"noopener\">Comment configurer votre Victron Multiplus II 48\/5000 + Pylontech US5000<\/a> cliquez maintenant pour tout savoir !<\/p>\n<p>&nbsp;<\/p>","protected":false},"excerpt":{"rendered":"<ul>\n<li>L'onduleur Victron MultiPlus II GX 5000VA 48V 70+50A est une solution parfaite pour les syst\u00e8mes hybrides d'autoconsommation o\u00f9 l'on dispose d'un stockage sur batterie et o\u00f9 l'on veut avoir un contr\u00f4le total de l'\u00e9nergie que l'on g\u00e8re dans notre syst\u00e8me.<\/li>\n<li>Le MultiPlus II r\u00e9pond aux exigences strictes des topologies de r\u00e9seau conform\u00e9ment \u00e0 la l\u00e9gislation nationale.<\/li>\n<li>Il peut fonctionner avec des onduleurs photovolta\u00efques, avec des r\u00e9gulateurs MPPT conventionnels et doit inclure l'\u00e9cran ColorControl et le compteur \u00e0 pince toro\u00efdale pour avoir un fonctionnement personnalis\u00e9 en fonction de nos besoins dans l'installation solaire.<\/li>\n<\/ul>","protected":false},"featured_media":3258,"comment_status":"open","ping_status":"closed","template":"","meta":{"site-sidebar-layout":"default","site-content-layout":"default","ast-site-content-layout":"default","site-content-style":"default","site-sidebar-style":"default","ast-global-header-display":"","ast-banner-title-visibility":"","ast-main-header-display":"","ast-hfb-above-header-display":"","ast-hfb-below-header-display":"","ast-hfb-mobile-header-display":"","site-post-title":"","ast-breadcrumbs-content":"","ast-featured-img":"","footer-sml-layout":"","ast-disable-related-posts":"","theme-transparent-header-meta":"default","adv-header-id-meta":"","stick-header-meta":"","header-above-stick-meta":"","header-main-stick-meta":"","header-below-stick-meta":"","astra-migrate-meta-layouts":"set","ast-page-background-enabled":"default","ast-page-background-meta":{"desktop":{"background-color":"var(--ast-global-color-4)","background-image":"","background-repeat":"repeat","background-position":"center center","background-size":"auto","background-attachment":"scroll","background-type":"","background-media":"","overlay-type":"","overlay-color":"","overlay-opacity":"","overlay-gradient":""},"tablet":{"background-color":"","background-image":"","background-repeat":"repeat","background-position":"center center","background-size":"auto","background-attachment":"scroll","background-type":"","background-media":"","overlay-type":"","overlay-color":"","overlay-opacity":"","overlay-gradient":""},"mobile":{"background-color":"","background-image":"","background-repeat":"repeat","background-position":"center center","background-size":"auto","background-attachment":"scroll","background-type":"","background-media":"","overlay-type":"","overlay-color":"","overlay-opacity":"","overlay-gradient":""}},"ast-content-background-meta":{"desktop":{"background-color":"var(--ast-global-color-5)","background-image":"","background-repeat":"repeat","background-position":"center center","background-size":"auto","background-attachment":"scroll","background-type":"","background-media":"","overlay-type":"","overlay-color":"","overlay-opacity":"","overlay-gradient":""},"tablet":{"background-color":"var(--ast-global-color-5)","background-image":"","background-repeat":"repeat","background-position":"center center","background-size":"auto","background-attachment":"scroll","background-type":"","background-media":"","overlay-type":"","overlay-color":"","overlay-opacity":"","overlay-gradient":""},"mobile":{"background-color":"var(--ast-global-color-5)","background-image":"","background-repeat":"repeat","background-position":"center center","background-size":"auto","background-attachment":"scroll","background-type":"","background-media":"","overlay-type":"","overlay-color":"","overlay-opacity":"","overlay-gradient":""}}},"pwb-brand":[332],"product_brand":[],"product_cat":[334,333],"product_tag":[],"class_list":{"0":"post-3261","1":"product","2":"type-product","3":"status-publish","4":"has-post-thumbnail","6":"pwb-brand-victron","7":"product_cat-inversores-cargadores-48v","8":"product_cat-inversores","9":"desktop-align-left","10":"tablet-align-left","11":"mobile-align-left","12":"ast-product-gallery-layout-horizontal-slider","13":"ast-product-tabs-layout-horizontal","15":"first","16":"instock","17":"taxable","18":"shipping-taxable","19":"purchasable","20":"product-type-simple"},"wcpa_form_fields":null,"brands":[{"id":332,"name":"Victron Energy","slug":"victron"}],"_links":{"self":[{"href":"https:\/\/fvcomponentes.com\/fr\/wp-json\/wp\/v2\/product\/3261","targetHints":{"allow":["GET"]}}],"collection":[{"href":"https:\/\/fvcomponentes.com\/fr\/wp-json\/wp\/v2\/product"}],"about":[{"href":"https:\/\/fvcomponentes.com\/fr\/wp-json\/wp\/v2\/types\/product"}],"replies":[{"embeddable":true,"href":"https:\/\/fvcomponentes.com\/fr\/wp-json\/wp\/v2\/comments?post=3261"}],"wp:featuredmedia":[{"embeddable":true,"href":"https:\/\/fvcomponentes.com\/fr\/wp-json\/wp\/v2\/media\/3258"}],"wp:attachment":[{"href":"https:\/\/fvcomponentes.com\/fr\/wp-json\/wp\/v2\/media?parent=3261"}],"wp:term":[{"taxonomy":"pwb-brand","embeddable":true,"href":"https:\/\/fvcomponentes.com\/fr\/wp-json\/wp\/v2\/pwb-brand?post=3261"},{"taxonomy":"product_brand","embeddable":true,"href":"https:\/\/fvcomponentes.com\/fr\/wp-json\/wp\/v2\/product_brand?post=3261"},{"taxonomy":"product_cat","embeddable":true,"href":"https:\/\/fvcomponentes.com\/fr\/wp-json\/wp\/v2\/product_cat?post=3261"},{"taxonomy":"product_tag","embeddable":true,"href":"https:\/\/fvcomponentes.com\/fr\/wp-json\/wp\/v2\/product_tag?post=3261"}],"curies":[{"name":"wp","href":"https:\/\/api.w.org\/{rel}","templated":true}]}}