{"id":32554,"date":"2025-11-03T09:14:06","date_gmt":"2025-11-03T08:14:06","guid":{"rendered":"https:\/\/fvcomponentes.com\/?post_type=product&#038;p=32554"},"modified":"2025-11-20T14:45:30","modified_gmt":"2025-11-20T13:45:30","slug":"batterie-lithium-hv-byd-battery-box-premium-hvm-8-3-kwh","status":"publish","type":"product","link":"https:\/\/fvcomponentes.com\/fr\/producto\/bateria-de-litio-hv-byd-battery-box-premium-hvm-8-3-kwh\/","title":{"rendered":"HV BYD Battery-Box Premium HVM+ batterie au lithium 8,3 kWh"},"content":{"rendered":"<h2>HV BYD Battery-Box Premium HVM+ batterie au lithium 8,3 kWh<\/h2>\n<p>BYD, l'un des principaux fabricants de batteries et de solutions de mobilit\u00e9 \u00e9lectrique, met \u00e0 nouveau \u00e0 jour ses batteries haute tension. La nouvelle batterie lithium haute tension BYD Battery Box Premium HVM+ est l'\u00e9volution directe de la s\u00e9rie HVM \u00e0 succ\u00e8s. Cette nouvelle batterie offre une plus grande capacit\u00e9, plus de puissance et une compatibilit\u00e9 \u00e9tendue avec les principaux onduleurs du march\u00e9.<\/p>\n<p>La batterie au lithium HV BYD Premium HVM+ 8,3 kWh fait partie de la nouvelle famille de batteries haute tension HVM+ de BYD, con\u00e7ue pour offrir une plus grande capacit\u00e9 par module, une robustesse industrielle et une int\u00e9gration facile dans les installations d'autoconsommation et de secours qui n\u00e9cessitent une plus grande autonomie que la s\u00e9rie HVS+.<\/p>\n<p>Gr\u00e2ce \u00e0 son architecture modulaire et empilable, la Battery-Box Premium HVM+ 8,3 kWh permet une installation rapide, s\u00fbre et \u00e9volutive, s'adaptant aux besoins de tout syst\u00e8me photovolta\u00efque r\u00e9sidentiel ou industriel.<\/p>\n<h2>Pourquoi choisir la BYD Battery-Box Premium HVM+ 8,3 kWh ?<\/h2>\n<p>La batterie lithium-ion HV BYD Battery-Box Premium HVM+ 8,3 kWh est compos\u00e9e de 1 unit\u00e9.\u00a0<a href=\"https:\/\/fvcomponentes.com\/fr\/produit\/bcubase-pour-batterie-lithium-hv-byd-battery-box-premium-hvs-hvm-16541149-00\/\" target=\"_blank\" rel=\"noopener\">BCU+Base pour batterie lithium HV BYD Battery Box Premium HVS+ \/ HVM+ - 16541149-00<\/a> y 3 <a href=\"https:\/\/fvcomponentes.com\/fr\/produit\/module-de-batterie-au-lithium-hv-byd-premium-hvm-2-76-18487580-00\/\" target=\"_blank\" rel=\"noopener\">2,76 kWh Modules HVM<\/a> chacun, atteignant ainsi une capacit\u00e9 utile de 8,28 kWh.<\/p>\n<p>Chaque tour peut \u00eatre agrandie en ajoutant des modules HVM+ suppl\u00e9mentaires jusqu'\u00e0 22,1 kWh (8 modules).<\/p>\n<p>Cette combinaison constitue une tour \u00e0 haute tension capable de fournir une puissance continue \u00e9lev\u00e9e et de g\u00e9rer l'\u00e9nergie avec pr\u00e9cision, gr\u00e2ce au syst\u00e8me intelligent de gestion de la batterie (BMS) int\u00e9gr\u00e9.<\/p>\n<p>Le syst\u00e8me de gestion de la batterie (BMS) int\u00e9gr\u00e9 \u00e0 la BCU g\u00e8re le flux d'\u00e9nergie en temps r\u00e9el : il \u00e9quilibre les cellules, surveille la temp\u00e9rature, la tension et l'\u00e9tat de charge, et prot\u00e8ge contre les surcharges, les d\u00e9charges excessives ou les courts-circuits. Cette approche garantit des performances fiables et s\u00fbres, ainsi qu'une longue dur\u00e9e de vie.<\/p>\n<h2>Principales fonctions de la BYD Battery-Box Premium HVM+ 8,3 kWh<\/h2>\n<h3>Gestion et contr\u00f4le intelligents<\/h3>\n<p>Le syst\u00e8me BMS surveille en permanence la tension, le courant et la temp\u00e9rature de chaque module, garantissant ainsi un fonctionnement efficace et stable. En outre, il optimise l'utilisation de l'\u00e9nergie stock\u00e9e pour prolonger la dur\u00e9e de vie du syst\u00e8me.<\/p>\n<h3>S\u00e9curit\u00e9 et s\u00fbret\u00e9<\/h3>\n<p>Il comprend des protections internes contre les surcharges, les d\u00e9charges profondes, les courts-circuits et les temp\u00e9ratures extr\u00eames.<br \/>\nLa batterie est conforme aux normes internationales telles que VDE 2510-50, IEC 62619, UN 38.3, CE, garantissant la s\u00e9curit\u00e9 \u00e9lectrique, m\u00e9canique, thermique et de transport.<\/p>\n<h3>Communication avanc\u00e9e<\/h3>\n<p>Il int\u00e8gre les interfaces CAN et RS485, ce qui permet une communication bidirectionnelle transparente avec les principaux onduleurs du march\u00e9.<br \/>\nCette communication bidirectionnelle permet une gestion intelligente du flux d'\u00e9nergie entre le g\u00e9n\u00e9rateur photovolta\u00efque, la batterie et la consommation domestique.<\/p>\n<h3>Installation rapide et s\u00fbre<\/h3>\n<p>La conception \u201cplug &amp; play\u201d permet une mise en service facile sans c\u00e2blage interne entre les modules. Les modules s'empilent verticalement sur la base, ce qui r\u00e9duit le temps d'installation et les erreurs.<\/p>\n<h3>Structure robuste et modulaire<\/h3>\n<p>La Battery-Box Premium HVM+ 8,3 kWh est dot\u00e9e d'un bo\u00eetier m\u00e9tallique renforc\u00e9, d'une conception verticale optimis\u00e9e pour la dissipation de la chaleur et d'un alignement m\u00e9canique pr\u00e9cis pour garantir des performances m\u00eame dans des environnements exigeants.<\/p>\n<h3>Conception modulaire et \u00e9volutive<\/h3>\n<p>La s\u00e9rie HVM+ permet d'empiler verticalement de 3 \u00e0 8 modules sur une BCU+Base, sans c\u00e2blage interne, ce qui facilite l'expansion future sans remplacer l'unit\u00e9 de base. Le mod\u00e8le 8,3 kWh se compose de 3 modules HVM+ (2,76 kWh chacun).<\/p>\n<h3>Stockage efficace et stable<\/h3>\n<p>Les modules utilisent la technologie du lithium-ferrophosphate (LiFePO\u2084, LFP), une chimie sans cobalt, qui offre une grande stabilit\u00e9 thermique, une bonne long\u00e9vit\u00e9, une faible d\u00e9gradation avec les cycles, une s\u00e9curit\u00e9 structurelle, une s\u00e9curit\u00e9 accrue contre la surchauffe et les r\u00e9actions thermiques ind\u00e9sirables.<\/p>\n<h3>Compatibilit\u00e9 entre les syst\u00e8mes de batterie BYD<\/h3>\n<p>La Battery-Box Premium HVM+ 8,3 kWh fait partie de la nouvelle g\u00e9n\u00e9ration de batteries haute tension de BYD et est exclusivement compatible avec la s\u00e9rie HVM+ et l'unit\u00e9 de base BCU+ de nouvelle g\u00e9n\u00e9ration.<\/p>\n<p>Battery-Box Premium HVM+ : empilable de 3 \u00e0 8 modules (8,28 - 22,08 kWh utilisables).<\/p>\n<p>Les modules HVM+ ne sont pas compatibles avec les versions standard pr\u00e9c\u00e9dentes de HVM, et ne peuvent donc pas \u00eatre combin\u00e9s avec des modules ou des BCU de versions ant\u00e9rieures. Ils ne peuvent pas \u00eatre m\u00e9lang\u00e9s dans la m\u00eame tour ou mettre de nouvelles tours en parall\u00e8le avec des tours de modules de versions ant\u00e9rieures.<\/p>\n<h3>Compatibilit\u00e9 avec les onduleurs<\/h3>\n<p>Les batteries au lithium BYD Battery-Box Premium HVM+ sont compatibles avec une large gamme d'onduleurs leaders du march\u00e9 tels que Fronius, GoodWe, SMA, Kostal, Victron, Huawei ou Solis.<br \/>\nCette compatibilit\u00e9 garantit une int\u00e9gration ais\u00e9e dans les syst\u00e8mes d'autoconsommation avec stockage, les installations hybrides ou les configurations de sauvegarde.<\/p>\n<p><a href=\"https:\/\/fvcomponentes.com\/wp-content\/uploads\/2025\/10\/Compatible-Inverter-List_HVBHVMHVS_MLL_V1.3.pdf\" target=\"_blank\" rel=\"noopener\"><strong>Liste mise \u00e0 jour des onduleurs compatibles avec les batteries BYD Battery Box Premium HVS+ \/ HVM+ Version V1.3, mise \u00e0 jour 17\/10\/25<\/strong><\/a><\/p>\n<h3>Batteries HVM<\/h3>\n<p><img fetchpriority=\"high\" decoding=\"async\" class=\"size-full wp-image-32145\" src=\"https:\/\/fvcomponentes.com\/wp-content\/uploads\/2025\/10\/ByD-HVM-Caracteristicas.png\" alt=\"Caract\u00e9ristiques de ByD HVM\" width=\"1333\" height=\"714\" title=\"\"><\/p>\n<h2>Avantages de la nouvelle batterie lithium BYD Premium HV HVM+ 8,3 kWh<\/h2>\n<h3>Installation simple<\/h3>\n<p>Le HMV+ est un syst\u00e8me empilable verticalement, sans c\u00e2blage interne entre les modules, ce qui r\u00e9duit les erreurs d'installation et les temps de montage.<br \/>\nGr\u00e2ce \u00e0 ce syst\u00e8me, il suffit d'ajouter de nouveaux modules \u00e0 la tour existante pour accro\u00eetre la capacit\u00e9, ce qui permet d'augmenter la taille du syst\u00e8me \u00e0 l'avenir sans devoir remplacer les composants de base.<\/p>\n<h3>Entretien minimal<\/h3>\n<p>La conception sans ventilateur ni pi\u00e8ces mobiles, associ\u00e9e au refroidissement passif et \u00e0 l'\u00e9tanch\u00e9it\u00e9 IP, r\u00e9duit le besoin de maintenance pr\u00e9ventive et garantit un fonctionnement silencieux.<\/p>\n<h3>Int\u00e9gration transparente avec les onduleurs les plus modernes<\/h3>\n<p>Inclut des profils de communication mis \u00e0 jour pour Fronius GEN24 Plus, GoodWe ET Plus+, SMA Sunny Boy Storage, Kostal Plenticore Plus, Victron Multiplus II et d'autres.<\/p>\n<h3>Installation modulaire et extensible<\/h3>\n<p>Il vous permet de commencer avec une petite configuration de trois modules et de l'\u00e9tendre \u00e0 l'avenir sans changer l'unit\u00e9 de base, simplement en ajoutant des modules suppl\u00e9mentaires.<\/p>\n<h2>Exemple d'installation d'un Battery Box Premium HVM+ de BYD<\/h2>\n<p>Une batterie type, la BYD Battery Box Premium HVM+ 8,3 kWh, comprend les \u00e9l\u00e9ments suivants :<\/p>\n<p>1 \u00d7 BCU+Base - 16541149-00<br \/>\n3 \u00d7 modules HVM+ de 2,76 kWh chacun<\/p>\n<p>Cette configuration permet d'obtenir une capacit\u00e9 utile de 8,28 kWh, suffisante pour couvrir la consommation nocturne de nombreux foyers ou petits bureaux. En cas de demande accrue, il est possible d'ajouter un ou plusieurs modules jusqu'\u00e0 la configuration maximale de la tour (8 modules) ou de connecter les tours en parall\u00e8le.<\/p>\n<h2>Installation recommand\u00e9e d'une batterie au lithium haute tension<\/h2>\n<ul>\n<li><strong>Localisation :<\/strong>\u00a0s\u00e9cher \u00e0 l'int\u00e9rieur, sur une surface stable, \u00e0 l'abri de l'humidit\u00e9 et de la chaleur.<\/li>\n<li><strong>Assemblage :<\/strong>\u00a0la BCU+Base est install\u00e9e en premier ; les modules sont empil\u00e9s verticalement avec une connexion plug &amp; play, sans c\u00e2bles internes. Ils s'embo\u00eetent les uns dans les autres \u00e0 l'aide des connecteurs int\u00e9gr\u00e9s.<\/li>\n<li><strong>Connexion :<\/strong>\u00a0Les c\u00e2bles d'alimentation et de communication sont connect\u00e9s directement de la BCU \u00e0 l'onduleur via les protocoles CAN \/ RS485, sans c\u00e2blage suppl\u00e9mentaire entre les modules.<\/li>\n<li><strong>Mise en service :<\/strong>\u00a0Cette op\u00e9ration s'effectue \u00e0 partir de l'interface de l'onduleur compatible, qui d\u00e9tecte automatiquement la batterie et configure le syst\u00e8me en fonction des param\u00e8tres du syst\u00e8me de gestion de la batterie (BMS).<\/li>\n<li><strong>Compatibilit\u00e9 :<\/strong>\u00a0Exclusivement avec les syst\u00e8mes BYD Premium HVS+ et BCU+Base de nouvelle g\u00e9n\u00e9ration.<\/li>\n<\/ul>\n<h2>Quelle est la garantie des batteries au lithium HV BYD Battery Box Premium HVS+ \/ HVM+ ?<\/h2>\n<p>BYD offre une garantie de 10 ans, couvrant \u00e0 la fois la BCU et les modules de batterie, \u00e0 condition que le syst\u00e8me ait \u00e9t\u00e9 install\u00e9 conform\u00e9ment aux sp\u00e9cifications officielles et avec des onduleurs approuv\u00e9s.<\/p>\n<h2>Caract\u00e9ristiques techniques de la batterie lithium HV BYD Premium HVM+ 8,3 kWh HV<\/h2>\n<table>\n<thead>\n<tr>\n<th>Param\u00e8tres<\/th>\n<th>Valeur<\/th>\n<\/tr>\n<\/thead>\n<tbody>\n<tr>\n<td>Mod\u00e8le<\/td>\n<td>BYD Battery-Box Premium HVM+ 8,3 kWh<\/td>\n<\/tr>\n<tr>\n<td>Capacit\u00e9 utile<\/td>\n<td>8,28 kWh<\/td>\n<\/tr>\n<tr>\n<td>Configuration<\/td>\n<td>1 BCU+Base + 3 modules HVM+ (2,76 kWh chacun)<\/td>\n<\/tr>\n<tr>\n<td>Technologie<\/td>\n<td>LiFePO\u2084 (ferrophosphate de lithium)<\/td>\n<\/tr>\n<tr>\n<td>Tension nominale<\/td>\n<td>153.6 V<\/td>\n<\/tr>\n<tr>\n<td>Plage de tension de fonctionnement<\/td>\n<td>120 - 172.8 V<\/td>\n<\/tr>\n<tr>\n<td>Courant de sortie maximal<\/td>\n<td>50 A nominal \/ 80 A cr\u00eate (15 s)<\/td>\n<\/tr>\n<tr>\n<td>Dimensions (Hauteur \u00d7 Largeur \u00d7 Profondeur)<\/td>\n<td>987 \u00d7 610 \u00d7 282 mm<\/td>\n<\/tr>\n<tr>\n<td>Poids approximatif<\/td>\n<td>138,3 kg<\/td>\n<\/tr>\n<tr>\n<td>Protection de l'environnement<\/td>\n<td>IP55<\/td>\n<\/tr>\n<tr>\n<td>Efficacit\u00e9 de l'aller-retour<\/td>\n<td>\u2265 96 %<\/td>\n<\/tr>\n<tr>\n<td>Temp\u00e9rature de fonctionnement<\/td>\n<td>De -10 \u00b0C \u00e0 +50 \u00b0C<\/td>\n<\/tr>\n<tr>\n<td>Communication<\/td>\n<td>CAN \/ RS485<\/td>\n<\/tr>\n<tr>\n<td>Garantie<\/td>\n<td>10 ans (selon les conditions du fabricant)<\/td>\n<\/tr>\n<\/tbody>\n<\/table>\n<h2>Fiche technique Batterie au lithium HV BYD Battery-Box Premium HVM+ 8,3 kWh<\/h2>\n<p><a href=\"https:\/\/fvcomponentes.com\/wp-content\/uploads\/2025\/10\/BYD_Battery-Box_HVM_Datasheet_V1.0_EN.pdf\" target=\"_blank\" rel=\"noopener\">Battery-Box Premium HV BYD Battery-Box HVM+ 8.3kWh Lithium Battery Data Sheet<\/a><\/p>\n<h2>Manuel d'installation Batterie au lithium HV BYD Battery-Box Premium HVM+ 8,3 kWh<\/h2>\n<p><a href=\"https:\/\/fvcomponentes.com\/wp-content\/uploads\/2025\/10\/BYD_Quick-Start-Guide_HVS_HVM_HVB_V1.3_EN-1.pdf\" target=\"_blank\" rel=\"noopener\">BYD Battery-Box Premium HV Battery-Box HVM+ 8,3kWh Batterie au lithium Manuel d'installation<\/a><\/p>","protected":false},"excerpt":{"rendered":"<p><span style=\"color: #ff0000;\"><strong>IMAGE INDICATIVE<\/strong><\/span><\/p>\n<p><strong>PRIX SP\u00c9CIAL ByD pour les envois DIRECTS.<\/strong><\/p>\n<p>\u00c9nergie utilisable : 8,3 kWh<br \/>\nNombre de modules : 3<br \/>\nTension nominale : 153,6 V<br \/>\nPlage de tension de fonctionnement : 120 - 172,8 V<br \/>\nCourant de sortie maximal : 50 A<br \/>\nCourant de sortie de cr\u00eate : 80 A pendant 15 secondes<\/p>","protected":false},"featured_media":32559,"comment_status":"closed","ping_status":"closed","template":"","meta":{"site-sidebar-layout":"default","site-content-layout":"","ast-site-content-layout":"default","site-content-style":"default","site-sidebar-style":"default","ast-global-header-display":"","ast-banner-title-visibility":"","ast-main-header-display":"","ast-hfb-above-header-display":"","ast-hfb-below-header-display":"","ast-hfb-mobile-header-display":"","site-post-title":"","ast-breadcrumbs-content":"","ast-featured-img":"","footer-sml-layout":"","ast-disable-related-posts":"","theme-transparent-header-meta":"default","adv-header-id-meta":"","stick-header-meta":"","header-above-stick-meta":"","header-main-stick-meta":"","header-below-stick-meta":"","astra-migrate-meta-layouts":"set","ast-page-background-enabled":"default","ast-page-background-meta":{"desktop":{"background-color":"var(--ast-global-color-4)","background-image":"","background-repeat":"repeat","background-position":"center center","background-size":"auto","background-attachment":"scroll","background-type":"","background-media":"","overlay-type":"","overlay-color":"","overlay-opacity":"","overlay-gradient":""},"tablet":{"background-color":"","background-image":"","background-repeat":"repeat","background-position":"center center","background-size":"auto","background-attachment":"scroll","background-type":"","background-media":"","overlay-type":"","overlay-color":"","overlay-opacity":"","overlay-gradient":""},"mobile":{"background-color":"","background-image":"","background-repeat":"repeat","background-position":"center center","background-size":"auto","background-attachment":"scroll","background-type":"","background-media":"","overlay-type":"","overlay-color":"","overlay-opacity":"","overlay-gradient":""}},"ast-content-background-meta":{"desktop":{"background-color":"var(--ast-global-color-5)","background-image":"","background-repeat":"repeat","background-position":"center center","background-size":"auto","background-attachment":"scroll","background-type":"","background-media":"","overlay-type":"","overlay-color":"","overlay-opacity":"","overlay-gradient":""},"tablet":{"background-color":"var(--ast-global-color-5)","background-image":"","background-repeat":"repeat","background-position":"center center","background-size":"auto","background-attachment":"scroll","background-type":"","background-media":"","overlay-type":"","overlay-color":"","overlay-opacity":"","overlay-gradient":""},"mobile":{"background-color":"var(--ast-global-color-5)","background-image":"","background-repeat":"repeat","background-position":"center center","background-size":"auto","background-attachment":"scroll","background-type":"","background-media":"","overlay-type":"","overlay-color":"","overlay-opacity":"","overlay-gradient":""}}},"pwb-brand":[897],"product_brand":[],"product_cat":[340,379],"product_tag":[],"class_list":{"0":"post-32554","1":"product","2":"type-product","3":"status-publish","4":"has-post-thumbnail","6":"pwb-brand-byd","7":"product_cat-baterias","8":"product_cat-baterias-de-litio-de-alto-voltaje","9":"product_shipping_class-baterias","10":"desktop-align-left","11":"tablet-align-left","12":"mobile-align-left","13":"ast-product-gallery-layout-horizontal-slider","14":"ast-product-tabs-layout-horizontal","16":"first","17":"instock","18":"taxable","19":"shipping-taxable","20":"purchasable","21":"product-type-yith_bundle"},"wcpa_form_fields":null,"brands":[{"id":897,"name":"Batteries B&amp;D","slug":"byd"}],"_links":{"self":[{"href":"https:\/\/fvcomponentes.com\/fr\/wp-json\/wp\/v2\/product\/32554","targetHints":{"allow":["GET"]}}],"collection":[{"href":"https:\/\/fvcomponentes.com\/fr\/wp-json\/wp\/v2\/product"}],"about":[{"href":"https:\/\/fvcomponentes.com\/fr\/wp-json\/wp\/v2\/types\/product"}],"replies":[{"embeddable":true,"href":"https:\/\/fvcomponentes.com\/fr\/wp-json\/wp\/v2\/comments?post=32554"}],"wp:featuredmedia":[{"embeddable":true,"href":"https:\/\/fvcomponentes.com\/fr\/wp-json\/wp\/v2\/media\/32559"}],"wp:attachment":[{"href":"https:\/\/fvcomponentes.com\/fr\/wp-json\/wp\/v2\/media?parent=32554"}],"wp:term":[{"taxonomy":"pwb-brand","embeddable":true,"href":"https:\/\/fvcomponentes.com\/fr\/wp-json\/wp\/v2\/pwb-brand?post=32554"},{"taxonomy":"product_brand","embeddable":true,"href":"https:\/\/fvcomponentes.com\/fr\/wp-json\/wp\/v2\/product_brand?post=32554"},{"taxonomy":"product_cat","embeddable":true,"href":"https:\/\/fvcomponentes.com\/fr\/wp-json\/wp\/v2\/product_cat?post=32554"},{"taxonomy":"product_tag","embeddable":true,"href":"https:\/\/fvcomponentes.com\/fr\/wp-json\/wp\/v2\/product_tag?post=32554"}],"curies":[{"name":"wp","href":"https:\/\/api.w.org\/{rel}","templated":true}]}}