{"id":3251,"date":"2021-03-23T15:14:23","date_gmt":"2021-03-23T14:14:23","guid":{"rendered":"https:\/\/fvcomponentes.com\/producto\/victron-shunt-6000a-50mv\/"},"modified":"2026-04-09T19:21:40","modified_gmt":"2026-04-09T17:21:40","slug":"victron-shunt-6000a-50mv","status":"publish","type":"product","link":"https:\/\/fvcomponentes.com\/fr\/producto\/victron-shunt-6000a-50mv\/","title":{"rendered":"Victron Shunt 6000A\/50mV - SHU60202050200"},"content":{"rendered":"<div style=\"position:relative;padding-bottom:56.25%;height:0;margin-bottom:24px;\">\n  <iframe \n    src=\"https:\/\/www.youtube-nocookie.com\/embed\/6EXFWD8E_d4?rel=0&#038;modestbranding=1\"\n    style=\"position:absolute;top:0;left:0;width:100%;height:100%;border:0;\"\n    loading=\"lazy\"\n    allowfullscreen><br \/>\n  <\/iframe>\n<\/div>\n<p><script type=\"application\/ld+json\">{\n    \"@context\": \"https:\\\/\\\/schema.org\",\n    \"@type\": \"VideoObject\",\n    \"name\": \"CONFIGURACI\\u00d3N de tu VICTRON SMARTSHUNT 500A como un PRO\",\n    \"description\": \"Aprende a configurar de forma eficiente un Victron SmartShunt 500A utilizando la app Victron Connect en iOS y Android para monitorizar tu bater\\u00eda con precisi\\u00f3n y sacar el m\\u00e1ximo rendimiento a tu sistema.\",\n    \"thumbnailUrl\": \"https:\\\/\\\/i.ytimg.com\\\/vi\\\/6EXFWD8E_d4\\\/maxresdefault.jpg\",\n    \"uploadDate\": \"2026-04-09T00:00:00+02:00\",\n    \"contentUrl\": \"https:\\\/\\\/www.youtube.com\\\/watch?v=6EXFWD8E_d4\",\n    \"embedUrl\": \"https:\\\/\\\/www.youtube-nocookie.com\\\/embed\\\/6EXFWD8E_d4\",\n    \"publisher\": {\n        \"@type\": \"Organization\",\n        \"name\": \"FV Componentes\"\n    }\n}<\/script><\/p>\n<h2>Victron Shunt 6000A\/50mV<\/h2>\n<p>Le shunt Victron 6000A\/50mV est un composant n\u00e9cessaire pour les courantom\u00e8tres \u00e0 affichage analogique ou num\u00e9rique, car ces mesures sont normalement effectu\u00e9es \u00e0 une tension tr\u00e8s basse. Plus la tension de mesure est faible au niveau des interrupteurs, plus les effets sur le reste du circuit du syst\u00e8me sont faibles.<\/p>\n<p>G\u00e9n\u00e9ralement, la r\u00e9sistance d'un shunt est connue avec pr\u00e9cision et est utilis\u00e9e pour d\u00e9terminer l'intensit\u00e9 du courant \u00e9lectrique circulant \u00e0 travers cette charge en mesurant la diff\u00e9rence de tension \u00e0 travers elle.<\/p>\n<p>Le shunt de <a href=\"https:\/\/www.victronenergy.com.es\/\" target=\"_blank\" rel=\"noopener\">Victron<\/a> est int\u00e9gr\u00e9e dans la ligne avec le courant \u00e0 mesurer. La petite tension qui r\u00e9sulte de cette r\u00e9sistance est \u00e9valu\u00e9e \u00e0 l'aide d'un appareil de mesure tel que le <a href=\"https:\/\/fvcomponentes.com\/fr\/produit\/victron-bmv-700-battery-monitor\/\" target=\"_blank\" rel=\"noopener\">Moniteur de batterie BMV-700<\/a> et affiche des valeurs telles que le d\u00e9bit actuel.<\/p>\n<p>Pour savoir si vous avez besoin d'un shunt pour votre appareil d'affichage, veuillez consulter les instructions de l'appareil concern\u00e9.<\/p>","protected":false},"excerpt":{"rendered":"<ul>\n<li><span class=\"a-list-item\">Tension de mesure : 50 mV<\/span><\/li>\n<\/ul>","protected":false},"featured_media":3244,"comment_status":"open","ping_status":"closed","template":"","meta":{"site-sidebar-layout":"default","site-content-layout":"default","ast-site-content-layout":"default","site-content-style":"default","site-sidebar-style":"default","ast-global-header-display":"","ast-banner-title-visibility":"","ast-main-header-display":"","ast-hfb-above-header-display":"","ast-hfb-below-header-display":"","ast-hfb-mobile-header-display":"","site-post-title":"","ast-breadcrumbs-content":"","ast-featured-img":"","footer-sml-layout":"","ast-disable-related-posts":"","theme-transparent-header-meta":"default","adv-header-id-meta":"","stick-header-meta":"","header-above-stick-meta":"","header-main-stick-meta":"","header-below-stick-meta":"","astra-migrate-meta-layouts":"set","ast-page-background-enabled":"default","ast-page-background-meta":{"desktop":{"background-color":"var(--ast-global-color-4)","background-image":"","background-repeat":"repeat","background-position":"center center","background-size":"auto","background-attachment":"scroll","background-type":"","background-media":"","overlay-type":"","overlay-color":"","overlay-opacity":"","overlay-gradient":""},"tablet":{"background-color":"","background-image":"","background-repeat":"repeat","background-position":"center center","background-size":"auto","background-attachment":"scroll","background-type":"","background-media":"","overlay-type":"","overlay-color":"","overlay-opacity":"","overlay-gradient":""},"mobile":{"background-color":"","background-image":"","background-repeat":"repeat","background-position":"center center","background-size":"auto","background-attachment":"scroll","background-type":"","background-media":"","overlay-type":"","overlay-color":"","overlay-opacity":"","overlay-gradient":""}},"ast-content-background-meta":{"desktop":{"background-color":"var(--ast-global-color-5)","background-image":"","background-repeat":"repeat","background-position":"center center","background-size":"auto","background-attachment":"scroll","background-type":"","background-media":"","overlay-type":"","overlay-color":"","overlay-opacity":"","overlay-gradient":""},"tablet":{"background-color":"var(--ast-global-color-5)","background-image":"","background-repeat":"repeat","background-position":"center center","background-size":"auto","background-attachment":"scroll","background-type":"","background-media":"","overlay-type":"","overlay-color":"","overlay-opacity":"","overlay-gradient":""},"mobile":{"background-color":"var(--ast-global-color-5)","background-image":"","background-repeat":"repeat","background-position":"center center","background-size":"auto","background-attachment":"scroll","background-type":"","background-media":"","overlay-type":"","overlay-color":"","overlay-opacity":"","overlay-gradient":""}}},"pwb-brand":[332],"product_brand":[],"product_cat":[391,340,933],"product_tag":[],"class_list":{"0":"post-3251","1":"product","2":"type-product","3":"status-publish","4":"has-post-thumbnail","6":"pwb-brand-victron","7":"product_cat-accesorios-para-baterias","8":"product_cat-baterias","9":"product_cat-monitores-de-baterias","10":"desktop-align-left","11":"tablet-align-left","12":"mobile-align-left","13":"ast-product-gallery-layout-horizontal-slider","14":"ast-product-tabs-layout-horizontal","16":"first","17":"instock","18":"taxable","19":"shipping-taxable","20":"purchasable","21":"product-type-simple"},"wcpa_form_fields":null,"brands":[{"id":332,"name":"Victron Energy","slug":"victron"}],"_links":{"self":[{"href":"https:\/\/fvcomponentes.com\/fr\/wp-json\/wp\/v2\/product\/3251","targetHints":{"allow":["GET"]}}],"collection":[{"href":"https:\/\/fvcomponentes.com\/fr\/wp-json\/wp\/v2\/product"}],"about":[{"href":"https:\/\/fvcomponentes.com\/fr\/wp-json\/wp\/v2\/types\/product"}],"replies":[{"embeddable":true,"href":"https:\/\/fvcomponentes.com\/fr\/wp-json\/wp\/v2\/comments?post=3251"}],"wp:featuredmedia":[{"embeddable":true,"href":"https:\/\/fvcomponentes.com\/fr\/wp-json\/wp\/v2\/media\/3244"}],"wp:attachment":[{"href":"https:\/\/fvcomponentes.com\/fr\/wp-json\/wp\/v2\/media?parent=3251"}],"wp:term":[{"taxonomy":"pwb-brand","embeddable":true,"href":"https:\/\/fvcomponentes.com\/fr\/wp-json\/wp\/v2\/pwb-brand?post=3251"},{"taxonomy":"product_brand","embeddable":true,"href":"https:\/\/fvcomponentes.com\/fr\/wp-json\/wp\/v2\/product_brand?post=3251"},{"taxonomy":"product_cat","embeddable":true,"href":"https:\/\/fvcomponentes.com\/fr\/wp-json\/wp\/v2\/product_cat?post=3251"},{"taxonomy":"product_tag","embeddable":true,"href":"https:\/\/fvcomponentes.com\/fr\/wp-json\/wp\/v2\/product_tag?post=3251"}],"curies":[{"name":"wp","href":"https:\/\/api.w.org\/{rel}","templated":true}]}}