{"id":32497,"date":"2025-11-20T14:47:05","date_gmt":"2025-11-20T13:47:05","guid":{"rendered":"https:\/\/fvcomponentes.com\/?post_type=product&#038;p=32497"},"modified":"2025-11-20T14:47:06","modified_gmt":"2025-11-20T13:47:06","slug":"batterie-lithium-hv-byd-battery-box-premium-hvs-12-8kwh","status":"publish","type":"product","link":"https:\/\/fvcomponentes.com\/fr\/producto\/bateria-de-litio-hv-byd-battery-box-premium-hvs-12-8kwh\/","title":{"rendered":"Batterie lithium HV BYD Battery-Box Premium HVS+ 12,8 kWh"},"content":{"rendered":"<h2>Batterie lithium HV BYD Battery-Box Premium HVS+ 12,8 kWh<\/h2>\n<p>BYD, leader mondial dans la fabrication de batteries et de solutions de stockage d'\u00e9nergie, pr\u00e9sente la nouvelle g\u00e9n\u00e9ration de ses batteries haute tension : la BYD Battery-Box Premium HVS+ 12,8 kWh, appartenant \u00e0 la s\u00e9rie HVS+, \u00e9volution directe des c\u00e9l\u00e8bres HVS.<\/p>\n<p>Ces nouvelles unit\u00e9s combinent une plus grande capacit\u00e9 \u00e9nerg\u00e9tique, des performances optimis\u00e9es, une conception modulaire am\u00e9lior\u00e9e et une compatibilit\u00e9 \u00e9tendue avec les principaux onduleurs du march\u00e9, r\u00e9affirmant ainsi la position de BYD en tant que r\u00e9f\u00e9rence dans le domaine des syst\u00e8mes de stockage pour la consommation r\u00e9sidentielle et industrielle.<\/p>\n<p>Gr\u00e2ce \u00e0 sa conception modulaire empilable (plug &amp; play), la Battery\u2011Box Premium HVS+ 12,8 kWh permet une installation rapide, s\u00fbre et \u00e9volutive, s'adaptant \u00e0 diff\u00e9rents besoins de consommation.<\/p>\n<h2>Pourquoi la BYD Battery\u2011Box Premium HVS+ 12,8 kWh est-elle l'une des meilleures options du march\u00e9 ?<\/h2>\n<p>La batterie lithium HV BYD Battery-Box Premium HVS+ 12,8 kWh est compos\u00e9e d'une unit\u00e9. <a href=\"https:\/\/fvcomponentes.com\/fr\/produit\/bcubase-pour-batterie-lithium-hv-byd-battery-box-premium-hvs-hvm-16541149-00\/\" target=\"_blank\" rel=\"noopener\">BCU+Base pour batterie lithium HV BYD Battery Box Premium HVS+ \/ HVM+ - 16541149-00<\/a> y 5 <a href=\"https:\/\/fvcomponentes.com\/fr\/produit\/hv-byd-premium-lithium-battery-module-hvs-2-56-18487497-00\/\" target=\"_blank\" rel=\"noopener\">2,56 kWh Modules HVS+<\/a> chacun, pour une capacit\u00e9 utile totale de 12,8 kWh.<\/p>\n<p>Cette combinaison constitue une tour \u00e0 haute tension capable de fournir une puissance continue \u00e9lev\u00e9e et de g\u00e9rer l'\u00e9nergie avec pr\u00e9cision, gr\u00e2ce au syst\u00e8me intelligent de gestion de la batterie (BMS) int\u00e9gr\u00e9.<\/p>\n<p>Le BMS (Battery Management System) int\u00e9gr\u00e9 \u00e0 la BCU g\u00e8re l'\u00e9nergie en temps r\u00e9el, en \u00e9quilibrant les cellules, en surveillant la temp\u00e9rature et en prot\u00e9geant le syst\u00e8me contre tout incident. L'ensemble du syst\u00e8me est con\u00e7u pour offrir performance, fiabilit\u00e9 et s\u00e9curit\u00e9 maximale pendant plus de 6 000 cycles de charge.<\/p>\n<h2>Principales fonctions du BYD Battery-Box Premium HVS+ 12,8 kWh<\/h2>\n<h3>Conception modulaire et \u00e9volutive<\/h3>\n<p>La s\u00e9rie HVS+ permet d'empiler entre 2 et 5 modules sur une seule BCU+Base, ce qui facilite l'extension de la capacit\u00e9 du syst\u00e8me sans remplacer les composants cl\u00e9s.<br \/>\nDans le cas du mod\u00e8le 12,8 kWh, on est d\u00e9j\u00e0 \u00e0 la limite des modules (5 modules).<\/p>\n<h3>Gestion et contr\u00f4le intelligents<\/h3>\n<p>Le syst\u00e8me BMS surveille en permanence la tension, le courant et la temp\u00e9rature de chaque module, garantissant ainsi un fonctionnement efficace et stable. De plus, il optimise l'utilisation de l'\u00e9nergie stock\u00e9e et la r\u00e9partition de la charge\/d\u00e9charge afin de prolonger la dur\u00e9e de vie du syst\u00e8me et d'am\u00e9liorer l'efficacit\u00e9 globale de l'ensemble.<\/p>\n<h3>Stockage efficace et stable<\/h3>\n<p>Chaque module HVS+ utilise la technologie lithium-fer-phosphate (LiFePO\u2084 ou LFP), connue pour sa grande stabilit\u00e9 thermique, sa s\u00e9curit\u00e9 intrins\u00e8que, sa longue dur\u00e9e de vie et son bon comportement dans des environnements exigeants.<\/p>\n<h3>Protection et s\u00e9curit\u00e9 maximales<\/h3>\n<p>La batterie int\u00e8gre des protections avanc\u00e9es contre la surcharge, la d\u00e9charge excessive, les courts-circuits et les temp\u00e9ratures extr\u00eames.<br \/>\nConforme aux certifications internationales IEC 62619, UN 38.3 et CE, garantissant la s\u00e9curit\u00e9 \u00e9lectrique, m\u00e9canique et de transport dans tout type d'installation.<br \/>\nLe bo\u00eetier m\u00e9tallique renforc\u00e9 et scell\u00e9 aide \u00e0 pr\u00e9venir les dommages accidentels et garantit des performances externes s\u00fbres.<\/p>\n<h3>Communication avanc\u00e9e<\/h3>\n<p>Le syst\u00e8me int\u00e8gre des interfaces CAN et RS485, qui permettent une communication bidirectionnelle avec les onduleurs compatibles. Ainsi, la batterie peut \u00e9changer des informations avec l'onduleur, permettre des modes de secours, contr\u00f4ler la charge\/d\u00e9charge, effectuer une surveillance \u00e0 distance, etc.<\/p>\n<h3>Installation rapide et s\u00fbre<\/h3>\n<p>La conception modulaire \u201c plug &amp; play \u201d \u00e9limine le besoin de c\u00e2blage interne entre les modules. Les modules s'empilent verticalement sur la base (BCU+Base), et les connecteurs internes assurent \u00e0 la fois la connexion m\u00e9canique et \u00e9lectrique. Cela r\u00e9duit le temps d'assemblage et minimise les erreurs humaines.<\/p>\n<h3>Structure robuste et modulaire<\/h3>\n<p>Le bo\u00eetier m\u00e9tallique renforc\u00e9 offre rigidit\u00e9, protection contre les contacts accidentels et stabilit\u00e9 m\u00e9canique. La conception modulaire et verticale facilite la dissipation thermique, permettant des performances stables m\u00eame dans des environnements exigeants.<\/p>\n<h3>Compatibilit\u00e9 entre les syst\u00e8mes de batterie BYD<\/h3>\n<p>La Battery\u2011Box Premium HVS+ 12,8 kWh fait partie de la nouvelle g\u00e9n\u00e9ration de batteries haute tension BYD et est compatible exclusivement avec la s\u00e9rie HVS+ et l'unit\u00e9 BCU+Base de nouvelle g\u00e9n\u00e9ration.<\/p>\n<p>Battery-Box Premium HVS+ : empilable de 2 \u00e0 5 modules (5,1 - 12,8 kWh utilisables).<\/p>\n<p>Les modules HVS+ ne sont pas r\u00e9trocompatibles (HVS) et ne peuvent donc pas \u00eatre combin\u00e9s avec des modules ou des BCU de versions ant\u00e9rieures. Ils ne peuvent pas \u00eatre m\u00e9lang\u00e9s dans la m\u00eame tour ou mettre de nouvelles tours en parall\u00e8le avec des tours de modules de versions ant\u00e9rieures.<\/p>\n<h3>Compatibilit\u00e9 avec les onduleurs<\/h3>\n<p>Les batteries au lithium BYD Battery-Box Premium HVS+ sont compatibles avec une large gamme d'onduleurs leaders du march\u00e9 tels que Fronius, GoodWe, SMA, Kostal, Victron, Huawei ou Solis.<br \/>\nCette compatibilit\u00e9 garantit une int\u00e9gration ais\u00e9e dans les syst\u00e8mes d'autoconsommation avec stockage, les installations hybrides ou les configurations de sauvegarde.<\/p>\n<p><a href=\"https:\/\/fvcomponentes.com\/wp-content\/uploads\/2025\/10\/Compatible-Inverter-List_HVBHVMHVS_MLL_V1.3.pdf\" target=\"_blank\" rel=\"noopener\"><strong>Liste mise \u00e0 jour des onduleurs compatibles avec les batteries BYD Battery Box Premium HVS+ \/ HVM+ Version V1.3, mise \u00e0 jour 17\/10\/25<\/strong><\/a><\/p>\n<h3>Batteries HVS<\/h3>\n<p><img decoding=\"async\" src=\"https:\/\/fvcomponentes.com\/wp-content\/uploads\/2025\/10\/ByD-HVS-Caracteristicas.png\" alt=\"B&amp;H HVS Caract\u00e9ristiques\" title=\"\"><\/p>\n<h2>Avantages du nouveau design du BYD Battery-Box Premium HVS+ 12,8 kWh<\/h2>\n<h3>Plus de puissance et de flexibilit\u00e9<\/h3>\n<p>Le mod\u00e8le HVS+ 12,8 kWh offre une puissance et une densit\u00e9 \u00e9nerg\u00e9tique sup\u00e9rieures aux s\u00e9ries pr\u00e9c\u00e9dentes. Il est id\u00e9al pour les syst\u00e8mes photovolta\u00efques r\u00e9sidentiels qui n\u00e9cessitent une autonomie nocturne ou une alimentation de secours stable.<\/p>\n<h3>Int\u00e9gration transparente avec les onduleurs les plus modernes<\/h3>\n<p>Enti\u00e8rement compatible avec Fronius GEN24 Plus, GoodWe ET Plus+, SMA Sunny Boy Storage, Kostal Plenticore Plus et Victron Multiplus II, entre autres.<\/p>\n<h3>Entretien minimal<\/h3>\n<p>Pas de ventilateurs ni de pi\u00e8ces mobiles. Le refroidissement passif et l'\u00e9tanch\u00e9it\u00e9 IP55 garantissent une longue dur\u00e9e de vie sans entretien p\u00e9riodique.<\/p>\n<h3>Conception robuste et s\u00fbre<\/h3>\n<p>Structure m\u00e9tallique renforc\u00e9e avec isolation compl\u00e8te contre les contacts accidentels.<br \/>\nConvient pour une installation \u00e0 l'int\u00e9rieur (garages, locaux techniques, greniers, etc.).<\/p>\n<h2>Comment dimensionner une batterie ?<\/h2>\n<p>La premi\u00e8re \u00e9tape consiste \u00e0 d\u00e9finir l'objectif de la batterie : cherchez-vous \u00e0 \u00e9conomiser de l'\u00e9nergie et \u00e0 la stocker pendant la journ\u00e9e pour l'utiliser la nuit ? Avez-vous besoin d'un syst\u00e8me de secours pour les situations d'urgence telles que les pannes de courant ou les coupures d'\u00e9lectricit\u00e9 prolong\u00e9es ? Souhaitez-vous gagner en autonomie et en ind\u00e9pendance par rapport aux compagnies d'\u00e9lectricit\u00e9 ?<\/p>\n<p>Une fois que vous \u00eates au clair sur votre objectif, il ne vous reste plus qu'\u00e0 calculer la consommation que vous feriez pendant les heures d'utilisation de la batterie. Ce calcul est tr\u00e8s facile si vous agrandissez votre installation de panneaux, car vous pourrez acc\u00e9der \u00e0 vos donn\u00e9es r\u00e9elles via l'application de votre onduleur, comme le Fronius Solar.web. Si vous ne disposez pas de ces donn\u00e9es, vous pouvez toujours consulter votre fournisseur. En r\u00e8gle g\u00e9n\u00e9rale, environ 40% de la consommation journali\u00e8re est r\u00e9alis\u00e9e lorsqu'il n'y a pas de soleil.<\/p>\n<p>Vous devez \u00e9galement tenir compte de la puissance que la batterie et l'onduleur peuvent fournir, qui doit \u00eatre en mesure de couvrir vos pics de consommation.<\/p>\n<p>Avec ces informations, vous pouvez maintenant choisir la batterie qui r\u00e9pond le mieux \u00e0 vos besoins.<\/p>\n<h2>Exemple d'installation d'une BYD Battery-Box Premium HVS+ 12,8 kWh<\/h2>\n<p>Une installation typique comprend<\/p>\n<p>1 \u00d7 BCU+Base - 16541149-00<br \/>\n5 \u00d7 modules HVS+ (2,56 kWh chacun)<\/p>\n<p>Cette configuration permet d'obtenir 12,8 kWh utiles, suffisants pour couvrir la consommation nocturne d'une grande maison, de petits commerces ou d'installations mixtes \u00e0 forte demande \u00e9nerg\u00e9tique.<\/p>\n<h2>Installation recommand\u00e9e d'une batterie au lithium haute tension<\/h2>\n<ul>\n<li><strong>Localisation :<\/strong>\u00a0s\u00e9cher \u00e0 l'int\u00e9rieur, sur une surface stable, \u00e0 l'abri de l'humidit\u00e9 et de la chaleur.<\/li>\n<li><strong>Assemblage :<\/strong>\u00a0la BCU+Base est install\u00e9e en premier ; les modules sont empil\u00e9s verticalement avec une connexion plug &amp; play, sans c\u00e2bles internes. Ils s'embo\u00eetent les uns dans les autres \u00e0 l'aide des connecteurs int\u00e9gr\u00e9s.<\/li>\n<li><strong>Connexion :<\/strong>\u00a0Les c\u00e2bles d'alimentation et de communication sont connect\u00e9s directement de la BCU \u00e0 l'onduleur via les protocoles CAN \/ RS485, sans c\u00e2blage suppl\u00e9mentaire entre les modules.<\/li>\n<li><strong>Mise en service :<\/strong>\u00a0Cette op\u00e9ration s'effectue \u00e0 partir de l'interface de l'onduleur compatible, qui d\u00e9tecte automatiquement la batterie et configure le syst\u00e8me en fonction des param\u00e8tres du syst\u00e8me de gestion de la batterie (BMS).<\/li>\n<li><strong>Compatibilit\u00e9 :<\/strong>\u00a0Exclusivement avec les syst\u00e8mes BYD Premium HVS+ et BCU+Base de nouvelle g\u00e9n\u00e9ration.<\/li>\n<\/ul>\n<h2>Quelle est la garantie des batteries lithium BYD Battery Box Premium HVS+ ?<\/h2>\n<p>BYD offre une garantie de 10 ans sur toute la gamme Battery-Box Premium HVS+, couvrant \u00e0 la fois l'unit\u00e9 BCU et les modules de batterie, \u00e0 condition que le syst\u00e8me soit install\u00e9 conform\u00e9ment aux sp\u00e9cifications du fabricant et avec des onduleurs homologu\u00e9s.<\/p>\n<h2>Sp\u00e9cifications techniques de la batterie lithium HV BYD Battery-Box Premium HVS+ 12,8 kWh<\/h2>\n<table>\n<thead>\n<tr>\n<th>Param\u00e8tres<\/th>\n<th>Valeur<\/th>\n<\/tr>\n<\/thead>\n<tbody>\n<tr>\n<td>Mod\u00e8le<\/td>\n<td>BYD Battery\u2011Box Premium HVS+ 12,8 kWh<\/td>\n<\/tr>\n<tr>\n<td>Composants<\/td>\n<td>1 \u00d7 BCU+Base + 5 \u00d7 modules HVS+ (2,56 kWh chacun)<\/td>\n<\/tr>\n<tr>\n<td>Capacit\u00e9 utile<\/td>\n<td>12,8 kWh<\/td>\n<\/tr>\n<tr>\n<td>Technologie<\/td>\n<td>LiFePO\u2084 (ferrophosphate de lithium)<\/td>\n<\/tr>\n<tr>\n<td>Tension nominale<\/td>\n<td>512 V<\/td>\n<\/tr>\n<tr>\n<td>Plage de tension de fonctionnement<\/td>\n<td>400\u202f \u2013 576 V<\/td>\n<\/tr>\n<tr>\n<td>Courant nominal de sortie<\/td>\n<td>25\u202fA<\/td>\n<\/tr>\n<tr>\n<td>Courant de cr\u00eate<\/td>\n<td>55 A , 15 s<\/td>\n<\/tr>\n<tr>\n<td>Dimensions<\/td>\n<td>146,7 \u00d7 61 \u00d7 28,2 cm<\/td>\n<\/tr>\n<tr>\n<td>Poids approximatif<\/td>\n<td>206,6 kg<\/td>\n<\/tr>\n<tr>\n<td>Protection de l'environnement<\/td>\n<td>IP55<\/td>\n<\/tr>\n<tr>\n<td>Efficacit\u00e9 du syst\u00e8me<\/td>\n<td>\u2265\u202f96\u202f%<\/td>\n<\/tr>\n<tr>\n<td>Cycles de vie estim\u00e9s<\/td>\n<td>&gt;\u202f6 000 cycles (selon le document BYD)<\/td>\n<\/tr>\n<tr>\n<td>Temp\u00e9rature de fonctionnement<\/td>\n<td>\u201310 \u00b0C \u00e0 +50 \u00b0C<\/td>\n<\/tr>\n<tr>\n<td>Communication<\/td>\n<td>CAN \/ RS485<\/td>\n<\/tr>\n<tr>\n<td>Certifications<\/td>\n<td>IEC 62619, UN 38.3, CE, VDE 2510-50<\/td>\n<\/tr>\n<tr>\n<td>Garantie<\/td>\n<td>10 ans (selon les conditions du fabricant)<\/td>\n<\/tr>\n<\/tbody>\n<\/table>\n<h2>Fiche technique Batterie lithium HV BYD Battery-Box Premium HVS+ 12,8 kWh<\/h2>\n<p><a href=\"https:\/\/fvcomponentes.com\/wp-content\/uploads\/2025\/10\/Datasheet_HVS_EN_V1.0_250729.pdf\" target=\"_blank\" rel=\"noopener\">Fiche technique de la batterie lithium HV BYD Battery-Box Premium HVS+ 12,8 kWh<\/a><\/p>\n<h2>Manuel d'installation Batterie lithium HV BYD Battery-Box Premium HVS+ 12,8 kWh<\/h2>\n<p><a href=\"https:\/\/fvcomponentes.com\/wp-content\/uploads\/2025\/10\/BYD_Quick-Start-Guide_HVS_HVM_HVB_V1.3_EN.pdf\" target=\"_blank\" rel=\"noopener\">Manuel d'installation de la batterie lithium HV BYD Battery-Box Premium HVS+ 12,8 kWh<\/a><\/p>","protected":false},"excerpt":{"rendered":"<p><span style=\"color: #ff0000;\"><strong>IMAGE INDICATIVE<\/strong><\/span><\/p>\n<p><strong>PRIX SP\u00c9CIAL B&amp;D pour les envois DIRECTS.<\/strong><\/p>\n<p>\u00c9nergie utilisable : 12,8 kWh<br \/>\nNombre de modules : 5<br \/>\nTension nominale : 512 V<br \/>\nPlage de tension de fonctionnement : 400\u202f \u2013 576 V<br \/>\nCourant de sortie maximal : 25A<br \/>\nCourant de sortie maximal : 55 A pendant 15 secondes<\/p>","protected":false},"featured_media":32506,"comment_status":"closed","ping_status":"closed","template":"","meta":{"site-sidebar-layout":"default","site-content-layout":"","ast-site-content-layout":"default","site-content-style":"default","site-sidebar-style":"default","ast-global-header-display":"","ast-banner-title-visibility":"","ast-main-header-display":"","ast-hfb-above-header-display":"","ast-hfb-below-header-display":"","ast-hfb-mobile-header-display":"","site-post-title":"","ast-breadcrumbs-content":"","ast-featured-img":"","footer-sml-layout":"","ast-disable-related-posts":"","theme-transparent-header-meta":"default","adv-header-id-meta":"","stick-header-meta":"","header-above-stick-meta":"","header-main-stick-meta":"","header-below-stick-meta":"","astra-migrate-meta-layouts":"set","ast-page-background-enabled":"default","ast-page-background-meta":{"desktop":{"background-color":"var(--ast-global-color-4)","background-image":"","background-repeat":"repeat","background-position":"center center","background-size":"auto","background-attachment":"scroll","background-type":"","background-media":"","overlay-type":"","overlay-color":"","overlay-opacity":"","overlay-gradient":""},"tablet":{"background-color":"","background-image":"","background-repeat":"repeat","background-position":"center center","background-size":"auto","background-attachment":"scroll","background-type":"","background-media":"","overlay-type":"","overlay-color":"","overlay-opacity":"","overlay-gradient":""},"mobile":{"background-color":"","background-image":"","background-repeat":"repeat","background-position":"center center","background-size":"auto","background-attachment":"scroll","background-type":"","background-media":"","overlay-type":"","overlay-color":"","overlay-opacity":"","overlay-gradient":""}},"ast-content-background-meta":{"desktop":{"background-color":"var(--ast-global-color-5)","background-image":"","background-repeat":"repeat","background-position":"center center","background-size":"auto","background-attachment":"scroll","background-type":"","background-media":"","overlay-type":"","overlay-color":"","overlay-opacity":"","overlay-gradient":""},"tablet":{"background-color":"var(--ast-global-color-5)","background-image":"","background-repeat":"repeat","background-position":"center center","background-size":"auto","background-attachment":"scroll","background-type":"","background-media":"","overlay-type":"","overlay-color":"","overlay-opacity":"","overlay-gradient":""},"mobile":{"background-color":"var(--ast-global-color-5)","background-image":"","background-repeat":"repeat","background-position":"center center","background-size":"auto","background-attachment":"scroll","background-type":"","background-media":"","overlay-type":"","overlay-color":"","overlay-opacity":"","overlay-gradient":""}}},"pwb-brand":[897],"product_brand":[],"product_cat":[340,379],"product_tag":[],"class_list":{"0":"post-32497","1":"product","2":"type-product","3":"status-publish","4":"has-post-thumbnail","6":"pwb-brand-byd","7":"product_cat-baterias","8":"product_cat-baterias-de-litio-de-alto-voltaje","9":"product_shipping_class-baterias","10":"desktop-align-left","11":"tablet-align-left","12":"mobile-align-left","13":"ast-product-gallery-layout-horizontal-slider","14":"ast-product-tabs-layout-horizontal","16":"first","17":"instock","18":"taxable","19":"shipping-taxable","20":"purchasable","21":"product-type-yith_bundle"},"wcpa_form_fields":null,"brands":[{"id":897,"name":"Batteries B&amp;D","slug":"byd"}],"_links":{"self":[{"href":"https:\/\/fvcomponentes.com\/fr\/wp-json\/wp\/v2\/product\/32497","targetHints":{"allow":["GET"]}}],"collection":[{"href":"https:\/\/fvcomponentes.com\/fr\/wp-json\/wp\/v2\/product"}],"about":[{"href":"https:\/\/fvcomponentes.com\/fr\/wp-json\/wp\/v2\/types\/product"}],"replies":[{"embeddable":true,"href":"https:\/\/fvcomponentes.com\/fr\/wp-json\/wp\/v2\/comments?post=32497"}],"wp:featuredmedia":[{"embeddable":true,"href":"https:\/\/fvcomponentes.com\/fr\/wp-json\/wp\/v2\/media\/32506"}],"wp:attachment":[{"href":"https:\/\/fvcomponentes.com\/fr\/wp-json\/wp\/v2\/media?parent=32497"}],"wp:term":[{"taxonomy":"pwb-brand","embeddable":true,"href":"https:\/\/fvcomponentes.com\/fr\/wp-json\/wp\/v2\/pwb-brand?post=32497"},{"taxonomy":"product_brand","embeddable":true,"href":"https:\/\/fvcomponentes.com\/fr\/wp-json\/wp\/v2\/product_brand?post=32497"},{"taxonomy":"product_cat","embeddable":true,"href":"https:\/\/fvcomponentes.com\/fr\/wp-json\/wp\/v2\/product_cat?post=32497"},{"taxonomy":"product_tag","embeddable":true,"href":"https:\/\/fvcomponentes.com\/fr\/wp-json\/wp\/v2\/product_tag?post=32497"}],"curies":[{"name":"wp","href":"https:\/\/api.w.org\/{rel}","templated":true}]}}