{"id":32494,"date":"2025-11-20T14:45:56","date_gmt":"2025-11-20T13:45:56","guid":{"rendered":"https:\/\/fvcomponentes.com\/?post_type=product&#038;p=32494"},"modified":"2025-11-24T08:38:15","modified_gmt":"2025-11-24T07:38:15","slug":"batterie-lithium-hv-byd-battery-box-premium-hvs-10-2kwh","status":"publish","type":"product","link":"https:\/\/fvcomponentes.com\/fr\/producto\/bateria-de-litio-hv-byd-battery-box-premium-hvs-10-2kwh\/","title":{"rendered":"Batterie lithium HV BYD Battery-Box Premium HVS+ 10,2 kWh"},"content":{"rendered":"<h2>Batterie lithium HV BYD Battery-Box Premium HVS+ 10,2 kWh<\/h2>\n<p>BYD, leader mondial dans la fabrication de batteries et de solutions de stockage d'\u00e9nergie, pr\u00e9sente la nouvelle g\u00e9n\u00e9ration de ses batteries haute tension : la BYD Battery-Box Premium HVS+ 10,2 kWh, appartenant \u00e0 la s\u00e9rie HVS+, \u00e9volution directe des c\u00e9l\u00e8bres HVS.<\/p>\n<p>Ces nouvelles batteries offrent une densit\u00e9 \u00e9nerg\u00e9tique sup\u00e9rieure, une puissance optimis\u00e9e, un design plus compact et une compatibilit\u00e9 \u00e9tendue avec les principaux onduleurs hybrides du march\u00e9, consolidant ainsi la position de BYD en tant que r\u00e9f\u00e9rence dans le domaine du stockage pour l'autoconsommation r\u00e9sidentielle et industrielle.<\/p>\n<p>Gr\u00e2ce \u00e0 son architecture modulaire et \u00e9volutive, la Battery-Box Premium HVS+ 10,2 kWh permet de commencer avec une configuration interm\u00e9diaire et de l'\u00e9tendre facilement \u00e0 mesure que les besoins \u00e9nerg\u00e9tiques de l'utilisateur augmentent. Sa conception \u201c plug &amp; play \u201d r\u00e9duit les temps d'installation, \u00e9limine le c\u00e2blage interne et garantit une connexion s\u00fbre, propre et efficace.<\/p>\n<h2>Pourquoi la BYD Battery-Box Premium HVS+ 10,2 kWh est-elle l'une des meilleures options du march\u00e9 ?<\/h2>\n<p>La batterie lithium HV BYD Battery-Box Premium HVS+ 10,2 kWh est compos\u00e9e de <strong>1 unit\u00e9<\/strong> <a href=\"https:\/\/fvcomponentes.com\/fr\/produit\/bcubase-pour-batterie-lithium-hv-byd-battery-box-premium-hvs-hvm-16541149-00\/\" target=\"_blank\" rel=\"noopener\">BCU+Base pour batterie lithium HV BYD Battery Box Premium HVS+ \/ HVM+ - 16541149-00<\/a> y <strong>4<\/strong> <a href=\"https:\/\/fvcomponentes.com\/fr\/produit\/hv-byd-premium-lithium-battery-module-hvs-2-56-18487497-00\/\" target=\"_blank\" rel=\"noopener\">2,56 kWh Modules HVS+<\/a> chacun, pour une capacit\u00e9 utile totale de 10,24 kWh.<\/p>\n<p>Chaque tour de batterie peut \u00eatre \u00e9tendue jusqu'\u00e0 5 modules (12,8 kWh) ou combin\u00e9e en parall\u00e8le avec d'autres tours, atteignant ainsi des capacit\u00e9s de stockage d'\u00e9nergie plus importantes pour les installations plus exigeantes.<\/p>\n<p>Le syst\u00e8me BMS (Battery Management System) int\u00e9gr\u00e9 dans la BCU g\u00e8re l'\u00e9nergie en temps r\u00e9el, \u00e9quilibre les cellules, surveille la temp\u00e9rature et prot\u00e8ge le syst\u00e8me contre les surcharges, les d\u00e9charges excessives ou les courts-circuits. L'ensemble est con\u00e7u pour offrir des performances, une fiabilit\u00e9 et une s\u00e9curit\u00e9 maximale pendant plus de 6 000 cycles de charge.<\/p>\n<h2>Principales fonctions du BYD Battery-Box Premium HVS+ 10,2 kWh<\/h2>\n<h3>Gestion et contr\u00f4le intelligents<\/h3>\n<p>Le syst\u00e8me BMS surveille en permanence la tension, le courant et la temp\u00e9rature de chaque cellule, garantissant ainsi un fonctionnement efficace et stable. De plus, il optimise l'utilisation de l'\u00e9nergie stock\u00e9e afin de prolonger la dur\u00e9e de vie du syst\u00e8me et d'am\u00e9liorer l'efficacit\u00e9 globale de l'ensemble.<\/p>\n<h3>S\u00e9curit\u00e9 et s\u00fbret\u00e9<\/h3>\n<p>La batterie int\u00e8gre des protections avanc\u00e9es contre la surcharge, la d\u00e9charge excessive, les courts-circuits et les temp\u00e9ratures extr\u00eames.<br \/>\nConforme aux certifications internationales IEC 62619, UN 38.3 et CE, garantissant la s\u00e9curit\u00e9 \u00e9lectrique, m\u00e9canique et de transport dans tout type d'installation.<\/p>\n<h3>Communication avanc\u00e9e<\/h3>\n<p>La Battery-Box Premium HVS+ 10,2 kWh dispose d'interfaces CAN et RS485 int\u00e9gr\u00e9es, ce qui permet une communication parfaite avec les principaux onduleurs du march\u00e9.<br \/>\nCette communication bidirectionnelle permet une gestion intelligente du flux d'\u00e9nergie entre le champ photovolta\u00efque, la batterie et la consommation domestique ou industrielle.<\/p>\n<h3>Facilit\u00e9 d'installation<\/h3>\n<p>Le syst\u00e8me s'installe par empilement vertical sans c\u00e2blage interne.<br \/>\nLes connecteurs d'alimentation et de communication sont int\u00e9gr\u00e9s, ce qui facilite une installation rapide, s\u00fbre et sans erreur.<\/p>\n<h3>Structure robuste et modulaire<\/h3>\n<p>Le bo\u00eetier m\u00e9tallique renforc\u00e9 et la conception modulaire offrent une base solide, un alignement pr\u00e9cis des modules et une dissipation thermique optimale, garantissant des performances stables m\u00eame dans des environnements exigeants.<\/p>\n<h3>Compatibilit\u00e9 entre les syst\u00e8mes de batterie BYD<\/h3>\n<p>La Battery-Box Premium HVS+ fait partie de la nouvelle g\u00e9n\u00e9ration de batteries haute tension BYD et n'est compatible qu'avec les composants de la s\u00e9rie HVS+ et l'unit\u00e9 BCU+Base de nouvelle g\u00e9n\u00e9ration.<\/p>\n<p>Battery-Box Premium HVS+ : empilable de 2 \u00e0 5 modules (5,1 - 12,8 kWh utilisables).<\/p>\n<p>Les modules HVS+ ne sont pas compatibles avec les versions pr\u00e9c\u00e9dentes (HVS) et ne peuvent donc pas \u00eatre combin\u00e9s avec des modules ou des BCU de versions ant\u00e9rieures. Ils ne peuvent pas non plus \u00eatre m\u00e9lang\u00e9s dans la m\u00eame tour ni connect\u00e9s en parall\u00e8le avec des tours de versions ant\u00e9rieures.<\/p>\n<h3>Compatibilit\u00e9 avec les onduleurs<\/h3>\n<p>Les batteries lithium HV BYD Battery-Box Premium HVS+ sont compatibles avec une large gamme d'onduleurs leaders sur le march\u00e9 : Fronius, GoodWe, SMA, Kostal, Victron, Huawei ou Solis.<br \/>\nCette compatibilit\u00e9 garantit une int\u00e9gration ais\u00e9e dans les syst\u00e8mes d'autoconsommation avec stockage, les installations hybrides ou les configurations de sauvegarde.<\/p>\n<p><a href=\"https:\/\/fvcomponentes.com\/wp-content\/uploads\/2025\/10\/Compatible-Inverter-List_HVBHVMHVS_MLL_V1.3.pdf\" target=\"_blank\" rel=\"noopener\"><strong>Liste mise \u00e0 jour des onduleurs compatibles avec les batteries BYD Battery Box Premium HVS+ \/ HVM+ Version V1.3, mise \u00e0 jour 17\/10\/25<\/strong><\/a><\/p>\n<h3>Batteries HVS<\/h3>\n<p><img decoding=\"async\" src=\"https:\/\/fvcomponentes.com\/wp-content\/uploads\/2025\/10\/ByD-HVS-Caracteristicas.png\" alt=\"B&amp;H HVS Caract\u00e9ristiques\" title=\"\"><\/p>\n<h2>Avantages du nouveau design du BYD Battery-Box Premium HVS+ 10,2 kWh<\/h2>\n<h3>Plus de puissance et de flexibilit\u00e9<\/h3>\n<p>Le mod\u00e8le HVS+ 10,2 kWh offre une puissance et une densit\u00e9 \u00e9nerg\u00e9tique sup\u00e9rieures \u00e0 celles des s\u00e9ries pr\u00e9c\u00e9dentes.<br \/>\nIl est id\u00e9al pour les syst\u00e8mes photovolta\u00efques r\u00e9sidentiels ou commerciaux qui n\u00e9cessitent une autonomie nocturne, une alimentation de secours stable ou une capacit\u00e9 de d\u00e9charge \u00e9lev\u00e9e.<\/p>\n<h3>Int\u00e9gration transparente avec les onduleurs les plus modernes<\/h3>\n<p>Enti\u00e8rement compatible avec Fronius GEN24 Plus, GoodWe ET Plus+, SMA Sunny Boy Storage, Kostal Plenticore Plus et Victron Multiplus II, entre autres mod\u00e8les certifi\u00e9s.<\/p>\n<h3>Installation modulaire et extensible<\/h3>\n<p>Il permet de commencer avec quatre modules (10,2 kWh) et d'\u00e9tendre jusqu'\u00e0 12,8 kWh en empilant simplement de nouveaux modules sur la m\u00eame base, sans avoir \u00e0 changer l'unit\u00e9 initiale.<\/p>\n<h3>Entretien minimal<\/h3>\n<p>Sans ventilateurs ni pi\u00e8ces mobiles.<br \/>\nSon refroidissement passif et son indice de protection IP55 garantissent une longue dur\u00e9e de vie sans entretien r\u00e9gulier.<\/p>\n<h3>Conception robuste et s\u00fbre<\/h3>\n<p>Structure m\u00e9tallique renforc\u00e9e avec isolation compl\u00e8te contre les contacts accidentels.<br \/>\nConvient pour une installation \u00e0 l'int\u00e9rieur : garages, locaux techniques, d\u00e9barras ou greniers.<\/p>\n<h2>Comment dimensionner une batterie ?<\/h2>\n<p>La premi\u00e8re \u00e9tape consiste \u00e0 d\u00e9finir l'objectif de la batterie : cherchez-vous \u00e0 \u00e9conomiser de l'\u00e9nergie et \u00e0 la stocker pendant la journ\u00e9e pour l'utiliser la nuit ? Avez-vous besoin d'un syst\u00e8me de secours pour les situations d'urgence telles que les pannes de courant ou les coupures d'\u00e9lectricit\u00e9 prolong\u00e9es ? Souhaitez-vous gagner en autonomie et en ind\u00e9pendance par rapport aux compagnies d'\u00e9lectricit\u00e9 ?<\/p>\n<p>Une fois que vous \u00eates au clair sur votre objectif, il ne vous reste plus qu'\u00e0 calculer la consommation que vous feriez pendant les heures d'utilisation de la batterie. Ce calcul est tr\u00e8s facile si vous agrandissez votre installation de panneaux, car vous pourrez acc\u00e9der \u00e0 vos donn\u00e9es r\u00e9elles via l'application de votre onduleur, comme le Fronius Solar.web. Si vous ne disposez pas de ces donn\u00e9es, vous pouvez toujours consulter votre fournisseur. En r\u00e8gle g\u00e9n\u00e9rale, environ 40% de la consommation journali\u00e8re est r\u00e9alis\u00e9e lorsqu'il n'y a pas de soleil.<\/p>\n<p>Vous devez \u00e9galement tenir compte de la puissance que la batterie et l'onduleur peuvent fournir, qui doit \u00eatre en mesure de couvrir vos pics de consommation.<\/p>\n<p>Avec ces informations, vous pouvez maintenant choisir la batterie qui r\u00e9pond le mieux \u00e0 vos besoins.<\/p>\n<h2>Exemple d'installation d'un BYD Battery-Box Premium HVS+ 10,2 kWh<\/h2>\n<p>Une installation typique comprend<\/p>\n<p>1 \u00d7 BCU+Base - 16541149-00<br \/>\n4 \u00d7 modules HVS+ (2,56 kWh chacun)<\/p>\n<p>Cette configuration fournit 10,24 kWh utiles, suffisants pour couvrir la consommation nocturne d'une maison individuelle avec une consommation moyenne de 8 \u00e0 12 kWh par jour. La dur\u00e9e de vie de la batterie d\u00e9pend de la consommation et de son niveau de charge. Plus le pourcentage de charge au moment de l'utilisation de la batterie est \u00e9lev\u00e9 et plus la consommation est faible, plus la dur\u00e9e de vie est longue.<\/p>\n<h2>Installation recommand\u00e9e d'une batterie au lithium haute tension<\/h2>\n<ul>\n<li><strong>Localisation :<\/strong>\u00a0s\u00e9cher \u00e0 l'int\u00e9rieur, sur une surface stable, \u00e0 l'abri de l'humidit\u00e9 et de la chaleur.<\/li>\n<li><strong>Assemblage :<\/strong>\u00a0la BCU+Base est install\u00e9e en premier ; les modules sont empil\u00e9s verticalement avec une connexion plug &amp; play, sans c\u00e2bles internes. Ils s'embo\u00eetent les uns dans les autres \u00e0 l'aide des connecteurs int\u00e9gr\u00e9s.<\/li>\n<li><strong>Connexion :<\/strong>\u00a0Les c\u00e2bles d'alimentation et de communication sont connect\u00e9s directement de la BCU \u00e0 l'onduleur via les protocoles CAN \/ RS485, sans c\u00e2blage suppl\u00e9mentaire entre les modules.<\/li>\n<li><strong>Mise en service :<\/strong>\u00a0Cette op\u00e9ration s'effectue \u00e0 partir de l'interface de l'onduleur compatible, qui d\u00e9tecte automatiquement la batterie et configure le syst\u00e8me en fonction des param\u00e8tres du syst\u00e8me de gestion de la batterie (BMS).<\/li>\n<li><strong>Compatibilit\u00e9 :<\/strong>\u00a0Exclusivement avec les syst\u00e8mes BYD Premium HVS+ et BCU+Base de nouvelle g\u00e9n\u00e9ration.<\/li>\n<\/ul>\n<h2>Quelle est la garantie des batteries lithium BYD Battery Box Premium HVS+ ?<\/h2>\n<p>BYD offre une garantie de 10 ans sur toute la gamme Battery-Box Premium HVS+, couvrant \u00e0 la fois l'unit\u00e9 BCU et les modules de batterie, \u00e0 condition que le syst\u00e8me soit install\u00e9 conform\u00e9ment aux sp\u00e9cifications du fabricant et avec des onduleurs homologu\u00e9s.<\/p>\n<h2>Sp\u00e9cifications techniques de la batterie lithium HV BYD Battery-Box Premium HVS+ 10,2 kWh<\/h2>\n<table>\n<thead>\n<tr>\n<th><strong>Param\u00e8tres<\/strong><\/th>\n<th><strong>Valeur<\/strong><\/th>\n<\/tr>\n<\/thead>\n<tbody>\n<tr>\n<td><strong>Mod\u00e8le<\/strong><\/td>\n<td>BYD Battery-Box Premium HVS+ 10,2 kWh<\/td>\n<\/tr>\n<tr>\n<td><strong>Configuration<\/strong><\/td>\n<td>1 \u00d7 BCU+Base + 4 \u00d7 Modules HVS+ 2,56<\/td>\n<\/tr>\n<tr>\n<td><strong>Capacit\u00e9 utile<\/strong><\/td>\n<td>10,24 kWh<\/td>\n<\/tr>\n<tr>\n<td><strong>Dimensions<\/strong><\/td>\n<td>28,2 x 61 x 122,7 cm<\/td>\n<\/tr>\n<tr>\n<td><strong>Technologie<\/strong><\/td>\n<td>LiFePO\u2084 (phosphate de lithium, sans cobalt)<\/td>\n<\/tr>\n<tr>\n<td><strong>Tension nominale<\/strong><\/td>\n<td>409.6 V<\/td>\n<\/tr>\n<tr>\n<td><strong>Courant nominal<\/strong><\/td>\n<td>25 A<\/td>\n<\/tr>\n<tr>\n<td><strong>Temp\u00e9rature de fonctionnement<\/strong><\/td>\n<td>De -10 \u00b0C \u00e0 +50 \u00b0C<\/td>\n<\/tr>\n<tr>\n<td><strong>Assembl\u00e9e<\/strong><\/td>\n<td>Au sol, empil\u00e9s verticalement<\/td>\n<\/tr>\n<tr>\n<td><strong>Communication<\/strong><\/td>\n<td>CAN \/ RS485<\/td>\n<\/tr>\n<tr>\n<td><strong>Protection \u00e9lectrique<\/strong><\/td>\n<td>Int\u00e9gr\u00e9 (BMS)<\/td>\n<\/tr>\n<tr>\n<td><strong>Degr\u00e9 de protection<\/strong><\/td>\n<td>IP55<\/td>\n<\/tr>\n<tr>\n<td><strong>Poids approximatif<\/strong><\/td>\n<td>168,1 kg<\/td>\n<\/tr>\n<tr>\n<td><strong>Certifications<\/strong><\/td>\n<td>UN38.3, IEC 62619, CE<\/td>\n<\/tr>\n<tr>\n<td><strong>Garantie<\/strong><\/td>\n<td>10 ans<\/td>\n<\/tr>\n<\/tbody>\n<\/table>\n<h2>Fiche technique Batterie lithium HV BYD Battery-Box Premium HVS+ 10,2 kWh<\/h2>\n<p><a href=\"https:\/\/fvcomponentes.com\/wp-content\/uploads\/2025\/10\/Datasheet_HVS_EN_V1.0_250729.pdf\" target=\"_blank\" rel=\"noopener\">Fiche technique de la batterie lithium HV BYD Battery-Box Premium HVS+ 10,2 kWh<\/a><\/p>\n<h2>Manuel d'installation Batterie lithium HV BYD Battery-Box Premium HVS+ 10,2 kWh<\/h2>\n<p><a href=\"https:\/\/fvcomponentes.com\/wp-content\/uploads\/2025\/10\/BYD_Quick-Start-Guide_HVS_HVM_HVB_V1.3_EN.pdf\" target=\"_blank\" rel=\"noopener\">Manuel d'installation de la batterie lithium HV BYD Battery-Box Premium HVS+ 10,2 kWh<\/a><\/p>","protected":false},"excerpt":{"rendered":"<p><span style=\"color: #ff0000;\"><strong>IMAGE INDICATIVE<\/strong><\/span><\/p>\n<p><strong>PRIX SP\u00c9CIAL B&amp;D pour les envois DIRECTS.<\/strong><\/p>\n<p>\u00c9nergie utilisable : 10,24 kWh<br \/>\nNombre de modules : 4<br \/>\nTension nominale : 409,6 V<br \/>\nPlage de tension de fonctionnement : 320 - 460,8 V<br \/>\nCourant de sortie maximal : 25A<br \/>\nCourant de sortie maximal : 55 A pendant 15 secondes<\/p>","protected":false},"featured_media":32496,"comment_status":"closed","ping_status":"closed","template":"","meta":{"site-sidebar-layout":"default","site-content-layout":"","ast-site-content-layout":"default","site-content-style":"default","site-sidebar-style":"default","ast-global-header-display":"","ast-banner-title-visibility":"","ast-main-header-display":"","ast-hfb-above-header-display":"","ast-hfb-below-header-display":"","ast-hfb-mobile-header-display":"","site-post-title":"","ast-breadcrumbs-content":"","ast-featured-img":"","footer-sml-layout":"","ast-disable-related-posts":"","theme-transparent-header-meta":"default","adv-header-id-meta":"","stick-header-meta":"","header-above-stick-meta":"","header-main-stick-meta":"","header-below-stick-meta":"","astra-migrate-meta-layouts":"set","ast-page-background-enabled":"default","ast-page-background-meta":{"desktop":{"background-color":"var(--ast-global-color-4)","background-image":"","background-repeat":"repeat","background-position":"center center","background-size":"auto","background-attachment":"scroll","background-type":"","background-media":"","overlay-type":"","overlay-color":"","overlay-opacity":"","overlay-gradient":""},"tablet":{"background-color":"","background-image":"","background-repeat":"repeat","background-position":"center center","background-size":"auto","background-attachment":"scroll","background-type":"","background-media":"","overlay-type":"","overlay-color":"","overlay-opacity":"","overlay-gradient":""},"mobile":{"background-color":"","background-image":"","background-repeat":"repeat","background-position":"center center","background-size":"auto","background-attachment":"scroll","background-type":"","background-media":"","overlay-type":"","overlay-color":"","overlay-opacity":"","overlay-gradient":""}},"ast-content-background-meta":{"desktop":{"background-color":"var(--ast-global-color-5)","background-image":"","background-repeat":"repeat","background-position":"center center","background-size":"auto","background-attachment":"scroll","background-type":"","background-media":"","overlay-type":"","overlay-color":"","overlay-opacity":"","overlay-gradient":""},"tablet":{"background-color":"var(--ast-global-color-5)","background-image":"","background-repeat":"repeat","background-position":"center center","background-size":"auto","background-attachment":"scroll","background-type":"","background-media":"","overlay-type":"","overlay-color":"","overlay-opacity":"","overlay-gradient":""},"mobile":{"background-color":"var(--ast-global-color-5)","background-image":"","background-repeat":"repeat","background-position":"center center","background-size":"auto","background-attachment":"scroll","background-type":"","background-media":"","overlay-type":"","overlay-color":"","overlay-opacity":"","overlay-gradient":""}}},"pwb-brand":[897],"product_brand":[],"product_cat":[340,379],"product_tag":[],"class_list":{"0":"post-32494","1":"product","2":"type-product","3":"status-publish","4":"has-post-thumbnail","6":"pwb-brand-byd","7":"product_cat-baterias","8":"product_cat-baterias-de-litio-de-alto-voltaje","9":"product_shipping_class-baterias","10":"desktop-align-left","11":"tablet-align-left","12":"mobile-align-left","13":"ast-product-gallery-layout-horizontal-slider","14":"ast-product-tabs-layout-horizontal","16":"first","17":"instock","18":"taxable","19":"shipping-taxable","20":"purchasable","21":"product-type-yith_bundle"},"wcpa_form_fields":null,"brands":[{"id":897,"name":"Batteries B&amp;D","slug":"byd"}],"_links":{"self":[{"href":"https:\/\/fvcomponentes.com\/fr\/wp-json\/wp\/v2\/product\/32494","targetHints":{"allow":["GET"]}}],"collection":[{"href":"https:\/\/fvcomponentes.com\/fr\/wp-json\/wp\/v2\/product"}],"about":[{"href":"https:\/\/fvcomponentes.com\/fr\/wp-json\/wp\/v2\/types\/product"}],"replies":[{"embeddable":true,"href":"https:\/\/fvcomponentes.com\/fr\/wp-json\/wp\/v2\/comments?post=32494"}],"wp:featuredmedia":[{"embeddable":true,"href":"https:\/\/fvcomponentes.com\/fr\/wp-json\/wp\/v2\/media\/32496"}],"wp:attachment":[{"href":"https:\/\/fvcomponentes.com\/fr\/wp-json\/wp\/v2\/media?parent=32494"}],"wp:term":[{"taxonomy":"pwb-brand","embeddable":true,"href":"https:\/\/fvcomponentes.com\/fr\/wp-json\/wp\/v2\/pwb-brand?post=32494"},{"taxonomy":"product_brand","embeddable":true,"href":"https:\/\/fvcomponentes.com\/fr\/wp-json\/wp\/v2\/product_brand?post=32494"},{"taxonomy":"product_cat","embeddable":true,"href":"https:\/\/fvcomponentes.com\/fr\/wp-json\/wp\/v2\/product_cat?post=32494"},{"taxonomy":"product_tag","embeddable":true,"href":"https:\/\/fvcomponentes.com\/fr\/wp-json\/wp\/v2\/product_tag?post=32494"}],"curies":[{"name":"wp","href":"https:\/\/api.w.org\/{rel}","templated":true}]}}