{"id":32489,"date":"2025-11-04T10:11:20","date_gmt":"2025-11-04T09:11:20","guid":{"rendered":"https:\/\/fvcomponentes.com\/?post_type=product&#038;p=32489"},"modified":"2025-11-20T15:04:02","modified_gmt":"2025-11-20T14:04:02","slug":"batterie-lithium-hv-byd-battery-box-premium-hvs-7-7-kwh","status":"publish","type":"product","link":"https:\/\/fvcomponentes.com\/fr\/producto\/bateria-de-litio-hv-byd-battery-box-premium-hvs-7-7-kwh\/","title":{"rendered":"HV BYD Battery-Box Premium HVS+ Batterie au lithium de 7,7 kWh"},"content":{"rendered":"<h2>HV BYD Battery-Box Premium HVS+ Batterie au lithium de 7,7 kWh<\/h2>\n<p>BYD, l'un des principaux fabricants de batteries et de solutions de mobilit\u00e9 \u00e9lectrique, am\u00e9liore une fois de plus ses batteries haute tension. Les nouvelles batteries lithium haute tension BYD Battery Box Premium HVS+ sont l'\u00e9volution directe de la s\u00e9rie HVS.<\/p>\n<p>Ces nouvelles batteries offrent une plus grande densit\u00e9 \u00e9nerg\u00e9tique, de meilleures performances, une compatibilit\u00e9 \u00e9tendue et une int\u00e9gration plus facile avec les principaux onduleurs du march\u00e9.<\/p>\n<p>Gr\u00e2ce \u00e0 sa conception modulaire empilable, cette batterie permet une installation rapide, s\u00fbre et \u00e9volutive, s'adaptant aux diff\u00e9rents besoins de consommation, tant dans les foyers que dans les petites entreprises.<\/p>\n<h2>Pourquoi la BYD Battery-Box Premium HVS+ 7,7 kWh est-elle l'une des meilleures options du march\u00e9 ?<\/h2>\n<p>La batterie au lithium HV BYD Battery-Box Premium HVS+ 7,7 kWh est compos\u00e9e de 1 unit\u00e9\u00a0<a href=\"https:\/\/fvcomponentes.com\/fr\/produit\/bcubase-pour-batterie-lithium-hv-byd-battery-box-premium-hvs-hvm-16541149-00\/\" target=\"_blank\" rel=\"noopener\">BCU+Base pour batterie lithium HV BYD Battery Box Premium HVS+ \/ HVM+ - 16541149-00<\/a> y 3 <a href=\"https:\/\/fvcomponentes.com\/fr\/produit\/hv-byd-premium-lithium-battery-module-hvs-2-56-18487497-00\/\" target=\"_blank\" rel=\"noopener\">2,56 kWh Modules HVS+<\/a> chacun, pour une capacit\u00e9 utile totale de 7,68 kWh.<\/p>\n<p>Cette combinaison constitue une tour \u00e0 haute tension capable de fournir une puissance continue \u00e9lev\u00e9e et de g\u00e9rer l'\u00e9nergie avec pr\u00e9cision, gr\u00e2ce au syst\u00e8me intelligent de gestion de la batterie (BMS) int\u00e9gr\u00e9.<\/p>\n<p>Le BMS (Battery Management System) int\u00e9gr\u00e9 \u00e0 la BCU g\u00e8re l'\u00e9nergie en temps r\u00e9el, en \u00e9quilibrant les cellules, en surveillant la temp\u00e9rature et en prot\u00e9geant le syst\u00e8me contre tout incident. L'ensemble du syst\u00e8me est con\u00e7u pour offrir performance, fiabilit\u00e9 et s\u00e9curit\u00e9 maximale pendant plus de 6 000 cycles de charge.<\/p>\n<h2>Principales fonctions de la BYD Battery-Box Premium HVS+ 7,7 kWh<\/h2>\n<h3>Conception modulaire et \u00e9volutive<\/h3>\n<p>Le syst\u00e8me BYD HVS+ permet d'empiler de 2 \u00e0 5 modules sur une BCU+Base.<br \/>\nCela facilite l'expansion future du syst\u00e8me jusqu'\u00e0 12,8 kWh utiles sans remplacement de composants, simplement en ajoutant de nouveaux modules HVS+.<\/p>\n<h3>Stockage efficace et stable<\/h3>\n<p>Chaque module HVS+ utilise la technologie lithium-ferrophosphate (LFP), l'une des plus s\u00fbres du march\u00e9.<br \/>\nCette chimie offre une grande stabilit\u00e9 thermique, une longue dur\u00e9e de vie (plus de 6 000 cycles) et des performances constantes, m\u00eame dans des environnements exigeants.<\/p>\n<h3>Gestion et contr\u00f4le intelligents<\/h3>\n<p>Le syst\u00e8me BMS surveille en permanence la tension, le courant et la temp\u00e9rature de chaque cellule, assurant ainsi un fonctionnement efficace et stable. Il optimise \u00e9galement l'utilisation de l'\u00e9nergie stock\u00e9e pour prolonger la dur\u00e9e de vie du syst\u00e8me.<\/p>\n<h3>S\u00fbret\u00e9, s\u00e9curit\u00e9 et fiabilit\u00e9 maximales<\/h3>\n<p>Conforme aux normes internationales IEC 62619, UN38.3 et CE, garantissant la s\u00e9curit\u00e9 \u00e9lectrique, m\u00e9canique, thermique et de transport.<br \/>\nLa batterie int\u00e8gre des protections avanc\u00e9es contre la surcharge, la d\u00e9charge excessive, les courts-circuits et les temp\u00e9ratures extr\u00eames.<br \/>\nSon bo\u00eetier m\u00e9tallique \u00e9tanche et sa conception sans ventilateur permettent un fonctionnement silencieux et sans entretien.<\/p>\n<h3>Communication avanc\u00e9e<\/h3>\n<p>Il int\u00e8gre les interfaces CAN et RS485, ce qui permet une communication bidirectionnelle transparente avec les principaux onduleurs du march\u00e9.<br \/>\nCette communication bidirectionnelle permet une gestion intelligente du flux d'\u00e9nergie entre le g\u00e9n\u00e9rateur photovolta\u00efque, la batterie et la consommation domestique.<\/p>\n<h3>Installation rapide et s\u00fbre<\/h3>\n<p>Le syst\u00e8me plug &amp; play \u00e9limine le besoin de c\u00e2blage interne.<br \/>\nLes modules sont empil\u00e9s verticalement sur la base, ce qui assure une connexion m\u00e9canique et \u00e9lectrique automatique entre eux.<br \/>\nCela permet de r\u00e9duire les temps de montage et de minimiser le risque d'erreurs d'installation.<\/p>\n<h3>Compatibilit\u00e9 entre les syst\u00e8mes de batterie BYD<\/h3>\n<p>La Battery-Box Premium HVS+ 7,7 kWh fait partie de la nouvelle g\u00e9n\u00e9ration de batteries haute tension de BYD et est exclusivement compatible avec la s\u00e9rie HVS+ et l'unit\u00e9 de base BCU+ de nouvelle g\u00e9n\u00e9ration.<\/p>\n<p>Battery-Box Premium HVS+ : empilable de 2 \u00e0 5 modules (5,1 - 12,8 kWh utilisables).<\/p>\n<p>Les modules HVS+ ne sont pas r\u00e9trocompatibles (HVS) et ne peuvent donc pas \u00eatre combin\u00e9s avec des modules ou des BCU de versions ant\u00e9rieures. Ils ne peuvent pas \u00eatre m\u00e9lang\u00e9s dans la m\u00eame tour ou mettre de nouvelles tours en parall\u00e8le avec des tours de modules de versions ant\u00e9rieures.<\/p>\n<h3>Compatibilit\u00e9 avec les onduleurs<\/h3>\n<p>Les batteries au lithium BYD Battery-Box Premium HVS+ sont compatibles avec une large gamme d'onduleurs leaders du march\u00e9 tels que Fronius, GoodWe, SMA, Kostal, Victron, Huawei ou Solis.<br \/>\nCette compatibilit\u00e9 garantit une int\u00e9gration ais\u00e9e dans les syst\u00e8mes d'autoconsommation avec stockage, les installations hybrides ou les configurations de sauvegarde.<\/p>\n<p><a href=\"https:\/\/fvcomponentes.com\/wp-content\/uploads\/2025\/10\/Compatible-Inverter-List_HVBHVMHVS_MLL_V1.3.pdf\" target=\"_blank\" rel=\"noopener\"><strong>Liste mise \u00e0 jour des onduleurs compatibles avec les batteries BYD Battery Box Premium HVS+ \/ HVM+ Version V1.3, mise \u00e0 jour 17\/10\/25<\/strong><\/a><\/p>\n<h3>Batteries HVS<\/h3>\n<p><img decoding=\"async\" src=\"https:\/\/fvcomponentes.com\/wp-content\/uploads\/2025\/10\/ByD-HVS-Caracteristicas.png\" alt=\"B&amp;H HVS Caract\u00e9ristiques\" title=\"\"><\/p>\n<h2>Avantages du nouveau design de la BYD Battery-Box Premium HVS+ 7,7 kWh<\/h2>\n<h3>Plus de puissance et de flexibilit\u00e9<\/h3>\n<p>Le mod\u00e8le HVS+ 7,7 kWh offre une puissance et une densit\u00e9 \u00e9nerg\u00e9tique sup\u00e9rieures \u00e0 celles de la s\u00e9rie pr\u00e9c\u00e9dente. Il est id\u00e9al pour les syst\u00e8mes photovolta\u00efques r\u00e9sidentiels qui n\u00e9cessitent une autonomie nocturne ou une \u00e9nergie de secours stable.<\/p>\n<h3>Int\u00e9gration transparente avec les onduleurs les plus modernes<\/h3>\n<p>Enti\u00e8rement compatible avec Fronius GEN24 Plus, GoodWe ET Plus+, SMA Sunny Boy Storage, Kostal Plenticore Plus et Victron Multiplus II, entre autres.<\/p>\n<h3>Installation modulaire et extensible<\/h3>\n<p>Il permet de commencer avec deux modules (7,7 kWh) et d'augmenter la capacit\u00e9 jusqu'\u00e0 12,8 kWh en empilant simplement de nouveaux modules sur la m\u00eame base, sans qu'il soit n\u00e9cessaire de changer l'unit\u00e9 initiale.<\/p>\n<h3>Entretien minimal<\/h3>\n<p>Pas de ventilateurs ni de pi\u00e8ces mobiles. Le refroidissement passif et l'\u00e9tanch\u00e9it\u00e9 IP55 garantissent une longue dur\u00e9e de vie sans entretien p\u00e9riodique.<\/p>\n<h3>Conception robuste et s\u00fbre<\/h3>\n<p>Structure m\u00e9tallique renforc\u00e9e avec isolation compl\u00e8te contre les contacts accidentels.<br \/>\nConvient pour une installation \u00e0 l'int\u00e9rieur (garages, locaux techniques, greniers, etc.).<\/p>\n<h2>Comment dimensionner une batterie ?<\/h2>\n<p>La premi\u00e8re \u00e9tape consiste \u00e0 d\u00e9finir l'objectif de la batterie : cherchez-vous \u00e0 \u00e9conomiser de l'\u00e9nergie et \u00e0 la stocker pendant la journ\u00e9e pour l'utiliser la nuit ? Avez-vous besoin d'un syst\u00e8me de secours pour les situations d'urgence telles que les pannes de courant ou les coupures d'\u00e9lectricit\u00e9 prolong\u00e9es ? Souhaitez-vous gagner en autonomie et en ind\u00e9pendance par rapport aux compagnies d'\u00e9lectricit\u00e9 ?<\/p>\n<p>Une fois que vous \u00eates au clair sur votre objectif, il ne vous reste plus qu'\u00e0 calculer la consommation que vous feriez pendant les heures d'utilisation de la batterie. Ce calcul est tr\u00e8s facile si vous agrandissez votre installation de panneaux, car vous pourrez acc\u00e9der \u00e0 vos donn\u00e9es r\u00e9elles via l'application de votre onduleur, comme le Fronius Solar.web. Si vous ne disposez pas de ces donn\u00e9es, vous pouvez toujours consulter votre fournisseur. En r\u00e8gle g\u00e9n\u00e9rale, environ 40% de la consommation journali\u00e8re est r\u00e9alis\u00e9e lorsqu'il n'y a pas de soleil.<\/p>\n<p>Vous devez \u00e9galement tenir compte de la puissance que la batterie et l'onduleur peuvent fournir, qui doit \u00eatre en mesure de couvrir vos pics de consommation.<\/p>\n<p>Avec ces informations, vous pouvez maintenant choisir la batterie qui r\u00e9pond le mieux \u00e0 vos besoins.<\/p>\n<h2>Exemple d'installation d'une BYD Battery-Box Premium HVS+ 7,7 kWh<\/h2>\n<p>Une installation typique comprend<\/p>\n<p>1 \u00d7 BCU+Base - 16541149-00<br \/>\n3 \u00d7 modules HVS+ (2,56 kWh chacun)<\/p>\n<p>Cette configuration, avec ses 7,7 kWh utiles, peut couvrir la consommation nocturne d'une maison unifamiliale moyenne ou d'un petit bureau dont la consommation quotidienne d'\u00e9lectricit\u00e9 est de 6 \u00e0 8 kWh.<\/p>\n<h2>Installation recommand\u00e9e d'une batterie au lithium haute tension<\/h2>\n<ul>\n<li><strong>Localisation :<\/strong> s\u00e9cher \u00e0 l'int\u00e9rieur, sur une surface stable, \u00e0 l'abri de l'humidit\u00e9 et de la chaleur.<\/li>\n<li><strong>Assemblage :<\/strong> le BCU+Base est install\u00e9 en premier ; les modules sont empil\u00e9s dessus <span style=\"font-size: 16px;\">verticalement avec une connexion plug &amp; play, <\/span><span style=\"font-size: 16px;\">sans c\u00e2bles internes. Ils sont mis en place \u00e0 l'aide des connecteurs int\u00e9gr\u00e9s.<\/span><\/li>\n<li><strong>Connexion :<\/strong> les c\u00e2bles d'alimentation et de communication sont connect\u00e9s directement \u00e0 partir de la BCU <span style=\"font-size: 16px;\">via les protocoles CAN \/ RS485 vers l'onduleur<\/span><span style=\"font-size: 16px;\">, sans c\u00e2blage suppl\u00e9mentaire entre les modules.<\/span><\/li>\n<li><strong style=\"font-size: 16px;\">Mise en service :<\/strong><span style=\"font-size: 16px;\"> Cette op\u00e9ration s'effectue \u00e0 partir de l'interface de l'onduleur compatible, qui d\u00e9tecte automatiquement la batterie et configure le syst\u00e8me en fonction des param\u00e8tres du syst\u00e8me de gestion de la batterie (BMS).<\/span><\/li>\n<li><strong style=\"font-size: 16px;\">Compatibilit\u00e9 :<\/strong><span style=\"font-size: 16px;\">\u00a0Exclusivement avec les syst\u00e8mes BYD Premium HVS+ et BCU+Base de nouvelle g\u00e9n\u00e9ration.<\/span><\/li>\n<\/ul>\n<h2>Quelle est la garantie des batteries lithium BYD Battery Box Premium HVS+ ?<\/h2>\n<p>La BYD Battery-Box Premium HVS+ 7,7 kWh est assortie d'une garantie officielle BYD de 10 ans, qui couvre \u00e0 la fois la BCU et les modules, \u00e0 condition que le syst\u00e8me soit install\u00e9 conform\u00e9ment aux sp\u00e9cifications du fabricant et avec des onduleurs approuv\u00e9s.<\/p>\n<h2>Caract\u00e9ristiques techniques de la batterie HV BYD Battery-Box Premium HVS+ HVS+ 7,7 kWh Lithium<\/h2>\n<table>\n<thead>\n<tr>\n<th>Param\u00e8tres<\/th>\n<th>Valeur<\/th>\n<\/tr>\n<\/thead>\n<tbody>\n<tr>\n<td><strong>Mod\u00e8le<\/strong><\/td>\n<td>BYD Battery-Box Premium HVS+ 7,7<\/td>\n<\/tr>\n<tr>\n<td><strong>Configuration<\/strong><\/td>\n<td>1 \u00d7 BCU+Base + 3 \u00d7 modules HVS+ 2,56<\/td>\n<\/tr>\n<tr>\n<td><strong>Capacit\u00e9 utile (nominale)<\/strong><\/td>\n<td>7,68 kWh<\/td>\n<\/tr>\n<tr>\n<td><strong>Type de cellule<\/strong><\/td>\n<td>Lithium-ferro-phosphate (LFP)<\/td>\n<\/tr>\n<tr>\n<td><strong>Tension nominale du syst\u00e8me<\/strong><\/td>\n<td>\u2248 307.2 V<\/td>\n<\/tr>\n<tr>\n<td><strong>Plage de tension totale<\/strong><\/td>\n<td>240 - 345.6 V<\/td>\n<\/tr>\n<tr>\n<td><strong>Capacit\u00e9 nominale<\/strong><\/td>\n<td>25 Ah<\/td>\n<\/tr>\n<tr>\n<td><strong>Efficacit\u00e9 \u00e9nerg\u00e9tique<\/strong><\/td>\n<td>&gt;95%<\/td>\n<\/tr>\n<tr>\n<td><strong>Cycles de vie<\/strong><\/td>\n<td>&gt;6 000 cycles (selon DoD 80%)<\/td>\n<\/tr>\n<tr>\n<td><strong>Plage de temp\u00e9rature de fonctionnement<\/strong><\/td>\n<td>De -10 \u00b0C \u00e0 +50 \u00b0C<\/td>\n<\/tr>\n<tr>\n<td><strong>Degr\u00e9 de protection<\/strong><\/td>\n<td>IP55<\/td>\n<\/tr>\n<tr>\n<td><strong>Assembl\u00e9e<\/strong><\/td>\n<td>Vertical, empilable<\/td>\n<\/tr>\n<tr>\n<td><strong>Poids total approximatif<\/strong><\/td>\n<td>129,6 kg<\/td>\n<\/tr>\n<tr>\n<td><strong>Certifications<\/strong><\/td>\n<td>UN38.3, IEC 62619, CE<\/td>\n<\/tr>\n<tr>\n<td><strong>Garantie<\/strong><\/td>\n<td>10 ans BYD<\/td>\n<\/tr>\n<\/tbody>\n<\/table>\n<h2>Fiche technique Batterie lithium HV BYD Battery-Box Premium HVS+ 7,7 kWh<\/h2>\n<p><a href=\"https:\/\/fvcomponentes.com\/wp-content\/uploads\/2025\/10\/Datasheet_HVS_EN_V1.0_250729.pdf\" target=\"_blank\" rel=\"noopener\">Fiche technique de la batterie lithium-ion HV BYD Battery-Box Premium HVS+ 7,7 kWh<\/a><\/p>\n<h2>Manuel d'installation Batterie lithium HT BYD Battery-Box Premium HVS+ 7,7 kWh<\/h2>\n<p><a href=\"https:\/\/fvcomponentes.com\/wp-content\/uploads\/2025\/10\/BYD_Quick-Start-Guide_HVS_HVM_HVB_V1.3_EN.pdf\" target=\"_blank\" rel=\"noopener\">BYD Battery-Box Premium HVS+ HVS+ 7,7 kWh Batterie au lithium manuel d'installation<\/a><\/p>","protected":false},"excerpt":{"rendered":"<p><span style=\"color: #ff0000;\"><strong>IMAGE INDICATIVE<\/strong><\/span><\/p>\n<p><strong>PRIX SP\u00c9CIAL B&amp;D pour les envois DIRECTS.<\/strong><\/p>\n<p>\u00c9nergie utilisable : 7,68 kWh<br \/>\nNombre de modules : 3<br \/>\nTension nominale : 307,2 V<br \/>\nPlage de tension de fonctionnement : 240-345,6 V<br \/>\nCourant de sortie maximal : 25A<br \/>\nCourant de sortie de cr\u00eate : 55 A pendant 15 secondes<\/p>","protected":false},"featured_media":32493,"comment_status":"closed","ping_status":"closed","template":"","meta":{"site-sidebar-layout":"default","site-content-layout":"","ast-site-content-layout":"default","site-content-style":"default","site-sidebar-style":"default","ast-global-header-display":"","ast-banner-title-visibility":"","ast-main-header-display":"","ast-hfb-above-header-display":"","ast-hfb-below-header-display":"","ast-hfb-mobile-header-display":"","site-post-title":"","ast-breadcrumbs-content":"","ast-featured-img":"","footer-sml-layout":"","ast-disable-related-posts":"","theme-transparent-header-meta":"default","adv-header-id-meta":"","stick-header-meta":"","header-above-stick-meta":"","header-main-stick-meta":"","header-below-stick-meta":"","astra-migrate-meta-layouts":"set","ast-page-background-enabled":"default","ast-page-background-meta":{"desktop":{"background-color":"var(--ast-global-color-4)","background-image":"","background-repeat":"repeat","background-position":"center center","background-size":"auto","background-attachment":"scroll","background-type":"","background-media":"","overlay-type":"","overlay-color":"","overlay-opacity":"","overlay-gradient":""},"tablet":{"background-color":"","background-image":"","background-repeat":"repeat","background-position":"center center","background-size":"auto","background-attachment":"scroll","background-type":"","background-media":"","overlay-type":"","overlay-color":"","overlay-opacity":"","overlay-gradient":""},"mobile":{"background-color":"","background-image":"","background-repeat":"repeat","background-position":"center center","background-size":"auto","background-attachment":"scroll","background-type":"","background-media":"","overlay-type":"","overlay-color":"","overlay-opacity":"","overlay-gradient":""}},"ast-content-background-meta":{"desktop":{"background-color":"var(--ast-global-color-5)","background-image":"","background-repeat":"repeat","background-position":"center center","background-size":"auto","background-attachment":"scroll","background-type":"","background-media":"","overlay-type":"","overlay-color":"","overlay-opacity":"","overlay-gradient":""},"tablet":{"background-color":"var(--ast-global-color-5)","background-image":"","background-repeat":"repeat","background-position":"center center","background-size":"auto","background-attachment":"scroll","background-type":"","background-media":"","overlay-type":"","overlay-color":"","overlay-opacity":"","overlay-gradient":""},"mobile":{"background-color":"var(--ast-global-color-5)","background-image":"","background-repeat":"repeat","background-position":"center center","background-size":"auto","background-attachment":"scroll","background-type":"","background-media":"","overlay-type":"","overlay-color":"","overlay-opacity":"","overlay-gradient":""}}},"pwb-brand":[897],"product_brand":[],"product_cat":[340,379],"product_tag":[],"class_list":{"0":"post-32489","1":"product","2":"type-product","3":"status-publish","4":"has-post-thumbnail","6":"pwb-brand-byd","7":"product_cat-baterias","8":"product_cat-baterias-de-litio-de-alto-voltaje","9":"product_shipping_class-baterias","10":"desktop-align-left","11":"tablet-align-left","12":"mobile-align-left","13":"ast-product-gallery-layout-horizontal-slider","14":"ast-product-tabs-layout-horizontal","16":"first","17":"instock","18":"taxable","19":"shipping-taxable","20":"purchasable","21":"product-type-yith_bundle"},"wcpa_form_fields":null,"brands":[{"id":897,"name":"Batteries B&amp;D","slug":"byd"}],"_links":{"self":[{"href":"https:\/\/fvcomponentes.com\/fr\/wp-json\/wp\/v2\/product\/32489","targetHints":{"allow":["GET"]}}],"collection":[{"href":"https:\/\/fvcomponentes.com\/fr\/wp-json\/wp\/v2\/product"}],"about":[{"href":"https:\/\/fvcomponentes.com\/fr\/wp-json\/wp\/v2\/types\/product"}],"replies":[{"embeddable":true,"href":"https:\/\/fvcomponentes.com\/fr\/wp-json\/wp\/v2\/comments?post=32489"}],"wp:featuredmedia":[{"embeddable":true,"href":"https:\/\/fvcomponentes.com\/fr\/wp-json\/wp\/v2\/media\/32493"}],"wp:attachment":[{"href":"https:\/\/fvcomponentes.com\/fr\/wp-json\/wp\/v2\/media?parent=32489"}],"wp:term":[{"taxonomy":"pwb-brand","embeddable":true,"href":"https:\/\/fvcomponentes.com\/fr\/wp-json\/wp\/v2\/pwb-brand?post=32489"},{"taxonomy":"product_brand","embeddable":true,"href":"https:\/\/fvcomponentes.com\/fr\/wp-json\/wp\/v2\/product_brand?post=32489"},{"taxonomy":"product_cat","embeddable":true,"href":"https:\/\/fvcomponentes.com\/fr\/wp-json\/wp\/v2\/product_cat?post=32489"},{"taxonomy":"product_tag","embeddable":true,"href":"https:\/\/fvcomponentes.com\/fr\/wp-json\/wp\/v2\/product_tag?post=32489"}],"curies":[{"name":"wp","href":"https:\/\/api.w.org\/{rel}","templated":true}]}}