{"id":3247,"date":"2021-03-23T15:13:19","date_gmt":"2021-03-23T14:13:19","guid":{"rendered":"https:\/\/fvcomponentes.com\/producto\/victron-shunt-500a-50mv\/"},"modified":"2026-04-08T21:27:44","modified_gmt":"2026-04-08T19:27:44","slug":"victron-shunt-500a-50mv","status":"publish","type":"product","link":"https:\/\/fvcomponentes.com\/fr\/producto\/victron-shunt-500a-50mv\/","title":{"rendered":"Victron Shunt 500A\/50mV - SHU500050100"},"content":{"rendered":"<h2>Victron Shunt 500A\/50mV<\/h2>\n<p>Le shunt Victron 500A\/50mV est un composant n\u00e9cessaire pour les compteurs de courant \u00e0 affichage analogique ou num\u00e9rique, car ces mesures sont normalement effectu\u00e9es \u00e0 une tr\u00e8s faible tension.<\/p>\n<p>G\u00e9n\u00e9ralement, la r\u00e9sistance d'un shunt est connue avec pr\u00e9cision et est utilis\u00e9e pour d\u00e9terminer l'intensit\u00e9 du courant \u00e9lectrique circulant \u00e0 travers cette charge en mesurant la diff\u00e9rence de tension \u00e0 travers elle.<\/p>\n<p>Plus la tension de mesure est faible au niveau des interrupteurs, plus les effets sur le reste du circuit du syst\u00e8me sont faibles.<\/p>\n<p>Pour savoir si vous avez besoin d'un shunt pour votre appareil d'affichage, veuillez consulter les instructions de l'appareil concern\u00e9.<\/p>\n<p>Le shunt de <a href=\"https:\/\/www.victronenergy.com.es\/\" target=\"_blank\" rel=\"noopener\">Victron<\/a> est int\u00e9gr\u00e9e dans la ligne avec le courant \u00e0 mesurer. La petite tension qui r\u00e9sulte de cette r\u00e9sistance est \u00e9valu\u00e9e \u00e0 l'aide d'un appareil de mesure tel que le <a href=\"https:\/\/fvcomponentes.com\/fr\/produit\/victron-bmv-700-battery-monitor\/\" target=\"_blank\" rel=\"noopener\">Moniteur de batterie BMV-700<\/a> et affiche des valeurs telles que le d\u00e9bit actuel.<\/p>\n<p>Pour savoir si vous avez besoin d'un shunt pour votre appareil d'affichage, veuillez consulter les instructions de l'appareil concern\u00e9.<\/p>\n<h2>Fiche technique Victron Shunt 500A\/50mV - SHU500050100<\/h2>\n<p><a href=\"https:\/\/fvcomponentes.com\/wp-content\/uploads\/2025\/09\/Datasheet-SmartShunt-ES.pdf\" target=\"_blank\" rel=\"noopener\">Voir la fiche technique Victron Shunt 500A\/50mV - SHU500050100<\/a><\/p>","protected":false},"excerpt":{"rendered":"<p>Tension de mesure : 50 mV<\/p>","protected":false},"featured_media":3240,"comment_status":"open","ping_status":"closed","template":"","meta":{"site-sidebar-layout":"default","site-content-layout":"default","ast-site-content-layout":"default","site-content-style":"default","site-sidebar-style":"default","ast-global-header-display":"","ast-banner-title-visibility":"","ast-main-header-display":"","ast-hfb-above-header-display":"","ast-hfb-below-header-display":"","ast-hfb-mobile-header-display":"","site-post-title":"","ast-breadcrumbs-content":"","ast-featured-img":"","footer-sml-layout":"","ast-disable-related-posts":"","theme-transparent-header-meta":"default","adv-header-id-meta":"","stick-header-meta":"","header-above-stick-meta":"","header-main-stick-meta":"","header-below-stick-meta":"","astra-migrate-meta-layouts":"set","ast-page-background-enabled":"default","ast-page-background-meta":{"desktop":{"background-color":"var(--ast-global-color-4)","background-image":"","background-repeat":"repeat","background-position":"center center","background-size":"auto","background-attachment":"scroll","background-type":"","background-media":"","overlay-type":"","overlay-color":"","overlay-opacity":"","overlay-gradient":""},"tablet":{"background-color":"","background-image":"","background-repeat":"repeat","background-position":"center center","background-size":"auto","background-attachment":"scroll","background-type":"","background-media":"","overlay-type":"","overlay-color":"","overlay-opacity":"","overlay-gradient":""},"mobile":{"background-color":"","background-image":"","background-repeat":"repeat","background-position":"center center","background-size":"auto","background-attachment":"scroll","background-type":"","background-media":"","overlay-type":"","overlay-color":"","overlay-opacity":"","overlay-gradient":""}},"ast-content-background-meta":{"desktop":{"background-color":"var(--ast-global-color-5)","background-image":"","background-repeat":"repeat","background-position":"center center","background-size":"auto","background-attachment":"scroll","background-type":"","background-media":"","overlay-type":"","overlay-color":"","overlay-opacity":"","overlay-gradient":""},"tablet":{"background-color":"var(--ast-global-color-5)","background-image":"","background-repeat":"repeat","background-position":"center center","background-size":"auto","background-attachment":"scroll","background-type":"","background-media":"","overlay-type":"","overlay-color":"","overlay-opacity":"","overlay-gradient":""},"mobile":{"background-color":"var(--ast-global-color-5)","background-image":"","background-repeat":"repeat","background-position":"center center","background-size":"auto","background-attachment":"scroll","background-type":"","background-media":"","overlay-type":"","overlay-color":"","overlay-opacity":"","overlay-gradient":""}}},"pwb-brand":[332],"product_brand":[],"product_cat":[391,340,933],"product_tag":[],"class_list":{"0":"post-3247","1":"product","2":"type-product","3":"status-publish","4":"has-post-thumbnail","6":"pwb-brand-victron","7":"product_cat-accesorios-para-baterias","8":"product_cat-baterias","9":"product_cat-monitores-de-baterias","10":"desktop-align-left","11":"tablet-align-left","12":"mobile-align-left","13":"ast-product-gallery-layout-horizontal-slider","14":"ast-product-gallery-with-no-image","15":"ast-product-tabs-layout-horizontal","17":"first","18":"instock","19":"taxable","20":"shipping-taxable","21":"purchasable","22":"product-type-simple"},"wcpa_form_fields":null,"brands":[{"id":332,"name":"Victron Energy","slug":"victron"}],"_links":{"self":[{"href":"https:\/\/fvcomponentes.com\/fr\/wp-json\/wp\/v2\/product\/3247","targetHints":{"allow":["GET"]}}],"collection":[{"href":"https:\/\/fvcomponentes.com\/fr\/wp-json\/wp\/v2\/product"}],"about":[{"href":"https:\/\/fvcomponentes.com\/fr\/wp-json\/wp\/v2\/types\/product"}],"replies":[{"embeddable":true,"href":"https:\/\/fvcomponentes.com\/fr\/wp-json\/wp\/v2\/comments?post=3247"}],"wp:featuredmedia":[{"embeddable":true,"href":"https:\/\/fvcomponentes.com\/fr\/wp-json\/wp\/v2\/media\/3240"}],"wp:attachment":[{"href":"https:\/\/fvcomponentes.com\/fr\/wp-json\/wp\/v2\/media?parent=3247"}],"wp:term":[{"taxonomy":"pwb-brand","embeddable":true,"href":"https:\/\/fvcomponentes.com\/fr\/wp-json\/wp\/v2\/pwb-brand?post=3247"},{"taxonomy":"product_brand","embeddable":true,"href":"https:\/\/fvcomponentes.com\/fr\/wp-json\/wp\/v2\/product_brand?post=3247"},{"taxonomy":"product_cat","embeddable":true,"href":"https:\/\/fvcomponentes.com\/fr\/wp-json\/wp\/v2\/product_cat?post=3247"},{"taxonomy":"product_tag","embeddable":true,"href":"https:\/\/fvcomponentes.com\/fr\/wp-json\/wp\/v2\/product_tag?post=3247"}],"curies":[{"name":"wp","href":"https:\/\/api.w.org\/{rel}","templated":true}]}}