{"id":3237,"date":"2021-03-23T15:06:51","date_gmt":"2021-03-23T14:06:51","guid":{"rendered":"https:\/\/fvcomponentes.com\/producto\/victron-smartshunt-500a-50mv\/"},"modified":"2026-01-15T10:06:12","modified_gmt":"2026-01-15T09:06:12","slug":"victron-smartshunt-500a-50mv","status":"publish","type":"product","link":"https:\/\/fvcomponentes.com\/fr\/producto\/victron-smartshunt-500a-50mv\/","title":{"rendered":"Victron SmartShunt 500A\/50mV - SHU050150050"},"content":{"rendered":"<h2>Victron SmartShunt 500A\/50mV<\/h2>\n<div class=\"hidden-xs\">\n<div class=\"productDetail__content-subheader\">\n<h2 class=\"productDetail__content-subheader-icon\">Le shunt de batterie intelligent<\/h2>\n<\/div>\n<\/div>\n<div class=\"productDetail__content-desc\">\n<p>Le SmartShunt 500A\/50mv de Victron est un contr\u00f4leur de batterie tout-en-un, mais sans \u00e9cran. Il utilise l'\u00e9cran de votre t\u00e9l\u00e9phone pour tous les r\u00e9glages et les lectures de param\u00e8tres. Le SmartShunt se connecte via Bluetooth \u00e0 l'application VictronConnect sur votre t\u00e9l\u00e9phone (ou tablette) afin que vous puissiez lire facilement tous les param\u00e8tres de la batterie surveill\u00e9e, tels que l'\u00e9tat de charge, l'autonomie restante, les donn\u00e9es historiques et bien plus encore.<\/p>\n<p>Il peut \u00e9galement \u00eatre connect\u00e9 et lu avec un appareil GX. La connexion au SmartShunt se fait \u00e0 l'aide d'un c\u00e2ble VE.Direct, tel que le c\u00e2ble <a href=\"https:\/\/fvcomponentes.com\/fr\/produit\/victron-ve-direct-cable-3m\/\" target=\"_blank\" rel=\"noopener\">Victron VE.Direct 3m cable - ASS030530230.<\/a><\/p>\n<p><span class=\"a-list-item\">Des param\u00e8tres tels que l'\u00e9tat de charge, le temps restant, les informations sur le parcours et bien plus encore peuvent \u00eatre contr\u00f4l\u00e9s. Le SmartShunt est l'alternative parfaite pour les syst\u00e8mes o\u00f9 l'on souhaite r\u00e9duire le c\u00e2blage et o\u00f9 un affichage permanent par moniteur, tel que le moniteur de batterie BMV, n'est pas l'option souhait\u00e9e.<\/span><\/p>\n<p>Le SmartShunt est \u00e9quip\u00e9 de Bluetooth, d'un port VE.Direct et d'une connexion qui peut \u00eatre utilis\u00e9e pour : contr\u00f4ler une deuxi\u00e8me batterie, suivre le point m\u00e9dian ou connecter un capteur de temp\u00e9rature.<\/p>\n<h2>Caract\u00e9ristiques du SmartShunt 500A\/50mV<\/h2>\n<p><strong>Tension d'alimentation<\/strong> 6,5 - 70V DC<br \/>\n<strong>Consommation de courant<\/strong> &lt; 1mA<br \/>\n<strong>Plage de tension d'entr\u00e9e, batterie auxiliaire<\/strong> 6,5 - 70V DC<br \/>\n<strong>Capacit\u00e9 de la batterie (Ah)<\/strong> 1 - 9999Ah<br \/>\n<strong>Plage de temp\u00e9rature de travail<\/strong> -40 +50\u00b0C (-40 - 120\u00b0F)<br \/>\n<strong>Plage de mesure de la temp\u00e9rature<\/strong> -20 +50\u00b0C<br \/>\n<strong>Port de communication<\/strong> VE.Direct Oui<\/p>\n<h2>R\u00e9solution et pr\u00e9cision<\/h2>\n<p><strong>Actuel<\/strong> \u00b1 0.01A<br \/>\n<strong>Tension<\/strong> \u00b1 0.01V<br \/>\n<strong>Amp\u00e8res-heures<\/strong> \u00b1 0,1 Ah<br \/>\n<strong>\u00c9tat de charge<\/strong> (0 - 100%) \u00b1 0,1%<br \/>\n<strong>Plage restante<\/strong> \u00b1 1 min<br \/>\n<strong>Temp\u00e9rature<\/strong> (avec sonde de temp\u00e9rature connect\u00e9e en option) \u00b1 1\u00b0C\/\u00b0F (0 - 50\u00b0C ou 30 - 120\u00b0F)<br \/>\n<strong>Pr\u00e9cision de la mesure du courant<\/strong> \u00b1 0,4%<br \/>\n<strong>Compensation<\/strong> Moins de 20 \/ 40 \/ 80 mA<br \/>\n<strong>Pr\u00e9cision de la mesure de la tension<\/strong> \u00b1 0,3%<\/p>\n<p><strong>Comprend deux c\u00e2bles \u00e0 fusible pour la connexion \"+\" et la connexion \u00e0 une batterie de d\u00e9marrage ou au point m\u00e9dian.<\/strong><\/p>\n<\/div>\n<h2>Fiche technique Victron SmartShunt 500A\/50mV - SHU050150050<\/h2>\n<div class=\"productDetail__content-desc\">\n<p><a href=\"https:\/\/fvcomponentes.com\/wp-content\/uploads\/2021\/04\/Datasheet-SmartShunt-ES.pdf\" target=\"_blank\" rel=\"noopener\">Voir la fiche technique Victron SmartShunt 500A\/50mV - SHU050150050<\/a><\/p>\n<\/div>","protected":false},"excerpt":{"rendered":"<p>SmartShunt 500A\/50mv : moniteur de batterie tout-en-un qui utilise l'\u00e9cran du mobile pour tous les r\u00e9glages et lectures de param\u00e8tres. Il se connecte via Bluetooth \u00e0 l'application VictronConnect pour vous permettre de lire facilement l'\u00e9tat de charge de la batterie, l'autonomie restante, les donn\u00e9es historiques, etc.<\/p>","protected":false},"featured_media":3238,"comment_status":"open","ping_status":"closed","template":"","meta":{"site-sidebar-layout":"default","site-content-layout":"default","ast-site-content-layout":"default","site-content-style":"default","site-sidebar-style":"default","ast-global-header-display":"","ast-banner-title-visibility":"","ast-main-header-display":"","ast-hfb-above-header-display":"","ast-hfb-below-header-display":"","ast-hfb-mobile-header-display":"","site-post-title":"","ast-breadcrumbs-content":"","ast-featured-img":"","footer-sml-layout":"","ast-disable-related-posts":"","theme-transparent-header-meta":"default","adv-header-id-meta":"","stick-header-meta":"","header-above-stick-meta":"","header-main-stick-meta":"","header-below-stick-meta":"","astra-migrate-meta-layouts":"set","ast-page-background-enabled":"default","ast-page-background-meta":{"desktop":{"background-color":"var(--ast-global-color-4)","background-image":"","background-repeat":"repeat","background-position":"center center","background-size":"auto","background-attachment":"scroll","background-type":"","background-media":"","overlay-type":"","overlay-color":"","overlay-opacity":"","overlay-gradient":""},"tablet":{"background-color":"","background-image":"","background-repeat":"repeat","background-position":"center center","background-size":"auto","background-attachment":"scroll","background-type":"","background-media":"","overlay-type":"","overlay-color":"","overlay-opacity":"","overlay-gradient":""},"mobile":{"background-color":"","background-image":"","background-repeat":"repeat","background-position":"center center","background-size":"auto","background-attachment":"scroll","background-type":"","background-media":"","overlay-type":"","overlay-color":"","overlay-opacity":"","overlay-gradient":""}},"ast-content-background-meta":{"desktop":{"background-color":"var(--ast-global-color-5)","background-image":"","background-repeat":"repeat","background-position":"center center","background-size":"auto","background-attachment":"scroll","background-type":"","background-media":"","overlay-type":"","overlay-color":"","overlay-opacity":"","overlay-gradient":""},"tablet":{"background-color":"var(--ast-global-color-5)","background-image":"","background-repeat":"repeat","background-position":"center center","background-size":"auto","background-attachment":"scroll","background-type":"","background-media":"","overlay-type":"","overlay-color":"","overlay-opacity":"","overlay-gradient":""},"mobile":{"background-color":"var(--ast-global-color-5)","background-image":"","background-repeat":"repeat","background-position":"center center","background-size":"auto","background-attachment":"scroll","background-type":"","background-media":"","overlay-type":"","overlay-color":"","overlay-opacity":"","overlay-gradient":""}}},"pwb-brand":[332],"product_brand":[],"product_cat":[391,340,933],"product_tag":[],"class_list":{"0":"post-3237","1":"product","2":"type-product","3":"status-publish","4":"has-post-thumbnail","6":"pwb-brand-victron","7":"product_cat-accesorios-para-baterias","8":"product_cat-baterias","9":"product_cat-monitores-de-baterias","10":"desktop-align-left","11":"tablet-align-left","12":"mobile-align-left","13":"ast-product-gallery-layout-horizontal-slider","14":"ast-product-tabs-layout-horizontal","16":"first","17":"instock","18":"taxable","19":"shipping-taxable","20":"purchasable","21":"product-type-simple"},"wcpa_form_fields":null,"brands":[{"id":332,"name":"Victron Energy","slug":"victron"}],"_links":{"self":[{"href":"https:\/\/fvcomponentes.com\/fr\/wp-json\/wp\/v2\/product\/3237","targetHints":{"allow":["GET"]}}],"collection":[{"href":"https:\/\/fvcomponentes.com\/fr\/wp-json\/wp\/v2\/product"}],"about":[{"href":"https:\/\/fvcomponentes.com\/fr\/wp-json\/wp\/v2\/types\/product"}],"replies":[{"embeddable":true,"href":"https:\/\/fvcomponentes.com\/fr\/wp-json\/wp\/v2\/comments?post=3237"}],"wp:featuredmedia":[{"embeddable":true,"href":"https:\/\/fvcomponentes.com\/fr\/wp-json\/wp\/v2\/media\/3238"}],"wp:attachment":[{"href":"https:\/\/fvcomponentes.com\/fr\/wp-json\/wp\/v2\/media?parent=3237"}],"wp:term":[{"taxonomy":"pwb-brand","embeddable":true,"href":"https:\/\/fvcomponentes.com\/fr\/wp-json\/wp\/v2\/pwb-brand?post=3237"},{"taxonomy":"product_brand","embeddable":true,"href":"https:\/\/fvcomponentes.com\/fr\/wp-json\/wp\/v2\/product_brand?post=3237"},{"taxonomy":"product_cat","embeddable":true,"href":"https:\/\/fvcomponentes.com\/fr\/wp-json\/wp\/v2\/product_cat?post=3237"},{"taxonomy":"product_tag","embeddable":true,"href":"https:\/\/fvcomponentes.com\/fr\/wp-json\/wp\/v2\/product_tag?post=3237"}],"curies":[{"name":"wp","href":"https:\/\/api.w.org\/{rel}","templated":true}]}}