{"id":32350,"date":"2025-10-28T15:47:36","date_gmt":"2025-10-28T14:47:36","guid":{"rendered":"https:\/\/fvcomponentes.com\/?post_type=product&#038;p=32350"},"modified":"2025-12-29T10:29:23","modified_gmt":"2025-12-29T09:29:23","slug":"hv-byd-premium-lithium-battery-module-hvs-2-56-18487497-00","status":"publish","type":"product","link":"https:\/\/fvcomponentes.com\/fr\/producto\/modulo-bateria-de-litio-hv-byd-premium-hvs-2-56-18487497-00\/","title":{"rendered":"Module de batterie au lithium HV BYD Premium HVS+ 2.56 - 18487497-00"},"content":{"rendered":"<h2>Module de batterie au lithium HV BYD Premium HVS+ 2.56 - 18487497-00<\/h2>\n<p>BYD, l'un des principaux fabricants de batteries et de solutions de mobilit\u00e9 \u00e9lectrique, am\u00e9liore une fois de plus ses batteries haute tension. Les nouvelles batteries au lithium HV BYD Battery Box Premium HVS+ sont l'\u00e9volution directe de la s\u00e9rie HVS. Ces nouvelles batteries offrent une plus grande capacit\u00e9, plus de puissance et une compatibilit\u00e9 \u00e9tendue avec les principaux onduleurs du march\u00e9.<\/p>\n<p>Le module de batterie lithium haute tension BYD Premium HVS+ 2.56 - 18487497-00 fait partie de la nouvelle g\u00e9n\u00e9ration de syst\u00e8mes de stockage d'\u00e9nergie haute tension BYD Battery Box Premium HVS+, d\u00e9velopp\u00e9s pour offrir un maximum d'efficacit\u00e9, de s\u00e9curit\u00e9 et d'\u00e9volutivit\u00e9 dans les installations photovolta\u00efques r\u00e9sidentielles, commerciales ou industrielles.<\/p>\n<p>Chaque module HVS+ repr\u00e9sente une unit\u00e9 de stockage utile de 2,56 kWh, qui peut \u00eatre combin\u00e9e avec d'autres modules de la m\u00eame s\u00e9rie pour former des tours d'une capacit\u00e9 de 5,12 kWh \u00e0 12,8 kWh, selon les besoins de l'utilisateur.<\/p>\n<p>Con\u00e7u pour fonctionner en conjonction avec le <a href=\"https:\/\/fvcomponentes.com\/fr\/?post_type=product&amp;p=32133&amp;preview=true\" target=\"_blank\" rel=\"noopener\">BCU+Base pour batterie lithium HV BYD Battery Box Premium HVS+ \/ HVM+ - 16541149-00<\/a>, Ce module constitue le bloc \u00e9nerg\u00e9tique fondamental des nouvelles batteries haute tension de BYD.<\/p>\n<h2>Principales fonctions du module de batterie au lithium HV BYD Premium HVS+ 2,56 HV BYD Premium HVS+ 2,56<\/h2>\n<h3>Conception modulaire et \u00e9volutive<\/h3>\n<p>Le syst\u00e8me HVS+ permet d'empiler de 2 \u00e0 5 modules sur une unit\u00e9 BCU+Base, sans n\u00e9cessiter de c\u00e2blage interne.<br \/>\nLa connexion plug &amp; play facilite une installation rapide, propre et s\u00fbre, r\u00e9duisant les temps de montage et les \u00e9ventuelles erreurs de connexion.<\/p>\n<h3>Stockage efficace<\/h3>\n<p>Chaque module HVS+ offre une capacit\u00e9 utile de 2,56 kWh et des performances exceptionnelles gr\u00e2ce \u00e0 sa chimie LFP (Lithium Fer Phosphate), r\u00e9put\u00e9e pour sa grande stabilit\u00e9 thermique, sa longue dur\u00e9e de vie et sa s\u00e9curit\u00e9 accrue par rapport aux autres technologies au lithium.<\/p>\n<h3>S\u00e9curit\u00e9 et fiabilit\u00e9 maximales<\/h3>\n<p>Les modules HVS+ sont conformes aux normes internationales IEC 62619, UN38.3 et CE, garantissant un fonctionnement s\u00fbr m\u00eame dans des conditions exigeantes.<br \/>\nSa construction \u00e9tanche et son bo\u00eetier m\u00e9tallique renforc\u00e9 offrent une protection contre les chocs et les conditions environnementales d\u00e9favorables.<br \/>\nEn outre, sa technologie LFP rend le BYD Premium HVS+ plus s\u00fbr, plus stable et plus durable.<\/p>\n<h3>Compatibilit\u00e9 entre les syst\u00e8mes de batterie BYD<\/h3>\n<p>Le module BYD HVS+ 2.56 est exclusivement compatible avec la s\u00e9rie HVS+ et l'unit\u00e9 de base BCU+ de nouvelle g\u00e9n\u00e9ration.<\/p>\n<p>Battery-Box Premium HVS+ : empilable de 2 \u00e0 5 modules (5,1 - 12,8 kWh utilisables).<\/p>\n<p>Les nouveaux modules HVS+ ne sont pas compatibles avec les anciens, ils ne peuvent donc pas \u00eatre combin\u00e9s avec des modules ou des BCU des versions pr\u00e9c\u00e9dentes. Ils ne peuvent pas \u00eatre m\u00e9lang\u00e9s dans la m\u00eame tour ou mettre de nouvelles tours en parall\u00e8le avec des tours de modules de versions ant\u00e9rieures.<\/p>\n<h3>Compatibilit\u00e9 avec les onduleurs<\/h3>\n<p>Les batteries BYD garantissent une coh\u00e9rence technique et une compatibilit\u00e9 totale avec les onduleurs les plus r\u00e9cents du march\u00e9, tels que Fronius, GoodWe, SMA, Kostal, Victron, Huawei ou Solis.<\/p>\n<p><a href=\"https:\/\/fvcomponentes.com\/wp-content\/uploads\/2025\/10\/Compatible-Inverter-List_HVBHVMHVS_MLL_V1.3.pdf\" target=\"_blank\" rel=\"noopener\">Liste mise \u00e0 jour des onduleurs compatibles avec les batteries BYD Battery Box Premium HVS+ \/ HVM+ Version V1.3, mise \u00e0 jour 17\/10\/25<\/a><\/p>\n<h3>Batteries HVS<\/h3>\n<p><img decoding=\"async\" src=\"https:\/\/fvcomponentes.com\/wp-content\/uploads\/2025\/10\/ByD-HVS-Caracteristicas.png\" alt=\"B&amp;H HVS Caract\u00e9ristiques\" title=\"\"><\/p>\n<h2>Avantages du nouveau module de batterie au lithium HV BYD Premium HVS+ 2,56<\/h2>\n<h3>Installation simple<\/h3>\n<p>Gr\u00e2ce au syst\u00e8me empilable verticalement sans c\u00e2blage interne, l'extension de la capacit\u00e9 se fait simplement en ajoutant de nouveaux modules au sommet de la tour existante. Le syst\u00e8me peut ainsi \u00eatre \u00e9tendu \u00e0 l'avenir sans qu'il soit n\u00e9cessaire de remplacer les composants de base.<\/p>\n<h3>Entretien minimal<\/h3>\n<p>La conception sans ventilateur ni pi\u00e8ces mobiles, associ\u00e9e au refroidissement passif et \u00e0 l'\u00e9tanch\u00e9it\u00e9 IP, garantit un fonctionnement silencieux et sans entretien, avec une dur\u00e9e de vie de plus de 10 ans dans des conditions normales d'utilisation.<\/p>\n<h3>Int\u00e9gration transparente avec les onduleurs les plus modernes<\/h3>\n<p>Inclut des profils de communication mis \u00e0 jour pour Fronius GEN24 Plus, GoodWe ET Plus+, SMA Sunny Boy Storage, Kostal Plenticore Plus, Victron Multiplus II et d'autres.<\/p>\n<h3>Installation modulaire et extensible<\/h3>\n<p>Il vous permet de commencer avec une petite configuration de deux modules et de l'\u00e9tendre \u00e0 l'avenir sans changer l'unit\u00e9 de base, simplement en ajoutant d'autres modules.<\/p>\n<h2>Exemple d'installation d'un Battery Box Premium HVS+ de BYD<\/h2>\n<p>Une batterie type, la BYD Battery Box Premium HVS+ 5,12 kWh, comprend les \u00e9l\u00e9ments suivants :<\/p>\n<p>1 \u00d7 BCU+Base - 16541149-00<br \/>\n2 \u00d7 modules HVS+ (2,56 kWh chacun)<\/p>\n<p>Capacit\u00e9 totale : 5,12 kWh utiles (extensible jusqu'\u00e0 12,8 kWh avec l'empilement de 5 modules maximum)<\/p>\n<p>Avec cette configuration, la consommation d'une maison individuelle peut \u00eatre aliment\u00e9e avec une consommation moyenne allant jusqu'\u00e0 5kWh pendant la nuit. La dur\u00e9e de vie de la batterie d\u00e9pend de la consommation et de son niveau de charge. Plus le pourcentage de charge est \u00e9lev\u00e9 lors de l'utilisation de la batterie et plus la consommation est faible, plus la batterie dure longtemps.<\/p>\n<h2>Installation recommand\u00e9e d'une batterie au lithium haute tension<\/h2>\n<p><strong>Localisation<\/strong>Int\u00e9rieur sec, sur une surface stable, \u00e0 l'abri des sources de chaleur ou d'humidit\u00e9.<br \/>\n<strong>Assembl\u00e9e<\/strong>Les modules de batterie sont empil\u00e9s verticalement sur la BCU avec une connexion plug &amp; play et encliquet\u00e9s via les connecteurs int\u00e9gr\u00e9s.<br \/>\n<strong>Communication :<\/strong> G\u00e9r\u00e9 par le BCU via les protocoles CAN \/ RS485 vers l'onduleur, sans c\u00e2blage suppl\u00e9mentaire entre les modules.<br \/>\n<strong>Mise en service :<\/strong> Cette op\u00e9ration s'effectue \u00e0 partir de l'interface de l'onduleur compatible, qui d\u00e9tecte automatiquement la batterie et configure le syst\u00e8me en fonction des param\u00e8tres du syst\u00e8me de gestion de la batterie (BMS).<br \/>\n<strong>Compatibilit\u00e9 :<\/strong> Exclusivement avec les syst\u00e8mes BYD Premium HVS+ et BCU+Base de nouvelle g\u00e9n\u00e9ration.<\/p>\n<h2>Quelle est la garantie des batteries au lithium HV BYD Battery Box Premium HVS+ \/ HVM+ ?<\/h2>\n<p>Le module HVS+ 2.56 - 18487497-00 est assorti d'une garantie officielle BYD de 10 ans, \u00e0 condition qu'il soit install\u00e9 conform\u00e9ment aux sp\u00e9cifications et avec la BCU+Base approuv\u00e9e.<\/p>\n<h2>Caract\u00e9ristiques techniques du module de batterie au lithium HV BYD Premium HVS+ 2.56 - 18487497-00<\/h2>\n<table>\n<thead>\n<tr>\n<th><strong>Param\u00e8tres<\/strong><\/th>\n<th><strong>Valeur<\/strong><\/th>\n<\/tr>\n<\/thead>\n<tbody>\n<tr>\n<td><strong>Mod\u00e8le<\/strong><\/td>\n<td>BYD Battery Box Premium HVS+ Module 2.56<\/td>\n<\/tr>\n<tr>\n<td><strong>R\u00e9f\u00e9rence<\/strong><\/td>\n<td>18487497-00<\/td>\n<\/tr>\n<tr>\n<td><strong>Capacit\u00e9 utile (nominale)<\/strong><\/td>\n<td>2,56 kWh<\/td>\n<\/tr>\n<tr>\n<td><strong>Type de cellule<\/strong><\/td>\n<td>Lithium-ferro-phosphate (LFP)<\/td>\n<\/tr>\n<tr>\n<td><strong>Tension nominale<\/strong><\/td>\n<td>\u2248 102,4 V<\/td>\n<\/tr>\n<tr>\n<td><strong>Plage de tension par module<\/strong><\/td>\n<td>88 - 120 V<\/td>\n<\/tr>\n<tr>\n<td><strong>Capacit\u00e9 nominale<\/strong><\/td>\n<td>25 Ah<\/td>\n<\/tr>\n<tr>\n<td><strong>Configuration des cellules<\/strong><\/td>\n<td>32 cellules en s\u00e9rie<\/td>\n<\/tr>\n<tr>\n<td><strong>Efficacit\u00e9 \u00e9nerg\u00e9tique<\/strong><\/td>\n<td>96%<\/td>\n<\/tr>\n<tr>\n<td><strong>Plage de temp\u00e9rature de fonctionnement<\/strong><\/td>\n<td>De -10 \u00b0C \u00e0 +50 \u00b0C<\/td>\n<\/tr>\n<tr>\n<td><strong>Degr\u00e9 de protection<\/strong><\/td>\n<td>IP55<\/td>\n<\/tr>\n<tr>\n<td><strong>Poids<\/strong><\/td>\n<td>\u2248 38,3 kg<\/td>\n<\/tr>\n<tr>\n<td><strong>Assembl\u00e9e<\/strong><\/td>\n<td>Empilable sur BCU+Base (vertical)<\/td>\n<\/tr>\n<tr>\n<td><strong>Connexion<\/strong><\/td>\n<td>Plug &amp; play sans c\u00e2blage interne<\/td>\n<\/tr>\n<tr>\n<td><strong>Certifications<\/strong><\/td>\n<td>UN38.3, IEC 62619, CE<\/td>\n<\/tr>\n<tr>\n<td><strong>Garantie<\/strong><\/td>\n<td>10 ans (avec le syst\u00e8me BYD complet)<\/td>\n<\/tr>\n<\/tbody>\n<\/table>\n<h2>Fiche technique Module de batterie lithium HV BYD Premium HVS+ 2.56 - 18487497-00<\/h2>\n<p><a href=\"https:\/\/fvcomponentes.com\/wp-content\/uploads\/2025\/10\/Datasheet_HVS_EN_V1.0_250729.pdf\" target=\"_blank\" rel=\"noopener\">Fiche technique HV BYD Premium HVS+ 2.56 Lithium Battery Module - 18487497-00<\/a><\/p>\n<h2>Manuel d'installation Module de batterie au lithium HV BYD Premium HVS+ 2.56 - 18487497-00<\/h2>\n<p><a href=\"https:\/\/fvcomponentes.com\/wp-content\/uploads\/2025\/10\/BYD_Quick-Start-Guide_HVS_HVM_HVB_V1.3_EN.pdf\" target=\"_blank\" rel=\"noopener\">BYD HVD Premium HVS+ 2.56 Lithium Battery Module Manuel d'installation - 18487497-00<\/a><\/p>","protected":false},"excerpt":{"rendered":"<p><span style=\"color: #ff0000\">Ce produit n\u00e9cessite un module de contr\u00f4le (BCU) pour fonctionner.<br \/>\n<a href=\"https:\/\/fvcomponentes.com\/fr\/?post_type=product&amp;p=32133&amp;preview=true\" target=\"_blank\" rel=\"noopener\">BCU+Base pour batterie lithium HV BYD Battery Box Premium HVS+ \/ HVM+ - 16541149-00<\/a><br \/>\n<\/span><\/p>\n<p><strong><span style=\"color: #ff9900\">Le module BYD HVS+ 2.56 est exclusivement compatible avec le syst\u00e8me Battery Box Premium HVS+.<\/span><\/strong><br \/>\n<strong><span style=\"color: #ff9900\">Non compatible avec les syst\u00e8mes HVM+ ni avec les versions ant\u00e9rieures (HVS)<\/span><\/strong><br \/>\n<strong><span style=\"color: #ff9900\">Il n'est pas possible de m\u00e9langer des modules de diff\u00e9rentes s\u00e9ries au sein d'une m\u00eame tour ou en parall\u00e8le.<\/span><\/strong><\/p>\n<p>Type de batterie : DC Haute tension<br \/>\n\u00c9nergie nominale totale (KWH) : 2,56 kW<br \/>\nPuissance de charge et de d\u00e9charge maximale (KW) 25A<br \/>\nPuissance maximale de charge et de d\u00e9charge (KW) 50A 5s<br \/>\nEfficacit\u00e9 : 96.0%<br \/>\nProtection IP : IP55<br \/>\nCommunication : CAN (Inv), RS485 (Inv)<br \/>\nOnduleurs compatibles : Fronius, Goodwe, Kostal, SMA<br \/>\nGarantie du produit : 10 ans<br \/>\nUn SoC utile de 60,0 % est garanti apr\u00e8s 10 ans.<\/p>","protected":false},"featured_media":32417,"comment_status":"closed","ping_status":"closed","template":"","meta":{"site-sidebar-layout":"default","site-content-layout":"","ast-site-content-layout":"default","site-content-style":"default","site-sidebar-style":"default","ast-global-header-display":"","ast-banner-title-visibility":"","ast-main-header-display":"","ast-hfb-above-header-display":"","ast-hfb-below-header-display":"","ast-hfb-mobile-header-display":"","site-post-title":"","ast-breadcrumbs-content":"","ast-featured-img":"","footer-sml-layout":"","ast-disable-related-posts":"","theme-transparent-header-meta":"default","adv-header-id-meta":"","stick-header-meta":"","header-above-stick-meta":"","header-main-stick-meta":"","header-below-stick-meta":"","astra-migrate-meta-layouts":"set","ast-page-background-enabled":"default","ast-page-background-meta":{"desktop":{"background-color":"var(--ast-global-color-4)","background-image":"","background-repeat":"repeat","background-position":"center center","background-size":"auto","background-attachment":"scroll","background-type":"","background-media":"","overlay-type":"","overlay-color":"","overlay-opacity":"","overlay-gradient":""},"tablet":{"background-color":"","background-image":"","background-repeat":"repeat","background-position":"center center","background-size":"auto","background-attachment":"scroll","background-type":"","background-media":"","overlay-type":"","overlay-color":"","overlay-opacity":"","overlay-gradient":""},"mobile":{"background-color":"","background-image":"","background-repeat":"repeat","background-position":"center center","background-size":"auto","background-attachment":"scroll","background-type":"","background-media":"","overlay-type":"","overlay-color":"","overlay-opacity":"","overlay-gradient":""}},"ast-content-background-meta":{"desktop":{"background-color":"var(--ast-global-color-5)","background-image":"","background-repeat":"repeat","background-position":"center center","background-size":"auto","background-attachment":"scroll","background-type":"","background-media":"","overlay-type":"","overlay-color":"","overlay-opacity":"","overlay-gradient":""},"tablet":{"background-color":"var(--ast-global-color-5)","background-image":"","background-repeat":"repeat","background-position":"center center","background-size":"auto","background-attachment":"scroll","background-type":"","background-media":"","overlay-type":"","overlay-color":"","overlay-opacity":"","overlay-gradient":""},"mobile":{"background-color":"var(--ast-global-color-5)","background-image":"","background-repeat":"repeat","background-position":"center center","background-size":"auto","background-attachment":"scroll","background-type":"","background-media":"","overlay-type":"","overlay-color":"","overlay-opacity":"","overlay-gradient":""}}},"pwb-brand":[897],"product_brand":[],"product_cat":[340,379],"product_tag":[],"class_list":{"0":"post-32350","1":"product","2":"type-product","3":"status-publish","4":"has-post-thumbnail","6":"pwb-brand-byd","7":"product_cat-baterias","8":"product_cat-baterias-de-litio-de-alto-voltaje","9":"product_shipping_class-baterias","10":"desktop-align-left","11":"tablet-align-left","12":"mobile-align-left","13":"ast-product-gallery-layout-horizontal-slider","14":"ast-product-tabs-layout-horizontal","16":"first","17":"instock","18":"taxable","19":"shipping-taxable","20":"purchasable","21":"product-type-simple"},"wcpa_form_fields":null,"brands":[{"id":897,"name":"Batteries B&amp;D","slug":"byd"}],"_links":{"self":[{"href":"https:\/\/fvcomponentes.com\/fr\/wp-json\/wp\/v2\/product\/32350","targetHints":{"allow":["GET"]}}],"collection":[{"href":"https:\/\/fvcomponentes.com\/fr\/wp-json\/wp\/v2\/product"}],"about":[{"href":"https:\/\/fvcomponentes.com\/fr\/wp-json\/wp\/v2\/types\/product"}],"replies":[{"embeddable":true,"href":"https:\/\/fvcomponentes.com\/fr\/wp-json\/wp\/v2\/comments?post=32350"}],"wp:featuredmedia":[{"embeddable":true,"href":"https:\/\/fvcomponentes.com\/fr\/wp-json\/wp\/v2\/media\/32417"}],"wp:attachment":[{"href":"https:\/\/fvcomponentes.com\/fr\/wp-json\/wp\/v2\/media?parent=32350"}],"wp:term":[{"taxonomy":"pwb-brand","embeddable":true,"href":"https:\/\/fvcomponentes.com\/fr\/wp-json\/wp\/v2\/pwb-brand?post=32350"},{"taxonomy":"product_brand","embeddable":true,"href":"https:\/\/fvcomponentes.com\/fr\/wp-json\/wp\/v2\/product_brand?post=32350"},{"taxonomy":"product_cat","embeddable":true,"href":"https:\/\/fvcomponentes.com\/fr\/wp-json\/wp\/v2\/product_cat?post=32350"},{"taxonomy":"product_tag","embeddable":true,"href":"https:\/\/fvcomponentes.com\/fr\/wp-json\/wp\/v2\/product_tag?post=32350"}],"curies":[{"name":"wp","href":"https:\/\/api.w.org\/{rel}","templated":true}]}}