{"id":3233,"date":"2021-03-23T08:18:56","date_gmt":"2021-03-23T07:18:56","guid":{"rendered":"https:\/\/fvcomponentes.com\/producto\/battery-balancer-victron-equilibrador-baterias\/"},"modified":"2026-04-04T12:45:02","modified_gmt":"2026-04-04T10:45:02","slug":"equilibreur-de-batterie-victron-equilibreur-de-batterie","status":"publish","type":"product","link":"https:\/\/fvcomponentes.com\/fr\/producto\/battery-balancer-victron-equilibrador-baterias\/","title":{"rendered":"\u00c9quilibreur de batterie Victron (\u00c9quilibreur de batterie) - BBA000100100100"},"content":{"rendered":"<h2 style=\"text-align: left\">\u00c9quilibreur de batterie Victron (\u00c9quilibreur de batterie)<\/h2>\n<h3 style=\"text-align: left\">Le probl\u00e8me : la dur\u00e9e de vie d'un parc de batteries peut \u00eatre consid\u00e9rablement r\u00e9duite en raison d'un d\u00e9s\u00e9quilibre de l'\u00e9tat de charge.<\/h3>\n<p style=\"text-align: left\">Un courant de fuite interne l\u00e9g\u00e8rement plus \u00e9lev\u00e9 dans l'une des batteries d'une banque de plusieurs batteries de 24 ou 48 V connect\u00e9es en s\u00e9rie\/parall\u00e8le entra\u00eenerait un manque de charge de cette batterie et des batteries connect\u00e9es en parall\u00e8le, et une surcharge des batteries connect\u00e9es en s\u00e9rie. En outre, lorsque de nouveaux \u00e9l\u00e9ments ou batteries sont connect\u00e9s en s\u00e9rie, ils doivent tous avoir le m\u00eame \u00e9tat de charge initial.<br \/>\nLes petites diff\u00e9rences seront neutralis\u00e9es pendant la charge d'absorption ou d'\u00e9galisation, mais les diff\u00e9rences plus importantes entra\u00eeneront des dommages dus au gazage excessif (surcharge) des batteries ayant une charge initiale plus \u00e9lev\u00e9e, et \u00e0 la sulfatation (sous-charge) des batteries ayant une charge initiale plus faible.<\/p>\n<h3 style=\"text-align: left\">La solution : l'\u00e9quilibrage des batteries<\/h3>\n<p style=\"text-align: left\">L'\u00e9quilibreur de batterie Victron (Battery Balancer)<strong> \u00e9quilibre l'\u00e9tat de charge de deux batteries de 12V connect\u00e9es en s\u00e9rie<\/strong>ou plusieurs cha\u00eenes parall\u00e8les de batteries connect\u00e9es en s\u00e9rie.<br \/>\nSi la tension de charge d'un syst\u00e8me de batteries de 24 V d\u00e9passe 27,3 V, l'\u00e9quilibreur de batterie s'active et compare la tension des deux batteries connect\u00e9es en s\u00e9rie. L'\u00e9quilibreur de batterie pr\u00e9l\u00e8ve un courant allant jusqu'\u00e0 0,7 A sur la batterie (ou les batteries connect\u00e9es en parall\u00e8le) dont la tension est la plus \u00e9lev\u00e9e. Le diff\u00e9rentiel de courant de charge qui en r\u00e9sulte garantit que toutes les batteries convergent vers le m\u00eame \u00e9tat de charge.<br \/>\nSi n\u00e9cessaire, plusieurs \u00e9quilibreurs peuvent \u00eatre plac\u00e9s en parall\u00e8le.<br \/>\n<strong>Un parc de batteries de 48 V peut \u00eatre \u00e9quilibr\u00e9 \u00e0 l'aide de trois \u00e9quilibreurs de batteries de 48 V de <a href=\"https:\/\/www.victronenergy.com.es\/\" target=\"_blank\" rel=\"noopener\">Victron<\/a>.<\/strong><\/p>\n<h3 style=\"text-align: left\">Indicateurs LED de l'\u00e9quilibreur de batterie Victron<\/h3>\n<p style=\"text-align: left\">Vert : actif (tension de la batterie &gt; 27,3 V)<br \/>\nOrange : circuit de batterie le moins actif (\u00e9cart &gt; 0,1V)<br \/>\nOrange : circuit de batterie actif le plus \u00e9lev\u00e9 (\u00e9cart &gt; 0,1 V)<br \/>\nRouge : alarme (\u00e9cart &gt; 0,2 V). Reste active jusqu'\u00e0 ce que l'\u00e9cart ait \u00e9t\u00e9 r\u00e9duit \u00e0 moins de 0,14 V ou jusqu'\u00e0 ce que la tension du syst\u00e8me descende en dessous de 26,6 V.<\/p>\n<h3 style=\"text-align: left\">Relais d'alarme<\/h3>\n<p style=\"text-align: left\">Normalement ouvert. Il se ferme lorsque la LED rouge s'allume et s'ouvre lorsque la LED rouge s'\u00e9teint.<\/p>\n<h3 style=\"text-align: left\">R\u00e9initialisation de l'alarme<\/h3>\n<p style=\"text-align: left\">Deux bornes sont disponibles pour le raccordement d'un bouton-poussoir. L'interconnexion des deux bornes r\u00e9initialise le relais.<br \/>\nCette condition de r\u00e9initialisation reste active jusqu'\u00e0 la fin de l'alarme. Le relais se referme alors lorsqu'une nouvelle alarme se produit.<\/p>\n<h3 style=\"text-align: left\">Plus d'informations et de contr\u00f4les d'initi\u00e9s gr\u00e2ce \u00e0 la fonction de surveillance du point m\u00e9dian de l'appareil. <a href=\"https:\/\/fvcomponentes.com\/fr\/produit\/victron-bmv-702-battery-monitor\/\" target=\"_blank\" rel=\"noopener\">moniteur de batterie BMV-702.<\/a><\/h3>\n<p style=\"text-align: left\">Le BMV-702 mesure le point m\u00e9dian d'une cha\u00eene de piles ou de batteries. Il affiche l'\u00e9cart par rapport au point m\u00e9dian id\u00e9al en volts ou en pourcentage. Des \u00e9carts distincts en pourcentage peuvent \u00eatre r\u00e9gl\u00e9s pour d\u00e9clencher une alarme visuelle\/audible et pour fermer un contact de relais d\u00e9sexcit\u00e9 afin de d\u00e9clencher une alarme \u00e0 distance.<\/p>\n<p style=\"text-align: left\">Si la tension de charge d'un syst\u00e8me de batterie de 24 V d\u00e9passe 27 V, l'\u00e9quilibreur de batterie Victron s'active et compare la tension des deux batteries connect\u00e9es en s\u00e9rie. L'\u00e9quilibreur de batterie pr\u00e9l\u00e8vera un courant allant jusqu'\u00e0 1A sur la batterie (ou les batteries connect\u00e9es en parall\u00e8le) dont la tension est la plus \u00e9lev\u00e9e. Le diff\u00e9rentiel de courant de charge qui en r\u00e9sulte garantit que toutes les batteries convergent vers le m\u00eame \u00e9tat de charge.<\/p>\n<h2>Fiche technique de l'\u00e9quilibreur de batterie Victron (Battery Balancer) - BBA000100100100<\/h2>\n<p><a href=\"https:\/\/fvcomponentes.com\/wp-content\/uploads\/2025\/09\/Manual-Battery-Balancer-ES-1.pdf\" target=\"_blank\" rel=\"noopener\">Voir la fiche technique de l'\u00e9quilibreur de batterie Victron - BBA000100100100<\/a><\/p>","protected":false},"excerpt":{"rendered":"<ul>\n<li>\u00c9quilibre l'\u00e9tat de charge de deux batteries de 12 V connect\u00e9es en s\u00e9rie, ou de plusieurs cha\u00eenes parall\u00e8les de batteries connect\u00e9es en s\u00e9rie.<\/li>\n<li>Si n\u00e9cessaire, plusieurs \u00e9quilibreurs peuvent \u00eatre plac\u00e9s en parall\u00e8le.<\/li>\n<li>Un parc de batteries de 48 V peut \u00eatre \u00e9quilibr\u00e9 avec trois \u00e9quilibreurs de batterie.<\/li>\n<\/ul>","protected":false},"featured_media":3234,"comment_status":"open","ping_status":"closed","template":"","meta":{"site-sidebar-layout":"default","site-content-layout":"default","ast-site-content-layout":"default","site-content-style":"default","site-sidebar-style":"default","ast-global-header-display":"","ast-banner-title-visibility":"","ast-main-header-display":"","ast-hfb-above-header-display":"","ast-hfb-below-header-display":"","ast-hfb-mobile-header-display":"","site-post-title":"","ast-breadcrumbs-content":"","ast-featured-img":"","footer-sml-layout":"","ast-disable-related-posts":"","theme-transparent-header-meta":"default","adv-header-id-meta":"","stick-header-meta":"","header-above-stick-meta":"","header-main-stick-meta":"","header-below-stick-meta":"","astra-migrate-meta-layouts":"set","ast-page-background-enabled":"default","ast-page-background-meta":{"desktop":{"background-color":"var(--ast-global-color-4)","background-image":"","background-repeat":"repeat","background-position":"center center","background-size":"auto","background-attachment":"scroll","background-type":"","background-media":"","overlay-type":"","overlay-color":"","overlay-opacity":"","overlay-gradient":""},"tablet":{"background-color":"","background-image":"","background-repeat":"repeat","background-position":"center center","background-size":"auto","background-attachment":"scroll","background-type":"","background-media":"","overlay-type":"","overlay-color":"","overlay-opacity":"","overlay-gradient":""},"mobile":{"background-color":"","background-image":"","background-repeat":"repeat","background-position":"center center","background-size":"auto","background-attachment":"scroll","background-type":"","background-media":"","overlay-type":"","overlay-color":"","overlay-opacity":"","overlay-gradient":""}},"ast-content-background-meta":{"desktop":{"background-color":"var(--ast-global-color-5)","background-image":"","background-repeat":"repeat","background-position":"center center","background-size":"auto","background-attachment":"scroll","background-type":"","background-media":"","overlay-type":"","overlay-color":"","overlay-opacity":"","overlay-gradient":""},"tablet":{"background-color":"var(--ast-global-color-5)","background-image":"","background-repeat":"repeat","background-position":"center center","background-size":"auto","background-attachment":"scroll","background-type":"","background-media":"","overlay-type":"","overlay-color":"","overlay-opacity":"","overlay-gradient":""},"mobile":{"background-color":"var(--ast-global-color-5)","background-image":"","background-repeat":"repeat","background-position":"center center","background-size":"auto","background-attachment":"scroll","background-type":"","background-media":"","overlay-type":"","overlay-color":"","overlay-opacity":"","overlay-gradient":""}}},"pwb-brand":[332],"product_brand":[],"product_cat":[391,340,932,931,933,929,930],"product_tag":[],"class_list":{"0":"post-3233","1":"product","2":"type-product","3":"status-publish","4":"has-post-thumbnail","6":"pwb-brand-victron","7":"product_cat-accesorios-para-baterias","8":"product_cat-baterias","9":"product_cat-combinadores-de-baterias","10":"product_cat-diodos-separador-de-baterias","11":"product_cat-monitores-de-baterias","12":"product_cat-protectores-de-bateria","13":"product_cat-reles-separador-de-baterias","14":"desktop-align-left","15":"tablet-align-left","16":"mobile-align-left","17":"ast-product-gallery-layout-horizontal-slider","18":"ast-product-tabs-layout-horizontal","20":"first","21":"instock","22":"taxable","23":"shipping-taxable","24":"purchasable","25":"product-type-simple"},"wcpa_form_fields":null,"brands":[{"id":332,"name":"Victron Energy","slug":"victron"}],"_links":{"self":[{"href":"https:\/\/fvcomponentes.com\/fr\/wp-json\/wp\/v2\/product\/3233","targetHints":{"allow":["GET"]}}],"collection":[{"href":"https:\/\/fvcomponentes.com\/fr\/wp-json\/wp\/v2\/product"}],"about":[{"href":"https:\/\/fvcomponentes.com\/fr\/wp-json\/wp\/v2\/types\/product"}],"replies":[{"embeddable":true,"href":"https:\/\/fvcomponentes.com\/fr\/wp-json\/wp\/v2\/comments?post=3233"}],"wp:featuredmedia":[{"embeddable":true,"href":"https:\/\/fvcomponentes.com\/fr\/wp-json\/wp\/v2\/media\/3234"}],"wp:attachment":[{"href":"https:\/\/fvcomponentes.com\/fr\/wp-json\/wp\/v2\/media?parent=3233"}],"wp:term":[{"taxonomy":"pwb-brand","embeddable":true,"href":"https:\/\/fvcomponentes.com\/fr\/wp-json\/wp\/v2\/pwb-brand?post=3233"},{"taxonomy":"product_brand","embeddable":true,"href":"https:\/\/fvcomponentes.com\/fr\/wp-json\/wp\/v2\/product_brand?post=3233"},{"taxonomy":"product_cat","embeddable":true,"href":"https:\/\/fvcomponentes.com\/fr\/wp-json\/wp\/v2\/product_cat?post=3233"},{"taxonomy":"product_tag","embeddable":true,"href":"https:\/\/fvcomponentes.com\/fr\/wp-json\/wp\/v2\/product_tag?post=3233"}],"curies":[{"name":"wp","href":"https:\/\/api.w.org\/{rel}","templated":true}]}}