{"id":3231,"date":"2021-03-23T07:56:54","date_gmt":"2021-03-23T06:56:54","guid":{"rendered":"https:\/\/fvcomponentes.com\/producto\/monitor-de-bateria-bmv-712-smart-victron\/"},"modified":"2026-04-04T12:47:37","modified_gmt":"2026-04-04T10:47:37","slug":"bmv-712-smart-victron-battery-monitor","status":"publish","type":"product","link":"https:\/\/fvcomponentes.com\/fr\/producto\/monitor-de-bateria-bmv-712-smart-victron\/","title":{"rendered":"Moniteur de batterie BMV-712 Smart Victron - BAM030712000"},"content":{"rendered":"<h2>BMV-712 Moniteur de batterie intelligent de Victron<\/h2>\n<h2>Bluetooth int\u00e9gr\u00e9<\/h2>\n<p>Gr\u00e2ce \u00e0 la connectivit\u00e9 Bluetooth int\u00e9gr\u00e9e, le moniteur de batterie intelligent BMV-712 est pr\u00eat pour l'\u00e8re de l'Internet des objets. Gr\u00e2ce au fait que la plupart des autres produits de la gamme <a href=\"https:\/\/www.victronenergy.com.es\/\" target=\"_blank\" rel=\"noopener\">Victron Energy<\/a> ont int\u00e9gr\u00e9 la technologie Bluetooth, la communication sans fil entre eux simplifie l'installation des syst\u00e8mes et am\u00e9liore leurs performances.<\/p>\n<h2>T\u00e9l\u00e9charger l'application Bluetooth Victron<\/h2>\n<p>Utilisez votre smartphone ou un autre appareil compatible Bluetooth pour :<br \/>\n- personnaliser les r\u00e9glages,<br \/>\n- pour consulter toutes les donn\u00e9es importantes sur un seul \u00e9cran,<br \/>\n- consulter les donn\u00e9es historiques<br \/>\n- mettre \u00e0 jour le logiciel au fur et \u00e0 mesure de l'ajout de nouvelles fonctions.<\/p>\n<h2>Facile \u00e0 installer :<\/h2>\n<p>Toutes les connexions \u00e9lectriques sont effectu\u00e9es sur le circuit imprim\u00e9 \u00e0 connexion rapide du shunt de puissance. Le shunt est connect\u00e9 au moniteur par un c\u00e2ble t\u00e9l\u00e9phonique standard RJ12.<br \/>\nInclus : c\u00e2ble RJ 12 (10 m) et c\u00e2ble de batterie avec fusible (2 m) ; aucun autre c\u00e2ble n'est n\u00e9cessaire.<br \/>\nUne plaque de finition pour l'\u00e9cran avant, carr\u00e9e ou ronde, un anneau de fixation arri\u00e8re et des vis pour le montage \u00e0 l'avant sont \u00e9galement inclus.<\/p>\n<h2>Contr\u00f4le de la tension au point m\u00e9dian<\/h2>\n<p>Cette fonction est g\u00e9n\u00e9ralement utilis\u00e9e pour contr\u00f4ler de grandes banques de batteries \u00e0 un co\u00fbt \u00e9lev\u00e9. Avec le moniteur de batterie intelligent BMV-712 de Victron, nous pouvons surveiller ce param\u00e8tre \u00e0 un co\u00fbt bien moindre. Un parc de batteries est constitu\u00e9 d'une cha\u00eene de cellules connect\u00e9es en s\u00e9rie. Le <strong>tension du point m\u00e9dian<\/strong> est la tension obtenue au milieu de cette cha\u00eene. Id\u00e9alement, la tension du point m\u00e9dian devrait \u00eatre exactement \u00e9gale \u00e0 la moiti\u00e9 de la tension totale. Toutefois, dans la pratique, des \u00e9carts sont observ\u00e9s en fonction de nombreux facteurs, tels que les diff\u00e9rents \u00e9tats de charge des nouvelles batteries ou piles, leurs diff\u00e9rentes temp\u00e9ratures, les courants de fuite internes, les capacit\u00e9s et bien d'autres choses encore.<br \/>\nDes \u00e9carts importants ou croissants par rapport \u00e0 la tension du point m\u00e9dian indiquent un mauvais entretien ou une d\u00e9faillance d'une batterie ou d'une cellule. Les mesures correctives prises \u00e0 la suite d'une alarme de tension au point m\u00e9dian peuvent \u00e9viter d'endommager la batterie.<\/p>\n<h2>Faible consommation de courant de la batterie<\/h2>\n<p>Consommation \u00e9lectrique : 0,7Ah par mois (1mA) \u00e0 12V et 0,6Ah par mois (0,8mA) \u00e0 24V<\/p>\n<p>En particulier, les batteries Li-Ion sont pratiquement vid\u00e9es de leur capacit\u00e9 lorsqu'elles sont d\u00e9charg\u00e9es jusqu'au niveau de coupure \u00e0 basse tension.<\/p>\n<p>Apr\u00e8s une d\u00e9connexion \u00e0 basse tension des cellules, la capacit\u00e9 de r\u00e9serve d'une batterie Li-ion est d'environ 1Ah par 100Ah de capacit\u00e9. La batterie sera endommag\u00e9e si la capacit\u00e9 de r\u00e9serve restante de la batterie est retir\u00e9e. Un courant r\u00e9siduel de 10 mA, par exemple, peut endommager une batterie de 200 Ah si le syst\u00e8me reste d\u00e9charg\u00e9 pendant plus de 8 jours.<\/p>\n<h2>Relais d'alarme bistable<\/h2>\n<p>Emp\u00eache l'augmentation de la consommation de courant en cas d'alarme.<\/p>\n<h2>Autres fonctions du moniteur de batterie BMV-712 Smart Victron<\/h2>\n<p>- Tension, courant, puissance, amp\u00e8res-heures consomm\u00e9s et \u00e9tat de charge de la batterie<\/p>\n<p>- Autonomie restante au taux de d\u00e9charge actuel.<\/p>\n<p>- Alarme visuelle et sonore programmable<\/p>\n<p>- Relais programmable, pour d\u00e9connecter les charges non critiques ou pour d\u00e9marrer un g\u00e9n\u00e9rateur si n\u00e9cessaire.<\/p>\n<p>- Kit de shunt et de connexion rapide 500 amp\u00e8res<\/p>\n<p>- S\u00e9lection de la capacit\u00e9 de shunt jusqu'\u00e0 10 000 amp\u00e8res<\/p>\n<p>- VE.Port de communication directe<\/p>\n<p>- Stocke un large \u00e9ventail de donn\u00e9es historiques qui peuvent \u00eatre utilis\u00e9es pour \u00e9valuer les sch\u00e9mas d'utilisation et l'\u00e9tat de la batterie.<\/p>\n<p>- Large plage de tension d'entr\u00e9e : 6,5 \u021a \"70V<\/p>\n<p>- R\u00e9solution \u00e9lev\u00e9e de la mesure du courant : 10 mA (0,01A)<\/p>\n<p>- Entr\u00e9e suppl\u00e9mentaire pour la mesure de la tension (\u00e0 partir d'une deuxi\u00e8me batterie), de la temp\u00e9rature ou de la tension au point m\u00e9dian et des r\u00e9glages correspondants des alarmes et des relais.<\/p>\n<h2>Fiche technique et manuel Moniteur de batterie BMV-712 Smart Victron \u2013 BAM030712000<\/h2>\n<p><a href=\"https:\/\/fvcomponentes.com\/wp-content\/uploads\/2021\/03\/Datasheet-BMV-712-Smart-ES.pdf\" target=\"_blank\" rel=\"noopener\">Voir la fiche technique BMV-712 Battery Monitor BMV-712 Smart Victron - BAM030712000<\/a><\/p>\n<p><a href=\"https:\/\/fvcomponentes.com\/wp-content\/uploads\/2025\/11\/9172-Manual_BMV_and_SmartShunt-pdf-es.pdf\" target=\"_blank\" rel=\"noopener\">Voir le manuel du moniteur de batterie BMV-712 Smart Victron \u2013 BAM030712000<\/a><\/p>","protected":false},"excerpt":{"rendered":"<p>Avec sa connectivit\u00e9 Bluetooth int\u00e9gr\u00e9e, le moniteur de batterie intelligent BMV-712 de Victron est pr\u00eat pour l'\u00e8re de l'Internet des objets. Gr\u00e2ce \u00e0 sa connexion sans fil, il peut communiquer avec d'autres produits Victron pour simplifier l'installation et am\u00e9liorer les performances.<\/p>","protected":false},"featured_media":3232,"comment_status":"open","ping_status":"closed","template":"","meta":{"site-sidebar-layout":"default","site-content-layout":"default","ast-site-content-layout":"default","site-content-style":"default","site-sidebar-style":"default","ast-global-header-display":"","ast-banner-title-visibility":"","ast-main-header-display":"","ast-hfb-above-header-display":"","ast-hfb-below-header-display":"","ast-hfb-mobile-header-display":"","site-post-title":"","ast-breadcrumbs-content":"","ast-featured-img":"","footer-sml-layout":"","ast-disable-related-posts":"","theme-transparent-header-meta":"default","adv-header-id-meta":"","stick-header-meta":"","header-above-stick-meta":"","header-main-stick-meta":"","header-below-stick-meta":"","astra-migrate-meta-layouts":"set","ast-page-background-enabled":"default","ast-page-background-meta":{"desktop":{"background-color":"var(--ast-global-color-4)","background-image":"","background-repeat":"repeat","background-position":"center center","background-size":"auto","background-attachment":"scroll","background-type":"","background-media":"","overlay-type":"","overlay-color":"","overlay-opacity":"","overlay-gradient":""},"tablet":{"background-color":"","background-image":"","background-repeat":"repeat","background-position":"center center","background-size":"auto","background-attachment":"scroll","background-type":"","background-media":"","overlay-type":"","overlay-color":"","overlay-opacity":"","overlay-gradient":""},"mobile":{"background-color":"","background-image":"","background-repeat":"repeat","background-position":"center center","background-size":"auto","background-attachment":"scroll","background-type":"","background-media":"","overlay-type":"","overlay-color":"","overlay-opacity":"","overlay-gradient":""}},"ast-content-background-meta":{"desktop":{"background-color":"var(--ast-global-color-5)","background-image":"","background-repeat":"repeat","background-position":"center center","background-size":"auto","background-attachment":"scroll","background-type":"","background-media":"","overlay-type":"","overlay-color":"","overlay-opacity":"","overlay-gradient":""},"tablet":{"background-color":"var(--ast-global-color-5)","background-image":"","background-repeat":"repeat","background-position":"center center","background-size":"auto","background-attachment":"scroll","background-type":"","background-media":"","overlay-type":"","overlay-color":"","overlay-opacity":"","overlay-gradient":""},"mobile":{"background-color":"var(--ast-global-color-5)","background-image":"","background-repeat":"repeat","background-position":"center center","background-size":"auto","background-attachment":"scroll","background-type":"","background-media":"","overlay-type":"","overlay-color":"","overlay-opacity":"","overlay-gradient":""}}},"pwb-brand":[332],"product_brand":[],"product_cat":[391,340,933],"product_tag":[],"class_list":{"0":"post-3231","1":"product","2":"type-product","3":"status-publish","4":"has-post-thumbnail","6":"pwb-brand-victron","7":"product_cat-accesorios-para-baterias","8":"product_cat-baterias","9":"product_cat-monitores-de-baterias","10":"desktop-align-left","11":"tablet-align-left","12":"mobile-align-left","13":"ast-product-gallery-layout-horizontal-slider","14":"ast-product-tabs-layout-horizontal","16":"first","17":"instock","18":"taxable","19":"shipping-taxable","20":"purchasable","21":"product-type-simple"},"wcpa_form_fields":null,"brands":[{"id":332,"name":"Victron Energy","slug":"victron"}],"_links":{"self":[{"href":"https:\/\/fvcomponentes.com\/fr\/wp-json\/wp\/v2\/product\/3231","targetHints":{"allow":["GET"]}}],"collection":[{"href":"https:\/\/fvcomponentes.com\/fr\/wp-json\/wp\/v2\/product"}],"about":[{"href":"https:\/\/fvcomponentes.com\/fr\/wp-json\/wp\/v2\/types\/product"}],"replies":[{"embeddable":true,"href":"https:\/\/fvcomponentes.com\/fr\/wp-json\/wp\/v2\/comments?post=3231"}],"wp:featuredmedia":[{"embeddable":true,"href":"https:\/\/fvcomponentes.com\/fr\/wp-json\/wp\/v2\/media\/3232"}],"wp:attachment":[{"href":"https:\/\/fvcomponentes.com\/fr\/wp-json\/wp\/v2\/media?parent=3231"}],"wp:term":[{"taxonomy":"pwb-brand","embeddable":true,"href":"https:\/\/fvcomponentes.com\/fr\/wp-json\/wp\/v2\/pwb-brand?post=3231"},{"taxonomy":"product_brand","embeddable":true,"href":"https:\/\/fvcomponentes.com\/fr\/wp-json\/wp\/v2\/product_brand?post=3231"},{"taxonomy":"product_cat","embeddable":true,"href":"https:\/\/fvcomponentes.com\/fr\/wp-json\/wp\/v2\/product_cat?post=3231"},{"taxonomy":"product_tag","embeddable":true,"href":"https:\/\/fvcomponentes.com\/fr\/wp-json\/wp\/v2\/product_tag?post=3231"}],"curies":[{"name":"wp","href":"https:\/\/api.w.org\/{rel}","templated":true}]}}