{"id":3222,"date":"2021-03-22T16:32:53","date_gmt":"2021-03-22T15:32:53","guid":{"rendered":"https:\/\/fvcomponentes.com\/producto\/monitor-de-bateria-bmv-702-victron\/"},"modified":"2026-04-08T21:31:51","modified_gmt":"2026-04-08T19:31:51","slug":"victron-bmv-702-battery-monitor","status":"publish","type":"product","link":"https:\/\/fvcomponentes.com\/fr\/producto\/monitor-de-bateria-bmv-702-victron\/","title":{"rendered":"Moniteur de batterie BMV-702 Victron - BAM010702000"},"content":{"rendered":"<p><a href=\"https:\/\/fvcomponentes.com\/fr\/produit\/monitor-de-bateria-bmv-702-victron-reacondicionado-bam010702000\/\" target=\"_blank\" rel=\"noopener\">Voir ce produit au prix co\u00fbtant (bo\u00eete endommag\u00e9e)<\/a><\/p>\n<h2>Indicateur de niveau de charge, indicateur d'autonomie, etc.<\/h2>\n<p>La capacit\u00e9 restante de la batterie d\u00e9pend des amp\u00e8res-heures consomm\u00e9s, du courant de d\u00e9charge, de la temp\u00e9rature et de l'\u00e2ge de la batterie. Un logiciel dot\u00e9 d'algorithmes complexes est n\u00e9cessaire pour prendre en compte toutes ces variables.<br \/>\nOutre les options d'affichage de base, telles que la tension, le courant et les amp\u00e8res-heures consomm\u00e9s, le moniteur de batterie Victron BMV-700 indique \u00e9galement l'\u00e9tat de charge, l'autonomie restante et la puissance consomm\u00e9e en watts.<\/p>\n<h2>Bluetooth Smart<\/h2>\n<p>Il utilise le <a href=\"https:\/\/fvcomponentes.com\/fr\/produit\/interface-victron-ve-direct-bluetooth-smart-dongle\/\" target=\"_blank\" rel=\"noopener\">Interface Bluetooth Smart<\/a> pour contr\u00f4ler les batteries \u00e0 partir de smartphones, tablettes, macbooks et autres appareils Apple ou Android.<\/p>\n<h2>Facile \u00e0 installer<\/h2>\n<p>Toutes les connexions \u00e9lectriques sont effectu\u00e9es sur le circuit imprim\u00e9 \u00e0 connexion rapide du shunt de puissance. Le shunt est connect\u00e9 au moniteur par un c\u00e2ble t\u00e9l\u00e9phonique standard RJ12.<br \/>\nInclus : c\u00e2ble RJ 12 (10 m) et c\u00e2ble de batterie avec fusible (2 m) ; aucun autre c\u00e2ble n'est n\u00e9cessaire.<br \/>\nUne plaque de finition pour l'\u00e9cran avant, carr\u00e9e ou ronde, un anneau de fixation arri\u00e8re et des vis pour le montage \u00e0 l'avant sont \u00e9galement inclus.<\/p>\n<h2>Facile \u00e0 programmer (avec votre smartphone !)<\/h2>\n<p>En tant qu'utilisateur, vous disposez d'un menu d'installation rapide et d'un menu plus d\u00e9taill\u00e9 avec des textes coulissants pour effectuer les diff\u00e9rents r\u00e9glages.<\/p>\n<p>Vous pouvez \u00e9galement opter pour la solution la plus rapide et la plus simple : t\u00e9l\u00e9chargez le <a href=\"https:\/\/play.google.com\/store\/apps\/details?id=nl.victronenergy&amp;hl=nl_NL\" target=\"_blank\" rel=\"noopener\">application pour smartphone<\/a> (vous avez besoin du <a href=\"https:\/\/fvcomponentes.com\/fr\/produit\/interface-victron-ve-direct-bluetooth-smart-dongle\/\" target=\"_blank\" rel=\"noopener\">Interface Bluetooth Smart<\/a>)<\/p>\n<h2>Contr\u00f4le de la tension au point m\u00e9dian<\/h2>\n<p>Cette fonction est g\u00e9n\u00e9ralement utilis\u00e9e pour contr\u00f4ler de grandes banques de batteries \u00e0 un co\u00fbt \u00e9lev\u00e9. Avec le moniteur de batterie Victron BMV-702, nous pouvons surveiller ce param\u00e8tre \u00e0 un co\u00fbt bien moindre. Un parc de batteries est constitu\u00e9 d'une cha\u00eene de cellules connect\u00e9es en s\u00e9rie. Le <strong>tension du point m\u00e9dian<\/strong> est la tension obtenue au milieu de cette cha\u00eene. Id\u00e9alement, la tension du point m\u00e9dian devrait \u00eatre exactement \u00e9gale \u00e0 la moiti\u00e9 de la tension totale. Toutefois, dans la pratique, des \u00e9carts sont observ\u00e9s en fonction de nombreux facteurs, tels que les diff\u00e9rents \u00e9tats de charge des nouvelles batteries ou piles, leurs diff\u00e9rentes temp\u00e9ratures, les courants de fuite internes, les capacit\u00e9s et bien d'autres choses encore.<br \/>\nDes \u00e9carts importants ou croissants par rapport \u00e0 la tension du point m\u00e9dian indiquent un mauvais entretien ou une d\u00e9faillance d'une batterie ou d'une cellule. Les mesures correctives prises \u00e0 la suite d'une alarme de tension au point m\u00e9dian peuvent \u00e9viter d'endommager la batterie.<\/p>\n<h2>Victron BMV-702 Battery Monitor Caract\u00e9ristiques standard<\/h2>\n<p>- Tension, courant, puissance, amp\u00e8res-heures consomm\u00e9s et \u00e9tat de charge de la batterie<br \/>\n- Autonomie restante au taux de d\u00e9charge actuel.<br \/>\n- Alarme visuelle et sonore programmable<br \/>\n- Relais programmable, pour d\u00e9connecter les charges non critiques ou pour d\u00e9marrer un g\u00e9n\u00e9rateur si n\u00e9cessaire.<br \/>\n- Kit de shunt et de connexion rapide 500 amp\u00e8res<br \/>\n- S\u00e9lection de la capacit\u00e9 de shunt jusqu'\u00e0 10 000 amp\u00e8res<br \/>\n- Port de communication <strong>VE.Direct<\/strong><br \/>\n- Stocke un large \u00e9ventail de donn\u00e9es historiques, qui peuvent \u00eatre utilis\u00e9es pour \u00e9valuer les sch\u00e9mas d'utilisation et l'\u00e9tat de la batterie.<br \/>\n- Large plage de tension d'entr\u00e9e : 6,5 - 95 V<br \/>\n- R\u00e9solution \u00e9lev\u00e9e de la mesure du courant : 10 mA (0,01A)<br \/>\n- Faible consommation d'\u00e9nergie : 2,9 Ah par mois (4 mA) \u00e0 12 V et 2,2 Ah par mois (3 mA) \u00e0 24 V<\/p>\n<h2>Caract\u00e9ristiques suppl\u00e9mentaires du BMV-702<\/h2>\n<p>Entr\u00e9e suppl\u00e9mentaire pour la mesure de la tension (\u00e0 partir d'une deuxi\u00e8me batterie), de la temp\u00e9rature ou de la tension au point m\u00e9dian, et r\u00e9glages correspondants des alarmes et des relais.<\/p>\n<h2>Autres options de surveillance de la batterie<\/h2>\n<p>- Shunt Lynx VE.Can<\/p>\n<h2>Fiche technique Moniteur de batterie BMV-702 Victron - BAM010702000<\/h2>\n<p><a href=\"https:\/\/fvcomponentes.com\/wp-content\/uploads\/2021\/03\/Datasheet-BMV-700-series-ES.pdf\" target=\"_blank\" rel=\"noopener\">Voir la fiche technique du moniteur de batterie Victron BMV-702 - BAM010702000<\/a><\/p>","protected":false},"excerpt":{"rendered":"<p><strong>Le BMV-702 est un moniteur de batterie de haute pr\u00e9cision.<\/strong>. Sa fonction principale est de calculer les amp\u00e8res-heures consomm\u00e9s et l'\u00e9tat de charge des batteries. La s\u00e9rie BMV-700 affiche la tension, le courant et les amp\u00e8res-heures consomm\u00e9s, l'\u00e9tat de charge, l'autonomie restante et la puissance consomm\u00e9e.<\/p>","protected":false},"featured_media":3223,"comment_status":"open","ping_status":"closed","template":"","meta":{"site-sidebar-layout":"default","site-content-layout":"default","ast-site-content-layout":"default","site-content-style":"default","site-sidebar-style":"default","ast-global-header-display":"","ast-banner-title-visibility":"","ast-main-header-display":"","ast-hfb-above-header-display":"","ast-hfb-below-header-display":"","ast-hfb-mobile-header-display":"","site-post-title":"","ast-breadcrumbs-content":"","ast-featured-img":"","footer-sml-layout":"","ast-disable-related-posts":"","theme-transparent-header-meta":"default","adv-header-id-meta":"","stick-header-meta":"","header-above-stick-meta":"","header-main-stick-meta":"","header-below-stick-meta":"","astra-migrate-meta-layouts":"set","ast-page-background-enabled":"default","ast-page-background-meta":{"desktop":{"background-color":"var(--ast-global-color-4)","background-image":"","background-repeat":"repeat","background-position":"center center","background-size":"auto","background-attachment":"scroll","background-type":"","background-media":"","overlay-type":"","overlay-color":"","overlay-opacity":"","overlay-gradient":""},"tablet":{"background-color":"","background-image":"","background-repeat":"repeat","background-position":"center center","background-size":"auto","background-attachment":"scroll","background-type":"","background-media":"","overlay-type":"","overlay-color":"","overlay-opacity":"","overlay-gradient":""},"mobile":{"background-color":"","background-image":"","background-repeat":"repeat","background-position":"center center","background-size":"auto","background-attachment":"scroll","background-type":"","background-media":"","overlay-type":"","overlay-color":"","overlay-opacity":"","overlay-gradient":""}},"ast-content-background-meta":{"desktop":{"background-color":"var(--ast-global-color-5)","background-image":"","background-repeat":"repeat","background-position":"center center","background-size":"auto","background-attachment":"scroll","background-type":"","background-media":"","overlay-type":"","overlay-color":"","overlay-opacity":"","overlay-gradient":""},"tablet":{"background-color":"var(--ast-global-color-5)","background-image":"","background-repeat":"repeat","background-position":"center center","background-size":"auto","background-attachment":"scroll","background-type":"","background-media":"","overlay-type":"","overlay-color":"","overlay-opacity":"","overlay-gradient":""},"mobile":{"background-color":"var(--ast-global-color-5)","background-image":"","background-repeat":"repeat","background-position":"center center","background-size":"auto","background-attachment":"scroll","background-type":"","background-media":"","overlay-type":"","overlay-color":"","overlay-opacity":"","overlay-gradient":""}}},"pwb-brand":[332],"product_brand":[],"product_cat":[391,340,933],"product_tag":[],"class_list":{"0":"post-3222","1":"product","2":"type-product","3":"status-publish","4":"has-post-thumbnail","6":"pwb-brand-victron","7":"product_cat-accesorios-para-baterias","8":"product_cat-baterias","9":"product_cat-monitores-de-baterias","10":"desktop-align-left","11":"tablet-align-left","12":"mobile-align-left","13":"ast-product-gallery-layout-horizontal-slider","14":"ast-product-tabs-layout-horizontal","16":"first","17":"instock","18":"taxable","19":"shipping-taxable","20":"purchasable","21":"product-type-simple"},"wcpa_form_fields":null,"brands":[{"id":332,"name":"Victron Energy","slug":"victron"}],"_links":{"self":[{"href":"https:\/\/fvcomponentes.com\/fr\/wp-json\/wp\/v2\/product\/3222","targetHints":{"allow":["GET"]}}],"collection":[{"href":"https:\/\/fvcomponentes.com\/fr\/wp-json\/wp\/v2\/product"}],"about":[{"href":"https:\/\/fvcomponentes.com\/fr\/wp-json\/wp\/v2\/types\/product"}],"replies":[{"embeddable":true,"href":"https:\/\/fvcomponentes.com\/fr\/wp-json\/wp\/v2\/comments?post=3222"}],"wp:featuredmedia":[{"embeddable":true,"href":"https:\/\/fvcomponentes.com\/fr\/wp-json\/wp\/v2\/media\/3223"}],"wp:attachment":[{"href":"https:\/\/fvcomponentes.com\/fr\/wp-json\/wp\/v2\/media?parent=3222"}],"wp:term":[{"taxonomy":"pwb-brand","embeddable":true,"href":"https:\/\/fvcomponentes.com\/fr\/wp-json\/wp\/v2\/pwb-brand?post=3222"},{"taxonomy":"product_brand","embeddable":true,"href":"https:\/\/fvcomponentes.com\/fr\/wp-json\/wp\/v2\/product_brand?post=3222"},{"taxonomy":"product_cat","embeddable":true,"href":"https:\/\/fvcomponentes.com\/fr\/wp-json\/wp\/v2\/product_cat?post=3222"},{"taxonomy":"product_tag","embeddable":true,"href":"https:\/\/fvcomponentes.com\/fr\/wp-json\/wp\/v2\/product_tag?post=3222"}],"curies":[{"name":"wp","href":"https:\/\/api.w.org\/{rel}","templated":true}]}}