{"id":32133,"date":"2025-10-24T07:46:42","date_gmt":"2025-10-24T05:46:42","guid":{"rendered":"https:\/\/fvcomponentes.com\/?post_type=product&#038;p=32133"},"modified":"2026-03-30T12:16:47","modified_gmt":"2026-03-30T10:16:47","slug":"bcubase-pour-batterie-lithium-hv-byd-battery-box-premium-hvs-hvm-16541149-00","status":"publish","type":"product","link":"https:\/\/fvcomponentes.com\/fr\/producto\/bcubase-para-bateria-de-litio-hv-byd-battery-box-premium-hvs-hvm-16541149-00\/","title":{"rendered":"BCU+Base pour batterie lithium HV BYD Battery Box Premium HVS+ \/ HVM+ - 16541149-00"},"content":{"rendered":"<h2 class=\"product-details-full-content-header-title\">BCU+Base pour batterie lithium HV BYD Battery Box Premium HVS+ \/ HVM+ - 16541149-00<\/h2>\n<p>BYD, l'un des principaux fabricants de batteries et de solutions de mobilit\u00e9 \u00e9lectrique, am\u00e9liore une fois de plus ses batteries haute tension. Les nouvelles batteries lithium haute tension BYD Battery Box Premium HVS+ \/ HVM+ sont l'\u00e9volution directe des s\u00e9ries \u00e0 succ\u00e8s HVS et HVM. Ces nouvelles batteries offrent une plus grande capacit\u00e9, plus de puissance et une compatibilit\u00e9 \u00e9tendue avec les principaux onduleurs du march\u00e9.<\/p>\n<p>Le BCU+Base pour batterie lithium haute tension BYD Battery Box Premium HVS+ \/ HVM+ est le composant essentiel qui donne vie et structure aux nouvelles g\u00e9n\u00e9rations de batteries haute tension de BYD. Cette unit\u00e9 combine l'unit\u00e9 de contr\u00f4le de la batterie (BCU) et la base de connexion m\u00e9canique et \u00e9lectrique, formant le point de d\u00e9part de chaque tour de module HVS+ ou HVM+.<\/p>\n<p>Gr\u00e2ce \u00e0 leur conception modulaire, les batteries au lithium HV BYD Battery Box Premium HVS+ \/ HVM+ facilitent une installation rapide, s\u00fbre et \u00e9volutive, pr\u00eate \u00e0 s'adapter aux besoins de tout syst\u00e8me photovolta\u00efque r\u00e9sidentiel ou industriel.<\/p>\n<h2>Qu'est-ce que BCU+Base et pourquoi est-il indispensable ?<\/h2>\n<p>Le BCU (Battery Control Unit) est le cerveau de la batterie BYD Battery Box Premium. Elle est responsable de la gestion intelligente de l'\u00e9nergie, de l'\u00e9quilibrage des cellules, de la protection \u00e9lectrique et de la communication avec l'onduleur.<br \/>\nLa base fournit la structure de support physique et les interconnexions \u00e9lectriques \u00e0 haute tension entre les modules.<\/p>\n<p>Sans cette combinaison - BCU et base - la tour de modules HVS+ ou HVM+ ne peut pas fonctionner. Chaque tour de batteries n\u00e9cessite une unit\u00e9 BCU+Base, sur laquelle les modules sont empil\u00e9s (2 \u00e0 6 dans le cas du HVS+, ou 3 \u00e0 8 dans le cas du HVM+).<br \/>\nCet ensemble constitue le c\u0153ur op\u00e9rationnel des batteries haute tension de BYD.<\/p>\n<h2>Principales fonctions de la BCU+Base pour les batteries au lithium BYD<\/h2>\n<h3>Gestion et contr\u00f4le intelligents<\/h3>\n<p>Il surveille en temps r\u00e9el la tension, la temp\u00e9rature et l'\u00e9tat de charge de chaque module, garantissant ainsi un fonctionnement efficace et s\u00fbr.<\/p>\n<h3>S\u00e9curit\u00e9 et s\u00fbret\u00e9<\/h3>\n<p>Comprend des protections internes contre les surcharges, les d\u00e9charges profondes, les courts-circuits et les temp\u00e9ratures extr\u00eames. Conforme aux normes internationales IEC 62619 et UN38.3.<\/p>\n<h3>Communication avanc\u00e9e<\/h3>\n<p>La BCU int\u00e8gre des interfaces CAN et RS485, permettant une communication bidirectionnelle avec les onduleurs compatibles de marques telles que Fronius, GoodWe, SMA, Kostal, Victron ou Huawei.<br \/>\nCette communication permet une int\u00e9gration transparente dans les syst\u00e8mes hybrides et d'autoconsommation avec stockage.<\/p>\n<h3>Facilit\u00e9 d'installation<\/h3>\n<p>Gr\u00e2ce au syst\u00e8me de connexion plug &amp; play, aucun c\u00e2blage interne n'est n\u00e9cessaire entre les modules, ce qui facilite l'installation. Tous les connecteurs d'alimentation et de signal sont int\u00e9gr\u00e9s dans la conception de l'empilement vertical.<\/p>\n<h3>Structure robuste et modulaire<\/h3>\n<p>La base assure la stabilit\u00e9 m\u00e9canique, une bonne dissipation de la chaleur et un alignement correct des modules, garantissant des performances m\u00eame dans des environnements industriels.<\/p>\n<h3>Compatibilit\u00e9 entre les syst\u00e8mes de batterie BYD<\/h3>\n<p>Le BCU+Base+ n'est compatible qu'avec la nouvelle g\u00e9n\u00e9ration de batteries haute tension BYD :<\/p>\n<p><a href=\"https:\/\/fvcomponentes.com\/fr\/produit\/hv-byd-premium-lithium-battery-module-hvs-2-56-18487497-00\/\" target=\"_blank\" rel=\"noopener\"><strong>Bo\u00eetier de batterie Premium HVS+ : <\/strong>Empilable de 2 \u00e0 5 modules (5,1 - 12,8 kWh utilisables).<\/a><br \/>\n<a href=\"https:\/\/fvcomponentes.com\/fr\/produit\/module-de-batterie-au-lithium-hv-byd-premium-hvm-2-76-18487580-00\/\" target=\"_blank\" rel=\"noopener\"><strong>Bo\u00eetier de batterie Premium HVM+ <\/strong>Empilable de 3 \u00e0 8 modules (8,3 - 32,8 kWh utilisables).<\/a><\/p>\n<p>Les nouveaux modules HVS+ \/ HVM+ ne sont pas compatibles avec les anciens. Ils ne peuvent pas \u00eatre m\u00e9lang\u00e9s dans la m\u00eame tour, et les nouvelles tours ne peuvent pas \u00eatre plac\u00e9es en parall\u00e8le avec des tours de modules des versions pr\u00e9c\u00e9dentes.<\/p>\n<h3>Batteries HVM<\/h3>\n<p><img fetchpriority=\"high\" decoding=\"async\" class=\"size-full wp-image-32145\" src=\"https:\/\/fvcomponentes.com\/wp-content\/uploads\/2025\/10\/ByD-HVM-Caracteristicas.png\" alt=\"Caract\u00e9ristiques de ByD HVM\" width=\"1333\" height=\"714\" title=\"\"><\/p>\n<h3>Batteries HVS<\/h3>\n<p><img decoding=\"async\" class=\"size-full wp-image-32146\" src=\"https:\/\/fvcomponentes.com\/wp-content\/uploads\/2025\/10\/ByD-HVS-Caracteristicas.png\" alt=\"B&amp;H HVS Caract\u00e9ristiques\" width=\"1333\" height=\"714\" title=\"\"><\/p>\n<h3>Compatibilit\u00e9 avec les onduleurs<\/h3>\n<p>Les batteries BYD sont compatibles avec une large gamme d'onduleurs de grandes marques. La BCU int\u00e8gre des interfaces de communication compatibles avec les onduleurs de marques telles que Fronius, GoodWe, SMA, Kostal, Victron et Huawei.<\/p>\n<p><a href=\"https:\/\/fvcomponentes.com\/wp-content\/uploads\/2025\/10\/Compatible-Inverter-List_HVBHVMHVS_MLL_V1.3.pdf\" target=\"_blank\" rel=\"noopener\"><strong>Liste mise \u00e0 jour des onduleurs compatibles avec les batteries BYD Battery Box Premium HVS+ \/ HVM+ Version V1.3, mise \u00e0 jour 17\/10\/25<\/strong><\/a><\/p>\n<h2>Avantages de la nouvelle conception BCU+Base pour BYD Premium HVS+ \/ HVM+.<\/h2>\n<h3>Plus de puissance et de flexibilit\u00e9<\/h3>\n<p>Adapt\u00e9e aux s\u00e9ries HVS+ et HVM+, cette version prend en charge des tensions et des puissances nominales plus \u00e9lev\u00e9es que la BCU pr\u00e9c\u00e9dente. Elle est id\u00e9ale pour les installations ayant des exigences de puissance plus \u00e9lev\u00e9es.<\/p>\n<h3>Int\u00e9gration transparente avec les onduleurs les plus modernes<\/h3>\n<p>Inclut des profils de communication mis \u00e0 jour pour Fronius GEN24 Plus, GoodWe ET Plus+, SMA Sunny Boy Storage, Kostal Plenticore Plus, Victron Multiplus II et d'autres.<\/p>\n<h3>Installation modulaire et extensible<\/h3>\n<p>Il vous permet de commencer avec une petite configuration de deux modules et de l'\u00e9tendre \u00e0 l'avenir sans changer l'unit\u00e9 de base, simplement en ajoutant d'autres modules.<\/p>\n<h3>Entretien minimal<\/h3>\n<p>Pas de pi\u00e8ces mobiles ni de ventilateurs. Le refroidissement passif et l'\u00e9tanch\u00e9it\u00e9 IP du bo\u00eetier garantissent une longue dur\u00e9e de vie sans entretien r\u00e9gulier.<\/p>\n<h3>Conception robuste et s\u00fbre<\/h3>\n<p>Structure m\u00e9tallique renforc\u00e9e, enti\u00e8rement isol\u00e9e contre les contacts accidentels.<br \/>\nAdapt\u00e9 \u00e0 une utilisation int\u00e9rieure, il peut \u00eatre install\u00e9 dans des garages, des greniers ou des salles des machines, par exemple.<\/p>\n<h2>Comment dimensionner une batterie ?<\/h2>\n<p>La premi\u00e8re \u00e9tape consiste \u00e0 d\u00e9finir l'objectif de la batterie : cherchez-vous \u00e0 \u00e9conomiser de l'\u00e9nergie et \u00e0 la stocker pendant la journ\u00e9e pour l'utiliser la nuit ? Avez-vous besoin d'un syst\u00e8me de secours pour les situations d'urgence telles que les pannes de courant ou les coupures d'\u00e9lectricit\u00e9 prolong\u00e9es ? Souhaitez-vous gagner en autonomie et en ind\u00e9pendance par rapport aux compagnies d'\u00e9lectricit\u00e9 ?<\/p>\n<p>Une fois que vous \u00eates au clair sur votre objectif, il ne vous reste plus qu'\u00e0 calculer la consommation que vous feriez pendant les heures d'utilisation de la batterie. Ce calcul est tr\u00e8s facile si vous agrandissez votre installation de panneaux, car vous pourrez acc\u00e9der \u00e0 vos donn\u00e9es r\u00e9elles via l'application de votre onduleur, comme le Fronius Solar.web. Si vous ne disposez pas de ces donn\u00e9es, vous pouvez toujours consulter votre fournisseur. En r\u00e8gle g\u00e9n\u00e9rale, environ 40% de la consommation journali\u00e8re est r\u00e9alis\u00e9e lorsqu'il n'y a pas de soleil.<\/p>\n<p>Vous devez \u00e9galement tenir compte de la puissance que la batterie et l'onduleur peuvent fournir, qui doit \u00eatre en mesure de couvrir vos pics de consommation.<\/p>\n<p>Avec ces informations, vous pouvez maintenant choisir la batterie qui r\u00e9pond le mieux \u00e0 vos besoins.<\/p>\n<h2>Exemple d'installation d'un Battery Box Premium HVS+ de BYD<\/h2>\n<p>Une batterie type, la BYD Battery Box Premium HVS+ 5,12 kWh, comprend les \u00e9l\u00e9ments suivants :<\/p>\n<p>1 \u00d7 BCU+Base - 16541149-00<br \/>\n2 \u00d7 modules HVS+ (2,56 kWh chacun)<\/p>\n<p>Avec cette configuration, la consommation d'une maison individuelle peut \u00eatre aliment\u00e9e avec une consommation moyenne allant jusqu'\u00e0 5kWh pendant la nuit. La dur\u00e9e de vie de la batterie d\u00e9pend de la consommation et de son niveau de charge. Plus le pourcentage de charge est \u00e9lev\u00e9 lors de l'utilisation de la batterie et plus la consommation est faible, plus la batterie dure longtemps.<\/p>\n<h2>Installation recommand\u00e9e d'une batterie au lithium haute tension<\/h2>\n<p><strong>Localisation<\/strong>Int\u00e9rieur sec, sur une surface stable, \u00e0 l'abri des sources de chaleur ou d'humidit\u00e9.<br \/>\n<strong>Assembl\u00e9e<\/strong>La BCU+Base est install\u00e9e en premier, mise \u00e0 niveau et fix\u00e9e si n\u00e9cessaire. Les modules y sont empil\u00e9s verticalement et encliquet\u00e9s \u00e0 l'aide des connecteurs int\u00e9gr\u00e9s.<br \/>\n<strong>Raccordement \u00e9lectrique :<\/strong> Les c\u00e2bles d'alimentation et de communication sont connect\u00e9s directement de la BCU \u00e0 l'onduleur, sans c\u00e2blage suppl\u00e9mentaire entre les modules.<br \/>\n<strong>Mise en service :<\/strong> Cette op\u00e9ration s'effectue \u00e0 partir de l'interface de l'onduleur compatible, qui d\u00e9tecte automatiquement la batterie et configure le syst\u00e8me en fonction des param\u00e8tres du syst\u00e8me de gestion de la batterie (BMS).<\/p>\n<h2>Quelle est la garantie des batteries au lithium HV BYD Battery Box Premium HVS+ \/ HVM+ ?<\/h2>\n<p>BYD offre une garantie de 10 ans, couvrant \u00e0 la fois la BCU et les modules de batterie, \u00e0 condition que le syst\u00e8me ait \u00e9t\u00e9 install\u00e9 conform\u00e9ment aux sp\u00e9cifications officielles et avec des onduleurs approuv\u00e9s.<\/p>\n<h3>Caract\u00e9ristiques techniques du BCU+Base pour batterie lithium HV BYD Battery Box Premium HVS+ \/ HVM+ - 16541149-00<\/h3>\n<table class=\"specs-table\" role=\"table\" aria-label=\"Sp\u00e9cifications techniques 16541149-00\">\n<thead>\n<tr>\n<th style=\"width: 40%;\" scope=\"col\">Param\u00e8tres<\/th>\n<th scope=\"col\">Valeur<\/th>\n<\/tr>\n<\/thead>\n<tbody>\n<tr>\n<td data-label=\"Par\u00e1metro\"><strong>Mod\u00e8le<\/strong><\/td>\n<td data-label=\"Valor\">BCU+Base pour Battery Box Premium HVS+ \/ HVM+<\/td>\n<\/tr>\n<tr>\n<td data-label=\"Par\u00e1metro\"><strong>R\u00e9f\u00e9rence<\/strong><\/td>\n<td data-label=\"Valor\">16541149-00<\/td>\n<\/tr>\n<tr>\n<td data-label=\"Par\u00e1metro\"><strong>Fonction<\/strong><\/td>\n<td data-label=\"Valor\">Unit\u00e9 de contr\u00f4le et base inf\u00e9rieure de la tour de la batterie<\/td>\n<\/tr>\n<tr>\n<td data-label=\"Par\u00e1metro\"><strong>Compatibilit\u00e9<\/strong><\/td>\n<td data-label=\"Valor\">S\u00e9rie HVS+, HVM+ de BYD<\/td>\n<\/tr>\n<tr>\n<td data-label=\"Par\u00e1metro\"><strong>Interfaces de communication<\/strong><\/td>\n<td data-label=\"Valor\">CAN \/ RS485<\/td>\n<\/tr>\n<tr>\n<td data-label=\"Par\u00e1metro\"><strong>Protection \u00e9lectrique<\/strong><\/td>\n<td data-label=\"Valor\">Int\u00e9gr\u00e9 dans le syst\u00e8me BMS<\/td>\n<\/tr>\n<tr>\n<td data-label=\"Par\u00e1metro\"><strong>Plage de temp\u00e9rature de fonctionnement<\/strong><\/td>\n<td data-label=\"Valor\">De -10 \u00b0C \u00e0 +50 \u00b0C<\/td>\n<\/tr>\n<tr>\n<td data-label=\"Par\u00e1metro\"><strong>Assembl\u00e9e<\/strong><\/td>\n<td data-label=\"Valor\">Sur une surface plane (sol)<\/td>\n<\/tr>\n<tr>\n<td data-label=\"Par\u00e1metro\"><strong>Connexion entre les modules<\/strong><\/td>\n<td data-label=\"Valor\">Sans c\u00e2blage interne, connexion directe par empilage<\/td>\n<\/tr>\n<tr>\n<td data-label=\"Par\u00e1metro\"><strong>Certifications<\/strong><\/td>\n<td data-label=\"Valor\">UN38.3, IEC 62619, CE<\/td>\n<\/tr>\n<tr>\n<td data-label=\"Par\u00e1metro\"><strong>Couleur \/ Mati\u00e8re<\/strong><\/td>\n<td data-label=\"Valor\">Gris fonc\u00e9, bo\u00eetier m\u00e9tallique renforc\u00e9<\/td>\n<\/tr>\n<tr>\n<td data-label=\"Par\u00e1metro\"><strong>Poids approximatif<\/strong><\/td>\n<td data-label=\"Valor\">10 - 12 kg (selon la version)<\/td>\n<\/tr>\n<tr>\n<td data-label=\"Par\u00e1metro\"><strong>Garantie<\/strong><\/td>\n<td data-label=\"Valor\">10 ans (avec le syst\u00e8me BYD complet)<\/td>\n<\/tr>\n<\/tbody>\n<\/table>\n<h2><\/h2>\n<h2>Acheter BCU+Base pour batterie lithium HV BYD Battery Box Premium HVS+ \/ HVM+ - 16541149-00<\/h2>\n<p>Chez FVComponentes vous pouvez acheter la nouvelle g\u00e9n\u00e9ration de batteries au lithium BYD Battery Box Premium en version 48V et haute tension. Nous proposons des batteries au lithium pour l'autoconsommation ou les installations isol\u00e9es de toutes puissances au meilleur prix et avec la meilleure qualit\u00e9 et garantie du fabricant. Pour plus d'informations sur ces batteries, <a href=\"https:\/\/fvcomponentes.com\/fr\/aide-et-contact\/\" target=\"_blank\" rel=\"noopener\">nous consulter <\/a>et nous vous aiderons sans engagement \u00e0 r\u00e9aliser votre projet photovolta\u00efque.<\/p>\n<h2>Fiche technique BCU+Base pour batterie lithium HV BYD Battery Box Premium HVS+ \/ HVM+ - 16541149-00<\/h2>\n<p><a href=\"https:\/\/fvcomponentes.com\/wp-content\/uploads\/2025\/10\/Datasheet_HVS_EN_V1.0_250729.pdf\" target=\"_blank\" rel=\"noopener\">Fiche technique : BCU Batterie Lithium HV BYD Battery Box Premium HVS+ \/HVM+ (BCU+Base) - 16541149-00<\/a><\/p>\n<h2>Manuel d'installation pour BCU+Base pour batterie lithium HT BYD Battery Box Premium HVS+ \/ HVM+ - 16541149-00<\/h2>\n<p><a href=\"https:\/\/fvcomponentes.com\/wp-content\/uploads\/2025\/10\/BYD_Quick-Start-Guide_HVS_HVM_HVB_V1.3_EN.pdf\" target=\"_blank\" rel=\"noopener\">Manuel d'installation : BCU Lithium Battery HV BYD Battery Box Premium HVS+ \/HVM+ (BCU+Base) - 16541149-00<\/a><\/p>","protected":false},"excerpt":{"rendered":"<p><span style=\"color: #ff0000;\">Ce produit est exclusivement destin\u00e9 aux batteries BYD Premium HVS+\/HVM+.<\/span><\/p>\n<div class=\"baywa-details-fields\">\n<p>Battery-Box Premium BCU+Base contient la base, l'unit\u00e9 de contr\u00f4le BCU et le support mural.<br \/>\n<span style=\"font-size: 16px;\">Unit\u00e9 de contr\u00f4le adapt\u00e9e \u00e0 2 \u00e0 5 modules de batterie HVS+.<br \/>\nUnit\u00e9 de contr\u00f4le adapt\u00e9e \u00e0 3 \u00e0 8 modules de batterie HVM+.<br \/>\nAucun c\u00e2blage suppl\u00e9mentaire n'est n\u00e9cessaire.<\/span><\/p>\n<\/div>","protected":false},"featured_media":32143,"comment_status":"open","ping_status":"closed","template":"","meta":{"site-sidebar-layout":"default","site-content-layout":"default","ast-site-content-layout":"default","site-content-style":"default","site-sidebar-style":"default","ast-global-header-display":"","ast-banner-title-visibility":"","ast-main-header-display":"","ast-hfb-above-header-display":"","ast-hfb-below-header-display":"","ast-hfb-mobile-header-display":"","site-post-title":"","ast-breadcrumbs-content":"","ast-featured-img":"","footer-sml-layout":"","ast-disable-related-posts":"","theme-transparent-header-meta":"default","adv-header-id-meta":"","stick-header-meta":"","header-above-stick-meta":"","header-main-stick-meta":"","header-below-stick-meta":"","astra-migrate-meta-layouts":"set","ast-page-background-enabled":"default","ast-page-background-meta":{"desktop":{"background-color":"var(--ast-global-color-4)","background-image":"","background-repeat":"repeat","background-position":"center center","background-size":"auto","background-attachment":"scroll","background-type":"","background-media":"","overlay-type":"","overlay-color":"","overlay-opacity":"","overlay-gradient":""},"tablet":{"background-color":"","background-image":"","background-repeat":"repeat","background-position":"center center","background-size":"auto","background-attachment":"scroll","background-type":"","background-media":"","overlay-type":"","overlay-color":"","overlay-opacity":"","overlay-gradient":""},"mobile":{"background-color":"","background-image":"","background-repeat":"repeat","background-position":"center center","background-size":"auto","background-attachment":"scroll","background-type":"","background-media":"","overlay-type":"","overlay-color":"","overlay-opacity":"","overlay-gradient":""}},"ast-content-background-meta":{"desktop":{"background-color":"var(--ast-global-color-5)","background-image":"","background-repeat":"repeat","background-position":"center center","background-size":"auto","background-attachment":"scroll","background-type":"","background-media":"","overlay-type":"","overlay-color":"","overlay-opacity":"","overlay-gradient":""},"tablet":{"background-color":"var(--ast-global-color-5)","background-image":"","background-repeat":"repeat","background-position":"center center","background-size":"auto","background-attachment":"scroll","background-type":"","background-media":"","overlay-type":"","overlay-color":"","overlay-opacity":"","overlay-gradient":""},"mobile":{"background-color":"var(--ast-global-color-5)","background-image":"","background-repeat":"repeat","background-position":"center center","background-size":"auto","background-attachment":"scroll","background-type":"","background-media":"","overlay-type":"","overlay-color":"","overlay-opacity":"","overlay-gradient":""}}},"pwb-brand":[897],"product_brand":[],"product_cat":[379,340,435],"product_tag":[],"class_list":{"0":"post-32133","1":"product","2":"type-product","3":"status-publish","4":"has-post-thumbnail","6":"pwb-brand-byd","7":"product_cat-baterias-de-litio-de-alto-voltaje","8":"product_cat-baterias","9":"product_cat-bms-sistemas-de-supervision-de-baterias","10":"product_shipping_class-baterias","11":"desktop-align-left","12":"tablet-align-left","13":"mobile-align-left","14":"ast-product-gallery-layout-horizontal-slider","15":"ast-product-gallery-with-no-image","16":"ast-product-tabs-layout-horizontal","18":"first","19":"instock","20":"taxable","21":"shipping-taxable","22":"purchasable","23":"product-type-simple"},"wcpa_form_fields":null,"brands":[{"id":897,"name":"Batteries B&amp;D","slug":"byd"}],"_links":{"self":[{"href":"https:\/\/fvcomponentes.com\/fr\/wp-json\/wp\/v2\/product\/32133","targetHints":{"allow":["GET"]}}],"collection":[{"href":"https:\/\/fvcomponentes.com\/fr\/wp-json\/wp\/v2\/product"}],"about":[{"href":"https:\/\/fvcomponentes.com\/fr\/wp-json\/wp\/v2\/types\/product"}],"replies":[{"embeddable":true,"href":"https:\/\/fvcomponentes.com\/fr\/wp-json\/wp\/v2\/comments?post=32133"}],"wp:featuredmedia":[{"embeddable":true,"href":"https:\/\/fvcomponentes.com\/fr\/wp-json\/wp\/v2\/media\/32143"}],"wp:attachment":[{"href":"https:\/\/fvcomponentes.com\/fr\/wp-json\/wp\/v2\/media?parent=32133"}],"wp:term":[{"taxonomy":"pwb-brand","embeddable":true,"href":"https:\/\/fvcomponentes.com\/fr\/wp-json\/wp\/v2\/pwb-brand?post=32133"},{"taxonomy":"product_brand","embeddable":true,"href":"https:\/\/fvcomponentes.com\/fr\/wp-json\/wp\/v2\/product_brand?post=32133"},{"taxonomy":"product_cat","embeddable":true,"href":"https:\/\/fvcomponentes.com\/fr\/wp-json\/wp\/v2\/product_cat?post=32133"},{"taxonomy":"product_tag","embeddable":true,"href":"https:\/\/fvcomponentes.com\/fr\/wp-json\/wp\/v2\/product_tag?post=32133"}],"curies":[{"name":"wp","href":"https:\/\/api.w.org\/{rel}","templated":true}]}}