{"id":3201,"date":"2021-03-22T09:50:43","date_gmt":"2021-03-22T08:50:43","guid":{"rendered":"https:\/\/fvcomponentes.com\/producto\/inversor-victron-quattro-12-5000va-220a-100100a\/"},"modified":"2026-04-04T12:52:33","modified_gmt":"2026-04-04T10:52:33","slug":"victron-quattro-inverter-12-5000va-220a-100100a","status":"publish","type":"product","link":"https:\/\/fvcomponentes.com\/fr\/producto\/inversor-victron-quattro-12-5000va-220a-100100a\/","title":{"rendered":"Chargeur d'onduleur Victron Quattro 12\/5000VA 220A 100+100A - QUA125020000"},"content":{"rendered":"<div class=\"hidden-xs\">\n<div class=\"productDetail__content-subheader\">\n<h2>Onduleur Victron Quattro 12\/5000VA 220A 100+100A<\/h2>\n<h2 class=\"productDetail__content-subheader-icon\">Multifonctionnel<\/h2>\n<\/div>\n<\/div>\n<div class=\"productDetail__content-desc\">\n<p>L'onduleur Victron Quattro 12\/5000VA 220A 100+100A est une combinaison d'onduleur et de chargeur. En outre, il prend en charge deux entr\u00e9es CA et se connecte automatiquement \u00e0 l'entr\u00e9e active. Ses nombreuses caract\u00e9ristiques incluent un onduleur \u00e0 onde sinuso\u00efdale pure, une charge variable, la technologie hybride PowerAssist, ainsi que de multiples caract\u00e9ristiques pour l'int\u00e9gration dans diff\u00e9rents syst\u00e8mes, tels que les syst\u00e8mes triphas\u00e9s ou biphas\u00e9s.<\/p>\n<h2 class=\"productDetails__block-title\"><span class=\"productDetails__block-title-content\">Deux entr\u00e9es et deux sorties CA<\/span><\/h2>\n<div class=\"productDetails__block-description\">\n<p>L'onduleur Victron Quattro 12\/5000VA peut \u00eatre connect\u00e9 \u00e0 deux sources d'alimentation CA ind\u00e9pendantes, par exemple \u00e0 la prise de quai et \u00e0 un g\u00e9n\u00e9rateur, ou \u00e0 deux g\u00e9n\u00e9rateurs. Il se connectera automatiquement \u00e0 la source d'alimentation active. La sortie principale est dot\u00e9e d'une fonction \"no-break\". En cas de panne de courant, de d\u00e9connexion du r\u00e9seau ou du g\u00e9n\u00e9rateur, le Quattro prend en charge l'alimentation des charges connect\u00e9es. Cela se produit aussi rapidement que possible. <strong>(moins de 20 millisecondes)<\/strong> que les ordinateurs et autres \u00e9quipements \u00e9lectroniques continuent \u00e0 fonctionner sans interruption. La deuxi\u00e8me sortie n'est active que lorsque l'une des entr\u00e9es du Quattro est aliment\u00e9e en courant alternatif. Les charges qui ne doivent pas \u00eatre aliment\u00e9es par la batterie, comme un climatiseur ou un chauffe-eau, peuvent \u00eatre connect\u00e9es \u00e0 cette sortie.<\/p>\n<h2><\/h2>\n<h2>Puissance pratiquement illimit\u00e9e gr\u00e2ce au fonctionnement en parall\u00e8le<\/h2>\n<p>Jusqu'\u00e0 6 unit\u00e9s Quattro peuvent fonctionner en parall\u00e8le. Par exemple : six unit\u00e9s 48\/10000\/140 donneront une puissance de 48 kW \/ 60 kVA et une capacit\u00e9 de charge de 840 amp\u00e8res.<\/p>\n<h2>Capacit\u00e9 triphas\u00e9e et biphas\u00e9e<\/h2>\n<p>Deux unit\u00e9s peuvent \u00eatre configur\u00e9es pour une sortie biphas\u00e9e et trois unit\u00e9s pour une sortie triphas\u00e9e. Mais ce n'est pas tout : jusqu'\u00e0 6 groupes de trois unit\u00e9s peuvent \u00eatre connect\u00e9s en parall\u00e8le pour atteindre une puissance d'onduleur de 144 kW \/ 180 kVA et une capacit\u00e9 de charge de plus de 2500 A.<\/p>\n<h2 class=\"productDetails__block-title\"><span class=\"productDetails__block-title-content\">La fonction unique PowerAssist<\/span><\/h2>\n<div class=\"productDetails__block-description\">\n<p>Le Quattro peut \u00e9viter les surcharges sur une source limit\u00e9e de courant alternatif, telle qu'un g\u00e9n\u00e9rateur ou une alimentation \u00e0 quai. Tout d'abord, il r\u00e9duit automatiquement la charge de la batterie en cas de surcharge. Deuxi\u00e8mement, il pr\u00e9l\u00e8ve du courant sur la batterie pour compenser le courant du g\u00e9n\u00e9rateur ou du secteur.<\/p>\n<div class=\"productDetails__block-description\">\n<h2 class=\"productDetails__block-title\"><span class=\"productDetails__block-title-content\">Surveillance et contr\u00f4le \u00e0 distance<\/span><\/h2>\n<div class=\"productDetails__block-description\">\n<p>Si vous l'associez \u00e0 un appareil GX (tel que le <a href=\"https:\/\/fvcomponentes.com\/fr\/produit\/victron-cerbo-gx-mk2-bpp900451100-victron-cerbo-mk2-monitor\/\" target=\"_blank\" rel=\"noopener\">Victron Cerbo GX MK2 Monitoring - BPP900451100<\/a>), vous pouvez surveiller et contr\u00f4ler votre Multi et votre (vos) syst\u00e8me(s) localement (LAN) ou \u00e0 distance sur Internet depuis n'importe o\u00f9 dans le monde gr\u00e2ce \u00e0 l'application VRM gratuite et \u00e0 l'application <a href=\"https:\/\/vrm.victronenergy.com\/landingpage\" target=\"_blank\" rel=\"noopener\">portail gratuit VRM<\/a>. L'acc\u00e8s peut se faire \u00e0 partir d'un t\u00e9l\u00e9phone, d'une tablette ou d'un PC avec diff\u00e9rents syst\u00e8mes d'exploitation. Il n'y a pas de limite au niveau de contr\u00f4le, du r\u00e9glage de votre Multi au d\u00e9marrage automatique d'un g\u00e9n\u00e9rateur de secours et bien plus encore...<\/p>\n<h2>Configuration du syst\u00e8me<\/h2>\n<p>- Dans le cas d'une application autonome, si la configuration doit \u00eatre modifi\u00e9e, cela peut se faire en quelques minutes au moyen d'une proc\u00e9dure de r\u00e9glage des commutateurs DIP.<br \/>\n- Les applications parall\u00e8les ou triphas\u00e9es peuvent \u00eatre configur\u00e9es \u00e0 l'aide des logiciels VE.Bus Quick Configure et VE.Bus System Configurator.<br \/>\n- Les applications hors r\u00e9seau, interactives avec le r\u00e9seau et d'autoconsommation impliquant des onduleurs connect\u00e9s au r\u00e9seau et\/ou des chargeurs solaires MPPT peuvent \u00eatre configur\u00e9es \u00e0 l'aide d'assistants (logiciel sp\u00e9cifique \u00e0 l'application).<\/p>\n<h2>Fiche technique Onduleur Victron Quattro 12\/5000VA 220A 100+100A - QUA125020000<\/h2>\n<\/div>\n<p><a href=\"https:\/\/fvcomponentes.com\/wp-content\/uploads\/2021\/03\/Datasheet-Quattro-3kVA-15kVA-ES.pdf\" target=\"_blank\" rel=\"noopener\">Voir la fiche technique de l'onduleur Victron Quattro 12\/5000VA 220A 100+100A - QUA125020000<\/a><\/p>\n<\/div>\n<\/div>\n<\/div>\n<\/div>","protected":false},"excerpt":{"rendered":"<p>Le Quattro est une combinaison d'onduleur et de chargeur. Il prend en charge deux entr\u00e9es CA et se connecte automatiquement \u00e0 l'entr\u00e9e active. Il comprend un onduleur \u00e0 onde sinuso\u00efdale pure, une charge variable et la technologie hybride PowerAssist. Il peut \u00eatre int\u00e9gr\u00e9 dans une vari\u00e9t\u00e9 de syst\u00e8mes, tels que les syst\u00e8mes triphas\u00e9s ou biphas\u00e9s. Parfait pour les batteries lithium-ion.<\/p>","protected":false},"featured_media":3202,"comment_status":"open","ping_status":"closed","template":"","meta":{"site-sidebar-layout":"default","site-content-layout":"default","ast-site-content-layout":"default","site-content-style":"default","site-sidebar-style":"default","ast-global-header-display":"","ast-banner-title-visibility":"","ast-main-header-display":"","ast-hfb-above-header-display":"","ast-hfb-below-header-display":"","ast-hfb-mobile-header-display":"","site-post-title":"","ast-breadcrumbs-content":"","ast-featured-img":"","footer-sml-layout":"","ast-disable-related-posts":"","theme-transparent-header-meta":"default","adv-header-id-meta":"","stick-header-meta":"","header-above-stick-meta":"","header-main-stick-meta":"","header-below-stick-meta":"","astra-migrate-meta-layouts":"set","ast-page-background-enabled":"default","ast-page-background-meta":{"desktop":{"background-color":"var(--ast-global-color-4)","background-image":"","background-repeat":"repeat","background-position":"center center","background-size":"auto","background-attachment":"scroll","background-type":"","background-media":"","overlay-type":"","overlay-color":"","overlay-opacity":"","overlay-gradient":""},"tablet":{"background-color":"","background-image":"","background-repeat":"repeat","background-position":"center center","background-size":"auto","background-attachment":"scroll","background-type":"","background-media":"","overlay-type":"","overlay-color":"","overlay-opacity":"","overlay-gradient":""},"mobile":{"background-color":"","background-image":"","background-repeat":"repeat","background-position":"center center","background-size":"auto","background-attachment":"scroll","background-type":"","background-media":"","overlay-type":"","overlay-color":"","overlay-opacity":"","overlay-gradient":""}},"ast-content-background-meta":{"desktop":{"background-color":"var(--ast-global-color-5)","background-image":"","background-repeat":"repeat","background-position":"center center","background-size":"auto","background-attachment":"scroll","background-type":"","background-media":"","overlay-type":"","overlay-color":"","overlay-opacity":"","overlay-gradient":""},"tablet":{"background-color":"var(--ast-global-color-5)","background-image":"","background-repeat":"repeat","background-position":"center center","background-size":"auto","background-attachment":"scroll","background-type":"","background-media":"","overlay-type":"","overlay-color":"","overlay-opacity":"","overlay-gradient":""},"mobile":{"background-color":"var(--ast-global-color-5)","background-image":"","background-repeat":"repeat","background-position":"center center","background-size":"auto","background-attachment":"scroll","background-type":"","background-media":"","overlay-type":"","overlay-color":"","overlay-opacity":"","overlay-gradient":""}}},"pwb-brand":[332],"product_brand":[],"product_cat":[388,333],"product_tag":[],"class_list":{"0":"post-3201","1":"product","2":"type-product","3":"status-publish","4":"has-post-thumbnail","6":"pwb-brand-victron","7":"product_cat-inversores-cargadores-12v","8":"product_cat-inversores","9":"desktop-align-left","10":"tablet-align-left","11":"mobile-align-left","12":"ast-product-gallery-layout-horizontal-slider","13":"ast-product-tabs-layout-horizontal","15":"first","16":"instock","17":"taxable","18":"shipping-taxable","19":"purchasable","20":"product-type-simple"},"wcpa_form_fields":null,"brands":[{"id":332,"name":"Victron Energy","slug":"victron"}],"_links":{"self":[{"href":"https:\/\/fvcomponentes.com\/fr\/wp-json\/wp\/v2\/product\/3201","targetHints":{"allow":["GET"]}}],"collection":[{"href":"https:\/\/fvcomponentes.com\/fr\/wp-json\/wp\/v2\/product"}],"about":[{"href":"https:\/\/fvcomponentes.com\/fr\/wp-json\/wp\/v2\/types\/product"}],"replies":[{"embeddable":true,"href":"https:\/\/fvcomponentes.com\/fr\/wp-json\/wp\/v2\/comments?post=3201"}],"wp:featuredmedia":[{"embeddable":true,"href":"https:\/\/fvcomponentes.com\/fr\/wp-json\/wp\/v2\/media\/3202"}],"wp:attachment":[{"href":"https:\/\/fvcomponentes.com\/fr\/wp-json\/wp\/v2\/media?parent=3201"}],"wp:term":[{"taxonomy":"pwb-brand","embeddable":true,"href":"https:\/\/fvcomponentes.com\/fr\/wp-json\/wp\/v2\/pwb-brand?post=3201"},{"taxonomy":"product_brand","embeddable":true,"href":"https:\/\/fvcomponentes.com\/fr\/wp-json\/wp\/v2\/product_brand?post=3201"},{"taxonomy":"product_cat","embeddable":true,"href":"https:\/\/fvcomponentes.com\/fr\/wp-json\/wp\/v2\/product_cat?post=3201"},{"taxonomy":"product_tag","embeddable":true,"href":"https:\/\/fvcomponentes.com\/fr\/wp-json\/wp\/v2\/product_tag?post=3201"}],"curies":[{"name":"wp","href":"https:\/\/api.w.org\/{rel}","templated":true}]}}