{"id":3192,"date":"2021-03-22T08:16:37","date_gmt":"2021-03-22T07:16:37","guid":{"rendered":"https:\/\/fvcomponentes.com\/producto\/inversor-victron-48-6000-230v-smartsolar\/"},"modified":"2026-04-04T12:52:17","modified_gmt":"2026-04-04T10:52:17","slug":"onduleur-victron-48-6000-230v-230v-smartsolar","status":"publish","type":"product","link":"https:\/\/fvcomponentes.com\/fr\/producto\/inversor-victron-48-6000-230v-smartsolar\/","title":{"rendered":"Onduleur Victron RS 48\/6000 230V SmartSolar - PIN482601000"},"content":{"rendered":"<h2>Onduleur Victron 48\/6000 230V SmartSolar<\/h2>\n<p>L'onduleur Victron RS 48\/6000 230V SmartSolar est une combinaison d'un puissant onduleur 48 V DC, 6 kVA, 230 V AC et d'un chargeur solaire MPPT haute tension, 80-450 V DC, 4 kW. Gr\u00e2ce \u00e0 son design moderne et \u00e0 sa technologie haute fr\u00e9quence, l'onduleur ne p\u00e8se que 11 kg et pr\u00e9sente un excellent rendement, une faible puissance en veille et un fonctionnement tr\u00e8s silencieux.<\/p>\n<p>L'onduleur Victron RS 48\/6000 230V SmartSolar est \u00e9quip\u00e9 d'un \u00e9cran permettant de lire les d\u00e9tails de la batterie, de l'onduleur et du chargeur solaire. Ces param\u00e8tres peuvent \u00e9galement \u00eatre lus via Bluetooth \u00e0 l'aide de l'application VictronConnect. En outre, l'onduleur dispose d'un port VE.Direct et d'un port VE.Can, pour la connexion \u00e0 un appareil GX pour la surveillance du syst\u00e8me.<\/p>\n<h2><strong>Caract\u00e9ristiques de l'onduleur SmartSolar Victron RS 48\/6000 230V<\/strong><\/h2>\n<h3><strong>Onduleur Victron RS 48\/6000 230V SmartSolar onduleur hors r\u00e9seau<\/strong><\/h3>\n<p>L'onduleur Victron RS 48\/6000 230V SmartSolar est un onduleur 48V 6kVA avec une entr\u00e9e PV 450VDC 4kWp. Il est utilis\u00e9 dans les applications solaires hors r\u00e9seau o\u00f9 une alimentation CA est n\u00e9cessaire.<\/p>\n<h3><strong>Combinaison d'un onduleur, d'un convertisseur DC-DC bidirectionnel et d'un MPPT<\/strong><\/h3>\n<p>L'onduleur produit une onde sinuso\u00efdale parfaite, capable d'alimenter des appareils de grande puissance. Il est aliment\u00e9 par un convertisseur DC-DC bidirectionnel, qui peut charger la batterie lorsque l'\u00e9nergie solaire est disponible en exc\u00e8s ou convertir la batterie en cas de besoin.<\/p>\n<h3><strong>Large plage de tension MPPT<\/strong><\/h3>\n<p>80 - 450VDC, avec une tension PV de d\u00e9part de 120VDC.<\/p>\n<h3><strong>L\u00e9ger, efficace et silencieux<\/strong><\/h3>\n<p>Gr\u00e2ce \u00e0 la technologie haute fr\u00e9quence et \u00e0 un nouveau design, ce puissant onduleur ne p\u00e8se que 11 kg. En outre, il offre un excellent rendement, une faible puissance en veille et un fonctionnement tr\u00e8s silencieux.<\/p>\n<h3><strong>Affichage et Bluetooth<\/strong><\/h3>\n<ul>\n<li>L'\u00e9cran affiche les param\u00e8tres de la batterie, de l'onduleur et du r\u00e9gulateur de charge solaire.<\/li>\n<li>Les m\u00eames param\u00e8tres sont accessibles \u00e0 partir d'un smartphone ou d'un autre appareil compatible Bluetooth.<\/li>\n<li>En outre, le Bluetooth peut \u00eatre utilis\u00e9 pour configurer le syst\u00e8me et modifier les param\u00e8tres avec VictronConnect.<\/li>\n<\/ul>\n<h3><strong>VE.Can et VE.Direct port<\/strong><\/h3>\n<p>Pour la connexion \u00e0 un dispositif GX pour la surveillance du syst\u00e8me, l'enregistrement des donn\u00e9es et les mises \u00e0 jour \u00e0 distance du micrologiciel.<\/p>\n<h3><strong>Isolateur photovolta\u00efque int\u00e9gr\u00e9<\/strong><\/h3>\n<p>Les deux cha\u00eenes PV parall\u00e8les connect\u00e9es aux prises MC4 peuvent \u00eatre isol\u00e9es en toute s\u00e9curit\u00e9 \u00e0 l'aide du grand interrupteur int\u00e9gr\u00e9 situ\u00e9 sous l'appareil.<\/p>\n<h3><strong>Connexions E\/S<\/strong><\/h3>\n<p>Connexions de relais programmable, de capteur de temp\u00e9rature et de capteur de tension. L'entr\u00e9e \u00e0 distance peut \u00e9galement \u00eatre configur\u00e9e pour accepter le miniBMS de Victron.<\/p>\n<h2>Fiche technique Onduleur Victron RS 48\/6000 230V SmartSolar - PIN482601000<\/h2>\n<p><a href=\"https:\/\/fvcomponentes.com\/wp-content\/uploads\/2021\/03\/Datasheet-Inverter-RS-Smart-Solar-ES.pdf\" target=\"_blank\" rel=\"noopener\">Voir la fiche technique de l'onduleur Victron 48\/6000 230V SmartSolar - PIN482601000<\/a><\/p>","protected":false},"excerpt":{"rendered":"<p>Donn\u00e9es techniques :<\/p>\n<ul>\n<li>Design moderne<\/li>\n<li>Technologie haute fr\u00e9quence<\/li>\n<li>Excellente efficacit\u00e9<\/li>\n<li>Faible consommation en veille<\/li>\n<li>Fonctionnement tr\u00e8s silencieux<\/li>\n<\/ul>","protected":false},"featured_media":3193,"comment_status":"open","ping_status":"closed","template":"","meta":{"site-sidebar-layout":"default","site-content-layout":"default","ast-site-content-layout":"default","site-content-style":"default","site-sidebar-style":"default","ast-global-header-display":"","ast-banner-title-visibility":"","ast-main-header-display":"","ast-hfb-above-header-display":"","ast-hfb-below-header-display":"","ast-hfb-mobile-header-display":"","site-post-title":"","ast-breadcrumbs-content":"","ast-featured-img":"","footer-sml-layout":"","ast-disable-related-posts":"","theme-transparent-header-meta":"default","adv-header-id-meta":"","stick-header-meta":"","header-above-stick-meta":"","header-main-stick-meta":"","header-below-stick-meta":"","astra-migrate-meta-layouts":"set","ast-page-background-enabled":"default","ast-page-background-meta":{"desktop":{"background-color":"var(--ast-global-color-4)","background-image":"","background-repeat":"repeat","background-position":"center center","background-size":"auto","background-attachment":"scroll","background-type":"","background-media":"","overlay-type":"","overlay-color":"","overlay-opacity":"","overlay-gradient":""},"tablet":{"background-color":"","background-image":"","background-repeat":"repeat","background-position":"center center","background-size":"auto","background-attachment":"scroll","background-type":"","background-media":"","overlay-type":"","overlay-color":"","overlay-opacity":"","overlay-gradient":""},"mobile":{"background-color":"","background-image":"","background-repeat":"repeat","background-position":"center center","background-size":"auto","background-attachment":"scroll","background-type":"","background-media":"","overlay-type":"","overlay-color":"","overlay-opacity":"","overlay-gradient":""}},"ast-content-background-meta":{"desktop":{"background-color":"var(--ast-global-color-5)","background-image":"","background-repeat":"repeat","background-position":"center center","background-size":"auto","background-attachment":"scroll","background-type":"","background-media":"","overlay-type":"","overlay-color":"","overlay-opacity":"","overlay-gradient":""},"tablet":{"background-color":"var(--ast-global-color-5)","background-image":"","background-repeat":"repeat","background-position":"center center","background-size":"auto","background-attachment":"scroll","background-type":"","background-media":"","overlay-type":"","overlay-color":"","overlay-opacity":"","overlay-gradient":""},"mobile":{"background-color":"var(--ast-global-color-5)","background-image":"","background-repeat":"repeat","background-position":"center center","background-size":"auto","background-attachment":"scroll","background-type":"","background-media":"","overlay-type":"","overlay-color":"","overlay-opacity":"","overlay-gradient":""}}},"pwb-brand":[332],"product_brand":[],"product_cat":[369,333],"product_tag":[],"class_list":{"0":"post-3192","1":"product","2":"type-product","3":"status-publish","4":"has-post-thumbnail","6":"pwb-brand-victron","7":"product_cat-inversores-48v","8":"product_cat-inversores","9":"desktop-align-left","10":"tablet-align-left","11":"mobile-align-left","12":"ast-product-gallery-layout-horizontal-slider","13":"ast-product-tabs-layout-horizontal","15":"first","16":"instock","17":"taxable","18":"shipping-taxable","19":"purchasable","20":"product-type-simple"},"wcpa_form_fields":null,"brands":[{"id":332,"name":"Victron Energy","slug":"victron"}],"_links":{"self":[{"href":"https:\/\/fvcomponentes.com\/fr\/wp-json\/wp\/v2\/product\/3192","targetHints":{"allow":["GET"]}}],"collection":[{"href":"https:\/\/fvcomponentes.com\/fr\/wp-json\/wp\/v2\/product"}],"about":[{"href":"https:\/\/fvcomponentes.com\/fr\/wp-json\/wp\/v2\/types\/product"}],"replies":[{"embeddable":true,"href":"https:\/\/fvcomponentes.com\/fr\/wp-json\/wp\/v2\/comments?post=3192"}],"wp:featuredmedia":[{"embeddable":true,"href":"https:\/\/fvcomponentes.com\/fr\/wp-json\/wp\/v2\/media\/3193"}],"wp:attachment":[{"href":"https:\/\/fvcomponentes.com\/fr\/wp-json\/wp\/v2\/media?parent=3192"}],"wp:term":[{"taxonomy":"pwb-brand","embeddable":true,"href":"https:\/\/fvcomponentes.com\/fr\/wp-json\/wp\/v2\/pwb-brand?post=3192"},{"taxonomy":"product_brand","embeddable":true,"href":"https:\/\/fvcomponentes.com\/fr\/wp-json\/wp\/v2\/product_brand?post=3192"},{"taxonomy":"product_cat","embeddable":true,"href":"https:\/\/fvcomponentes.com\/fr\/wp-json\/wp\/v2\/product_cat?post=3192"},{"taxonomy":"product_tag","embeddable":true,"href":"https:\/\/fvcomponentes.com\/fr\/wp-json\/wp\/v2\/product_tag?post=3192"}],"curies":[{"name":"wp","href":"https:\/\/api.w.org\/{rel}","templated":true}]}}