{"id":3178,"date":"2021-01-04T07:27:57","date_gmt":"2021-01-04T06:27:57","guid":{"rendered":"https:\/\/fvcomponentes.com\/producto\/fronius-smart-meter-100a-1\/"},"modified":"2026-03-30T12:16:56","modified_gmt":"2026-03-30T10:16:56","slug":"fronius-smart-meter-100a-1","status":"publish","type":"product","link":"https:\/\/fvcomponentes.com\/fr\/producto\/fronius-smart-meter-100a-1-2\/","title":{"rendered":"Fronius Smart Meter TS 100A-1 Monophas\u00e9 - 42,0411,0344"},"content":{"rendered":"<p><strong>Les <a href=\"https:\/\/www.fronius.com\/es-es\/spain\/energia-solar\" target=\"_blank\" rel=\"noopener\">Fronius<\/a> Le compteur intelligent TS 100A-1 monophas\u00e9 est un appareil calibr\u00e9 pour mesurer la quantit\u00e9 d'\u00e9nergie circulant dans la maison afin d'optimiser parfaitement la consommation d'\u00e9nergie.<\/strong>.<\/p>\n<p>Gr\u00e2ce aux mesures de la pince de courant int\u00e9gr\u00e9e et \u00e0 la communication rapide de l'interface ModBus RTU, l'onduleur est capable de limiter la puissance \u00e0 ce que la maison consomme \u00e0 ce moment pr\u00e9cis.<\/p>\n<p>Il s'agit d'un dispositif qui permet de contr\u00f4ler l'\u00e9nergie inject\u00e9e dans le r\u00e9seau.<\/p>\n<p>Le Fronius Smart Meter TS 100A-1 monophas\u00e9 est un compteur bidirectionnel qui optimise l'autoconsommation et enregistre la courbe de consommation de votre foyer. Gr\u00e2ce \u00e0 un comptage de haute pr\u00e9cision et \u00e0 une communication rapide via l'interface Modbus RTU, la limitation \u00e0 distance de la puissance, lorsque des limites sont impos\u00e9es, est plus rapide et plus pr\u00e9cise qu'avec le r\u00e9gulateur S0. Avec Fronius Solar.web, il fournit une vue d'ensemble d\u00e9taill\u00e9e de la consommation d'\u00e9nergie dans votre maison. Pour la solution de stockage Fronius Energy Package bas\u00e9e sur le Fronius Symo Hybrid, le Fronius Smart Meter permet une gestion syst\u00e9matis\u00e9e des diff\u00e9rents flux d'\u00e9nergie, optimisant ainsi l'\u00e9nergie totale. Il est parfaitement adapt\u00e9 aux Fronius Symo, Fronius Symo Hybrid, Fronius Galvo, Fronius Primo, Fronius Eco et Fronius Datamanager 2.0.<\/p>\n<h2>Avantages de la <a href=\"https:\/\/www.fronius.com\/es-es\/spain\/energia-solar\" target=\"_blank\" rel=\"noopener\">Fronius<\/a> Compteur intelligent TS 100A-1 monophas\u00e9<\/h2>\n<p>- Limitation rapide et pr\u00e9cise de la puissance \u00e0 distance.<\/p>\n<p>- Avec le Fronius Solar.web, il fournit une vue d'ensemble d\u00e9taill\u00e9e de la consommation d'\u00e9nergie de votre foyer.<\/p>\n<p>- Optimiser la gestion de l'\u00e9nergie avec la solution de stockage Fronius Energy Package<\/p>","protected":false},"excerpt":{"rendered":"<p><a href=\"https:\/\/www.fronius.com\/es-es\/spain\/energia-solar\" target=\"_blank\" rel=\"noopener\">Fronius<\/a> Smart Meter TS 100A-1 monophas\u00e9. Le Fronius Smart Meter est un compteur bidirectionnel qui optimise l'autoconsommation et enregistre la courbe de charge du m\u00e9nage.<\/p>","protected":false},"featured_media":3179,"comment_status":"open","ping_status":"closed","template":"","meta":{"site-sidebar-layout":"default","site-content-layout":"default","ast-site-content-layout":"default","site-content-style":"default","site-sidebar-style":"default","ast-global-header-display":"","ast-banner-title-visibility":"","ast-main-header-display":"","ast-hfb-above-header-display":"","ast-hfb-below-header-display":"","ast-hfb-mobile-header-display":"","site-post-title":"","ast-breadcrumbs-content":"","ast-featured-img":"","footer-sml-layout":"","ast-disable-related-posts":"","theme-transparent-header-meta":"default","adv-header-id-meta":"","stick-header-meta":"","header-above-stick-meta":"","header-main-stick-meta":"","header-below-stick-meta":"","astra-migrate-meta-layouts":"set","ast-page-background-enabled":"default","ast-page-background-meta":{"desktop":{"background-color":"var(--ast-global-color-4)","background-image":"","background-repeat":"repeat","background-position":"center center","background-size":"auto","background-attachment":"scroll","background-type":"","background-media":"","overlay-type":"","overlay-color":"","overlay-opacity":"","overlay-gradient":""},"tablet":{"background-color":"","background-image":"","background-repeat":"repeat","background-position":"center center","background-size":"auto","background-attachment":"scroll","background-type":"","background-media":"","overlay-type":"","overlay-color":"","overlay-opacity":"","overlay-gradient":""},"mobile":{"background-color":"","background-image":"","background-repeat":"repeat","background-position":"center center","background-size":"auto","background-attachment":"scroll","background-type":"","background-media":"","overlay-type":"","overlay-color":"","overlay-opacity":"","overlay-gradient":""}},"ast-content-background-meta":{"desktop":{"background-color":"var(--ast-global-color-5)","background-image":"","background-repeat":"repeat","background-position":"center center","background-size":"auto","background-attachment":"scroll","background-type":"","background-media":"","overlay-type":"","overlay-color":"","overlay-opacity":"","overlay-gradient":""},"tablet":{"background-color":"var(--ast-global-color-5)","background-image":"","background-repeat":"repeat","background-position":"center center","background-size":"auto","background-attachment":"scroll","background-type":"","background-media":"","overlay-type":"","overlay-color":"","overlay-opacity":"","overlay-gradient":""},"mobile":{"background-color":"var(--ast-global-color-5)","background-image":"","background-repeat":"repeat","background-position":"center center","background-size":"auto","background-attachment":"scroll","background-type":"","background-media":"","overlay-type":"","overlay-color":"","overlay-opacity":"","overlay-gradient":""}}},"pwb-brand":[344],"product_brand":[],"product_cat":[349,333],"product_tag":[],"class_list":{"0":"post-3178","1":"product","2":"type-product","3":"status-publish","4":"has-post-thumbnail","6":"pwb-brand-fronius","7":"product_cat-meters","8":"product_cat-inversores","9":"desktop-align-left","10":"tablet-align-left","11":"mobile-align-left","12":"ast-product-gallery-layout-horizontal-slider","13":"ast-product-gallery-with-no-image","14":"ast-product-tabs-layout-horizontal","16":"first","17":"instock","18":"taxable","19":"shipping-taxable","20":"purchasable","21":"product-type-simple"},"wcpa_form_fields":null,"brands":[{"id":344,"name":"Onduleurs Fronius","slug":"fronius"}],"_links":{"self":[{"href":"https:\/\/fvcomponentes.com\/fr\/wp-json\/wp\/v2\/product\/3178","targetHints":{"allow":["GET"]}}],"collection":[{"href":"https:\/\/fvcomponentes.com\/fr\/wp-json\/wp\/v2\/product"}],"about":[{"href":"https:\/\/fvcomponentes.com\/fr\/wp-json\/wp\/v2\/types\/product"}],"replies":[{"embeddable":true,"href":"https:\/\/fvcomponentes.com\/fr\/wp-json\/wp\/v2\/comments?post=3178"}],"wp:featuredmedia":[{"embeddable":true,"href":"https:\/\/fvcomponentes.com\/fr\/wp-json\/wp\/v2\/media\/3179"}],"wp:attachment":[{"href":"https:\/\/fvcomponentes.com\/fr\/wp-json\/wp\/v2\/media?parent=3178"}],"wp:term":[{"taxonomy":"pwb-brand","embeddable":true,"href":"https:\/\/fvcomponentes.com\/fr\/wp-json\/wp\/v2\/pwb-brand?post=3178"},{"taxonomy":"product_brand","embeddable":true,"href":"https:\/\/fvcomponentes.com\/fr\/wp-json\/wp\/v2\/product_brand?post=3178"},{"taxonomy":"product_cat","embeddable":true,"href":"https:\/\/fvcomponentes.com\/fr\/wp-json\/wp\/v2\/product_cat?post=3178"},{"taxonomy":"product_tag","embeddable":true,"href":"https:\/\/fvcomponentes.com\/fr\/wp-json\/wp\/v2\/product_tag?post=3178"}],"curies":[{"name":"wp","href":"https:\/\/api.w.org\/{rel}","templated":true}]}}