{"id":3177,"date":"2021-01-01T12:06:08","date_gmt":"2021-01-01T11:06:08","guid":{"rendered":"https:\/\/fvcomponentes.com\/producto\/inversor-huawei-sun2000-2-ktl-l1-hibrido-monofasico\/"},"modified":"2026-03-13T10:52:00","modified_gmt":"2026-03-13T09:52:00","slug":"onduleur-hybride-monophase-huawei-sun2000-2-ktl-l1","status":"publish","type":"product","link":"https:\/\/fvcomponentes.com\/fr\/producto\/inversor-huawei-sun2000-2-ktl-l1-hibrido-monofasico\/","title":{"rendered":"Onduleur hybride monophas\u00e9 Huawei SUN2000 2KTL L1 - 01075351-015"},"content":{"rendered":"<h2><strong>Onduleur hybride monophas\u00e9 Huawei SUN2000-2KTL-L1<\/strong><\/h2>\n<p>L'onduleur hybride monophas\u00e9 Huawei SUN2000-2KTL-L1 - 01075351-015 appartient \u00e0 la nouvelle gamme d'onduleurs Huawei. Cette nouvelle gamme a un rendement plus \u00e9lev\u00e9 gr\u00e2ce aux nouveaux optimiseurs SUN2000-450W-P.<\/p>\n<h3 class=\"baywa-details-title\">Donn\u00e9es techniques :<\/h3>\n<div class=\"baywa-details-fields\"><span class=\"baywa-details-label\"><strong>Puissance : <\/strong><\/span>2<span class=\"baywa-details-values\">\u00a0Wp\u00a0<\/span><\/div>\n<div class=\"baywa-details-fields\"><strong><span class=\"baywa-details-label\">DC : <\/span><\/strong><span class=\"baywa-details-values\">3 Wp<\/span><\/div>\n<div class=\"baywa-details-fields\"><span class=\"baywa-details-label\"><strong>Efficacit\u00e9 : <\/strong><\/span><span class=\"baywa-details-values\">97.8%\u00a0<\/span><\/div>\n<div class=\"baywa-details-fields\"><span class=\"baywa-details-label\"><strong>Phases : <\/strong><\/span><span class=\"baywa-details-values\">1 phase <\/span><\/div>\n<div class=\"baywa-details-fields\"><span class=\"baywa-details-label\"><strong>MPPT : <\/strong>2<\/span><\/div>\n<div class=\"baywa-details-fields\"><span class=\"baywa-details-label\"><strong>Affichage : <\/strong><\/span><span class=\"baywa-details-values\">Non<\/span><\/div>\n<div class=\"baywa-details-fields\"><span class=\"baywa-details-label\"><strong>En option : <\/strong><\/span><span class=\"baywa-details-values\">Ethernet ou modem 4G via Dongle.<\/span><\/div>\n<div class=\"baywa-details-fields\"><strong><span class=\"baywa-details-label\">Piles compatibles : <\/span><\/strong><span class=\"baywa-details-values\">\u00a0LG Chem Resu HV \/ Huawei LUNA 2000<\/span><\/div>\n<div class=\"baywa-details-fields\"><span class=\"baywa-details-label\"><strong>Dimensions :<\/strong>\u00a0<\/span><span class=\"baywa-details-values\">\u00a036,5 x 36,5 x 14 cm\u00a0<\/span><span class=\"baywa-details-label\">Poids\u00a0<\/span><span class=\"baywa-details-values\">\u00a012,6 kg<\/span><\/div>\n<div class=\"baywa-details-fields\"><span class=\"baywa-details-label\"><strong>Garantie du produit :<\/strong> 10<\/span><span class=\"baywa-details-values\">\u00a0ann\u00e9es\u00a0<\/span><span class=\"baywa-details-label\">Extension par\u00a0<\/span><span class=\"baywa-details-values\"> 15 ans 20 ans.<\/span><\/div>\n<div><\/div>\n<h2><strong>Fiche technique et manuel de l'onduleur hybride monophas\u00e9 Huawei SUN2000-2KTL-L1 - 01075351-015<\/strong><\/h2>\n<p><a href=\"https:\/\/fvcomponentes.com\/wp-content\/uploads\/2025\/09\/Ficha-Huawei-SUN2000L1.pdf\" target=\"_blank\" rel=\"noopener\">Voir la fiche technique de l'onduleur hybride monophas\u00e9 Huawei SUN2000-2KTL-L1<\/a><\/p>\n<p><a href=\"https:\/\/fvcomponentes.com\/wp-content\/uploads\/2025\/09\/Manual-Usuario-SUN2000-2KTL-6KTL-L1-Huawei.pdf\" target=\"_blank\" rel=\"noopener\">View Huawei SUN2000-2KTL-L1 Single-Phase Hybrid Inverter manual (en anglais)<\/a><\/p>","protected":false},"excerpt":{"rendered":"<p><strong>Onduleur hybride Huawei SUN2000 - 2 KTL-L1<\/strong><\/p>\n<p><strong>Puissance maximale ;<\/strong> 2 kW<\/p>\n<p><strong>Puissance maximale des panneaux solaires ;<\/strong> 3 kWp<\/p>\n<p><strong><span class=\"baywa-details-label\">Piles compatibles ; <\/span><\/strong><span class=\"baywa-details-values\">\u00a0LG Chem Resu HV \/ Huawei LUNA 2000<\/span><\/p>","protected":false},"featured_media":3168,"comment_status":"open","ping_status":"closed","template":"","meta":{"site-sidebar-layout":"default","site-content-layout":"default","ast-site-content-layout":"default","site-content-style":"default","site-sidebar-style":"default","ast-global-header-display":"","ast-banner-title-visibility":"","ast-main-header-display":"","ast-hfb-above-header-display":"","ast-hfb-below-header-display":"","ast-hfb-mobile-header-display":"","site-post-title":"","ast-breadcrumbs-content":"","ast-featured-img":"","footer-sml-layout":"","ast-disable-related-posts":"","theme-transparent-header-meta":"default","adv-header-id-meta":"","stick-header-meta":"","header-above-stick-meta":"","header-main-stick-meta":"","header-below-stick-meta":"","astra-migrate-meta-layouts":"set","ast-page-background-enabled":"default","ast-page-background-meta":{"desktop":{"background-color":"var(--ast-global-color-4)","background-image":"","background-repeat":"repeat","background-position":"center center","background-size":"auto","background-attachment":"scroll","background-type":"","background-media":"","overlay-type":"","overlay-color":"","overlay-opacity":"","overlay-gradient":""},"tablet":{"background-color":"","background-image":"","background-repeat":"repeat","background-position":"center center","background-size":"auto","background-attachment":"scroll","background-type":"","background-media":"","overlay-type":"","overlay-color":"","overlay-opacity":"","overlay-gradient":""},"mobile":{"background-color":"","background-image":"","background-repeat":"repeat","background-position":"center center","background-size":"auto","background-attachment":"scroll","background-type":"","background-media":"","overlay-type":"","overlay-color":"","overlay-opacity":"","overlay-gradient":""}},"ast-content-background-meta":{"desktop":{"background-color":"var(--ast-global-color-5)","background-image":"","background-repeat":"repeat","background-position":"center center","background-size":"auto","background-attachment":"scroll","background-type":"","background-media":"","overlay-type":"","overlay-color":"","overlay-opacity":"","overlay-gradient":""},"tablet":{"background-color":"var(--ast-global-color-5)","background-image":"","background-repeat":"repeat","background-position":"center center","background-size":"auto","background-attachment":"scroll","background-type":"","background-media":"","overlay-type":"","overlay-color":"","overlay-opacity":"","overlay-gradient":""},"mobile":{"background-color":"var(--ast-global-color-5)","background-image":"","background-repeat":"repeat","background-position":"center center","background-size":"auto","background-attachment":"scroll","background-type":"","background-media":"","overlay-type":"","overlay-color":"","overlay-opacity":"","overlay-gradient":""}}},"pwb-brand":[381],"product_brand":[],"product_cat":[924,359,333],"product_tag":[],"class_list":{"0":"post-3177","1":"product","2":"type-product","3":"status-publish","4":"has-post-thumbnail","6":"pwb-brand-huawei","7":"product_cat-inversores-autoconsumo-hibridos-monofasicos","8":"product_cat-inversores-autoconsumo-hibridos","9":"product_cat-inversores","10":"desktop-align-left","11":"tablet-align-left","12":"mobile-align-left","13":"ast-product-gallery-layout-horizontal-slider","14":"ast-product-tabs-layout-horizontal","16":"first","17":"outofstock","18":"taxable","19":"shipping-taxable","20":"purchasable","21":"product-type-simple"},"wcpa_form_fields":null,"brands":[{"id":381,"name":"Onduleurs Huawei","slug":"huawei"}],"_links":{"self":[{"href":"https:\/\/fvcomponentes.com\/fr\/wp-json\/wp\/v2\/product\/3177","targetHints":{"allow":["GET"]}}],"collection":[{"href":"https:\/\/fvcomponentes.com\/fr\/wp-json\/wp\/v2\/product"}],"about":[{"href":"https:\/\/fvcomponentes.com\/fr\/wp-json\/wp\/v2\/types\/product"}],"replies":[{"embeddable":true,"href":"https:\/\/fvcomponentes.com\/fr\/wp-json\/wp\/v2\/comments?post=3177"}],"wp:featuredmedia":[{"embeddable":true,"href":"https:\/\/fvcomponentes.com\/fr\/wp-json\/wp\/v2\/media\/3168"}],"wp:attachment":[{"href":"https:\/\/fvcomponentes.com\/fr\/wp-json\/wp\/v2\/media?parent=3177"}],"wp:term":[{"taxonomy":"pwb-brand","embeddable":true,"href":"https:\/\/fvcomponentes.com\/fr\/wp-json\/wp\/v2\/pwb-brand?post=3177"},{"taxonomy":"product_brand","embeddable":true,"href":"https:\/\/fvcomponentes.com\/fr\/wp-json\/wp\/v2\/product_brand?post=3177"},{"taxonomy":"product_cat","embeddable":true,"href":"https:\/\/fvcomponentes.com\/fr\/wp-json\/wp\/v2\/product_cat?post=3177"},{"taxonomy":"product_tag","embeddable":true,"href":"https:\/\/fvcomponentes.com\/fr\/wp-json\/wp\/v2\/product_tag?post=3177"}],"curies":[{"name":"wp","href":"https:\/\/api.w.org\/{rel}","templated":true}]}}