{"id":3144,"date":"2020-09-17T08:13:37","date_gmt":"2020-09-17T06:13:37","guid":{"rendered":"https:\/\/fvcomponentes.com\/producto\/monitorizacion-victron-venus-gx\/"},"modified":"2026-04-04T12:48:14","modified_gmt":"2026-04-04T10:48:14","slug":"victron-venus-gx-monitoring","status":"publish","type":"product","link":"https:\/\/fvcomponentes.com\/fr\/producto\/monitorizacion-victron-venus-gx\/","title":{"rendered":"Victron Venus GX Unit\u00e9 de contr\u00f4le - BPP900400100100"},"content":{"rendered":"<p>Le Venus GX - BPP900400100100 est le centre de communication de votre syst\u00e8me d'alimentation. Il vous permet de connecter et de contr\u00f4ler tous les composants Victron, en veillant \u00e0 ce qu'ils fonctionnent en parfaite harmonie. De plus, vous pouvez effectuer un suivi en temps r\u00e9el et ajuster les param\u00e8tres \u00e0 partir de votre smartphone ou de tout autre appareil, en utilisant le portail gratuit de t\u00e9l\u00e9gestion Victron (VRM).<\/p>\n<p>Le Venus GX offre un contr\u00f4le et une surveillance intuitifs de l'ensemble de votre syst\u00e8me \u00e9lectrique Victron. Il est compatible avec une large gamme de produits tels que les onduleurs, les Multis, les Quattros, les chargeurs solaires MPPT, les moniteurs de batterie BMV, les Lynx Ion + Shunt, parmi beaucoup d'autres.<\/p>\n<h2>Caract\u00e9ristiques principales de l'unit\u00e9 de contr\u00f4le Victron Venus GX - BPP900400100100<\/h2>\n<h3>Vue d'ensemble intuitive du syst\u00e8me - tout ce qu'il faut savoir<\/h3>\n<p>D\u00e8s que vous vous connectez, Venus GX fournit instantan\u00e9ment une vue d'ensemble du syst\u00e8me : \u00e9tat de charge de la batterie, consommation \u00e9lectrique actuelle, production d'\u00e9nergie par les panneaux photovolta\u00efques, \u00e9nergie provenant du r\u00e9seau\/g\u00e9n\u00e9rateur.<\/p>\n<h3>Toute la puissance de la t\u00e9l\u00e9gestion Victron<\/h3>\n<p>Le syst\u00e8me de t\u00e9l\u00e9gestion Victron (VRM) permet d'acc\u00e9der \u00e0 l'ensemble des commandes et des param\u00e8tres de tous les composants du syst\u00e8me connect\u00e9s au CCGX ou au Venus GX. Tout utilisateur ou installateur peut se connecter, de n'importe o\u00f9 et \u00e0 n'importe quel moment. Cette application puissante offre \u00e9galement la possibilit\u00e9 d'effectuer des diagnostics et d'analyser les informations archiv\u00e9es de mani\u00e8re transparente.<\/p>\n<h3 class=\"productDetails__block-title\"><span class=\"productDetails__block-title-content\">D\u00e9marrage\/arr\u00eat automatique du g\u00e9n\u00e9rateur<\/span><\/h3>\n<div class=\"productDetails__block-description\">\n<p>Le Venus GX peut \u00eatre programm\u00e9 pour d\u00e9marrer automatiquement votre g\u00e9n\u00e9rateur en fonction de crit\u00e8res de basse tension, de forte demande ou d'\u00e9tat de charge de la batterie. Il peut \u00e9galement \u00eatre programm\u00e9 pour retarder le d\u00e9marrage jusqu'\u00e0 la fin des p\u00e9riodes \"calmes\", \u00e9vitant ainsi toute perturbation accidentelle au milieu de la nuit.<\/p>\n<h3>Console \u00e0 distance<\/h3>\n<p>La console \u00e0 distance vous permet de visualiser les donn\u00e9es et les param\u00e8tres du Venus GX en temps r\u00e9el... et parce qu'elle est \u00e0 distance, vous pouvez le faire de n'importe o\u00f9 dans le monde.<\/p>\n<h3>Syst\u00e8mes de stockage d'\u00e9nergie - surveillance 24 heures sur 24<\/h3>\n<p>Le Venus GX peut g\u00e9rer des syst\u00e8mes de stockage d'\u00e9nergie. Il maintient une batterie de secours \u00e0 100%, d\u00e9marre en cas de panne de courant et d\u00e9tourne l'\u00e9nergie (solaire) exc\u00e9dentaire vers l'autoconsommation, ce qui permet d'\u00e9conomiser de l'argent.<\/p>\n<h3>Commande \u00e0 distance des appareils \u00e9lectriques de votre bateau ou de votre caravane<\/h3>\n<p>Vous pr\u00e9voyez un voyage ? En contr\u00f4lant \u00e0 distance le Venus GX, vous vous assurez que votre bateau ou votre caravane est pr\u00eat \u00e0 partir. Le Venus GX vous permet \u00e9galement de communiquer avec des appareils tiers s'ils sont connect\u00e9s.<\/p>\n<h2>Venus GX - BPP900400100100 - Avantages exceptionnels<\/h2>\n<ul>\n<li>Lorsqu'il est connect\u00e9 \u00e0 Internet, le Venus GX se met automatiquement \u00e0 jour si une nouvelle version du logiciel est disponible.<\/li>\n<li>Plusieurs langues : anglais, tch\u00e8que, allemand, espagnol, fran\u00e7ais, italien, n\u00e9erlandais, russe, su\u00e9dois, turc, chinois, arabe.<\/li>\n<li>Utilisez le Venus GX comme passerelle Modbus-TCP vers tous les produits Victron connect\u00e9s.<\/li>\n<li>Avec syst\u00e8me d'exploitation int\u00e9gr\u00e9 <a href=\"https:\/\/github.com\/victronenergy\/venus\/wiki\/sales-pitch\" target=\"_blank\" rel=\"noopener\">Linux Venus OS<\/a>.<\/li>\n<\/ul>\n<h2>Produits compatibles avec Venus GX - BPP900400100100<\/h2>\n<ul>\n<li>Multis et Quattros, y compris les syst\u00e8mes triphas\u00e9s et biphas\u00e9s. Surveillance et contr\u00f4le (marche\/arr\u00eat et limiteur de courant). Possibilit\u00e9 de modifier la configuration (uniquement \u00e0 distance via Internet, pas sans connexion Internet).<\/li>\n<li>EasySolar 1600VA<\/li>\n<li>Chargeurs solaires MPPT BlueSolar avec port VE.Direct.<\/li>\n<li>BlueSolar MPPT 150\/70 et MPPT 150\/85 avec port VE.Can.<\/li>\n<li>SmartSolar MPPT 150\/70 et MPPT 150\/100 avec port VE.Can. Si plusieurs BlueSolar MPPT ou SmartSolar MPPT avec VE.Can sont utilis\u00e9s en parall\u00e8le, toutes les informations combin\u00e9es seront affich\u00e9es. Voir aussi notre blog sur la synchronisation de plusieurs chargeurs solaires MPPT 150\/70.<\/li>\n<li>La famille BMV-700, comme la famille <a href=\"https:\/\/fvcomponentes.com\/fr\/produit\/victron-bmv-700-battery-monitor\/\" target=\"_blank\" rel=\"noopener\">Victron BMV-700 Moniteur de batterie - BAM010700000<\/a>Direct, vous pouvez vous connecter directement aux ports VE.Direct du Venus GX. Pour ce faire, utilisez le c\u00e2ble VE.Direct.<\/li>\n<li>La famille BMV-600 peut \u00eatre connect\u00e9e aux ports VE.Direct du Venus GX. Un c\u00e2ble accessoire est n\u00e9cessaire.<\/li>\n<li>Lynx Ion + Bypass<\/li>\n<li>BMS Lynx Ion<\/li>\n<li>Shunt Lynx VE.Can<\/li>\n<li>Chargeurs de batterie Skylla TG<\/li>\n<li>Capteurs de r\u00e9servoir NMEA2000<\/li>\n<li>Un GPS USB peut \u00eatre connect\u00e9 au port USB. Les donn\u00e9es sont envoy\u00e9es au portail VRM \u00e0 des fins de suivi. La carte du VRM indique la derni\u00e8re position.<\/li>\n<li>Onduleurs photovolta\u00efques <a href=\"https:\/\/fvcomponentes.com\/fr\/marque\/fronius\/\" target=\"_blank\" rel=\"noopener\">Fronius<\/a><\/li>\n<\/ul>\n<h2>Fiche technique Unit\u00e9 de contr\u00f4le Victron Venus GX - BPP900400100100<\/h2>\n<p><a href=\"https:\/\/fvcomponentes.com\/wp-content\/uploads\/2025\/09\/Datasheet-Venus-GX-ES.pdf\" target=\"_blank\" rel=\"noopener\">Fiche technique de l'unit\u00e9 de contr\u00f4le Victron Venus GX<\/a><\/p>\n<h2>Manuel du panneau de contr\u00f4le Venus GX de Victron - BPP900400100100<\/h2>\n<p><a href=\"https:\/\/fvcomponentes.com\/wp-content\/uploads\/2025\/10\/140558-Ekrano_GX__Venus_GX__Cerbo_GX__Cerbo-S_GX_Manual-pdf-es-1.pdf\" target=\"_blank\" rel=\"noopener\">Voir le manuel de l'unit\u00e9 de contr\u00f4le Venus GX de Victron<\/a><\/p>\n<\/div>","protected":false},"excerpt":{"rendered":"<p><strong>Syst\u00e8me de contr\u00f4le et de surveillance Victron Venus GX.<\/strong><\/p>\n<p>Gr\u00e2ce \u00e0 cette unit\u00e9 de contr\u00f4le et de surveillance, vous pouvez interconnecter tous les appareils Victron pr\u00e9sents dans l'installation. Gr\u00e2ce \u00e0 cette communication directe entre les diff\u00e9rents composants, ceux-ci peuvent partager des informations entre eux et visualiser l'\u00e9tat de l'installation via le portail VRM de Victron.<\/p>","protected":false},"featured_media":3145,"comment_status":"open","ping_status":"closed","template":"","meta":{"site-sidebar-layout":"default","site-content-layout":"default","ast-site-content-layout":"default","site-content-style":"default","site-sidebar-style":"default","ast-global-header-display":"","ast-banner-title-visibility":"","ast-main-header-display":"","ast-hfb-above-header-display":"","ast-hfb-below-header-display":"","ast-hfb-mobile-header-display":"","site-post-title":"","ast-breadcrumbs-content":"","ast-featured-img":"","footer-sml-layout":"","ast-disable-related-posts":"","theme-transparent-header-meta":"default","adv-header-id-meta":"","stick-header-meta":"","header-above-stick-meta":"","header-main-stick-meta":"","header-below-stick-meta":"","astra-migrate-meta-layouts":"set","ast-page-background-enabled":"default","ast-page-background-meta":{"desktop":{"background-color":"var(--ast-global-color-4)","background-image":"","background-repeat":"repeat","background-position":"center center","background-size":"auto","background-attachment":"scroll","background-type":"","background-media":"","overlay-type":"","overlay-color":"","overlay-opacity":"","overlay-gradient":""},"tablet":{"background-color":"","background-image":"","background-repeat":"repeat","background-position":"center center","background-size":"auto","background-attachment":"scroll","background-type":"","background-media":"","overlay-type":"","overlay-color":"","overlay-opacity":"","overlay-gradient":""},"mobile":{"background-color":"","background-image":"","background-repeat":"repeat","background-position":"center center","background-size":"auto","background-attachment":"scroll","background-type":"","background-media":"","overlay-type":"","overlay-color":"","overlay-opacity":"","overlay-gradient":""}},"ast-content-background-meta":{"desktop":{"background-color":"var(--ast-global-color-5)","background-image":"","background-repeat":"repeat","background-position":"center center","background-size":"auto","background-attachment":"scroll","background-type":"","background-media":"","overlay-type":"","overlay-color":"","overlay-opacity":"","overlay-gradient":""},"tablet":{"background-color":"var(--ast-global-color-5)","background-image":"","background-repeat":"repeat","background-position":"center center","background-size":"auto","background-attachment":"scroll","background-type":"","background-media":"","overlay-type":"","overlay-color":"","overlay-opacity":"","overlay-gradient":""},"mobile":{"background-color":"var(--ast-global-color-5)","background-image":"","background-repeat":"repeat","background-position":"center center","background-size":"auto","background-attachment":"scroll","background-type":"","background-media":"","overlay-type":"","overlay-color":"","overlay-opacity":"","overlay-gradient":""}}},"pwb-brand":[332],"product_brand":[],"product_cat":[333,351,934],"product_tag":[],"class_list":{"0":"post-3144","1":"product","2":"type-product","3":"status-publish","4":"has-post-thumbnail","6":"pwb-brand-victron","7":"product_cat-inversores","8":"product_cat-accesorios","9":"product_cat-monitorizacion","10":"desktop-align-left","11":"tablet-align-left","12":"mobile-align-left","13":"ast-product-gallery-layout-horizontal-slider","14":"ast-product-tabs-layout-horizontal","16":"first","17":"instock","18":"taxable","19":"shipping-taxable","20":"purchasable","21":"product-type-simple"},"wcpa_form_fields":null,"brands":[{"id":332,"name":"Victron Energy","slug":"victron"}],"_links":{"self":[{"href":"https:\/\/fvcomponentes.com\/fr\/wp-json\/wp\/v2\/product\/3144","targetHints":{"allow":["GET"]}}],"collection":[{"href":"https:\/\/fvcomponentes.com\/fr\/wp-json\/wp\/v2\/product"}],"about":[{"href":"https:\/\/fvcomponentes.com\/fr\/wp-json\/wp\/v2\/types\/product"}],"replies":[{"embeddable":true,"href":"https:\/\/fvcomponentes.com\/fr\/wp-json\/wp\/v2\/comments?post=3144"}],"wp:featuredmedia":[{"embeddable":true,"href":"https:\/\/fvcomponentes.com\/fr\/wp-json\/wp\/v2\/media\/3145"}],"wp:attachment":[{"href":"https:\/\/fvcomponentes.com\/fr\/wp-json\/wp\/v2\/media?parent=3144"}],"wp:term":[{"taxonomy":"pwb-brand","embeddable":true,"href":"https:\/\/fvcomponentes.com\/fr\/wp-json\/wp\/v2\/pwb-brand?post=3144"},{"taxonomy":"product_brand","embeddable":true,"href":"https:\/\/fvcomponentes.com\/fr\/wp-json\/wp\/v2\/product_brand?post=3144"},{"taxonomy":"product_cat","embeddable":true,"href":"https:\/\/fvcomponentes.com\/fr\/wp-json\/wp\/v2\/product_cat?post=3144"},{"taxonomy":"product_tag","embeddable":true,"href":"https:\/\/fvcomponentes.com\/fr\/wp-json\/wp\/v2\/product_tag?post=3144"}],"curies":[{"name":"wp","href":"https:\/\/api.w.org\/{rel}","templated":true}]}}