{"id":3135,"date":"2020-09-17T06:43:35","date_gmt":"2020-09-17T04:43:35","guid":{"rendered":"https:\/\/fvcomponentes.com\/producto\/interface-victron-ve-direct-bluetooth-smart-dongle\/"},"modified":"2026-01-15T10:04:30","modified_gmt":"2026-01-15T09:04:30","slug":"interface-victron-ve-direct-bluetooth-smart-dongle","status":"publish","type":"product","link":"https:\/\/fvcomponentes.com\/fr\/producto\/interface-victron-ve-direct-bluetooth-smart-dongle\/","title":{"rendered":"Victron VE.Direct Bluetooth Smart dongle interface - ASS030536011"},"content":{"rendered":"<h2>Interface Victron VE.Direct Bluetooth Smart Dongle<\/h2>\n<p>Gr\u00e2ce \u00e0 la connexion sans fil via Bluetooth, vous pouvez surveiller l'\u00e9tat de la batterie, la puissance de sortie entrante et d'autres donn\u00e9es utiles de votre contr\u00f4leur BMV et de votre r\u00e9gulateur de charge solaire MPPT. Vous devrez utiliser l'application VictronConnect, compatible avec iOS et Android.<\/p>\n<p>Smart Dongle fonctionne avec d'autres produits <a href=\"https:\/\/fvcomponentes.com\/fr\/marque\/victron\/\" target=\"_blank\" rel=\"noopener\">Victron<\/a> avec les ports VE.Direct.<\/p>\n<p>Il est compatible avec les onduleurs Phoenix, tels que le <a href=\"https:\/\/fvcomponentes.com\/fr\/produit\/onduleur-victron-phoenix-48-500\/\" target=\"_blank\" rel=\"noopener\">Onduleur Victron Phoenix 48\/500 VE Direct Schuko - PIN481501200, <\/a>les <a href=\"https:\/\/fvcomponentes.com\/fr\/categorie-de-produits\/controleurs-de-charge\/regulateurs-mppt\/\" target=\"_blank\" rel=\"noopener\">R\u00e9gulateurs de charge MPPT<\/a> et les moniteurs du BMV, tels que le <a href=\"https:\/\/fvcomponentes.com\/fr\/produit\/victron-bmv-700-battery-monitor\/\" target=\"_blank\" rel=\"noopener\">Victron BMV-700 Moniteur de batterie - BAM010700000 <\/a>entre autres.<\/p>","protected":false},"excerpt":{"rendered":"<p><strong>Interface Victron VE.Direct Bluetooth Smart dongle<\/strong><\/p>\n<ul>\n<li>Avec cet adaptateur bluetooth, vous pouvez facilement configurer les appareils avec le port Victron Ve.direct via un t\u00e9l\u00e9phone mobile (iOS ou Android) et visualiser la surveillance du contr\u00f4leur de batterie VICTRON BMV et des contr\u00f4leurs MPPT via l'application VictronConnect.<\/li>\n<\/ul>","protected":false},"featured_media":3136,"comment_status":"open","ping_status":"closed","template":"","meta":{"site-sidebar-layout":"default","site-content-layout":"default","ast-site-content-layout":"default","site-content-style":"default","site-sidebar-style":"default","ast-global-header-display":"","ast-banner-title-visibility":"","ast-main-header-display":"","ast-hfb-above-header-display":"","ast-hfb-below-header-display":"","ast-hfb-mobile-header-display":"","site-post-title":"","ast-breadcrumbs-content":"","ast-featured-img":"","footer-sml-layout":"","ast-disable-related-posts":"","theme-transparent-header-meta":"default","adv-header-id-meta":"","stick-header-meta":"","header-above-stick-meta":"","header-main-stick-meta":"","header-below-stick-meta":"","astra-migrate-meta-layouts":"set","ast-page-background-enabled":"default","ast-page-background-meta":{"desktop":{"background-color":"var(--ast-global-color-4)","background-image":"","background-repeat":"repeat","background-position":"center center","background-size":"auto","background-attachment":"scroll","background-type":"","background-media":"","overlay-type":"","overlay-color":"","overlay-opacity":"","overlay-gradient":""},"tablet":{"background-color":"","background-image":"","background-repeat":"repeat","background-position":"center center","background-size":"auto","background-attachment":"scroll","background-type":"","background-media":"","overlay-type":"","overlay-color":"","overlay-opacity":"","overlay-gradient":""},"mobile":{"background-color":"","background-image":"","background-repeat":"repeat","background-position":"center center","background-size":"auto","background-attachment":"scroll","background-type":"","background-media":"","overlay-type":"","overlay-color":"","overlay-opacity":"","overlay-gradient":""}},"ast-content-background-meta":{"desktop":{"background-color":"var(--ast-global-color-5)","background-image":"","background-repeat":"repeat","background-position":"center center","background-size":"auto","background-attachment":"scroll","background-type":"","background-media":"","overlay-type":"","overlay-color":"","overlay-opacity":"","overlay-gradient":""},"tablet":{"background-color":"var(--ast-global-color-5)","background-image":"","background-repeat":"repeat","background-position":"center center","background-size":"auto","background-attachment":"scroll","background-type":"","background-media":"","overlay-type":"","overlay-color":"","overlay-opacity":"","overlay-gradient":""},"mobile":{"background-color":"var(--ast-global-color-5)","background-image":"","background-repeat":"repeat","background-position":"center center","background-size":"auto","background-attachment":"scroll","background-type":"","background-media":"","overlay-type":"","overlay-color":"","overlay-opacity":"","overlay-gradient":""}}},"pwb-brand":[332],"product_brand":[],"product_cat":[333,351,878,410],"product_tag":[],"class_list":{"0":"post-3135","1":"product","2":"type-product","3":"status-publish","4":"has-post-thumbnail","6":"pwb-brand-victron","7":"product_cat-inversores","8":"product_cat-accesorios","9":"product_cat-cables-victron","10":"product_cat-material-electrico","11":"desktop-align-left","12":"tablet-align-left","13":"mobile-align-left","14":"ast-product-gallery-layout-horizontal-slider","15":"ast-product-tabs-layout-horizontal","17":"first","18":"instock","19":"taxable","20":"shipping-taxable","21":"purchasable","22":"product-type-simple"},"wcpa_form_fields":null,"brands":[{"id":332,"name":"Victron Energy","slug":"victron"}],"_links":{"self":[{"href":"https:\/\/fvcomponentes.com\/fr\/wp-json\/wp\/v2\/product\/3135","targetHints":{"allow":["GET"]}}],"collection":[{"href":"https:\/\/fvcomponentes.com\/fr\/wp-json\/wp\/v2\/product"}],"about":[{"href":"https:\/\/fvcomponentes.com\/fr\/wp-json\/wp\/v2\/types\/product"}],"replies":[{"embeddable":true,"href":"https:\/\/fvcomponentes.com\/fr\/wp-json\/wp\/v2\/comments?post=3135"}],"wp:featuredmedia":[{"embeddable":true,"href":"https:\/\/fvcomponentes.com\/fr\/wp-json\/wp\/v2\/media\/3136"}],"wp:attachment":[{"href":"https:\/\/fvcomponentes.com\/fr\/wp-json\/wp\/v2\/media?parent=3135"}],"wp:term":[{"taxonomy":"pwb-brand","embeddable":true,"href":"https:\/\/fvcomponentes.com\/fr\/wp-json\/wp\/v2\/pwb-brand?post=3135"},{"taxonomy":"product_brand","embeddable":true,"href":"https:\/\/fvcomponentes.com\/fr\/wp-json\/wp\/v2\/product_brand?post=3135"},{"taxonomy":"product_cat","embeddable":true,"href":"https:\/\/fvcomponentes.com\/fr\/wp-json\/wp\/v2\/product_cat?post=3135"},{"taxonomy":"product_tag","embeddable":true,"href":"https:\/\/fvcomponentes.com\/fr\/wp-json\/wp\/v2\/product_tag?post=3135"}],"curies":[{"name":"wp","href":"https:\/\/api.w.org\/{rel}","templated":true}]}}