{"id":3134,"date":"2020-09-17T06:42:12","date_gmt":"2020-09-17T04:42:12","guid":{"rendered":"https:\/\/fvcomponentes.com\/producto\/cable-victron-ve-direct-cable-5m\/"},"modified":"2026-04-04T12:43:08","modified_gmt":"2026-04-04T10:43:08","slug":"victron-ve-direct-cable-5m","status":"publish","type":"product","link":"https:\/\/fvcomponentes.com\/fr\/producto\/cable-victron-ve-direct-cable-5m\/","title":{"rendered":"C\u00e2ble Victron VE.Direct 5m - ASS030530250"},"content":{"rendered":"<h2>C\u00e2ble Victron VE.Direct 5m - ASS030530250<\/h2>\n<p><span lang=\"es\">La consommation d'\u00e9nergie peut \u00eatre r\u00e9duite de mani\u00e8re significative gr\u00e2ce \u00e0 la possibilit\u00e9 d'att\u00e9nuer la lumi\u00e8re en cas de besoin.<br \/>\nUne consommation plus faible r\u00e9duira le co\u00fbt total, et la disponibilit\u00e9 de l'\u00e9nergie augmentera m\u00eame si une batterie est \u00e0 moiti\u00e9 charg\u00e9e en raison d'un faible ensoleillement.<\/span><\/p>\n<p><span lang=\"es\">Le VE.Direct doit \u00eatre utilis\u00e9 en combinaison avec le BlueSolar MPPT 75\/15 ou MPPT 100\/15.<br \/>\nLe contr\u00f4leur de charge MPPT doit quant \u00e0 lui \u00eatre dot\u00e9 d'une version logicielle 1:15 ou sup\u00e9rieure, bien que les versions ant\u00e9rieures puissent \u00eatre mises \u00e0 jour dans ce cas.<\/span><\/p>\n<p>Autres tailles de c\u00e2bles :<\/p>\n<p>Ce c\u00e2ble vous permet de connecter vos produits Victron entre eux via les ports VE.Direct et de contr\u00f4ler toutes les donn\u00e9es, par exemple celles de vos produits Victron. <a href=\"https:\/\/fvcomponentes.com\/fr\/categorie-de-produits\/controleurs-de-charge\/regulateurs-mppt\/\" target=\"_blank\" rel=\"noopener\">Contr\u00f4leurs MPPT<\/a> .<\/p>\n<p><strong>Longueur du c\u00e2ble : 5 m\u00e8tres.<\/strong><\/p>\n<p>Autres tailles de c\u00e2bles :<\/p>\n<p><a href=\"https:\/\/fvcomponentes.com\/fr\/produit\/victron-ve-direct-cable-03m\/\" target=\"_blank\" rel=\"noopener\">Victron VE.Direct Cable 0,3m<\/a><br \/>\n<a href=\"https:\/\/fvcomponentes.com\/fr\/produit\/victron-ve-direct-cable-09m\/\" target=\"_blank\" rel=\"noopener\">Victron VE.Direct Cable 0,9m<\/a><br \/>\n<a href=\"https:\/\/fvcomponentes.com\/fr\/produit\/victron-ve-direct-cable-3m\/\" target=\"_blank\" rel=\"noopener\">Victron VE.Direct 3m cable<\/a><br \/>\n<a href=\"https:\/\/fvcomponentes.com\/fr\/produit\/victron-ve-direct-cable-10m\/\" target=\"_blank\" rel=\"noopener\">Victron VE.Direct 10m cable<\/a><\/p>\n<p>&nbsp;<\/p>","protected":false},"excerpt":{"rendered":"<p><strong>Victron VE.Direct Cable 5m<\/strong><\/p>\n<p>N\u00e9cessaire pour communiquer entre les diff\u00e9rents appareils Victron.<\/p>","protected":false},"featured_media":3133,"comment_status":"open","ping_status":"closed","template":"","meta":{"site-sidebar-layout":"default","site-content-layout":"default","ast-site-content-layout":"default","site-content-style":"default","site-sidebar-style":"default","ast-global-header-display":"","ast-banner-title-visibility":"","ast-main-header-display":"","ast-hfb-above-header-display":"","ast-hfb-below-header-display":"","ast-hfb-mobile-header-display":"","site-post-title":"","ast-breadcrumbs-content":"","ast-featured-img":"","footer-sml-layout":"","ast-disable-related-posts":"","theme-transparent-header-meta":"default","adv-header-id-meta":"","stick-header-meta":"","header-above-stick-meta":"","header-main-stick-meta":"","header-below-stick-meta":"","astra-migrate-meta-layouts":"set","ast-page-background-enabled":"default","ast-page-background-meta":{"desktop":{"background-color":"var(--ast-global-color-4)","background-image":"","background-repeat":"repeat","background-position":"center center","background-size":"auto","background-attachment":"scroll","background-type":"","background-media":"","overlay-type":"","overlay-color":"","overlay-opacity":"","overlay-gradient":""},"tablet":{"background-color":"","background-image":"","background-repeat":"repeat","background-position":"center center","background-size":"auto","background-attachment":"scroll","background-type":"","background-media":"","overlay-type":"","overlay-color":"","overlay-opacity":"","overlay-gradient":""},"mobile":{"background-color":"","background-image":"","background-repeat":"repeat","background-position":"center center","background-size":"auto","background-attachment":"scroll","background-type":"","background-media":"","overlay-type":"","overlay-color":"","overlay-opacity":"","overlay-gradient":""}},"ast-content-background-meta":{"desktop":{"background-color":"var(--ast-global-color-5)","background-image":"","background-repeat":"repeat","background-position":"center center","background-size":"auto","background-attachment":"scroll","background-type":"","background-media":"","overlay-type":"","overlay-color":"","overlay-opacity":"","overlay-gradient":""},"tablet":{"background-color":"var(--ast-global-color-5)","background-image":"","background-repeat":"repeat","background-position":"center center","background-size":"auto","background-attachment":"scroll","background-type":"","background-media":"","overlay-type":"","overlay-color":"","overlay-opacity":"","overlay-gradient":""},"mobile":{"background-color":"var(--ast-global-color-5)","background-image":"","background-repeat":"repeat","background-position":"center center","background-size":"auto","background-attachment":"scroll","background-type":"","background-media":"","overlay-type":"","overlay-color":"","overlay-opacity":"","overlay-gradient":""}}},"pwb-brand":[332],"product_brand":[],"product_cat":[351,878,333,410],"product_tag":[],"class_list":{"0":"post-3134","1":"product","2":"type-product","3":"status-publish","4":"has-post-thumbnail","6":"pwb-brand-victron","7":"product_cat-accesorios","8":"product_cat-cables-victron","9":"product_cat-inversores","10":"product_cat-material-electrico","11":"desktop-align-left","12":"tablet-align-left","13":"mobile-align-left","14":"ast-product-gallery-layout-horizontal-slider","15":"ast-product-gallery-with-no-image","16":"ast-product-tabs-layout-horizontal","18":"first","19":"instock","20":"taxable","21":"shipping-taxable","22":"purchasable","23":"product-type-simple"},"wcpa_form_fields":null,"brands":[{"id":332,"name":"Victron Energy","slug":"victron"}],"_links":{"self":[{"href":"https:\/\/fvcomponentes.com\/fr\/wp-json\/wp\/v2\/product\/3134","targetHints":{"allow":["GET"]}}],"collection":[{"href":"https:\/\/fvcomponentes.com\/fr\/wp-json\/wp\/v2\/product"}],"about":[{"href":"https:\/\/fvcomponentes.com\/fr\/wp-json\/wp\/v2\/types\/product"}],"replies":[{"embeddable":true,"href":"https:\/\/fvcomponentes.com\/fr\/wp-json\/wp\/v2\/comments?post=3134"}],"wp:featuredmedia":[{"embeddable":true,"href":"https:\/\/fvcomponentes.com\/fr\/wp-json\/wp\/v2\/media\/3133"}],"wp:attachment":[{"href":"https:\/\/fvcomponentes.com\/fr\/wp-json\/wp\/v2\/media?parent=3134"}],"wp:term":[{"taxonomy":"pwb-brand","embeddable":true,"href":"https:\/\/fvcomponentes.com\/fr\/wp-json\/wp\/v2\/pwb-brand?post=3134"},{"taxonomy":"product_brand","embeddable":true,"href":"https:\/\/fvcomponentes.com\/fr\/wp-json\/wp\/v2\/product_brand?post=3134"},{"taxonomy":"product_cat","embeddable":true,"href":"https:\/\/fvcomponentes.com\/fr\/wp-json\/wp\/v2\/product_cat?post=3134"},{"taxonomy":"product_tag","embeddable":true,"href":"https:\/\/fvcomponentes.com\/fr\/wp-json\/wp\/v2\/product_tag?post=3134"}],"curies":[{"name":"wp","href":"https:\/\/api.w.org\/{rel}","templated":true}]}}