{"id":31151,"date":"2025-10-02T15:24:14","date_gmt":"2025-10-02T13:24:14","guid":{"rendered":"https:\/\/fvcomponentes.com\/?post_type=product&#038;p=31151"},"modified":"2025-10-02T15:38:13","modified_gmt":"2025-10-02T13:38:13","slug":"porte-fusible-cylindrique-base-10x38mm-32a-gave","status":"publish","type":"product","link":"https:\/\/fvcomponentes.com\/fr\/producto\/base-portafusibles-cilindricos-de-10x38mm-32a-gave\/","title":{"rendered":"Base cylindrique de porte-fusible 10x38mm. 32A - Gave"},"content":{"rendered":"<h2>Base cylindrique de porte-fusible 10x38mm. 32A - Gave<\/h2>\n<p>Le porte-fusible cylindrique 10x38mm. 32A - Gave peut \u00eatre utilis\u00e9 dans tous les types d'installations photovolta\u00efques \u00e0 courant continu. Compatible avec le rail DIN, il est facile \u00e0 monter sur n'importe quel tableau \u00e9lectrique.<\/p>\n<p>Ce porte-fusible pr\u00e9sente une structure compacte et un porte-\u00e9tiquette pour faciliter l'identification du circuit. En outre, il a \u00e9t\u00e9 con\u00e7u avec des zones de ventilation optimis\u00e9es pour une meilleure dissipation de la chaleur et est fabriqu\u00e9 en polym\u00e8re haute performance avec une temp\u00e9rature de fusion sup\u00e9rieure \u00e0 300\u00b0C pour offrir une plus grande marge de s\u00e9curit\u00e9 contre la surchauffe de la cartouche.<\/p>\n<p>Fixation du rail DIN \u00e0 2 positions. La base PMX permet de manipuler la fixation du rail DIN avec le m\u00eame outil que celui utilis\u00e9 pour le serrage, qu'il s'agisse d'une pointe fendue ou d'un PZ2.<br \/>\nLa base PMX est fabriqu\u00e9e \u00e0 partir de mat\u00e9riaux plastiques sans halog\u00e8ne, pr\u00e9par\u00e9s pour les futures restrictions en mati\u00e8re d'halog\u00e8ne.<\/p>\n<p>Test\u00e9 conform\u00e9ment aux normes IEC 60269-2 et IEC 60947-3<\/p>\n<p>A utiliser avec des fusibles :<\/p>\n<ul>\n<li><a href=\"https:\/\/fvcomponentes.com\/fr\/produit\/fusible-cylindrique-10x38mm-12a\/\" target=\"_blank\" rel=\"noopener\">Fusible cylindrique 10x38mm. 12A 1000Vdc Crady sp\u00e9cial photovolta\u00efque - 01 18005<\/a><\/li>\n<li><a href=\"https:\/\/fvcomponentes.com\/fr\/produit\/fusible-cylindrique-10x38mm-12a-13\/\" target=\"_blank\" rel=\"noopener\">Fusible cylindrique 10x38mm. 16A 1000Vdc df Electrique sp\u00e9cial photovolta\u00efque - 491630<\/a><\/li>\n<li><a href=\"https:\/\/fvcomponentes.com\/fr\/produit\/fusible-cylindrique-10x38mm-32a-gave\/\" target=\"_blank\" rel=\"noopener\">Fusible cylindrique 10x38mm. 32A. Gave - 30F32GL<\/a><\/li>\n<\/ul>\n<h2>Fiche technique de la base cylindrique 10x38mm du porte-fusible. 32A - Gave<\/h2>\n<p><a href=\"https:\/\/fvcomponentes.com\/wp-content\/uploads\/2025\/10\/Ficha-Base-portafusibles-cilindricos-de-10x38mm.-32A.pdf\" target=\"_blank\" rel=\"noopener\">Fiche technique de la base cylindrique 10x38mm du porte-fusible. 32A - Gave<\/a><\/p>","protected":false},"excerpt":{"rendered":"<ul>\n<li><strong>Intensit\u00e9 maximale :<\/strong> 32A<\/li>\n<li><strong>Tension maximale : <\/strong>1000V DC<\/li>\n<li><strong>Pour les fusibles : <\/strong>Cylindrique 10\u00d738 mm<\/li>\n<li><strong>Puissance de cisaillement :<\/strong> 30kA<\/li>\n<li><strong>Degr\u00e9 de protection :<\/strong>\u00a0IP20.<\/li>\n<\/ul>","protected":false},"featured_media":31153,"comment_status":"open","ping_status":"closed","template":"","meta":{"site-sidebar-layout":"default","site-content-layout":"","ast-site-content-layout":"default","site-content-style":"default","site-sidebar-style":"default","ast-global-header-display":"","ast-banner-title-visibility":"","ast-main-header-display":"","ast-hfb-above-header-display":"","ast-hfb-below-header-display":"","ast-hfb-mobile-header-display":"","site-post-title":"","ast-breadcrumbs-content":"","ast-featured-img":"","footer-sml-layout":"","ast-disable-related-posts":"","theme-transparent-header-meta":"default","adv-header-id-meta":"","stick-header-meta":"","header-above-stick-meta":"","header-main-stick-meta":"","header-below-stick-meta":"","astra-migrate-meta-layouts":"set","ast-page-background-enabled":"default","ast-page-background-meta":{"desktop":{"background-color":"var(--ast-global-color-4)","background-image":"","background-repeat":"repeat","background-position":"center center","background-size":"auto","background-attachment":"scroll","background-type":"","background-media":"","overlay-type":"","overlay-color":"","overlay-opacity":"","overlay-gradient":""},"tablet":{"background-color":"","background-image":"","background-repeat":"repeat","background-position":"center center","background-size":"auto","background-attachment":"scroll","background-type":"","background-media":"","overlay-type":"","overlay-color":"","overlay-opacity":"","overlay-gradient":""},"mobile":{"background-color":"","background-image":"","background-repeat":"repeat","background-position":"center center","background-size":"auto","background-attachment":"scroll","background-type":"","background-media":"","overlay-type":"","overlay-color":"","overlay-opacity":"","overlay-gradient":""}},"ast-content-background-meta":{"desktop":{"background-color":"var(--ast-global-color-5)","background-image":"","background-repeat":"repeat","background-position":"center center","background-size":"auto","background-attachment":"scroll","background-type":"","background-media":"","overlay-type":"","overlay-color":"","overlay-opacity":"","overlay-gradient":""},"tablet":{"background-color":"var(--ast-global-color-5)","background-image":"","background-repeat":"repeat","background-position":"center center","background-size":"auto","background-attachment":"scroll","background-type":"","background-media":"","overlay-type":"","overlay-color":"","overlay-opacity":"","overlay-gradient":""},"mobile":{"background-color":"var(--ast-global-color-5)","background-image":"","background-repeat":"repeat","background-position":"center center","background-size":"auto","background-attachment":"scroll","background-type":"","background-media":"","overlay-type":"","overlay-color":"","overlay-opacity":"","overlay-gradient":""}}},"pwb-brand":[],"product_brand":[],"product_cat":[410,988],"product_tag":[],"class_list":{"0":"post-31151","1":"product","2":"type-product","3":"status-publish","4":"has-post-thumbnail","6":"product_cat-material-electrico","7":"product_cat-portafusibles","8":"desktop-align-left","9":"tablet-align-left","10":"mobile-align-left","11":"ast-product-gallery-layout-horizontal-slider","12":"ast-product-gallery-with-no-image","13":"ast-product-tabs-layout-horizontal","15":"first","16":"instock","17":"taxable","18":"shipping-taxable","19":"purchasable","20":"product-type-simple"},"wcpa_form_fields":null,"brands":[],"_links":{"self":[{"href":"https:\/\/fvcomponentes.com\/fr\/wp-json\/wp\/v2\/product\/31151","targetHints":{"allow":["GET"]}}],"collection":[{"href":"https:\/\/fvcomponentes.com\/fr\/wp-json\/wp\/v2\/product"}],"about":[{"href":"https:\/\/fvcomponentes.com\/fr\/wp-json\/wp\/v2\/types\/product"}],"replies":[{"embeddable":true,"href":"https:\/\/fvcomponentes.com\/fr\/wp-json\/wp\/v2\/comments?post=31151"}],"wp:featuredmedia":[{"embeddable":true,"href":"https:\/\/fvcomponentes.com\/fr\/wp-json\/wp\/v2\/media\/31153"}],"wp:attachment":[{"href":"https:\/\/fvcomponentes.com\/fr\/wp-json\/wp\/v2\/media?parent=31151"}],"wp:term":[{"taxonomy":"pwb-brand","embeddable":true,"href":"https:\/\/fvcomponentes.com\/fr\/wp-json\/wp\/v2\/pwb-brand?post=31151"},{"taxonomy":"product_brand","embeddable":true,"href":"https:\/\/fvcomponentes.com\/fr\/wp-json\/wp\/v2\/product_brand?post=31151"},{"taxonomy":"product_cat","embeddable":true,"href":"https:\/\/fvcomponentes.com\/fr\/wp-json\/wp\/v2\/product_cat?post=31151"},{"taxonomy":"product_tag","embeddable":true,"href":"https:\/\/fvcomponentes.com\/fr\/wp-json\/wp\/v2\/product_tag?post=31151"}],"curies":[{"name":"wp","href":"https:\/\/api.w.org\/{rel}","templated":true}]}}