{"id":3104,"date":"2020-09-16T11:50:44","date_gmt":"2020-09-16T09:50:44","guid":{"rendered":"https:\/\/fvcomponentes.com\/producto\/regulador-victron-bluesolar-mppt-75-10\/"},"modified":"2026-01-15T10:04:45","modified_gmt":"2026-01-15T09:04:45","slug":"victron-bluesolar-mppt-75-10-regulator","status":"publish","type":"product","link":"https:\/\/fvcomponentes.com\/fr\/producto\/regulador-victron-bluesolar-mppt-75-10\/","title":{"rendered":"Victron BlueSolar MPPT 75\/10 Contr\u00f4leur - SCC010010050R"},"content":{"rendered":"<h2>Contr\u00f4leur BlueSolar MPPT 75\/10 de Victron Energy Victron<\/h2>\n<div>Avec le contr\u00f4leur MPPT 75\/10 de Victron BlueSolar, vous pouvez b\u00e9n\u00e9ficier d'un courant de charge allant jusqu'\u00e0 10 amp\u00e8res et d'une tension PV allant jusqu'\u00e0 75 volts. Le contr\u00f4leur de charge MPPT 75\/10 BlueSolar de Victron peut charger une batterie avec une tension nominale inf\u00e9rieure \u00e0 partir de panneaux PV avec une tension nominale sup\u00e9rieure d'au moins +5V. Le contr\u00f4leur BlueSolar ajustera automatiquement la tension nominale de la batterie \u00e0 12, 24V une fois connect\u00e9e au contr\u00f4leur.<\/div>\n<p><strong>Suivi ultra rapide du point de puissance maximale (MPPT)<\/strong><br \/>\nEn particulier sous un ciel nuageux, lorsque l'intensit\u00e9 lumineuse change continuellement, un contr\u00f4leur MPPT ultrarapide am\u00e9liorera la r\u00e9colte d'\u00e9nergie jusqu'\u00e0 30%, par rapport \u00e0 30% dans le cas d'un ciel nuageux.<br \/>\navec les r\u00e9gulateurs de charge PWM, et jusqu'\u00e0 10% par rapport aux r\u00e9gulateurs MPPT plus lents.<\/p>\n<p><strong>D\u00e9tection avanc\u00e9e du point de puissance maximale en cas de couverture nuageuse partielle<\/strong><br \/>\nEn cas de couverture nuageuse partielle, deux points de puissance maximale (MPP) ou plus peuvent appara\u00eetre sur la courbe de tension de la charge. Les MPPT conventionnels s\u00e9lectionnent g\u00e9n\u00e9ralement un MPP local, qui n'est pas n\u00e9cessairement le MPP optimal. L'algorithme innovant de SmartSolar maximisera toujours la r\u00e9colte d'\u00e9nergie en s\u00e9lectionnant le MPP optimal.<\/p>\n<p><strong>Une efficacit\u00e9 de conversion exceptionnelle<\/strong><br \/>\nSans ventilateur. L'efficacit\u00e9 maximale d\u00e9passe 98%.<\/p>\n<p><strong>Algorithme de chargement flexible<\/strong><br \/>\nUn algorithme de charge enti\u00e8rement programmable (voir la page logiciel de notre site web) et huit algorithmes de charge pr\u00e9programm\u00e9s, qui peuvent \u00eatre s\u00e9lectionn\u00e9s \u00e0 l'aide d'un s\u00e9lecteur rotatif.<br \/>\n(voir le manuel pour plus d'informations).<\/p>\n<p><strong>Protection \u00e9lectronique \u00e9tendue<\/strong><br \/>\nProtection contre la surchauffe et r\u00e9duction de la puissance en cas de temp\u00e9rature \u00e9lev\u00e9e. Protection contre les courts-circuits et l'inversion de polarit\u00e9 des panneaux photovolta\u00efques. Protection contre l'inversion du courant PV.<\/p>\n<p><strong>Capteur de temp\u00e9rature interne<\/strong><br \/>\nCompense la tension de charge d'absorption et de flottabilit\u00e9, en fonction de la temp\u00e9rature.<\/p>\n<p><strong>Fonction de r\u00e9cup\u00e9ration de la batterie enti\u00e8rement d\u00e9charg\u00e9e<\/strong><br \/>\nCommence \u00e0 charger m\u00eame si la batterie est d\u00e9charg\u00e9e \u00e0 z\u00e9ro volt. Se reconnecte \u00e0 une batterie lithium-ion compl\u00e8tement d\u00e9charg\u00e9e gr\u00e2ce \u00e0 la fonction de d\u00e9connexion interne.<\/p>\n<p><strong>VE.Direct<\/strong><br \/>\nPour une connexion de donn\u00e9es c\u00e2bl\u00e9e \u00e0 un Color Control GX, \u00e0 d'autres produits GX, \u00e0 des PC ou \u00e0 d'autres dispositifs<br \/>\ndes appareils.<\/p>\n<h2>Fiche technique Victron BlueSolar MPPT 75\/10 R\u00e9gulateur - SCC010010050R<\/h2>\n<p><a href=\"https:\/\/fvcomponentes.com\/wp-content\/uploads\/2020\/09\/Datasheet-Blue-Solar-Charge-Controller-MPPT-75-10-75-15-100-15-100-20_48V-ES.pdf\" target=\"_blank\" rel=\"noopener\">Voir la fiche technique du contr\u00f4leur BlueSolar MPPT 75\/10 de Victron - SCC010010050R<\/a><\/p>\n<h2>Manuel Victron BlueSolar MPPT 75\/10 Controller - SCC010010050R<\/h2>\n<p><a href=\"https:\/\/fvcomponentes.com\/wp-content\/uploads\/2025\/10\/Manual-Reguladores-solares-MPPT-Victron-Blue-Solar-75-1075-15100-15-y-100-20.pdf\" target=\"_blank\" rel=\"noopener\">Voir le manuel du contr\u00f4leur BlueSolar MPPT 75\/10 de Victron - SCC010010050R<\/a><\/p>","protected":false},"excerpt":{"rendered":"<ul>\n<li><strong><span style=\"color: #ff0000\">\u00c9quipement sans Bluetooth<\/span><\/strong><\/li>\n<li><strong>Mod\u00e8le avec Bluetooth : <a href=\"https:\/\/fvcomponentes.com\/fr\/produit\/victron-smartsolar-mppt-75-10-controller\/\" target=\"_blank\" rel=\"noopener\">Victron SmartSolar MPPT 75\/10 Controller - SCC075010060R<\/a><\/strong><\/li>\n<li><strong>Tension de la batterie ;<\/strong> 12\/24 V Auto Select<\/li>\n<li><strong>Charge Courant nominal ;<\/strong> 10 A<\/li>\n<li><strong>Puissance maximale PV, 12V ;<\/strong>\u00a0 145 W<\/li>\n<li><strong>Puissance maximale PV, 24V<\/strong>; 290 W<\/li>\n<\/ul>","protected":false},"featured_media":3105,"comment_status":"open","ping_status":"closed","template":"","meta":{"site-sidebar-layout":"default","site-content-layout":"default","ast-site-content-layout":"default","site-content-style":"default","site-sidebar-style":"default","ast-global-header-display":"","ast-banner-title-visibility":"","ast-main-header-display":"","ast-hfb-above-header-display":"","ast-hfb-below-header-display":"","ast-hfb-mobile-header-display":"","site-post-title":"","ast-breadcrumbs-content":"","ast-featured-img":"","footer-sml-layout":"","ast-disable-related-posts":"","theme-transparent-header-meta":"default","adv-header-id-meta":"","stick-header-meta":"","header-above-stick-meta":"","header-main-stick-meta":"","header-below-stick-meta":"","astra-migrate-meta-layouts":"set","ast-page-background-enabled":"default","ast-page-background-meta":{"desktop":{"background-color":"var(--ast-global-color-4)","background-image":"","background-repeat":"repeat","background-position":"center center","background-size":"auto","background-attachment":"scroll","background-type":"","background-media":"","overlay-type":"","overlay-color":"","overlay-opacity":"","overlay-gradient":""},"tablet":{"background-color":"","background-image":"","background-repeat":"repeat","background-position":"center center","background-size":"auto","background-attachment":"scroll","background-type":"","background-media":"","overlay-type":"","overlay-color":"","overlay-opacity":"","overlay-gradient":""},"mobile":{"background-color":"","background-image":"","background-repeat":"repeat","background-position":"center center","background-size":"auto","background-attachment":"scroll","background-type":"","background-media":"","overlay-type":"","overlay-color":"","overlay-opacity":"","overlay-gradient":""}},"ast-content-background-meta":{"desktop":{"background-color":"var(--ast-global-color-5)","background-image":"","background-repeat":"repeat","background-position":"center center","background-size":"auto","background-attachment":"scroll","background-type":"","background-media":"","overlay-type":"","overlay-color":"","overlay-opacity":"","overlay-gradient":""},"tablet":{"background-color":"var(--ast-global-color-5)","background-image":"","background-repeat":"repeat","background-position":"center center","background-size":"auto","background-attachment":"scroll","background-type":"","background-media":"","overlay-type":"","overlay-color":"","overlay-opacity":"","overlay-gradient":""},"mobile":{"background-color":"var(--ast-global-color-5)","background-image":"","background-repeat":"repeat","background-position":"center center","background-size":"auto","background-attachment":"scroll","background-type":"","background-media":"","overlay-type":"","overlay-color":"","overlay-opacity":"","overlay-gradient":""}}},"pwb-brand":[332],"product_brand":[],"product_cat":[353,371],"product_tag":[],"class_list":{"0":"post-3104","1":"product","2":"type-product","3":"status-publish","4":"has-post-thumbnail","6":"pwb-brand-victron","7":"product_cat-reguladores-de-carga-solares","8":"product_cat-reguladores-mppt","9":"desktop-align-left","10":"tablet-align-left","11":"mobile-align-left","12":"ast-product-gallery-layout-horizontal-slider","13":"ast-product-gallery-with-no-image","14":"ast-product-tabs-layout-horizontal","16":"first","17":"instock","18":"taxable","19":"shipping-taxable","20":"purchasable","21":"product-type-simple"},"wcpa_form_fields":null,"brands":[{"id":332,"name":"Victron Energy","slug":"victron"}],"_links":{"self":[{"href":"https:\/\/fvcomponentes.com\/fr\/wp-json\/wp\/v2\/product\/3104","targetHints":{"allow":["GET"]}}],"collection":[{"href":"https:\/\/fvcomponentes.com\/fr\/wp-json\/wp\/v2\/product"}],"about":[{"href":"https:\/\/fvcomponentes.com\/fr\/wp-json\/wp\/v2\/types\/product"}],"replies":[{"embeddable":true,"href":"https:\/\/fvcomponentes.com\/fr\/wp-json\/wp\/v2\/comments?post=3104"}],"wp:featuredmedia":[{"embeddable":true,"href":"https:\/\/fvcomponentes.com\/fr\/wp-json\/wp\/v2\/media\/3105"}],"wp:attachment":[{"href":"https:\/\/fvcomponentes.com\/fr\/wp-json\/wp\/v2\/media?parent=3104"}],"wp:term":[{"taxonomy":"pwb-brand","embeddable":true,"href":"https:\/\/fvcomponentes.com\/fr\/wp-json\/wp\/v2\/pwb-brand?post=3104"},{"taxonomy":"product_brand","embeddable":true,"href":"https:\/\/fvcomponentes.com\/fr\/wp-json\/wp\/v2\/product_brand?post=3104"},{"taxonomy":"product_cat","embeddable":true,"href":"https:\/\/fvcomponentes.com\/fr\/wp-json\/wp\/v2\/product_cat?post=3104"},{"taxonomy":"product_tag","embeddable":true,"href":"https:\/\/fvcomponentes.com\/fr\/wp-json\/wp\/v2\/product_tag?post=3104"}],"curies":[{"name":"wp","href":"https:\/\/api.w.org\/{rel}","templated":true}]}}