{"id":31017,"date":"2025-09-29T15:09:08","date_gmt":"2025-09-29T13:09:08","guid":{"rendered":"https:\/\/fvcomponentes.com\/?post_type=product&#038;p=31017"},"modified":"2026-01-23T12:44:00","modified_gmt":"2026-01-23T11:44:00","slug":"borne-a-vis-m10-pour-cable-de-95mm","status":"publish","type":"product","link":"https:\/\/fvcomponentes.com\/fr\/producto\/terminal-de-tornillo-m10-para-cable-de-95mm\/","title":{"rendered":"Borne \u00e0 vis pour c\u00e2ble 95mm M10 - TT-95\/10"},"content":{"rendered":"<p>La borne \u00e0 vis M10 pour c\u00e2ble de 95 mm est un composant \u00e9lectrique con\u00e7u pour fournir une connexion s\u00fbre, fiable et durable dans les installations \u00e0 basse et moyenne tension, telles que les installations de batteries solaires pour l'autoconsommation dans les maisons ou pour l'\u00e9lectrification des caravanes et des bateaux.<\/p>\n<p>Les bornes sont fabriqu\u00e9es en tube de cuivre \u00e9lectrolytique avec une finition \u00e9tam\u00e9e, ce qui garantit une excellente conductivit\u00e9 \u00e9lectrique et une grande r\u00e9sistance m\u00e9canique. Elles constituent la solution id\u00e9ale pour le c\u00e2blage dans les applications industrielles, solaires ou automobiles.<\/p>\n<p>Le design \u00e9vas\u00e9 \u00e0 l'extr\u00e9mit\u00e9 de la tige permet de serrer fermement des c\u00e2bles d'une section allant jusqu'\u00e0 95 mm, \u00e9vitant ainsi les faux contacts. Le diam\u00e8tre M8 le rend compatible avec une large gamme de bornes de batterie, de syst\u00e8mes de distribution tels que les barres omnibus et d'autres dispositifs \u00e9lectriques.<\/p>\n<p>Les bornes sont fabriqu\u00e9es selon la norme NF-C20-130, qui d\u00e9finit comment les bornes doivent \u00eatre fabriqu\u00e9es et utilis\u00e9es pour assurer la s\u00e9curit\u00e9 \u00e9lectrique, la compatibilit\u00e9 et la fiabilit\u00e9 dans les installations basse et moyenne tension.<\/p>\n<p>Oubliez les complications : vous pouvez commander le c\u00e2ble dont vous avez besoin d\u00e9j\u00e0 pr\u00e9par\u00e9, avec des bornes serties et une gaine thermor\u00e9tractable install\u00e9e par nos professionnels. Commandez-les \u00e0 partir de ces liens :<br \/>\n<a href=\"https:\/\/fvcomponentes.com\/fr\/produit\/cable-de-batterie-sur-mesure-95mm-noir\/\" target=\"_blank\" rel=\"noopener\">C\u00e2ble de batterie 95mm NOIR (Custom)<\/a><br \/>\n<a href=\"https:\/\/fvcomponentes.com\/fr\/produit\/cable-de-batterie-sur-mesure-95mm-rouge\/\" target=\"_blank\" rel=\"noopener\">C\u00e2ble de batterie 95mm ROUGE (Custom)<\/a><\/p>","protected":false},"excerpt":{"rendered":"<ul>\n<li><strong>Pour c\u00e2ble de 95 mm<\/strong><\/li>\n<li><strong>Borne m\u00e9trique 8<\/strong><\/li>\n<\/ul>","protected":false},"featured_media":30991,"comment_status":"closed","ping_status":"closed","template":"","meta":{"site-sidebar-layout":"default","site-content-layout":"","ast-site-content-layout":"default","site-content-style":"default","site-sidebar-style":"default","ast-global-header-display":"","ast-banner-title-visibility":"","ast-main-header-display":"","ast-hfb-above-header-display":"","ast-hfb-below-header-display":"","ast-hfb-mobile-header-display":"","site-post-title":"","ast-breadcrumbs-content":"","ast-featured-img":"","footer-sml-layout":"","ast-disable-related-posts":"","theme-transparent-header-meta":"default","adv-header-id-meta":"","stick-header-meta":"","header-above-stick-meta":"","header-main-stick-meta":"","header-below-stick-meta":"","astra-migrate-meta-layouts":"set","ast-page-background-enabled":"default","ast-page-background-meta":{"desktop":{"background-color":"var(--ast-global-color-4)","background-image":"","background-repeat":"repeat","background-position":"center center","background-size":"auto","background-attachment":"scroll","background-type":"","background-media":"","overlay-type":"","overlay-color":"","overlay-opacity":"","overlay-gradient":""},"tablet":{"background-color":"","background-image":"","background-repeat":"repeat","background-position":"center center","background-size":"auto","background-attachment":"scroll","background-type":"","background-media":"","overlay-type":"","overlay-color":"","overlay-opacity":"","overlay-gradient":""},"mobile":{"background-color":"","background-image":"","background-repeat":"repeat","background-position":"center center","background-size":"auto","background-attachment":"scroll","background-type":"","background-media":"","overlay-type":"","overlay-color":"","overlay-opacity":"","overlay-gradient":""}},"ast-content-background-meta":{"desktop":{"background-color":"var(--ast-global-color-5)","background-image":"","background-repeat":"repeat","background-position":"center center","background-size":"auto","background-attachment":"scroll","background-type":"","background-media":"","overlay-type":"","overlay-color":"","overlay-opacity":"","overlay-gradient":""},"tablet":{"background-color":"var(--ast-global-color-5)","background-image":"","background-repeat":"repeat","background-position":"center center","background-size":"auto","background-attachment":"scroll","background-type":"","background-media":"","overlay-type":"","overlay-color":"","overlay-opacity":"","overlay-gradient":""},"mobile":{"background-color":"var(--ast-global-color-5)","background-image":"","background-repeat":"repeat","background-position":"center center","background-size":"auto","background-attachment":"scroll","background-type":"","background-media":"","overlay-type":"","overlay-color":"","overlay-opacity":"","overlay-gradient":""}}},"pwb-brand":[1010],"product_brand":[],"product_cat":[410,1008],"product_tag":[],"class_list":{"0":"post-31017","1":"product","2":"type-product","3":"status-publish","4":"has-post-thumbnail","6":"pwb-brand-fvcomponentes","7":"product_cat-material-electrico","8":"product_cat-terminales-de-tornillo","9":"desktop-align-left","10":"tablet-align-left","11":"mobile-align-left","12":"ast-product-gallery-layout-horizontal-slider","13":"ast-product-gallery-with-no-image","14":"ast-product-tabs-layout-horizontal","16":"first","17":"instock","18":"taxable","19":"shipping-taxable","20":"purchasable","21":"product-type-simple"},"wcpa_form_fields":null,"brands":[{"id":1010,"name":"FVComponentes","slug":"fvcomponentes"}],"_links":{"self":[{"href":"https:\/\/fvcomponentes.com\/fr\/wp-json\/wp\/v2\/product\/31017","targetHints":{"allow":["GET"]}}],"collection":[{"href":"https:\/\/fvcomponentes.com\/fr\/wp-json\/wp\/v2\/product"}],"about":[{"href":"https:\/\/fvcomponentes.com\/fr\/wp-json\/wp\/v2\/types\/product"}],"replies":[{"embeddable":true,"href":"https:\/\/fvcomponentes.com\/fr\/wp-json\/wp\/v2\/comments?post=31017"}],"wp:featuredmedia":[{"embeddable":true,"href":"https:\/\/fvcomponentes.com\/fr\/wp-json\/wp\/v2\/media\/30991"}],"wp:attachment":[{"href":"https:\/\/fvcomponentes.com\/fr\/wp-json\/wp\/v2\/media?parent=31017"}],"wp:term":[{"taxonomy":"pwb-brand","embeddable":true,"href":"https:\/\/fvcomponentes.com\/fr\/wp-json\/wp\/v2\/pwb-brand?post=31017"},{"taxonomy":"product_brand","embeddable":true,"href":"https:\/\/fvcomponentes.com\/fr\/wp-json\/wp\/v2\/product_brand?post=31017"},{"taxonomy":"product_cat","embeddable":true,"href":"https:\/\/fvcomponentes.com\/fr\/wp-json\/wp\/v2\/product_cat?post=31017"},{"taxonomy":"product_tag","embeddable":true,"href":"https:\/\/fvcomponentes.com\/fr\/wp-json\/wp\/v2\/product_tag?post=31017"}],"curies":[{"name":"wp","href":"https:\/\/api.w.org\/{rel}","templated":true}]}}