{"id":3086,"date":"2020-05-08T15:02:29","date_gmt":"2020-05-08T13:02:29","guid":{"rendered":"https:\/\/fvcomponentes.com\/producto\/inversor-phoenix-24-800-ve-direct-schuko\/"},"modified":"2026-04-08T21:34:05","modified_gmt":"2026-04-08T19:34:05","slug":"phoenix-24-800-ve-direct-schuko-inverter","status":"publish","type":"product","link":"https:\/\/fvcomponentes.com\/fr\/producto\/inversor-phoenix-24-800-ve-direct-schuko\/","title":{"rendered":"Onduleur Victron Phoenix 24\/800 VE Direct Schuko - PIN241801200"},"content":{"rendered":"<h2>Onduleur Phoenix 24\/800 VE Direct Schuko - PIN241800200<\/h2>\n<p>Au <a href=\"https:\/\/fvcomponentes.com\/fr\/\" target=\"_blank\" rel=\"noopener\">icide.co.uk<\/a> vous pouvez acheter le Phoenix Inverter 24\/800 VE Direct Schuko, nous sommes un service officiel de Fronius et des installateurs approuv\u00e9s par Victron.<\/p>\n<p>Cet onduleur solaire permet d'alimenter \u00e0 partir d'une batterie de 24V tout appareil fonctionnant \u00e0 230Vac. Il est id\u00e9al pour le bateau ou la caravane en raison de sa petite taille et parce qu'il incorpore le port Ve.Direct de Victron.<\/p>\n<h3>Caract\u00e9ristiques techniques<\/h3>\n<h4><strong>Le port de communication Victron VE.Direct permet de connecter l'onduleur photovolta\u00efque \u00e0 l'ordinateur.<\/strong><\/h4>\n<ul>\n<li>Un ordinateur (un c\u00e2ble d'interface VE.Direct vers USB est n\u00e9cessaire).<\/li>\n<li>Smartphones, tablettes, mackbooks et autres appareils Apple et Android (un dongle VE.Direct vers Bluetooth Smart est n\u00e9cessaire).<\/li>\n<\/ul>\n<h4><strong>L'onduleur Phoenix 24\/800 est enti\u00e8rement configurable :<\/strong><\/h4>\n<ul>\n<li>Alarme de faible tension de la batterie et niveaux de reconnexion.<\/li>\n<li>Niveaux d'arr\u00eat et de red\u00e9marrage en cas de faible tension de la batterie.<\/li>\n<li>D\u00e9connexion dynamique : niveau de d\u00e9connexion en fonction de la charge<\/li>\n<li>Tension de sortie 210 - 245V<\/li>\n<li>Fr\u00e9quence 50 Hz ou 60 Hz<\/li>\n<li>Activation\/d\u00e9sactivation du mode ECO et capteur de niveau du mode ECO<\/li>\n<\/ul>\n<h3>Fonctionnement en mode ECO<\/h3>\n<p>L'onduleur reste en veille lorsque la puissance en Watts de sa sortie tombe en dessous d'une valeur pr\u00e9alablement configur\u00e9e. Une fois en veille, l'onduleur s'allume bri\u00e8vement (r\u00e9glable ; par d\u00e9faut : toutes les 2,5 secondes). Si la charge d\u00e9passe le niveau pr\u00e9d\u00e9fini, l'onduleur reste allum\u00e9.<\/p>\n<h3>Puissance de d\u00e9marrage suppl\u00e9mentaire \u00e9lev\u00e9e<\/h3>\n<p>L'une des caract\u00e9ristiques de la technologie SinusMax est sa puissance de d\u00e9marrage tr\u00e8s \u00e9lev\u00e9e. Les onduleurs Phoenix sont con\u00e7us pour alimenter des charges difficiles, telles que des moteurs ou des outils \u00e9lectriques, avec une puissance de d\u00e9marrage \u00e9lev\u00e9e.<\/p>\n<h3>Interrupteur marche\/arr\u00eat \u00e0 distance<\/h3>\n<p>Sur ce mod\u00e8le d'onduleur solaire, vous pouvez connecter un interrupteur marche\/arr\u00eat \u00e0 distance et relier les deux fils \u00e0 l'onduleur pour allumer et \u00e9teindre l'onduleur \u00e0 distance. Cette option est l'une des plus appr\u00e9ci\u00e9es par les clients poss\u00e9dant une caravane, un bateau ou un voilier.<\/p>\n<h2>Fiche technique Victron Phoenix Inverter 24\/800 VE Direct Schuko - PIN241801200<\/h2>\n<p><a href=\"https:\/\/fvcomponentes.com\/wp-content\/uploads\/2025\/09\/Datasheet-Inverter-VE.Direct-250VA-1600VA-ES.pdf\" target=\"_blank\" rel=\"noopener\">Fiche technique Victron Phoenix Inverter 24\/800 VE Direct Schuko - PIN241801200<\/a><\/p>","protected":false},"excerpt":{"rendered":"<ul>\n<li><strong>Puissance nominale : <\/strong>800W<\/li>\n<li><strong>Puissance de cr\u00eate : <\/strong>1500W<\/li>\n<li><strong>Tension d'entr\u00e9e : <\/strong>24V<\/li>\n<\/ul>","protected":false},"featured_media":3087,"comment_status":"open","ping_status":"closed","template":"","meta":{"site-sidebar-layout":"default","site-content-layout":"default","ast-site-content-layout":"default","site-content-style":"default","site-sidebar-style":"default","ast-global-header-display":"","ast-banner-title-visibility":"","ast-main-header-display":"","ast-hfb-above-header-display":"","ast-hfb-below-header-display":"","ast-hfb-mobile-header-display":"","site-post-title":"","ast-breadcrumbs-content":"","ast-featured-img":"","footer-sml-layout":"","ast-disable-related-posts":"","theme-transparent-header-meta":"default","adv-header-id-meta":"","stick-header-meta":"","header-above-stick-meta":"","header-main-stick-meta":"","header-below-stick-meta":"","astra-migrate-meta-layouts":"set","ast-page-background-enabled":"default","ast-page-background-meta":{"desktop":{"background-color":"var(--ast-global-color-4)","background-image":"","background-repeat":"repeat","background-position":"center center","background-size":"auto","background-attachment":"scroll","background-type":"","background-media":"","overlay-type":"","overlay-color":"","overlay-opacity":"","overlay-gradient":""},"tablet":{"background-color":"","background-image":"","background-repeat":"repeat","background-position":"center center","background-size":"auto","background-attachment":"scroll","background-type":"","background-media":"","overlay-type":"","overlay-color":"","overlay-opacity":"","overlay-gradient":""},"mobile":{"background-color":"","background-image":"","background-repeat":"repeat","background-position":"center center","background-size":"auto","background-attachment":"scroll","background-type":"","background-media":"","overlay-type":"","overlay-color":"","overlay-opacity":"","overlay-gradient":""}},"ast-content-background-meta":{"desktop":{"background-color":"var(--ast-global-color-5)","background-image":"","background-repeat":"repeat","background-position":"center center","background-size":"auto","background-attachment":"scroll","background-type":"","background-media":"","overlay-type":"","overlay-color":"","overlay-opacity":"","overlay-gradient":""},"tablet":{"background-color":"var(--ast-global-color-5)","background-image":"","background-repeat":"repeat","background-position":"center center","background-size":"auto","background-attachment":"scroll","background-type":"","background-media":"","overlay-type":"","overlay-color":"","overlay-opacity":"","overlay-gradient":""},"mobile":{"background-color":"var(--ast-global-color-5)","background-image":"","background-repeat":"repeat","background-position":"center center","background-size":"auto","background-attachment":"scroll","background-type":"","background-media":"","overlay-type":"","overlay-color":"","overlay-opacity":"","overlay-gradient":""}}},"pwb-brand":[332],"product_brand":[],"product_cat":[367,333],"product_tag":[],"class_list":{"0":"post-3086","1":"product","2":"type-product","3":"status-publish","4":"has-post-thumbnail","6":"pwb-brand-victron","7":"product_cat-inversores-24-v","8":"product_cat-inversores","9":"desktop-align-left","10":"tablet-align-left","11":"mobile-align-left","12":"ast-product-gallery-layout-horizontal-slider","13":"ast-product-tabs-layout-horizontal","15":"first","16":"instock","17":"taxable","18":"shipping-taxable","19":"purchasable","20":"product-type-simple"},"wcpa_form_fields":null,"brands":[{"id":332,"name":"Victron Energy","slug":"victron"}],"_links":{"self":[{"href":"https:\/\/fvcomponentes.com\/fr\/wp-json\/wp\/v2\/product\/3086","targetHints":{"allow":["GET"]}}],"collection":[{"href":"https:\/\/fvcomponentes.com\/fr\/wp-json\/wp\/v2\/product"}],"about":[{"href":"https:\/\/fvcomponentes.com\/fr\/wp-json\/wp\/v2\/types\/product"}],"replies":[{"embeddable":true,"href":"https:\/\/fvcomponentes.com\/fr\/wp-json\/wp\/v2\/comments?post=3086"}],"wp:featuredmedia":[{"embeddable":true,"href":"https:\/\/fvcomponentes.com\/fr\/wp-json\/wp\/v2\/media\/3087"}],"wp:attachment":[{"href":"https:\/\/fvcomponentes.com\/fr\/wp-json\/wp\/v2\/media?parent=3086"}],"wp:term":[{"taxonomy":"pwb-brand","embeddable":true,"href":"https:\/\/fvcomponentes.com\/fr\/wp-json\/wp\/v2\/pwb-brand?post=3086"},{"taxonomy":"product_brand","embeddable":true,"href":"https:\/\/fvcomponentes.com\/fr\/wp-json\/wp\/v2\/product_brand?post=3086"},{"taxonomy":"product_cat","embeddable":true,"href":"https:\/\/fvcomponentes.com\/fr\/wp-json\/wp\/v2\/product_cat?post=3086"},{"taxonomy":"product_tag","embeddable":true,"href":"https:\/\/fvcomponentes.com\/fr\/wp-json\/wp\/v2\/product_tag?post=3086"}],"curies":[{"name":"wp","href":"https:\/\/api.w.org\/{rel}","templated":true}]}}