{"id":3053,"date":"2020-03-30T21:58:24","date_gmt":"2020-03-30T19:58:24","guid":{"rendered":"https:\/\/fvcomponentes.com\/producto\/fronius-symo-5-0-3-m\/"},"modified":"2026-01-09T11:56:14","modified_gmt":"2026-01-09T10:56:14","slug":"fronius-symo-5-0-3-m","status":"publish","type":"product","link":"https:\/\/fvcomponentes.com\/fr\/producto\/fronius-symo-5-0-3-m\/","title":{"rendered":"Onduleur triphas\u00e9 Fronius Symo 5.0-3-M - 4 210 034"},"content":{"rendered":"<h2><strong>Pourquoi le Fronius Symo 5.0 est-il le meilleur onduleur solaire pour l'autoconsommation ?<\/strong><\/h2>\n<p>L'onduleur triphas\u00e9 Fronius Symo 5.0-3-M - 4 210 034 <strong>est la meilleure solution<\/strong> pour un approvisionnement flexible en \u00e9nergie solaire. Avec une capacit\u00e9 de production maximale des panneaux solaires de 10 <strong>kWp<\/strong> le Fronius Symo est le <strong><a href=\"https:\/\/fvcomponentes.com\/fr\/categorie-de-produits\/investisseurs-2\/onduleurs-dautoconsommation\/\" target=\"_blank\" rel=\"noopener noreferrer\">onduleur triphas\u00e9<\/a><\/strong> id\u00e9al pour toute taille d'installation.<\/p>\n<p>Avec son design SuperFlex, il est parfait pour les toits \u00e0 diff\u00e9rentes inclinaisons ou orientations gr\u00e2ce \u00e0 ses 2 entr\u00e9es MPPT. La connexion Internet int\u00e9gr\u00e9e en standard via WLAN ou Ethernet et l'int\u00e9gration ais\u00e9e de composants tiers font du Fronius Symo l'un des onduleurs les plus communicants du march\u00e9. L'\u00e9cran int\u00e9gr\u00e9 permet une visualisation rapide et claire de la consommation.<\/p>\n<h3><strong>Comment connecter l'onduleur solaire ?<\/strong><\/h3>\n<p>Son installation est tr\u00e8s simple et rapide, en bas de l'\u00e9quipement on trouve les entr\u00e9es pour le c\u00e2blage AC, l'interrupteur de rupture de charge DC et les entr\u00e9es pour les strings (rappelons qu'il incorpore 2 trackers MPPT).<\/p>\n<p>A l'int\u00e9rieur, en retirant le couvercle inf\u00e9rieur, on trouve les connexions pour le r\u00e9seau ETHERNET, l'antenne WiFi et les connexions \u00e9lectriques pour pouvoir se connecter au r\u00e9seau. <strong>connecter les appareils en fonction de la production solaire.<\/strong><\/p>\n<p><img fetchpriority=\"high\" decoding=\"async\" class=\"size-full wp-image-5565 alignnone\" src=\"https:\/\/fvcomponentes.com\/wp-content\/uploads\/2022\/11\/fronius-primo-connection-area-inverter-169.jpg\" alt=\"fronius-primo-connection-area-inverter\" width=\"770\" height=\"433\" title=\"\"><\/p>\n<h2><\/h2>\n<h3><strong>Sch\u00e9ma de configuration triphas\u00e9 Fronius Symo 5.0-3-M - 4 210 034<\/strong><\/h3>\n<p>Le sch\u00e9ma d'installation est tr\u00e8s simple, il suffit d'installer le <strong><a href=\"https:\/\/fvcomponentes.com\/fr\/categorie-de-produits\/investisseurs-2\/accessoires\/\" target=\"_blank\" rel=\"noopener noreferrer\">Compteur intelligent Fronius<\/a> <\/strong>\u00e0 la fronti\u00e8re de notre installation et communiquent avec l'onduleur Fronius. De cette mani\u00e8re, nous pouvons contr\u00f4ler toute l'\u00e9nergie que nous consommons \u00e0 partir du r\u00e9seau, des panneaux ou de l'\u00e9nergie que nous injectons dans le r\u00e9seau.<\/p>\n<p><img decoding=\"async\" class=\"alignnone\" title=\"sch\u00e9ma-connexion-fronius\" src=\"https:\/\/fvcomponentes.com\/wp-content\/uploads\/2022\/11\/esquema-fronius.jpg\" alt=\"Sch\u00e9ma-Configuration-Fronius\" width=\"990\" height=\"350\" \/><\/p>\n<p>&nbsp;<\/p>\n<h3><strong>Surveillance de l'onduleur Fronius Symo 5.0 <a href=\"https:\/\/www.solarweb.com\/\" target=\"_blank\" rel=\"noopener noreferrer\">Solarweb.com<\/a><\/strong><\/h3>\n<p>L'installation du Fronius Symo est un jeu d'enfant, tout comme son utilisation. Tous les mod\u00e8les sont \u00e9quip\u00e9s en s\u00e9rie d'un pack de communication int\u00e9gr\u00e9 avec WLAN, un serveur web et un Datalogger. Gr\u00e2ce \u00e0 notre portail en ligne Fronius Solar.web, les utilisateurs peuvent surveiller et contr\u00f4ler de mani\u00e8re confortable et compl\u00e8te la production de leur installation photovolta\u00efque.<\/p>\n<p>L'application <strong><a href=\"https:\/\/www.solarweb.com\/\" target=\"_blank\" rel=\"noopener noreferrer\">Fronius Solar.web<\/a><\/strong> leur permet \u00e9galement d'acc\u00e9der \u00e0 toutes les donn\u00e9es de leur syst\u00e8me \u00e0 tout moment, m\u00eame lorsqu'ils ne sont pas chez eux. Cela offre une transparence maximale et vous aide \u00e0 tirer le meilleur parti de votre \u00e9nergie solaire autoproduite.<\/p>\n<p>&nbsp;<\/p>\n<p><img decoding=\"async\" class=\"alignnone wp-image-5566 size-full\" src=\"https:\/\/fvcomponentes.com\/wp-content\/uploads\/2022\/11\/reference-solarweb-app-galvo-ried-tr-169.jpg\" alt=\"solarweb.com-fronius\" width=\"770\" height=\"433\" title=\"\"><\/p>\n<p><img loading=\"lazy\" decoding=\"async\" class=\"alignnone wp-image-5564 size-full\" title=\"fronius-solarweb-monitoring-desktop\" src=\"https:\/\/fvcomponentes.com\/wp-content\/uploads\/2022\/11\/fronius-solarweb-monitoring-desktop-169-en.jpg\" alt=\"fronius-solarweb-Fronius-Symo-3.0\" width=\"770\" height=\"433\" \/><\/p>\n<h2>Fiche technique Fronius Inverter Symo 5.0-3-M Triphas\u00e9 - 4 210 034<\/h2>\n<p><a href=\"https:\/\/fvcomponentes.com\/wp-content\/uploads\/2025\/09\/Fronius_TDS_Symo_3.0-3_20.0-3_ES.pdf\" target=\"_blank\" rel=\"noopener\">Fiche technique de l'onduleur triphas\u00e9 Fronius Symo 5.0-3-M - 4 210 034<\/a><\/p>\n<p>&nbsp;<\/p>","protected":false},"excerpt":{"rendered":"<p><strong>Onduleur triphas\u00e9 Fronius Symo 5.0-3-M :\u00a0<\/strong><\/p>\n<ul>\n<li><strong>Puissance maximale ;<\/strong> 5 kW<\/li>\n<li><strong>Puissance maximale des panneaux solaires ;<\/strong> 10 kWp<\/li>\n<\/ul>","protected":false},"featured_media":3049,"comment_status":"open","ping_status":"closed","template":"","meta":{"site-sidebar-layout":"default","site-content-layout":"default","ast-site-content-layout":"default","site-content-style":"default","site-sidebar-style":"default","ast-global-header-display":"","ast-banner-title-visibility":"","ast-main-header-display":"","ast-hfb-above-header-display":"","ast-hfb-below-header-display":"","ast-hfb-mobile-header-display":"","site-post-title":"","ast-breadcrumbs-content":"","ast-featured-img":"","footer-sml-layout":"","ast-disable-related-posts":"","theme-transparent-header-meta":"default","adv-header-id-meta":"","stick-header-meta":"","header-above-stick-meta":"","header-main-stick-meta":"","header-below-stick-meta":"","astra-migrate-meta-layouts":"set","ast-page-background-enabled":"default","ast-page-background-meta":{"desktop":{"background-color":"var(--ast-global-color-4)","background-image":"","background-repeat":"repeat","background-position":"center center","background-size":"auto","background-attachment":"scroll","background-type":"","background-media":"","overlay-type":"","overlay-color":"","overlay-opacity":"","overlay-gradient":""},"tablet":{"background-color":"","background-image":"","background-repeat":"repeat","background-position":"center center","background-size":"auto","background-attachment":"scroll","background-type":"","background-media":"","overlay-type":"","overlay-color":"","overlay-opacity":"","overlay-gradient":""},"mobile":{"background-color":"","background-image":"","background-repeat":"repeat","background-position":"center center","background-size":"auto","background-attachment":"scroll","background-type":"","background-media":"","overlay-type":"","overlay-color":"","overlay-opacity":"","overlay-gradient":""}},"ast-content-background-meta":{"desktop":{"background-color":"var(--ast-global-color-5)","background-image":"","background-repeat":"repeat","background-position":"center center","background-size":"auto","background-attachment":"scroll","background-type":"","background-media":"","overlay-type":"","overlay-color":"","overlay-opacity":"","overlay-gradient":""},"tablet":{"background-color":"var(--ast-global-color-5)","background-image":"","background-repeat":"repeat","background-position":"center center","background-size":"auto","background-attachment":"scroll","background-type":"","background-media":"","overlay-type":"","overlay-color":"","overlay-opacity":"","overlay-gradient":""},"mobile":{"background-color":"var(--ast-global-color-5)","background-image":"","background-repeat":"repeat","background-position":"center center","background-size":"auto","background-attachment":"scroll","background-type":"","background-media":"","overlay-type":"","overlay-color":"","overlay-opacity":"","overlay-gradient":""}}},"pwb-brand":[344],"product_brand":[],"product_cat":[345,333,921],"product_tag":[],"class_list":{"0":"post-3053","1":"product","2":"type-product","3":"status-publish","4":"has-post-thumbnail","6":"pwb-brand-fronius","7":"product_cat-inversores-de-autoconsumo","8":"product_cat-inversores","9":"product_cat-inversores-autoconsumo-trifasicos","10":"desktop-align-left","11":"tablet-align-left","12":"mobile-align-left","13":"ast-product-gallery-layout-horizontal-slider","14":"ast-product-gallery-with-no-image","15":"ast-product-tabs-layout-horizontal","17":"first","18":"outofstock","19":"sale","20":"taxable","21":"shipping-taxable","22":"purchasable","23":"product-type-simple"},"wcpa_form_fields":null,"brands":[{"id":344,"name":"Onduleurs Fronius","slug":"fronius"}],"_links":{"self":[{"href":"https:\/\/fvcomponentes.com\/fr\/wp-json\/wp\/v2\/product\/3053","targetHints":{"allow":["GET"]}}],"collection":[{"href":"https:\/\/fvcomponentes.com\/fr\/wp-json\/wp\/v2\/product"}],"about":[{"href":"https:\/\/fvcomponentes.com\/fr\/wp-json\/wp\/v2\/types\/product"}],"replies":[{"embeddable":true,"href":"https:\/\/fvcomponentes.com\/fr\/wp-json\/wp\/v2\/comments?post=3053"}],"wp:featuredmedia":[{"embeddable":true,"href":"https:\/\/fvcomponentes.com\/fr\/wp-json\/wp\/v2\/media\/3049"}],"wp:attachment":[{"href":"https:\/\/fvcomponentes.com\/fr\/wp-json\/wp\/v2\/media?parent=3053"}],"wp:term":[{"taxonomy":"pwb-brand","embeddable":true,"href":"https:\/\/fvcomponentes.com\/fr\/wp-json\/wp\/v2\/pwb-brand?post=3053"},{"taxonomy":"product_brand","embeddable":true,"href":"https:\/\/fvcomponentes.com\/fr\/wp-json\/wp\/v2\/product_brand?post=3053"},{"taxonomy":"product_cat","embeddable":true,"href":"https:\/\/fvcomponentes.com\/fr\/wp-json\/wp\/v2\/product_cat?post=3053"},{"taxonomy":"product_tag","embeddable":true,"href":"https:\/\/fvcomponentes.com\/fr\/wp-json\/wp\/v2\/product_tag?post=3053"}],"curies":[{"name":"wp","href":"https:\/\/api.w.org\/{rel}","templated":true}]}}