{"id":3038,"date":"2020-03-30T21:49:57","date_gmt":"2020-03-30T19:49:57","guid":{"rendered":"https:\/\/fvcomponentes.com\/producto\/fronius-primo-gen-24-plus-6-0\/"},"modified":"2026-03-30T12:15:23","modified_gmt":"2026-03-30T10:15:23","slug":"fronius-primo-gen-24-plus-6-0","status":"publish","type":"product","link":"https:\/\/fvcomponentes.com\/fr\/producto\/fronius-primo-gen-24-plus-6-0-2\/","title":{"rendered":"Onduleur Fronius Primo GEN24 6.0 Plus hybride monophas\u00e9 \u2013 4 210 145 002"},"content":{"rendered":"<h2><strong>Pourquoi le Primo GEN24 Plus 6.0 est-il le meilleur onduleur solaire hybride ?<\/strong><\/h2>\n<p>L'onduleur hybride Fronius Primo GEN24 6.0 Plus <strong>est la meilleure solution<\/strong> pour un approvisionnement flexible en \u00e9nergie solaire. Qu'il s'agisse de photovolta\u00efque, de syst\u00e8mes de stockage, d'alimentation de secours, de climatisation ou de mobilit\u00e9 \u00e9lectrique, le Fronius GEN24 Plus offre une gamme unique de solutions.<\/p>\n<table>\n<tbody>\n<tr>\n<td><img decoding=\"async\" class=\"aligncenter size-full wp-image-6137\" src=\"https:\/\/fvcomponentes.com\/wp-content\/uploads\/2022\/11\/icon-gen24-enchufe.png\" alt=\"\" width=\"50\" height=\"50\" title=\"\"><\/td>\n<td><\/td>\n<td>\n<h3><strong>Syst\u00e8me de sauvegarde int\u00e9gr\u00e9<\/strong><\/h3>\n<p>Les onduleurs Fronius de la s\u00e9rie GEN24 Plus disposent d'un syst\u00e8me d'urgence int\u00e9gr\u00e9 qui fonctionne m\u00eame dans les installations sans batterie int\u00e9gr\u00e9e.<\/td>\n<\/tr>\n<tr>\n<td><img decoding=\"async\" class=\"aligncenter size-full wp-image-6138\" src=\"https:\/\/fvcomponentes.com\/wp-content\/uploads\/2022\/11\/icon-gen24-llave.png\" alt=\"\" width=\"50\" height=\"50\" title=\"\"><\/td>\n<td><\/td>\n<td>\n<h3><strong>Installation et mise en service simples<\/strong><\/h3>\n<p>Il dispose de vis d'ancrage rapide et d'un syst\u00e8me de fixation murale simple. Configuration et mise en service simples et guid\u00e9es via l'application sur votre mobile ou tablette.<\/td>\n<\/tr>\n<tr>\n<td><img decoding=\"async\" class=\"aligncenter size-full wp-image-6139\" src=\"https:\/\/fvcomponentes.com\/wp-content\/uploads\/2022\/11\/icon-gen24-casa.png\" alt=\"\" width=\"50\" height=\"50\" title=\"\"><\/td>\n<td><\/td>\n<td>\n<h3><strong>Plage d'autoconsommation maximale<\/strong><\/h3>\n<p>Syst\u00e8me int\u00e9gr\u00e9 de gestion de l'\u00e9nergie. Optimisation de l'\u00e9nergie exc\u00e9dentaire pour obtenir le taux d'autoconsommation le plus \u00e9lev\u00e9 possible.<\/td>\n<\/tr>\n<tr>\n<td><img loading=\"lazy\" decoding=\"async\" class=\"aligncenter size-full wp-image-6140\" src=\"https:\/\/fvcomponentes.com\/wp-content\/uploads\/2022\/11\/icon-gen24-bateria.png\" alt=\"\" width=\"50\" height=\"50\" title=\"\"><\/td>\n<td><\/td>\n<td>\n<h3><strong>Technologie MULTIFLOW<\/strong><\/h3>\n<p>Il permet un flux d'\u00e9nergie simultan\u00e9 dans toutes les directions, mais aussi le couplage AC, DC et AC &amp; DC du syst\u00e8me de stockage de la batterie.<\/td>\n<\/tr>\n<tr>\n<td><img loading=\"lazy\" decoding=\"async\" class=\"aligncenter size-full wp-image-6141\" src=\"https:\/\/fvcomponentes.com\/wp-content\/uploads\/2022\/11\/icon-gen24-ahorro.png\" alt=\"\" width=\"50\" height=\"50\" title=\"\"><\/td>\n<td><\/td>\n<td>\n<h3><strong>\u00c9pargne garantie<\/strong><\/h3>\n<p>De nombreuses fonctions int\u00e9gr\u00e9es en usine \u00e9liminent les co\u00fbts suppl\u00e9mentaires inutiles. Caract\u00e9ristiques int\u00e9gr\u00e9es : syst\u00e8me de sauvegarde, outil de suivi et d'analyse de l'\u00e9nergie, Dynamic Peak Manager, conception SuperFlex, syst\u00e8me de gestion des exc\u00e9dents...<\/td>\n<\/tr>\n<\/tbody>\n<\/table>\n<div><\/div>\n<h3>Int\u00e9gration de l'onduleur Fronius Primo GEN24 Plus<\/h3>\n<p>L'onduleur Fronius Primo GEN24 Plus est la solution la plus polyvalente qui couvre tous les besoins domestiques. L'int\u00e9gration \u00e9nerg\u00e9tique de la maison est assur\u00e9e, avec un \u00e9l\u00e9ment indispensable qui transforme l'\u00e9nergie des panneaux solaires en \u00e9lectricit\u00e9 adapt\u00e9e \u00e0 tous les types d'appareils m\u00e9nagers, chauffe-eau ou points de charge pour les nouveaux v\u00e9hicules \u00e9lectriques.<\/p>\n<p>La s\u00e9rie GEN24 Plus s'int\u00e8gre parfaitement \u00e0 un syst\u00e8me de surveillance et de contr\u00f4le int\u00e9gr\u00e9 qui nous permet d'acc\u00e9der \u00e0 notre installation depuis n'importe o\u00f9 avec des donn\u00e9es en temps r\u00e9el gr\u00e2ce \u00e0 <a href=\"https:\/\/www.solarweb.com\/\" target=\"_blank\" rel=\"noreferrer noopener\">Solar.web<\/a>. Application disponible pour Android et Apple.<\/p>\n<h3><strong>Fronius PV-Point<\/strong><\/h3>\n<p>La technologie r\u00e9volutionnaire de Fronius nous permet de disposer d'une puissance de 3 kW pour les situations d'urgence. La nouveaut\u00e9 est que cette puissance est capable de fonctionner dans les situations suivantes<strong> pas besoin de piles<\/strong>. Nous pouvons alimenter directement n'importe quel \u00e9quipement de mani\u00e8re ponctuelle, \u00e0 condition que les panneaux fournissent cette \u00e9nergie \u00e0 ce moment-l\u00e0.<\/p>\n<p>Primo GEN24 Plus 6.0<\/p>\n<p>Sans avoir besoin d'une alimentation secteur ni d'une batterie, nous pouvons alimenter directement \u00e0 partir des panneaux solaires une ligne d'une puissance maximale de 3 kW.<\/p>\n<h3><strong>Technologie \u00e0 flux multiples de la <\/strong>Primo GEN24 Plus<\/h3>\n<p>L'\u00e9nergie peut d\u00e9sormais circuler dans les deux sens, panneaux - batterie solaire et r\u00e9seau, et des r\u00e8gles temporelles peuvent m\u00eame \u00eatre cr\u00e9\u00e9es pour charger \u00e0 partir du r\u00e9seau, fixer une d\u00e9charge minimale de la batterie, etc... Presque toutes les combinaisons sont possibles.<\/p>\n<p><img loading=\"lazy\" decoding=\"async\" class=\"alignnone wp-image-5557\" src=\"https:\/\/fvcomponentes.com\/wp-content\/uploads\/2022\/11\/multiflow.png\" alt=\"fronius-multifow\" width=\"800\" height=\"541\" title=\"\"><\/p>\n<p>Cela nous permet de b\u00e9n\u00e9ficier d'un tarif de nuit si nous le souhaitons et de conserver l'\u00e9nergie dans les batteries pour le lendemain, de d\u00e9charger sur le r\u00e9seau si nous avons la batterie avec une charge minimale de %, de contr\u00f4ler les charges si nous avons un surplus de production en milieu de journ\u00e9e (brancher le purificateur de la piscine par exemple...).<\/p>\n<h3><strong>Sauvegarde compl\u00e8te Fronius Primo GEN24 Plus 6.0<\/strong><\/h3>\n<p>Gr\u00e2ce \u00e0 cette nouvelle fonction de Fronius, il est possible de fournir de l'\u00e9nergie \u00e0 la consommation domestique en cas de panne de courant.<\/p>\n<p>&nbsp;<\/p>\n<p>En cas de panne de courant, le syst\u00e8me est isol\u00e9 du r\u00e9seau par un contacteur et, apr\u00e8s 60 secondes, nous pouvons utiliser l'\u00e9nergie solaire photovolta\u00efque pour des cas sp\u00e9cifiques.<\/p>\n<p>Pour en savoir plus, consultez le site web de <strong><a href=\"https:\/\/www.fronius.com\/es-es\/spain\/energia-solar\/experiencia\/gen24plus\" target=\"_blank\" rel=\"noopener noreferrer\">Fronius GEN24 Plus<\/a><\/strong><\/p>\n<h3><strong>Compatibilit\u00e9 des piles<\/strong><\/h3>\n<p>La gamme d'onduleurs Fronius GEN24 Plus est compatible avec les batteries B&amp;D suivantes.<\/p>\n<p><img loading=\"lazy\" decoding=\"async\" class=\"size-full wp-image-5560 alignnone\" src=\"https:\/\/fvcomponentes.com\/wp-content\/uploads\/2022\/11\/compatibilidad-FRO_BYD_02.2020.png\" alt=\"compatibilit\u00e9-fronius-BYD\" width=\"581\" height=\"290\" title=\"\"><\/p>\n<h2><a href=\"https:\/\/fvcomponentes.com\/wp-content\/uploads\/2025\/09\/ES_Datasheet_PrimoGEN24-2.pdf\" target=\"_blank\" rel=\"noopener\">Voir la fiche technique Fronius Primo Inverter GEN24 Plus 6.0 Hybrid Single-Phase - 4 210 145 002<\/a><\/h2>","protected":false},"excerpt":{"rendered":"<p><strong>Onduleur hybride Fronius Primo GEN24 6.0 Plus :<\/strong><\/p>\n<ul>\n<li><strong>Puissance maximale ;<\/strong> 6 kW<\/li>\n<li><strong>Puissance maximale des panneaux solaires ;<\/strong> 9 kWp<\/li>\n<li><strong>Capacit\u00e9 maximale de la batterie ;<\/strong> 19,3 kW\/h<\/li>\n<li><strong>Sortie de secours PV-Point ;<\/strong> 3 kW<\/li>\n<\/ul>","protected":false},"featured_media":3028,"comment_status":"open","ping_status":"closed","template":"","meta":{"site-sidebar-layout":"default","site-content-layout":"default","ast-site-content-layout":"default","site-content-style":"default","site-sidebar-style":"default","ast-global-header-display":"","ast-banner-title-visibility":"","ast-main-header-display":"","ast-hfb-above-header-display":"","ast-hfb-below-header-display":"","ast-hfb-mobile-header-display":"","site-post-title":"","ast-breadcrumbs-content":"","ast-featured-img":"","footer-sml-layout":"","ast-disable-related-posts":"","theme-transparent-header-meta":"default","adv-header-id-meta":"","stick-header-meta":"","header-above-stick-meta":"","header-main-stick-meta":"","header-below-stick-meta":"","astra-migrate-meta-layouts":"set","ast-page-background-enabled":"default","ast-page-background-meta":{"desktop":{"background-color":"var(--ast-global-color-4)","background-image":"","background-repeat":"repeat","background-position":"center center","background-size":"auto","background-attachment":"scroll","background-type":"","background-media":"","overlay-type":"","overlay-color":"","overlay-opacity":"","overlay-gradient":""},"tablet":{"background-color":"","background-image":"","background-repeat":"repeat","background-position":"center center","background-size":"auto","background-attachment":"scroll","background-type":"","background-media":"","overlay-type":"","overlay-color":"","overlay-opacity":"","overlay-gradient":""},"mobile":{"background-color":"","background-image":"","background-repeat":"repeat","background-position":"center center","background-size":"auto","background-attachment":"scroll","background-type":"","background-media":"","overlay-type":"","overlay-color":"","overlay-opacity":"","overlay-gradient":""}},"ast-content-background-meta":{"desktop":{"background-color":"var(--ast-global-color-5)","background-image":"","background-repeat":"repeat","background-position":"center center","background-size":"auto","background-attachment":"scroll","background-type":"","background-media":"","overlay-type":"","overlay-color":"","overlay-opacity":"","overlay-gradient":""},"tablet":{"background-color":"var(--ast-global-color-5)","background-image":"","background-repeat":"repeat","background-position":"center center","background-size":"auto","background-attachment":"scroll","background-type":"","background-media":"","overlay-type":"","overlay-color":"","overlay-opacity":"","overlay-gradient":""},"mobile":{"background-color":"var(--ast-global-color-5)","background-image":"","background-repeat":"repeat","background-position":"center center","background-size":"auto","background-attachment":"scroll","background-type":"","background-media":"","overlay-type":"","overlay-color":"","overlay-opacity":"","overlay-gradient":""}}},"pwb-brand":[344],"product_brand":[],"product_cat":[359,924,333],"product_tag":[],"class_list":{"0":"post-3038","1":"product","2":"type-product","3":"status-publish","4":"has-post-thumbnail","6":"pwb-brand-fronius","7":"product_cat-inversores-autoconsumo-hibridos","8":"product_cat-inversores-autoconsumo-hibridos-monofasicos","9":"product_cat-inversores","10":"desktop-align-left","11":"tablet-align-left","12":"mobile-align-left","13":"ast-product-gallery-layout-horizontal-slider","14":"ast-product-gallery-with-no-image","15":"ast-product-tabs-layout-horizontal","17":"first","18":"instock","19":"taxable","20":"shipping-taxable","21":"purchasable","22":"product-type-simple"},"wcpa_form_fields":null,"brands":[{"id":344,"name":"Onduleurs Fronius","slug":"fronius"}],"_links":{"self":[{"href":"https:\/\/fvcomponentes.com\/fr\/wp-json\/wp\/v2\/product\/3038","targetHints":{"allow":["GET"]}}],"collection":[{"href":"https:\/\/fvcomponentes.com\/fr\/wp-json\/wp\/v2\/product"}],"about":[{"href":"https:\/\/fvcomponentes.com\/fr\/wp-json\/wp\/v2\/types\/product"}],"replies":[{"embeddable":true,"href":"https:\/\/fvcomponentes.com\/fr\/wp-json\/wp\/v2\/comments?post=3038"}],"wp:featuredmedia":[{"embeddable":true,"href":"https:\/\/fvcomponentes.com\/fr\/wp-json\/wp\/v2\/media\/3028"}],"wp:attachment":[{"href":"https:\/\/fvcomponentes.com\/fr\/wp-json\/wp\/v2\/media?parent=3038"}],"wp:term":[{"taxonomy":"pwb-brand","embeddable":true,"href":"https:\/\/fvcomponentes.com\/fr\/wp-json\/wp\/v2\/pwb-brand?post=3038"},{"taxonomy":"product_brand","embeddable":true,"href":"https:\/\/fvcomponentes.com\/fr\/wp-json\/wp\/v2\/product_brand?post=3038"},{"taxonomy":"product_cat","embeddable":true,"href":"https:\/\/fvcomponentes.com\/fr\/wp-json\/wp\/v2\/product_cat?post=3038"},{"taxonomy":"product_tag","embeddable":true,"href":"https:\/\/fvcomponentes.com\/fr\/wp-json\/wp\/v2\/product_tag?post=3038"}],"curies":[{"name":"wp","href":"https:\/\/api.w.org\/{rel}","templated":true}]}}