{"id":3015,"date":"2020-03-21T12:05:35","date_gmt":"2020-03-21T11:05:35","guid":{"rendered":"https:\/\/fvcomponentes.com\/producto\/regulador-bluesolar-pwm-light-12-24v-20a\/"},"modified":"2026-04-04T12:43:43","modified_gmt":"2026-04-04T10:43:43","slug":"bluesolar-pwm-light-12-24v-20a-regulator","status":"publish","type":"product","link":"https:\/\/fvcomponentes.com\/fr\/producto\/regulador-bluesolar-pwm-light-12-24v-20a\/","title":{"rendered":"R\u00e9gulateur solaire BlueSolar PWM Light 12\/24V-20A - SCC010020020"},"content":{"rendered":"<div class=\"description\">\n<h2>BlueSolar Contr\u00f4leur solaire PWM Light 12\/24V 20A - SCC010020020<\/h2>\n<p>Le r\u00e9gulateur solaire BlueSolar PWM Light 12\/24V-20A dispose d'un \u00e9cran \u00e0 deux chiffres et sept segments pour un r\u00e9glage rapide et facile de la fonction de sortie de charge, y compris le r\u00e9glage de la minuterie.<\/p>\n<p>Chargement de la batterie en trois \u00e9tapes (initiale, absorption et flottante), non programmable. Le r\u00e9gulateur solaire BlueSolar PWM Light 12\/24V-20A poss\u00e8de une sortie de charge prot\u00e9g\u00e9e contre les surcharges et les courts-circuits. Il est prot\u00e9g\u00e9 contre l'inversion de polarit\u00e9 des panneaux solaires et\/ou de la batterie.<\/p>\n<h3>\u00a0Trois mod\u00e8les : 5 A, 10 A ou 20 A \u00e0 12 V ou 24 V<\/h3>\n<p>- Contr\u00f4leur PWM \u00e0 faible co\u00fbt.<br \/>\n- Capteur de temp\u00e9rature interne.<br \/>\n- Chargement de la batterie en trois \u00e9tapes (initiale, absorption et flottante).<br \/>\n- Prot\u00e9g\u00e9 contre les surintensit\u00e9s.<br \/>\n- Prot\u00e9g\u00e9 contre les courts-circuits.<br \/>\n- Prot\u00e9g\u00e9 contre l'inversion de polarit\u00e9 des panneaux solaires et\/ou de la batterie.<br \/>\n- D\u00e9connexion de la sortie de la charge en raison d'une faible tension.<br \/>\n- Affichage \u00e0 distance en option (mod\u00e8les 20A uniquement).<\/p>\n<h3>Caract\u00e9ristiques du contr\u00f4leur solaire BlueSolar PWM Light 12\/24V-20A - SCC010020020<\/h3>\n<ul>\n<li>Fonction de d\u00e9connexion de la sortie de charge en cas de faible tension de la batterie.<\/li>\n<li>Fonction de contr\u00f4le du r\u00e9tro\u00e9clairage, minuterie unique.<\/li>\n<li>Affichage \u00e0 deux chiffres et sept segments pour un r\u00e9glage rapide et facile de la fonction de sortie de la charge, y compris le r\u00e9glage de la minuterie.<\/li>\n<li>Chargement de la batterie en trois \u00e9tapes (initiale, absorption et flottante), non programmable.<\/li>\n<li>La sortie de charge est prot\u00e9g\u00e9e contre les surcharges et les courts-circuits.<\/li>\n<li>Prot\u00e9g\u00e9 contre l'inversion de polarit\u00e9 des panneaux solaires et\/ou de la batterie.<\/li>\n<li>Tension de la batterie 12\/24V avec d\u00e9tection automatique de la tension d'entr\u00e9e<\/li>\n<li>Courant de charge nominal 20 A<\/li>\n<li>D\u00e9connexion automatique de la charge Oui<\/li>\n<li>Tension solaire maximale 28 V \/ 55 V (1)<\/li>\n<li>Autoconsommation &lt; 10 mA<\/li>\n<li>Sortie de charge Contr\u00f4le manuel + d\u00e9connexion \u00e0 minimum de tension<\/li>\n<li>Protection Inversion de la polarit\u00e9 de la batterie (fusible) Court-circuit de sortie Surchauffe<\/li>\n<li>Protection contre les surcharges\n<ol>\n<li>Arr\u00eat apr\u00e8s 60 s en cas d'atteinte de la charge 130%<\/li>\n<li>Arr\u00eat apr\u00e8s 5 s si la charge 160% est atteinte<\/li>\n<li>D\u00e9connexion imm\u00e9diate en cas de court-circuit<\/li>\n<\/ol>\n<\/li>\n<li>Mise \u00e0 la terre Positif commun<\/li>\n<li>Plage de temp\u00e9rature de travail -20 \u00e0 +50\u00b0C (pleine charge)<\/li>\n<li>Humidit\u00e9 (sans condensation) Max. 95 %<\/li>\n<\/ul>\n<h3>BATTERIE<\/h3>\n<ul>\n<li>Tension de charge \"absorption\" 14,2 V\/28,4 V<\/li>\n<li>Tension de charge \"flottante\" 13,8 V\/27,6 V<\/li>\n<li>D\u00e9connexion de la charge en raison d'une basse tension11,2 V\/22,4 V<\/li>\n<li>Reconnexion de la charge en raison d'une basse tension\n<ol>\n<li>12,6 V \/ 25,2 V (manuel)<\/li>\n<li>13,1 V \/ 26,2 V (automatique)<\/li>\n<\/ol>\n<\/li>\n<\/ul>\n<h3>LOGEMENT<\/h3>\n<ul>\n<li>Classe de protection IP20<\/li>\n<li>Taille des bornes 5 mm\u00b2 \/ AWG10<\/li>\n<li>Poids 0,15 kg<\/li>\n<li>Dimensions (H x L x P) 70 x 133 x 33,5 mm (2,8 x 5,3 x 1,3 pouces)<\/li>\n<\/ul>\n<h3>NORMES<\/h3>\n<ul>\n<li>S\u00e9curit\u00e9 IEC 62109-1<\/li>\n<li>EMC EN 61000-6-1, EN 61000-6-3, ISO 7637-2<\/li>\n<\/ul>\n<p>1) Utiliser des panneaux solaires \u00e0 36 cellules pour 12V. Utilisez des panneaux solaires de 72 cellules pour 24V ou 2 panneaux solaires de 36 cellules connect\u00e9s en s\u00e9rie.<\/p>\n<p>2) Le contr\u00f4leur passe au niveau de tension flottante 2 heures apr\u00e8s que la tension d'absorption a \u00e9t\u00e9 atteinte. Chaque fois que la tension de la batterie tombe en dessous de 13 V, un nouveau cycle de charge est lanc\u00e9.<\/p>\n<\/div>\n<h2><a href=\"https:\/\/fvcomponentes.com\/wp-content\/uploads\/2020\/03\/Datasheet-BlueSolar-PWM-Light-Charge-Controllers-12-24V-ES.pdf\" target=\"_blank\" rel=\"noopener\">Informations compl\u00e9mentaires sur le produit<\/a><\/h2>","protected":false},"excerpt":{"rendered":"<ul>\n<li><strong>Courant de charge nominal<\/strong> 20 A<\/li>\n<li><strong>Tension de la batterie<\/strong> 12\/24V<\/li>\n<li><strong>D\u00e9connexion de la sortie de charge en raison d'une faible tension de la batterie<\/strong><\/li>\n<li><strong>Contr\u00f4le du r\u00e9tro\u00e9clairage<\/strong><\/li>\n<li><strong>Minuterie<\/strong><\/li>\n<\/ul>","protected":false},"featured_media":3012,"comment_status":"open","ping_status":"closed","template":"","meta":{"site-sidebar-layout":"default","site-content-layout":"","ast-site-content-layout":"default","site-content-style":"default","site-sidebar-style":"default","ast-global-header-display":"","ast-banner-title-visibility":"","ast-main-header-display":"","ast-hfb-above-header-display":"","ast-hfb-below-header-display":"","ast-hfb-mobile-header-display":"","site-post-title":"","ast-breadcrumbs-content":"","ast-featured-img":"","footer-sml-layout":"","ast-disable-related-posts":"","theme-transparent-header-meta":"default","adv-header-id-meta":"","stick-header-meta":"","header-above-stick-meta":"","header-main-stick-meta":"","header-below-stick-meta":"","astra-migrate-meta-layouts":"set","ast-page-background-enabled":"default","ast-page-background-meta":{"desktop":{"background-color":"var(--ast-global-color-4)","background-image":"","background-repeat":"repeat","background-position":"center center","background-size":"auto","background-attachment":"scroll","background-type":"","background-media":"","overlay-type":"","overlay-color":"","overlay-opacity":"","overlay-gradient":""},"tablet":{"background-color":"","background-image":"","background-repeat":"repeat","background-position":"center center","background-size":"auto","background-attachment":"scroll","background-type":"","background-media":"","overlay-type":"","overlay-color":"","overlay-opacity":"","overlay-gradient":""},"mobile":{"background-color":"","background-image":"","background-repeat":"repeat","background-position":"center center","background-size":"auto","background-attachment":"scroll","background-type":"","background-media":"","overlay-type":"","overlay-color":"","overlay-opacity":"","overlay-gradient":""}},"ast-content-background-meta":{"desktop":{"background-color":"var(--ast-global-color-5)","background-image":"","background-repeat":"repeat","background-position":"center center","background-size":"auto","background-attachment":"scroll","background-type":"","background-media":"","overlay-type":"","overlay-color":"","overlay-opacity":"","overlay-gradient":""},"tablet":{"background-color":"var(--ast-global-color-5)","background-image":"","background-repeat":"repeat","background-position":"center center","background-size":"auto","background-attachment":"scroll","background-type":"","background-media":"","overlay-type":"","overlay-color":"","overlay-opacity":"","overlay-gradient":""},"mobile":{"background-color":"var(--ast-global-color-5)","background-image":"","background-repeat":"repeat","background-position":"center center","background-size":"auto","background-attachment":"scroll","background-type":"","background-media":"","overlay-type":"","overlay-color":"","overlay-opacity":"","overlay-gradient":""}}},"pwb-brand":[332],"product_brand":[],"product_cat":[353,354],"product_tag":[],"class_list":{"0":"post-3015","1":"product","2":"type-product","3":"status-publish","4":"has-post-thumbnail","6":"pwb-brand-victron","7":"product_cat-reguladores-de-carga-solares","8":"product_cat-reguladores-pwm","9":"desktop-align-left","10":"tablet-align-left","11":"mobile-align-left","12":"ast-product-gallery-layout-horizontal-slider","13":"ast-product-gallery-with-no-image","14":"ast-product-tabs-layout-horizontal","16":"first","17":"instock","18":"taxable","19":"shipping-taxable","20":"purchasable","21":"product-type-simple"},"wcpa_form_fields":null,"brands":[{"id":332,"name":"Victron Energy","slug":"victron"}],"_links":{"self":[{"href":"https:\/\/fvcomponentes.com\/fr\/wp-json\/wp\/v2\/product\/3015","targetHints":{"allow":["GET"]}}],"collection":[{"href":"https:\/\/fvcomponentes.com\/fr\/wp-json\/wp\/v2\/product"}],"about":[{"href":"https:\/\/fvcomponentes.com\/fr\/wp-json\/wp\/v2\/types\/product"}],"replies":[{"embeddable":true,"href":"https:\/\/fvcomponentes.com\/fr\/wp-json\/wp\/v2\/comments?post=3015"}],"wp:featuredmedia":[{"embeddable":true,"href":"https:\/\/fvcomponentes.com\/fr\/wp-json\/wp\/v2\/media\/3012"}],"wp:attachment":[{"href":"https:\/\/fvcomponentes.com\/fr\/wp-json\/wp\/v2\/media?parent=3015"}],"wp:term":[{"taxonomy":"pwb-brand","embeddable":true,"href":"https:\/\/fvcomponentes.com\/fr\/wp-json\/wp\/v2\/pwb-brand?post=3015"},{"taxonomy":"product_brand","embeddable":true,"href":"https:\/\/fvcomponentes.com\/fr\/wp-json\/wp\/v2\/product_brand?post=3015"},{"taxonomy":"product_cat","embeddable":true,"href":"https:\/\/fvcomponentes.com\/fr\/wp-json\/wp\/v2\/product_cat?post=3015"},{"taxonomy":"product_tag","embeddable":true,"href":"https:\/\/fvcomponentes.com\/fr\/wp-json\/wp\/v2\/product_tag?post=3015"}],"curies":[{"name":"wp","href":"https:\/\/api.w.org\/{rel}","templated":true}]}}