{"id":3006,"date":"2020-03-21T10:49:19","date_gmt":"2020-03-21T09:49:19","guid":{"rendered":"https:\/\/fvcomponentes.com\/producto\/interfaz-de-enlace-victron-ve-mk3-usb\/"},"modified":"2026-01-15T10:05:31","modified_gmt":"2026-01-15T09:05:31","slug":"victron-ve-mk3-usb-interface-interface-link","status":"publish","type":"product","link":"https:\/\/fvcomponentes.com\/fr\/producto\/interfaz-de-enlace-victron-ve-mk3-usb\/","title":{"rendered":"Victron VE MK3-USB Link Interface - ASS030140000"},"content":{"rendered":"<h2>Victron VE MK3-USB Link Interface - ASS030140000<\/h2>\n<h3>Fonctions de l'interface de liaison Victron VE MK3-USB - ASS030140000<\/h3>\n<p><strong>L'interface de liaison VE MK3-USB de Victron est un adaptateur de communication pour les syst\u00e8mes photovolta\u00efques qui permet de visualiser le fonctionnement, l'historique et la configuration.<\/strong> des produits Victron \u00e9quip\u00e9s d'un port Ve.Bus.<\/p>\n<p>Utilisez le MK3-USB pour connecter les produits suivants \u00e0 un ordinateur pour la configuration : Multi, MultiGrid, MultiPlus, MultiPlus-II, Quattro, Inverter, ECOmulti, EasySolar, EasyPlus. Uniquement pour les mod\u00e8les avec port de communication VE.Bus.<\/p>\n<h3>Compatibilit\u00e9 de l'interface de liaison Victron VE MK3-USB - ASS030140000<\/h3>\n<p>VictronConnect est l'outil id\u00e9al pour permettre aux installateurs de configurer rapidement et efficacement un syst\u00e8me apr\u00e8s sa connexion. Avec VictronConnect, les mises \u00e0 jour des micrologiciels des produits Victron sont s\u00fbres, rapides et faciles. Aucune connexion Internet n'est requise et il n'est pas n\u00e9cessaire de s\u00e9lectionner ou de t\u00e9l\u00e9charger des fichiers. Il suffit de connecter le produit.<br \/>\nLa configuration du syst\u00e8me se fait avec l'interface de liaison Victron VE MK3-USB-C - ASS030140030. Une fois configur\u00e9, le dongle VE.Bus Smart est une interface id\u00e9ale pour les utilisateurs novices d'un syst\u00e8me Victron complet dans une caravane ou un bateau. Il permet de contr\u00f4ler et de faire fonctionner votre appareil. Contr\u00f4lez facilement la limite de courant d'entr\u00e9e de la prise de ponton ou allumez votre onduleur avec l'application VictronConnect.<br \/>\nCette interface est compatible avec les \u00e9quipements suivants :<\/p>\n<ul>\n<li>\u00a0MultiPlus (y compris Compact)<\/li>\n<li>MultiPlus-II<\/li>\n<li>MultiPlus-II GX<\/li>\n<li>MultiGrid<\/li>\n<li>Quattros<\/li>\n<li>EasySolar<\/li>\n<li>EasySolar-II<\/li>\n<li>EasySolar-II GX<\/li>\n<li>Onduleurs Phoenix avec un port VE.Bus<\/li>\n<\/ul>\n<p>\u00c9galement disponible avec un connecteur USB-C : <a href=\"https:\/\/fvcomponentes.com\/fr\/produit\/victron-ve-mk3-usb-c-link-interface-victron-ve-mk3-ass030140030\/\" target=\"_blank\" rel=\"noopener\">Victron VE Link Interface MK3-USB-C - ASS030140030<\/a><\/p>\n<h3>Guide pour connecter le Victron \u00e0 l'ordinateur avec la configuration VE Direct - ASS030140000<\/h3>\n<p><a href=\"https:\/\/fvcomponentes.com\/wp-content\/uploads\/2020\/03\/15296-VE_Bus_Configuration_guide-pdf-es.pdf\" target=\"_blank\" rel=\"noopener\">Guide de t\u00e9l\u00e9chargement pour connecter le Victron \u00e0 l'ordinateur via l'interface VE MK3-USB Link - ASS030140000<\/a><\/p>","protected":false},"excerpt":{"rendered":"<p>Les\u00a0<strong>Victron VE MK3-USB Interface Link<\/strong> permet :<\/p>\n<ul>\n<li>les r\u00e9glages des param\u00e8tres des onduleurs Victron,<\/li>\n<li>le contr\u00f4le est effectu\u00e9 par l'interm\u00e9diaire de l'ordinateur.<\/li>\n<\/ul>","protected":false},"featured_media":3007,"comment_status":"open","ping_status":"closed","template":"","meta":{"site-sidebar-layout":"default","site-content-layout":"default","ast-site-content-layout":"default","site-content-style":"default","site-sidebar-style":"default","ast-global-header-display":"","ast-banner-title-visibility":"","ast-main-header-display":"","ast-hfb-above-header-display":"","ast-hfb-below-header-display":"","ast-hfb-mobile-header-display":"","site-post-title":"","ast-breadcrumbs-content":"","ast-featured-img":"","footer-sml-layout":"","ast-disable-related-posts":"","theme-transparent-header-meta":"default","adv-header-id-meta":"","stick-header-meta":"","header-above-stick-meta":"","header-main-stick-meta":"","header-below-stick-meta":"","astra-migrate-meta-layouts":"set","ast-page-background-enabled":"default","ast-page-background-meta":{"desktop":{"background-color":"var(--ast-global-color-4)","background-image":"","background-repeat":"repeat","background-position":"center center","background-size":"auto","background-attachment":"scroll","background-type":"","background-media":"","overlay-type":"","overlay-color":"","overlay-opacity":"","overlay-gradient":""},"tablet":{"background-color":"","background-image":"","background-repeat":"repeat","background-position":"center center","background-size":"auto","background-attachment":"scroll","background-type":"","background-media":"","overlay-type":"","overlay-color":"","overlay-opacity":"","overlay-gradient":""},"mobile":{"background-color":"","background-image":"","background-repeat":"repeat","background-position":"center center","background-size":"auto","background-attachment":"scroll","background-type":"","background-media":"","overlay-type":"","overlay-color":"","overlay-opacity":"","overlay-gradient":""}},"ast-content-background-meta":{"desktop":{"background-color":"var(--ast-global-color-5)","background-image":"","background-repeat":"repeat","background-position":"center center","background-size":"auto","background-attachment":"scroll","background-type":"","background-media":"","overlay-type":"","overlay-color":"","overlay-opacity":"","overlay-gradient":""},"tablet":{"background-color":"var(--ast-global-color-5)","background-image":"","background-repeat":"repeat","background-position":"center center","background-size":"auto","background-attachment":"scroll","background-type":"","background-media":"","overlay-type":"","overlay-color":"","overlay-opacity":"","overlay-gradient":""},"mobile":{"background-color":"var(--ast-global-color-5)","background-image":"","background-repeat":"repeat","background-position":"center center","background-size":"auto","background-attachment":"scroll","background-type":"","background-media":"","overlay-type":"","overlay-color":"","overlay-opacity":"","overlay-gradient":""}}},"pwb-brand":[332],"product_brand":[],"product_cat":[351,878,333,410],"product_tag":[],"class_list":{"0":"post-3006","1":"product","2":"type-product","3":"status-publish","4":"has-post-thumbnail","6":"pwb-brand-victron","7":"product_cat-accesorios","8":"product_cat-cables-victron","9":"product_cat-inversores","10":"product_cat-material-electrico","11":"desktop-align-left","12":"tablet-align-left","13":"mobile-align-left","14":"ast-product-gallery-layout-horizontal-slider","15":"ast-product-gallery-with-no-image","16":"ast-product-tabs-layout-horizontal","18":"first","19":"instock","20":"taxable","21":"shipping-taxable","22":"purchasable","23":"product-type-simple"},"wcpa_form_fields":null,"brands":[{"id":332,"name":"Victron Energy","slug":"victron"}],"_links":{"self":[{"href":"https:\/\/fvcomponentes.com\/fr\/wp-json\/wp\/v2\/product\/3006","targetHints":{"allow":["GET"]}}],"collection":[{"href":"https:\/\/fvcomponentes.com\/fr\/wp-json\/wp\/v2\/product"}],"about":[{"href":"https:\/\/fvcomponentes.com\/fr\/wp-json\/wp\/v2\/types\/product"}],"replies":[{"embeddable":true,"href":"https:\/\/fvcomponentes.com\/fr\/wp-json\/wp\/v2\/comments?post=3006"}],"wp:featuredmedia":[{"embeddable":true,"href":"https:\/\/fvcomponentes.com\/fr\/wp-json\/wp\/v2\/media\/3007"}],"wp:attachment":[{"href":"https:\/\/fvcomponentes.com\/fr\/wp-json\/wp\/v2\/media?parent=3006"}],"wp:term":[{"taxonomy":"pwb-brand","embeddable":true,"href":"https:\/\/fvcomponentes.com\/fr\/wp-json\/wp\/v2\/pwb-brand?post=3006"},{"taxonomy":"product_brand","embeddable":true,"href":"https:\/\/fvcomponentes.com\/fr\/wp-json\/wp\/v2\/product_brand?post=3006"},{"taxonomy":"product_cat","embeddable":true,"href":"https:\/\/fvcomponentes.com\/fr\/wp-json\/wp\/v2\/product_cat?post=3006"},{"taxonomy":"product_tag","embeddable":true,"href":"https:\/\/fvcomponentes.com\/fr\/wp-json\/wp\/v2\/product_tag?post=3006"}],"curies":[{"name":"wp","href":"https:\/\/api.w.org\/{rel}","templated":true}]}}