{"id":3001,"date":"2020-03-21T09:57:00","date_gmt":"2020-03-21T08:57:00","guid":{"rendered":"https:\/\/fvcomponentes.com\/producto\/energy-meter-et112-carlo-gavacci-victron\/"},"modified":"2026-01-15T10:04:50","modified_gmt":"2026-01-15T09:04:50","slug":"compteur-denergie-et112-carlo-gavacci-victron","status":"publish","type":"product","link":"https:\/\/fvcomponentes.com\/fr\/producto\/energy-meter-et112-carlo-gavacci-victron\/","title":{"rendered":"Victron ET112 Compteur d'\u00e9nergie Carlo Gavacci - REL300100000"},"content":{"rendered":"<div class=\"level2\">\n<h2>Victron ET112 Compteur d'\u00e9nergie Carlo Gavacci - REL300100000<\/h2>\n<p>Le compteur d'\u00e9nergie Victron ET112 Carlo Gavacci peut \u00eatre utilis\u00e9 pour quatre raisons en combinaison avec les onduleurs Victron :<\/p>\n<ol>\n<li class=\"level1\">\n<div class=\"li\">Il mesure l'\u00e9nergie du r\u00e9seau, se connecte \u00e0 l'entr\u00e9e du r\u00e9seau (Iberdrola, Endesa, etc...) pour une configuration de <a class=\"wikilink1\" title=\"assistants : assistant de r\u00e9p\u00e9tition\" href=\"https:\/\/fvcomponentes.com\/wp-content\/uploads\/2025\/09\/ess_-_start_page.pdf\" target=\"_blank\" rel=\"noopener\">Syst\u00e8me ESS<\/a>.<\/div>\n<\/li>\n<li class=\"level1\">\n<div class=\"li\">Mesure la sortie d'un onduleur photovolta\u00efque connect\u00e9 au syst\u00e8me.<\/div>\n<\/li>\n<li class=\"level1\">\n<div class=\"li\">Mesure la sortie d'un groupe \u00e9lectrog\u00e8ne CA connect\u00e9 au syst\u00e8me.<\/div>\n<\/li>\n<\/ol>\n<p>Pour connecter le compteur ET112 \u00e0 l'\u00e9cran Victron Color Control GX, nous pouvons choisir l'une des options suivantes :<\/p>\n<ol>\n<li class=\"level1\">\n<div class=\"li\">Connexion directe, soit en utilisant l'interface RS485 vers USB avec une longueur de c\u00e2ble de 1,8 m, soit le c\u00e2ble de 5,0 m (option recommand\u00e9e).<\/div>\n<\/li>\n<li class=\"level1\">\n<div class=\"li\">Connexion sans fil via Zigbee.<\/div>\n<\/li>\n<\/ol>\n<\/div>\n<h3 id=\"configuration_options\" class=\"sectionedit4\">Options de configuration et de c\u00e2blage ;<\/h3>\n<div class=\"level3\">\n<p><img fetchpriority=\"high\" decoding=\"async\" class=\"media alignnone\" src=\"https:\/\/fvcomponentes.com\/wp-content\/uploads\/2022\/11\/energy-metersschema_-_et112.png\" alt=\"C\u00e2blage du compteur d&#039;\u00e9nergie ET112 Carlo Gavacci - Victron\" width=\"800\" height=\"329\" title=\"\"><\/p>\n<p>&nbsp;<\/p>\n<p><strong>Compteur d'\u00e9lectricit\u00e9<\/strong>Sch\u00e9ma de c\u00e2blage en cas d'utilisation comme compteur net.<\/p>\n<p><strong>Power Meter PV\/Group Inverter <\/strong><b>g\u00e9n\u00e9rateur<\/b>Sch\u00e9ma de c\u00e2blage lorsqu'il est utilis\u00e9 pour mesurer la puissance de l'onduleur PV ou du groupe \u00e9lectrog\u00e8ne.<\/p>\n<p>Ces options de configuration sont d\u00e9finies dans le syst\u00e8me de surveillance de Victron. <a class=\"wikilink1\" title=\"venus-os : accueil\" href=\"https:\/\/fvcomponentes.com\/wp-content\/uploads\/2025\/09\/victron_gx_product_range.pdf\" target=\"_blank\" rel=\"noopener\">Venus - Contr\u00f4le des couleurs - Dispositif GX<\/a> . Selon la fa\u00e7on dont ce param\u00e8tre est configur\u00e9, il affectera la fa\u00e7on dont les informations re\u00e7ues du lecteur sont affich\u00e9es sur l'\u00e9cran COLOR CONTROL.<\/p>\n<\/div>\n<h3 id=\"example_diagram\" class=\"sectionedit5\">Exemple de diagramme<\/h3>\n<div class=\"level3\">\n<p>Dans cet exemple de configuration, un seul Carlo Gavacci - Victron Energy Meter ET112 est configur\u00e9 en tant qu'appareil de mesure de l'\u00e9nergie. <strong>compteur d'\u00e9lectricit\u00e9<\/strong> et mesurer l'importation\/exportation sur le r\u00e9seau d'un syst\u00e8me ESS avec un onduleur photovolta\u00efque en courant alternatif (<a href=\"https:\/\/fvcomponentes.com\/fr\/marque\/fronius\/\" target=\"_blank\" rel=\"noopener\">De Fronius par exemple...<\/a>). Bien que la puissance exacte de l'onduleur PV ne soit pas affich\u00e9e dans sa puissance CA, cette information reste tr\u00e8s utile, car elle permet \u00e0 toute la puissance PV de circuler en premier vers les charges connect\u00e9es sur le m\u00eame circuit.<\/p>\n<p>Cela permettra d'atteindre les objectifs suivants ;<\/p>\n<ul>\n<li>La production solaire directe de l'onduleur photovolta\u00efque doit \u00eatre utilis\u00e9e en priorit\u00e9 absolue (par ex. <a href=\"https:\/\/fvcomponentes.com\/fr\/marque\/fronius\/\" target=\"_blank\" rel=\"noopener\">Fronius<\/a>)<\/li>\n<li class=\"level1\">\n<div class=\"li\">Le surplus sera utilis\u00e9 pour charger les batteries (le syst\u00e8me cherchera \u00e0 avoir le surplus que nous avons programm\u00e9 ; par exemple, 0W).<\/div>\n<\/li>\n<li>Une fois les batteries charg\u00e9es, nous aurons la possibilit\u00e9 de d\u00e9verser le surplus si nous l'avons configur\u00e9 de cette mani\u00e8re.<\/li>\n<\/ul>\n<p>Cela peut \u00eatre tr\u00e8s utile pour utiliser au mieux l'\u00e9nergie solaire exc\u00e9dentaire si le syst\u00e8me ESS de Victron est install\u00e9 en tant qu'extension d'un syst\u00e8me de chauffage existant. <a href=\"https:\/\/icide.es\/placas-solares-murcia\/\" target=\"_blank\" rel=\"noopener\">autoconsommation<\/a> existants.<\/p>\n<\/div>\n<p>&nbsp;<\/p>\n<p><img decoding=\"async\" class=\"media alignnone\" src=\"https:\/\/fvcomponentes.com\/wp-content\/uploads\/2022\/11\/energy-metersenergy_meters_-_et112_-_2019-01-21.png\" alt=\"Exemple de diagramme ET112 Victron Carlo Gavacci\" width=\"800\" height=\"591\" title=\"\"><\/p>\n<h2>Informations techniques pour le compteur d'\u00e9nergie Victron ET112 Carlo Gavacci - REL300100000<\/h2>\n<p><a href=\"https:\/\/fvcomponentes.com\/wp-content\/uploads\/2026\/01\/ET112-DS-ESP.pdf\" target=\"_blank\" rel=\"noopener\">Fiche technique ET112 Carlo Gavacci<\/a><\/p>\n<p><a href=\"https:\/\/fvcomponentes.com\/wp-content\/uploads\/2026\/01\/113406-Energy_Meters-pdf-es.pdf\" target=\"_blank\" rel=\"noopener\">Manuel ET112 Carlo Gavacci<\/a><\/p>\n<p><a href=\"https:\/\/fvcomponentes.com\/wp-content\/uploads\/2026\/01\/Datasheet-Energy-Meters-Selection-Guide-ES.pdf\" target=\"_blank\" rel=\"noopener\">Guide de s\u00e9lection d'un compteur d'\u00e9nergie<\/a><\/p>","protected":false},"excerpt":{"rendered":"<ul>\n<li>Il communique avec le ColorControl.<\/li>\n<li>Permet de visualiser les besoins \u00e9nerg\u00e9tiques et les graphiques de consommation sur le portail VRM de Victron ou dans l'application.<\/li>\n<\/ul>","protected":false},"featured_media":3004,"comment_status":"open","ping_status":"closed","template":"","meta":{"site-sidebar-layout":"default","site-content-layout":"default","ast-site-content-layout":"default","site-content-style":"default","site-sidebar-style":"default","ast-global-header-display":"","ast-banner-title-visibility":"","ast-main-header-display":"","ast-hfb-above-header-display":"","ast-hfb-below-header-display":"","ast-hfb-mobile-header-display":"","site-post-title":"","ast-breadcrumbs-content":"","ast-featured-img":"","footer-sml-layout":"","ast-disable-related-posts":"","theme-transparent-header-meta":"default","adv-header-id-meta":"","stick-header-meta":"","header-above-stick-meta":"","header-main-stick-meta":"","header-below-stick-meta":"","astra-migrate-meta-layouts":"set","ast-page-background-enabled":"default","ast-page-background-meta":{"desktop":{"background-color":"var(--ast-global-color-4)","background-image":"","background-repeat":"repeat","background-position":"center center","background-size":"auto","background-attachment":"scroll","background-type":"","background-media":"","overlay-type":"","overlay-color":"","overlay-opacity":"","overlay-gradient":""},"tablet":{"background-color":"","background-image":"","background-repeat":"repeat","background-position":"center center","background-size":"auto","background-attachment":"scroll","background-type":"","background-media":"","overlay-type":"","overlay-color":"","overlay-opacity":"","overlay-gradient":""},"mobile":{"background-color":"","background-image":"","background-repeat":"repeat","background-position":"center center","background-size":"auto","background-attachment":"scroll","background-type":"","background-media":"","overlay-type":"","overlay-color":"","overlay-opacity":"","overlay-gradient":""}},"ast-content-background-meta":{"desktop":{"background-color":"var(--ast-global-color-5)","background-image":"","background-repeat":"repeat","background-position":"center center","background-size":"auto","background-attachment":"scroll","background-type":"","background-media":"","overlay-type":"","overlay-color":"","overlay-opacity":"","overlay-gradient":""},"tablet":{"background-color":"var(--ast-global-color-5)","background-image":"","background-repeat":"repeat","background-position":"center center","background-size":"auto","background-attachment":"scroll","background-type":"","background-media":"","overlay-type":"","overlay-color":"","overlay-opacity":"","overlay-gradient":""},"mobile":{"background-color":"var(--ast-global-color-5)","background-image":"","background-repeat":"repeat","background-position":"center center","background-size":"auto","background-attachment":"scroll","background-type":"","background-media":"","overlay-type":"","overlay-color":"","overlay-opacity":"","overlay-gradient":""}}},"pwb-brand":[332],"product_brand":[],"product_cat":[349,333],"product_tag":[],"class_list":{"0":"post-3001","1":"product","2":"type-product","3":"status-publish","4":"has-post-thumbnail","6":"pwb-brand-victron","7":"product_cat-meters","8":"product_cat-inversores","9":"desktop-align-left","10":"tablet-align-left","11":"mobile-align-left","12":"ast-product-gallery-layout-horizontal-slider","13":"ast-product-gallery-with-no-image","14":"ast-product-tabs-layout-horizontal","16":"first","17":"instock","18":"taxable","19":"shipping-taxable","20":"purchasable","21":"product-type-simple"},"wcpa_form_fields":null,"brands":[{"id":332,"name":"Victron Energy","slug":"victron"}],"_links":{"self":[{"href":"https:\/\/fvcomponentes.com\/fr\/wp-json\/wp\/v2\/product\/3001","targetHints":{"allow":["GET"]}}],"collection":[{"href":"https:\/\/fvcomponentes.com\/fr\/wp-json\/wp\/v2\/product"}],"about":[{"href":"https:\/\/fvcomponentes.com\/fr\/wp-json\/wp\/v2\/types\/product"}],"replies":[{"embeddable":true,"href":"https:\/\/fvcomponentes.com\/fr\/wp-json\/wp\/v2\/comments?post=3001"}],"wp:featuredmedia":[{"embeddable":true,"href":"https:\/\/fvcomponentes.com\/fr\/wp-json\/wp\/v2\/media\/3004"}],"wp:attachment":[{"href":"https:\/\/fvcomponentes.com\/fr\/wp-json\/wp\/v2\/media?parent=3001"}],"wp:term":[{"taxonomy":"pwb-brand","embeddable":true,"href":"https:\/\/fvcomponentes.com\/fr\/wp-json\/wp\/v2\/pwb-brand?post=3001"},{"taxonomy":"product_brand","embeddable":true,"href":"https:\/\/fvcomponentes.com\/fr\/wp-json\/wp\/v2\/product_brand?post=3001"},{"taxonomy":"product_cat","embeddable":true,"href":"https:\/\/fvcomponentes.com\/fr\/wp-json\/wp\/v2\/product_cat?post=3001"},{"taxonomy":"product_tag","embeddable":true,"href":"https:\/\/fvcomponentes.com\/fr\/wp-json\/wp\/v2\/product_tag?post=3001"}],"curies":[{"name":"wp","href":"https:\/\/api.w.org\/{rel}","templated":true}]}}